{"id":31577,"date":"2026-03-03T10:54:09","date_gmt":"2026-03-03T10:54:09","guid":{"rendered":"https:\/\/aswu.edu.eg\/fr\/?page_id=31577"},"modified":"2026-03-03T11:02:39","modified_gmt":"2026-03-03T11:02:39","slug":"archaeology-museum","status":"publish","type":"page","link":"https:\/\/aswu.edu.eg\/fr\/about\/facilities\/museums-aswu\/archaeology-museum\/","title":{"rendered":"Mus\u00e9e d\u2019Arch\u00e9ologie"},"content":{"rendered":"\t\t<div data-elementor-type=\"wp-page\" data-elementor-id=\"31577\" class=\"elementor elementor-31577\">\n\t\t\t\t\t\t<section class=\"elementor-section elementor-top-section elementor-element elementor-element-e09d6b9 elementor-section-boxed elementor-section-height-default elementor-section-height-default\" data-id=\"e09d6b9\" data-element_type=\"section\">\n\t\t\t\t\t\t<div class=\"elementor-container elementor-column-gap-default\">\n\t\t\t\t\t<div class=\"elementor-column elementor-col-50 elementor-top-column elementor-element elementor-element-9fc06f0\" data-id=\"9fc06f0\" data-element_type=\"column\">\n\t\t\t<div class=\"elementor-widget-wrap elementor-element-populated\">\n\t\t\t\t\t\t<div class=\"elementor-element elementor-element-724b059 elementor-widget elementor-widget-wp-widget-iksm-widget\" data-id=\"724b059\" data-element_type=\"widget\" data-widget_type=\"wp-widget-iksm-widget.default\">\n\t\t\t\t<div class=\"elementor-widget-container\">\n\t\t\t<script id=\"styles-copier-69e248f7a3003\">\n\t\t\t\/\/ Finding styles element\n\t        var element = document.getElementById(\"iksm-dynamic-style\");\n\t        if (!element) { \/\/ If no element (Cache plugins can remove tag), then creating a new one\n                element = document.createElement('style');\n                var head = document.getElementsByTagName(\"head\")\n                if (head && head[0]) {\n                \thead[0].appendChild(element);\n                } else {\n                  \tconsole.warn(\"Iks Menu | Error while printing styles. Please contact technical support.\");\n                }\n\t        }\n\t\t\t\/\/ Copying styles to <styles> tag\n\t        element.innerHTML += \".iksm-16320 .iksm-terms{background-color:rgba(243,243,243,1);width:200px;transition:all 400ms;animation:iks-fade-in 1000ms;}.iksm-16320 .iksm-term__inner{background-color:rgba(231,231,231,1);margin-top:3px;min-height:44px;transition:all 400ms;}.iksm-16320 .iksm-term__inner:hover{background-color:rgba(220,220,220,1);}.iksm-16320 .iksm-term--current > .iksm-term__inner{background-color:rgba(202,229,239,1);}.iksm-16320 .iksm-term__link{color:rgba(0,0,0,1);font-size:15px;line-height:15px;font-weight:400;text-align:left;text-decoration:none;padding-top:5px;padding-right:10px;padding-bottom:5px;padding-left:15px;transition:all 400ms;}.iksm-16320 .iksm-term__inner:hover .iksm-term__link{color:rgba(50,50,50,1);}.iksm-16320 .iksm-term__toggle__inner{transition:transform 400ms}.iksm-16320 .iksm-term--expanded > .iksm-term__inner > .iksm-term__toggle > .iksm-term__toggle__inner{transform:rotate(180deg);}.iksm-16320 .iksm-term__toggle{color:rgba(133,133,133,1);font-size:16px;align-self:unset;;height:25px;width:25px;margin-right:7px;transition:all 400ms;}.iksm-16320 .iksm-term__toggle:hover{color:rgba(0,0,0,1);}.iksm-16320 .iksm-term__image-container{width:30px;min-width:30px;height:30px;min-height:30px;margin-right:15px;transition:all 400ms;}.iksm-16320 .iksm-term__image{background-size:contain;background-position:center;background-repeat:no-repeat;}.iksm-16320 .iksm-term__image-container:hover{background-size:contain;background-position:center;background-repeat:no-repeat;}.iksm-16320 .iksm-term__inner:hover .iksm-term__image-container{background-size:contain;background-position:center;background-repeat:no-repeat;}.iksm-16320 .iksm-term__inner:focus .iksm-term__image-container{background-size:contain;background-position:center;background-repeat:no-repeat;}.iksm-16320 .iksm-term--current > .iksm-term__inner .iksm-term__image-container{background-size:contain;background-position:center;background-repeat:no-repeat;}.iksm-16320 .iksm-term--child .iksm-term__inner .iksm-term__image-container{background-size:contain;background-position:center;background-repeat:no-repeat;}.iksm-16320 .iksm-term--child .iksm-term__inner .iksm-term__image-container:hover{background-size:contain;background-position:center;background-repeat:no-repeat;}.iksm-16320 .iksm-term--child .iksm-term__inner .iksm-term__image-container:focus{background-size:contain;background-position:center;background-repeat:no-repeat;}.iksm-16320 .iksm-term--child.iksm-term--current > .iksm-term__inner .iksm-term__image-container{background-size:contain;background-position:center;background-repeat:no-repeat;}.iksm-16320  .iksm-term__text{flex: unset}.iksm-16320 .iksm-term__posts-count{color:rgba(133,133,133,1);font-size:16px;margin-left:12px;font-weight:400;transition:all 400ms;}\";\n\t        \/\/ Removing this script\n            var this_script = document.getElementById(\"styles-copier-69e248f7a3003\");\n            if (this_script) { \/\/ Cache plugins can remove tag\n\t            this_script.outerHTML = \"\";\n\t            if (this_script.parentNode) {\n\t                this_script.parentNode.removeChild(this_script);\n\t            }\n            }\n        <\/script><div id='iksm-16320' class='iksm iksm-16320 iksm-container '  data-id='16320' data-is-pro='0' data-source='menu'><div class='iksm-terms'><div class='iksm-terms-tree iksm-terms-tree--level-1 iksm-terms-tree--parents' style=''><div class=\"iksm-terms-tree__inner\">\n        <div class=\"iksm-term iksm-term--id-16313 iksm-term--parent\" data-id=\"16313\">\n            <div class=\"iksm-term__inner\" tabindex='0'>\n                <a class=\"iksm-term__link\" href='https:\/\/aswu.edu.eg\/fr\/about\/facilities\/museums-aswu\/zoology-museum-aswu\/' target='_self' tabindex='-1'>\n\t\t\t\t        <span class=\"iksm-term__text\">Le mus\u00e9e de zoologie<\/span>\n\t\t            <\/a>\n\t\t\t        <\/div>\n\t\t        <\/div>\n\n\t\t\n        <div class=\"iksm-term iksm-term--id-16316 iksm-term--parent\" data-id=\"16316\">\n            <div class=\"iksm-term__inner\" tabindex='0'>\n                <a class=\"iksm-term__link\" href='https:\/\/aswu.edu.eg\/fr\/about\/facilities\/museums-aswu\/geology-museum-aswu\/' target='_self' tabindex='-1'>\n\t\t\t\t        <span class=\"iksm-term__text\">Le Mus\u00e9e de G\u00e9ologie<\/span>\n\t\t            <\/a>\n\t\t\t        <\/div>\n\t\t        <\/div>\n\n\t\t\n        <div class=\"iksm-term iksm-term--id-31582 iksm-term--parent\" data-id=\"31582\">\n            <div class=\"iksm-term__inner\" tabindex='0'>\n                <a class=\"iksm-term__link\" href='https:\/\/aswu.edu.eg\/fr\/about\/facilities\/museums-aswu\/archaeology-museum\/' target='_self' tabindex='-1'>\n\t\t\t\t        <span class=\"iksm-term__text\">Mus\u00e9e d\u2019Arch\u00e9ologie<\/span>\n\t\t            <\/a>\n\t\t\t        <\/div>\n\t\t        <\/div>\n\n\t\t<\/div><\/div><\/div><div id=\"iksm_data_args\" class=\"data-args\"  data-collapse_children_terms='1' data-collapse_other_terms='1' data-collapse_animation_duration='400' data-expand_animation_duration='400'><\/div><\/div>\t\t<\/div>\n\t\t\t\t<\/div>\n\t\t\t\t\t<\/div>\n\t\t<\/div>\n\t\t\t\t<div class=\"elementor-column elementor-col-50 elementor-top-column elementor-element elementor-element-3c85075\" data-id=\"3c85075\" data-element_type=\"column\">\n\t\t\t<div class=\"elementor-widget-wrap elementor-element-populated\">\n\t\t\t\t\t\t<section class=\"elementor-section elementor-inner-section elementor-element elementor-element-4d704af elementor-section-boxed elementor-section-height-default elementor-section-height-default\" data-id=\"4d704af\" data-element_type=\"section\">\n\t\t\t\t\t\t<div class=\"elementor-container elementor-column-gap-default\">\n\t\t\t\t\t<div class=\"elementor-column elementor-col-100 elementor-inner-column elementor-element elementor-element-a7d658d\" data-id=\"a7d658d\" data-element_type=\"column\">\n\t\t\t<div class=\"elementor-widget-wrap elementor-element-populated\">\n\t\t\t\t\t\t<div class=\"elementor-element elementor-element-8e3fad5 elementor-widget elementor-widget-text-editor\" data-id=\"8e3fad5\" data-element_type=\"widget\" data-widget_type=\"text-editor.default\">\n\t\t\t\t<div class=\"elementor-widget-container\">\n\t\t\t\t\t\t\t<p><strong><span style=\"text-decoration: underline\"><span style=\"color: #003366;text-decoration: underline\">Introduction\u00a0<\/span>:<\/span><\/strong><span style=\"color: #333333\"> le mus\u00e9e des monuments se situe dans le deuxi\u00e8me \u00e9tage dans le b\u00e2timent de la facult\u00e9 d\u2019Arch\u00e9ologie dans le campus \u00e0 nouvelle Assouan, est pr\u00e9sent\u00e9 aux \u00e9tudiants une large collection de r\u00e9pliques imitant les pi\u00e8ces originales conserv\u00e9es dans les mus\u00e9es internationaux, afin de d\u00e9velopper les comp\u00e9tences des \u00e9tudiants de la Facult\u00e9 d\u2019Arch\u00e9ologie dans le cadre d\u2019un projet annuel ensuite, les r\u00e9pliques de haute qualit\u00e9 sont expos\u00e9es au mus\u00e9e p\u00e9dagogique de la facult\u00e9 afin d\u2019\u00eatre utilis\u00e9es comme outil p\u00e9dagogique pour illustrer certains cours.<\/span><\/p><p><span style=\"color: #333333\">Le mus\u00e9e contient de nombreuses st\u00e8les fun\u00e9raires, des plaques en pierre, ainsi que des r\u00e9pliques fid\u00e8les de temples fun\u00e9raires et des monuments comm\u00e9moratifs provenant de l\u2019\u00c9gypte pharaonique et islamique.<\/span><\/p><p><span style=\"color: #333333\">Le mus\u00e9e a \u00e9t\u00e9 fond\u00e9 en 2016 par Omar Abou Zeid et a \u00e9t\u00e9 inaugur\u00e9 en 2021\/2022. Le mus\u00e9e fait l\u2019objet d\u2019une mise \u00e0 jour continue \u00e0 travers l\u2019am\u00e9lioration des expositions actuelles et des espaces de stockage, ainsi que par la pr\u00e9sentation de nouvelles expositions.<\/span><\/p><p><span style=\"text-decoration: underline\"><strong><span style=\"color: #003366;text-decoration: underline\">Objectifs<\/span><\/strong><\/span> :<span style=\"color: #333333\"> Il s\u2019agit essentiellement d\u2019un mus\u00e9e p\u00e9dagogique utilis\u00e9 pour l\u2019enseignement de certains cours aux \u00e9tudiants de l\u2019enseignement sup\u00e9rieur, et dont les ressources peuvent \u00eatre partiellement exploit\u00e9es dans le cadre de recherches. Il constitue \u00e9galement un lieu de visites et d\u2019excursions scientifiques organis\u00e9es par les \u00e9coles.<\/span><\/p><p><strong><span style=\"text-decoration: underline\"><span style=\"color: #003366;text-decoration: underline\">Horaires d\u2019ouverture<\/span><\/span><\/strong> :<span style=\"color: #333333\"> Dimanche \u2013 Jeudi, de 9 h \u00e0 17 h.<\/span><\/p><p><span style=\"color: #003366\"><strong><span style=\"text-decoration: underline\">Tarifs<\/span> <\/strong><\/span>: <span style=\"color: #333333\">Gratuit<\/span>.<\/p><p><span style=\"text-decoration: underline\"><strong><span style=\"color: #003366;text-decoration: underline\">Visites<\/span><\/strong><\/span> :<span style=\"color: #333333\"> Les \u00e9l\u00e8ves des \u00e9coles et le grand public sont les bienvenus tout au long de l\u2019ann\u00e9e scolaire et pendant les vacances d\u2019\u00e9t\u00e9.<\/span><\/p><p><strong><span style=\"text-decoration: underline\"><span style=\"color: #003366;text-decoration: underline\">Renseignements<\/span><\/span><\/strong> : <span style=\"color: #333333\">Pour toute question ou proposition de don, veuillez contacter la direction de la Facult\u00e9 d\u2019Arch\u00e9ologie.<\/span><\/p><p><span style=\"text-decoration: underline;color: #003366\"><strong>Plan futur<\/strong><\/span> : <span style=\"color: #333333\">Un autre mus\u00e9e virtuel est en cours de cr\u00e9ation afin de soutenir le processus \u00e9ducatif et de sensibiliser la communaut\u00e9 locale, les \u00e9l\u00e8ves et les \u00e9tudiants universitaires.<\/span><\/p><p>\u00a0<\/p><p><img decoding=\"async\" class=\"alignnone size-full wp-image-31578\" src=\"https:\/\/aswu.edu.eg\/fr\/wp-content\/uploads\/111-7-150x150-1.jpg\" alt=\"\" width=\"150\" height=\"150\" \/>\u00a0 \u00a0 \u00a0 \u00a0 \u00a0 \u00a0 \u00a0 \u00a0 \u00a0 \u00a0 \u00a0 \u00a0 \u00a0 \u00a0 \u00a0 \u00a0 \u00a0 \u00a0 \u00a0 \u00a0 \u00a0 \u00a0 \u00a0<img decoding=\"async\" class=\"alignnone size-full wp-image-31579\" src=\"https:\/\/aswu.edu.eg\/fr\/wp-content\/uploads\/222-1-1-150x150-1.jpg\" alt=\"\" width=\"150\" height=\"150\" \/>\u00a0 \u00a0 \u00a0 \u00a0 \u00a0 \u00a0 \u00a0 \u00a0 \u00a0 \u00a0 \u00a0 \u00a0 \u00a0 \u00a0 \u00a0 \u00a0 \u00a0 \u00a0 \u00a0 <img decoding=\"async\" class=\"alignnone size-full wp-image-31580\" src=\"https:\/\/aswu.edu.eg\/fr\/wp-content\/uploads\/333-1-2-150x150-1.jpg\" alt=\"\" width=\"150\" height=\"150\" \/><\/p>\t\t\t\t\t\t<\/div>\n\t\t\t\t<\/div>\n\t\t\t\t\t<\/div>\n\t\t<\/div>\n\t\t\t\t\t<\/div>\n\t\t<\/section>\n\t\t\t\t\t<\/div>\n\t\t<\/div>\n\t\t\t\t\t<\/div>\n\t\t<\/section>\n\t\t\t\t<\/div>\n\t\t","protected":false},"excerpt":{"rendered":"<p>Introduction\u00a0: le mus\u00e9e des monuments se situe dans le deuxi\u00e8me \u00e9tage dans le b\u00e2timent de la facult\u00e9 d\u2019Arch\u00e9ologie dans le campus \u00e0 nouvelle Assouan, est pr\u00e9sent\u00e9 aux \u00e9tudiants une large collection de r\u00e9pliques imitant les pi\u00e8ces originales conserv\u00e9es dans les <a href=\"https:\/\/aswu.edu.eg\/fr\/about\/facilities\/museums-aswu\/archaeology-museum\/\" class=\"read-more\">Read More &#8230;<\/a><\/p>\n<div class=\"pvc_clear\"><\/div>\n<p id=\"pvc_stats_31577\" class=\"pvc_stats all  \" data-element-id=\"31577\" style=\"\"><i class=\"pvc-stats-icon medium\" aria-hidden=\"true\"><svg aria-hidden=\"true\" focusable=\"false\" data-prefix=\"far\" data-icon=\"chart-bar\" role=\"img\" xmlns=\"http:\/\/www.w3.org\/2000\/svg\" viewBox=\"0 0 512 512\" class=\"svg-inline--fa fa-chart-bar fa-w-16 fa-2x\"><path fill=\"currentColor\" d=\"M396.8 352h22.4c6.4 0 12.8-6.4 12.8-12.8V108.8c0-6.4-6.4-12.8-12.8-12.8h-22.4c-6.4 0-12.8 6.4-12.8 12.8v230.4c0 6.4 6.4 12.8 12.8 12.8zm-192 0h22.4c6.4 0 12.8-6.4 12.8-12.8V140.8c0-6.4-6.4-12.8-12.8-12.8h-22.4c-6.4 0-12.8 6.4-12.8 12.8v198.4c0 6.4 6.4 12.8 12.8 12.8zm96 0h22.4c6.4 0 12.8-6.4 12.8-12.8V204.8c0-6.4-6.4-12.8-12.8-12.8h-22.4c-6.4 0-12.8 6.4-12.8 12.8v134.4c0 6.4 6.4 12.8 12.8 12.8zM496 400H48V80c0-8.84-7.16-16-16-16H16C7.16 64 0 71.16 0 80v336c0 17.67 14.33 32 32 32h464c8.84 0 16-7.16 16-16v-16c0-8.84-7.16-16-16-16zm-387.2-48h22.4c6.4 0 12.8-6.4 12.8-12.8v-70.4c0-6.4-6.4-12.8-12.8-12.8h-22.4c-6.4 0-12.8 6.4-12.8 12.8v70.4c0 6.4 6.4 12.8 12.8 12.8z\" class=\"\"><\/path><\/svg><\/i> <img loading=\"lazy\" decoding=\"async\" width=\"16\" height=\"16\" alt=\"Loading\" src=\"https:\/\/aswu.edu.eg\/fr\/wp-content\/plugins\/page-views-count\/ajax-loader-2x.gif\" border=0 \/><\/p>\n<div class=\"pvc_clear\"><\/div>\n","protected":false},"author":7,"featured_media":0,"parent":18224,"menu_order":0,"comment_status":"closed","ping_status":"closed","template":"","meta":{"footnotes":""},"rttpg_featured_image_url":null,"rttpg_author":{"display_name":"nourhan Monaam","author_link":"https:\/\/aswu.edu.eg\/fr\/author\/edr0asen\/"},"rttpg_comment":0,"rttpg_category":null,"rttpg_excerpt":"Introduction\u00a0: le mus\u00e9e des monuments se situe dans le deuxi\u00e8me \u00e9tage dans le b\u00e2timent de la facult\u00e9 d\u2019Arch\u00e9ologie dans le campus \u00e0 nouvelle Assouan, est pr\u00e9sent\u00e9 aux \u00e9tudiants une large collection de r\u00e9pliques imitant les pi\u00e8ces originales conserv\u00e9es dans les Read More ...","_links":{"self":[{"href":"https:\/\/aswu.edu.eg\/fr\/wp-json\/wp\/v2\/pages\/31577"}],"collection":[{"href":"https:\/\/aswu.edu.eg\/fr\/wp-json\/wp\/v2\/pages"}],"about":[{"href":"https:\/\/aswu.edu.eg\/fr\/wp-json\/wp\/v2\/types\/page"}],"author":[{"embeddable":true,"href":"https:\/\/aswu.edu.eg\/fr\/wp-json\/wp\/v2\/users\/7"}],"replies":[{"embeddable":true,"href":"https:\/\/aswu.edu.eg\/fr\/wp-json\/wp\/v2\/comments?post=31577"}],"version-history":[{"count":4,"href":"https:\/\/aswu.edu.eg\/fr\/wp-json\/wp\/v2\/pages\/31577\/revisions"}],"predecessor-version":[{"id":31586,"href":"https:\/\/aswu.edu.eg\/fr\/wp-json\/wp\/v2\/pages\/31577\/revisions\/31586"}],"up":[{"embeddable":true,"href":"https:\/\/aswu.edu.eg\/fr\/wp-json\/wp\/v2\/pages\/18224"}],"wp:attachment":[{"href":"https:\/\/aswu.edu.eg\/fr\/wp-json\/wp\/v2\/media?parent=31577"}],"curies":[{"name":"wp","href":"https:\/\/api.w.org\/{rel}","templated":true}]}}