{"id":31665,"date":"2026-05-05T07:16:42","date_gmt":"2026-05-05T07:16:42","guid":{"rendered":"https:\/\/aswu.edu.eg\/fr\/?page_id=31665"},"modified":"2026-05-05T07:16:42","modified_gmt":"2026-05-05T07:16:42","slug":"education-postgraduate-studies-regulation","status":"publish","type":"page","link":"https:\/\/aswu.edu.eg\/fr\/education-postgraduate-studies-regulation\/","title":{"rendered":"Le r\u00e8glement des \u00e9tudes sup\u00e9rieures"},"content":{"rendered":"<p>&nbsp;<\/p>\n<p><span style=\"text-decoration: underline;font-size: 17px\"><span style=\"color: #0000ff;text-decoration: underline\">Le R\u00e8glement organisant les \u00e9tudes sup\u00e9rieures \u00e0 l\u2019Universit\u00e9 d\u2019Assouan.<\/span><\/span><\/p>\n<p><strong><span style=\"font-size: 17px;color: #333333\">L\u2019universit\u00e9 vise \u00e0 offrir des programmes de dipl\u00f4mes d\u2019\u00e9tudes sup\u00e9rieures, des programmes interdisciplinaires et des grades scientifiques afin de r\u00e9aliser plusieurs de leurs objectifs:<\/span><\/strong><\/p>\n<ul style=\"list-style-type: square\">\n<li><span style=\"font-size: 17px;color: #333333\">La pr\u00e9paration et la qualification de comp\u00e9tences scientifiques et professionnelles sp\u00e9cialis\u00e9es dans divers domaines de la connaissance, en ad\u00e9quation avec les exigences du march\u00e9 du travail.<\/span><\/li>\n<li><span style=\"font-size: 17px;color: #333333\">La conduite d\u2019\u00e9tudes acad\u00e9miques et appliqu\u00e9es en ad\u00e9quation avec les exigences du march\u00e9 du travail, visant \u00e0 renforcer l\u2019expertise et les connaissances scientifiques acquises, conform\u00e9ment aux normes de qualit\u00e9 en vigueur.<\/span><\/li>\n<li><span style=\"font-size: 17px;color: #333333\">La mobilisation de l\u2019expertise scientifique et acad\u00e9mique pour r\u00e9soudre les probl\u00e9matiques et les enjeux soci\u00e9taux contemporains.<\/span><\/li>\n<li><span style=\"font-size: 17px;color: #333333\">D\u00e9velopper et affiner les comp\u00e9tences des \u00e9tudiants dans la pr\u00e9paration des recherches et des travaux acad\u00e9miques, les encourager \u00e0 poursuivre leur d\u00e9veloppement technique et les orienter vers l\u2019innovation et la cr\u00e9ativit\u00e9 selon une m\u00e9thode scientifique rigoureuse.<\/span><\/li>\n<li><span style=\"font-size: 17px;color: #333333\">D\u00e9velopper les comp\u00e9tences des \u00e9tudiants en mati\u00e8re de r\u00e9flexion logique et d\u2019esprit critique scientifique dans les discussions et les d\u00e9bats.<\/span><\/li>\n<li><span style=\"font-size: 17px;color: #333333\">Inculquer aux \u00e9tudiants les valeurs et l\u2019\u00e9thique de la recherche scientifique.<\/span><\/li>\n<\/ul>\n<p style=\"text-align: center\"><a href=\"https:\/\/aswu.edu.eg\/wp-content\/uploads\/2025\/03\/Postgraduate-Studies-Regulations-2024.pdf\"><span style=\"color: #0000ff\">Pour en savoir plus sur le r\u00e8glement<\/span><\/a><\/p>\n<div class=\"pvc_clear\"><\/div>\n<p id=\"pvc_stats_31665\" class=\"pvc_stats all  \" data-element-id=\"31665\" style=\"\"><i class=\"pvc-stats-icon medium\" aria-hidden=\"true\"><svg aria-hidden=\"true\" focusable=\"false\" data-prefix=\"far\" data-icon=\"chart-bar\" role=\"img\" xmlns=\"http:\/\/www.w3.org\/2000\/svg\" viewBox=\"0 0 512 512\" class=\"svg-inline--fa fa-chart-bar fa-w-16 fa-2x\"><path fill=\"currentColor\" d=\"M396.8 352h22.4c6.4 0 12.8-6.4 12.8-12.8V108.8c0-6.4-6.4-12.8-12.8-12.8h-22.4c-6.4 0-12.8 6.4-12.8 12.8v230.4c0 6.4 6.4 12.8 12.8 12.8zm-192 0h22.4c6.4 0 12.8-6.4 12.8-12.8V140.8c0-6.4-6.4-12.8-12.8-12.8h-22.4c-6.4 0-12.8 6.4-12.8 12.8v198.4c0 6.4 6.4 12.8 12.8 12.8zm96 0h22.4c6.4 0 12.8-6.4 12.8-12.8V204.8c0-6.4-6.4-12.8-12.8-12.8h-22.4c-6.4 0-12.8 6.4-12.8 12.8v134.4c0 6.4 6.4 12.8 12.8 12.8zM496 400H48V80c0-8.84-7.16-16-16-16H16C7.16 64 0 71.16 0 80v336c0 17.67 14.33 32 32 32h464c8.84 0 16-7.16 16-16v-16c0-8.84-7.16-16-16-16zm-387.2-48h22.4c6.4 0 12.8-6.4 12.8-12.8v-70.4c0-6.4-6.4-12.8-12.8-12.8h-22.4c-6.4 0-12.8 6.4-12.8 12.8v70.4c0 6.4 6.4 12.8 12.8 12.8z\" class=\"\"><\/path><\/svg><\/i> <img decoding=\"async\" width=\"16\" height=\"16\" alt=\"Loading\" src=\"https:\/\/aswu.edu.eg\/fr\/wp-content\/plugins\/page-views-count\/ajax-loader-2x.gif\" border=0 \/><\/p>\n<div class=\"pvc_clear\"><\/div>\n","protected":false},"excerpt":{"rendered":"<p>&nbsp; Le R\u00e8glement organisant les \u00e9tudes sup\u00e9rieures \u00e0 l\u2019Universit\u00e9 d\u2019Assouan. L\u2019universit\u00e9 vise \u00e0 offrir des programmes de dipl\u00f4mes d\u2019\u00e9tudes sup\u00e9rieures, des programmes interdisciplinaires et des grades scientifiques afin de r\u00e9aliser plusieurs de leurs objectifs: La pr\u00e9paration et la qualification de <a href=\"https:\/\/aswu.edu.eg\/fr\/education-postgraduate-studies-regulation\/\" class=\"read-more\">Read More &#8230;<\/a><\/p>\n<div class=\"pvc_clear\"><\/div>\n<p id=\"pvc_stats_31665\" class=\"pvc_stats all  \" data-element-id=\"31665\" style=\"\"><i class=\"pvc-stats-icon medium\" aria-hidden=\"true\"><svg aria-hidden=\"true\" focusable=\"false\" data-prefix=\"far\" data-icon=\"chart-bar\" role=\"img\" xmlns=\"http:\/\/www.w3.org\/2000\/svg\" viewBox=\"0 0 512 512\" class=\"svg-inline--fa fa-chart-bar fa-w-16 fa-2x\"><path fill=\"currentColor\" d=\"M396.8 352h22.4c6.4 0 12.8-6.4 12.8-12.8V108.8c0-6.4-6.4-12.8-12.8-12.8h-22.4c-6.4 0-12.8 6.4-12.8 12.8v230.4c0 6.4 6.4 12.8 12.8 12.8zm-192 0h22.4c6.4 0 12.8-6.4 12.8-12.8V140.8c0-6.4-6.4-12.8-12.8-12.8h-22.4c-6.4 0-12.8 6.4-12.8 12.8v198.4c0 6.4 6.4 12.8 12.8 12.8zm96 0h22.4c6.4 0 12.8-6.4 12.8-12.8V204.8c0-6.4-6.4-12.8-12.8-12.8h-22.4c-6.4 0-12.8 6.4-12.8 12.8v134.4c0 6.4 6.4 12.8 12.8 12.8zM496 400H48V80c0-8.84-7.16-16-16-16H16C7.16 64 0 71.16 0 80v336c0 17.67 14.33 32 32 32h464c8.84 0 16-7.16 16-16v-16c0-8.84-7.16-16-16-16zm-387.2-48h22.4c6.4 0 12.8-6.4 12.8-12.8v-70.4c0-6.4-6.4-12.8-12.8-12.8h-22.4c-6.4 0-12.8 6.4-12.8 12.8v70.4c0 6.4 6.4 12.8 12.8 12.8z\" class=\"\"><\/path><\/svg><\/i> <img decoding=\"async\" width=\"16\" height=\"16\" alt=\"Loading\" src=\"https:\/\/aswu.edu.eg\/fr\/wp-content\/plugins\/page-views-count\/ajax-loader-2x.gif\" border=0 \/><\/p>\n<div class=\"pvc_clear\"><\/div>\n","protected":false},"author":7,"featured_media":0,"parent":0,"menu_order":0,"comment_status":"closed","ping_status":"closed","template":"","meta":{"footnotes":""},"rttpg_featured_image_url":null,"rttpg_author":{"display_name":"nourhan Monaam","author_link":"https:\/\/aswu.edu.eg\/fr\/author\/edr0asen\/"},"rttpg_comment":0,"rttpg_category":null,"rttpg_excerpt":"&nbsp; Le R\u00e8glement organisant les \u00e9tudes sup\u00e9rieures \u00e0 l\u2019Universit\u00e9 d\u2019Assouan. L\u2019universit\u00e9 vise \u00e0 offrir des programmes de dipl\u00f4mes d\u2019\u00e9tudes sup\u00e9rieures, des programmes interdisciplinaires et des grades scientifiques afin de r\u00e9aliser plusieurs de leurs objectifs: La pr\u00e9paration et la qualification de Read More ...","_links":{"self":[{"href":"https:\/\/aswu.edu.eg\/fr\/wp-json\/wp\/v2\/pages\/31665"}],"collection":[{"href":"https:\/\/aswu.edu.eg\/fr\/wp-json\/wp\/v2\/pages"}],"about":[{"href":"https:\/\/aswu.edu.eg\/fr\/wp-json\/wp\/v2\/types\/page"}],"author":[{"embeddable":true,"href":"https:\/\/aswu.edu.eg\/fr\/wp-json\/wp\/v2\/users\/7"}],"replies":[{"embeddable":true,"href":"https:\/\/aswu.edu.eg\/fr\/wp-json\/wp\/v2\/comments?post=31665"}],"version-history":[{"count":1,"href":"https:\/\/aswu.edu.eg\/fr\/wp-json\/wp\/v2\/pages\/31665\/revisions"}],"predecessor-version":[{"id":31666,"href":"https:\/\/aswu.edu.eg\/fr\/wp-json\/wp\/v2\/pages\/31665\/revisions\/31666"}],"wp:attachment":[{"href":"https:\/\/aswu.edu.eg\/fr\/wp-json\/wp\/v2\/media?parent=31665"}],"curies":[{"name":"wp","href":"https:\/\/api.w.org\/{rel}","templated":true}]}}