{"id":3343,"date":"2019-09-24T08:26:57","date_gmt":"2019-09-24T08:26:57","guid":{"rendered":"http:\/\/aswu.edu.eg\/en\/?page_id=3343"},"modified":"2023-01-04T07:27:55","modified_gmt":"2023-01-04T07:27:55","slug":"universities","status":"publish","type":"page","link":"https:\/\/aswu.edu.eg\/fr\/universities\/","title":{"rendered":"Universit\u00e9s Contreparties"},"content":{"rendered":"<table style=\"width: 100%;border: none\">\n<tbody>\n<tr style=\"height: 24px;border: none;background-color: #fff !important\">\n<td style=\"width: 33.3333%;height: 24px\"><span style=\"text-decoration: underline\"><span style=\"font-family: Cairo\"><span style=\"color: #2807b8\"><strong><span style=\"font-size: 14pt\"><a class=\"fasc-button fasc-size-medium fasc-type-flat fasc-ico-before dashicons-welcome-learn-more\" style=\"color: #003366;text-decoration: underline\" target=\"_blank\" rel=\"noopener\" href=\"http:\/\/www.asu.edu.eg\/\">Universit\u00e9 d&#8217;Ain shams<\/a><\/span><\/strong><\/span><\/span><\/span><\/td>\n<td style=\"width: 33.3333%;height: 24px\"><span style=\"color: #2807b8;font-family: Cairo\"><strong><span style=\"font-size: 14pt\"><a class=\"fasc-button fasc-size-medium fasc-type-flat fasc-ico-before dashicons-welcome-learn-more\" style=\"color: #003366;text-decoration: underline\" target=\"_blank\" rel=\"noopener\" href=\"http:\/\/www.helwan.edu.eg\/English\/\">Universit\u00e9 de Helwan<\/a><\/span><\/strong><\/span><\/td>\n<td style=\"width: 33.3333%;height: 24px\"><span style=\"text-decoration: underline\"><span style=\"color: #2807b8;font-family: Cairo\"><strong><span style=\"font-size: 14pt\"><a class=\"fasc-button fasc-size-medium fasc-type-flat fasc-ico-before dashicons-welcome-learn-more\" style=\"color: #003366;text-decoration: underline\" target=\"_blank\" rel=\"noopener\" href=\"http:\/\/www.tanta.edu.eg\/en\/default.aspx\">Universit\u00e9 de Tanta<\/a><\/span><\/strong><\/span><\/span><\/td>\n<\/tr>\n<tr style=\"height: 24px;border: none\">\n<td style=\"width: 33.3333%;height: 24px\"><span style=\"text-decoration: underline\"><span style=\"color: #2807b8;font-family: Cairo\"><strong><span style=\"font-size: 14pt\"><a class=\"fasc-button fasc-size-medium fasc-type-flat fasc-ico-before dashicons-welcome-learn-more\" style=\"color: #003366;text-decoration: underline\" target=\"_blank\" rel=\"noopener\" href=\"http:\/\/www.azhar.edu.eg\/en\/\"> Universit\u00e9 Al-Azhar <\/a><\/span><\/strong><\/span><\/span><\/td>\n<td style=\"width: 33.3333%;height: 24px\"><span style=\"text-decoration: underline\"><span style=\"color: #2807b8;font-family: Cairo\"><strong><span style=\"font-size: 14pt\"><a class=\"fasc-button fasc-size-medium fasc-type-flat fasc-ico-before dashicons-welcome-learn-more\" style=\"color: #003366;text-decoration: underline\" target=\"_blank\" rel=\"noopener\" href=\"http:\/\/www.kfs.edu.eg\/engkfs\/\">Universit\u00e9 de Kafr el-Cheik<\/a><\/span><\/strong><\/span><\/span><\/td>\n<td style=\"width: 33.3333%;height: 24px\"><span style=\"text-decoration: underline\"><span style=\"color: #2807b8;font-family: Cairo\"><strong><span style=\"font-size: 14pt\"><a class=\"fasc-button fasc-size-medium fasc-type-flat fasc-ico-before dashicons-welcome-learn-more\" style=\"color: #003366\" target=\"_blank\" rel=\"noopener\" href=\"http:\/\/www.usc.edu.eg\/en\">Universit\u00e9 de la cit\u00e9 Sadat <\/a><\/span><\/strong><\/span><\/span><\/td>\n<\/tr>\n<tr style=\"height: 24px;border: none\">\n<td style=\"width: 33.3333%;height: 24px\"><span style=\"text-decoration: underline\"><span style=\"color: #2807b8;font-family: Cairo\"><strong><span style=\"font-size: 14pt\"><a class=\"fasc-button fasc-size-medium fasc-type-flat fasc-ico-before dashicons-welcome-learn-more\" style=\"color: #003366;text-decoration: underline\" target=\"_blank\" rel=\"noopener\" href=\"http:\/\/alexu.edu.eg\/index.php\/en\/\">Universit\u00e9 d&#8217;Alexandrie<\/a><\/span><\/strong><\/span><\/span><\/td>\n<td style=\"width: 33.3333%;height: 24px\"><span style=\"text-decoration: underline\"><span style=\"color: #2807b8;font-family: Cairo\"><strong><span style=\"font-size: 14pt\"><a class=\"fasc-button fasc-size-medium fasc-type-flat fasc-ico-before dashicons-welcome-learn-more\" style=\"color: #003366;text-decoration: underline\" target=\"_blank\" rel=\"noopener\" href=\"http:\/\/www.mans.edu.eg\/en\/\">Universit\u00e9 de Mansoura <\/a><\/span><\/strong><\/span><\/span><\/td>\n<td style=\"width: 33.3333%;height: 24px\"><span style=\"text-decoration: underline\"><span style=\"color: #2807b8;font-family: Cairo\"><strong><span style=\"font-size: 14pt\"><a class=\"fasc-button fasc-size-medium fasc-type-flat fasc-ico-before dashicons-welcome-learn-more\" style=\"color: #003366;text-decoration: underline\" target=\"_blank\" rel=\"noopener\" href=\"http:\/\/english.zu.edu.eg\/\">Universit\u00e9 de Zagazig <\/a><\/span><\/strong><\/span><\/span><\/td>\n<\/tr>\n<tr style=\"height: 48px\">\n<td style=\"width: 33.3333%;height: 48px\"><span style=\"text-decoration: underline\"><span style=\"color: #2807b8;font-family: Cairo\"><strong><span style=\"font-size: 14pt\"><a class=\"fasc-button fasc-size-medium fasc-type-flat fasc-ico-before dashicons-welcome-learn-more\" style=\"color: #003366;text-decoration: underline\" target=\"_blank\" rel=\"noopener\">Universit\u00e9 d&#8217;Assiout<\/a><\/span><\/strong><\/span><\/span><\/td>\n<td style=\"width: 33.3333%;height: 48px\"><span style=\"text-decoration: underline\"><span style=\"color: #2807b8;font-family: Cairo\"><strong><span style=\"font-size: 14pt\"><a class=\"fasc-button fasc-size-medium fasc-type-flat fasc-ico-before dashicons-welcome-learn-more\" style=\"color: #003366;text-decoration: underline\" target=\"_blank\" rel=\"noopener\" href=\"https:\/\/www.minia.edu.eg\/Minia\/home.aspx\">Universit\u00e9 de Minia<\/a><\/span><\/strong><\/span><\/span><\/td>\n<td style=\"width: 33.3333%;height: 48px\"><span style=\"text-decoration: underline\"><strong><span style=\"font-family: Cairo\"><a class=\"fasc-button fasc-size-medium fasc-type-flat fasc-ico-before dashicons-welcome-learn-more\" style=\"color: #003366;text-decoration: underline\" target=\"_blank\" rel=\"noopener\" href=\"https:\/\/nu.edu.eg\/\">Universit\u00e9 du Nil<\/a><\/span><\/strong><\/span><\/td>\n<\/tr>\n<tr style=\"height: 24px\">\n<td style=\"width: 33.3333%;height: 24px\"><span style=\"text-decoration: underline\"><span style=\"color: #2807b8;font-family: Cairo\"><strong><span style=\"font-size: 14pt\"><a class=\"fasc-button fasc-size-medium fasc-type-flat fasc-ico-before dashicons-welcome-learn-more\" style=\"color: #003366;text-decoration: underline\" target=\"_blank\" rel=\"noopener\" href=\"http:\/\/www.bu.edu.eg\/en\/\">Universit\u00e9 de Benha <\/a><\/span><\/strong><\/span><\/span><\/td>\n<td style=\"width: 33.3333%;height: 24px\"><span style=\"text-decoration: underline\"><span style=\"color: #2807b8;font-family: Cairo\"><strong><span style=\"font-size: 14pt\"><a class=\"fasc-button fasc-size-medium fasc-type-flat fasc-ico-before dashicons-welcome-learn-more\" style=\"color: #003366;text-decoration: underline\" target=\"_blank\" rel=\"noopener\" href=\"http:\/\/www.menofia.edu.eg\/Home\/en\"> Universit\u00e9 de Menoufia <\/a><\/span><\/strong><\/span><\/span><\/td>\n<td style=\"width: 33.3333%;height: 24px\"><span style=\"text-decoration: underline\"><strong><span style=\"font-family: Cairo\"><a class=\"fasc-button fasc-size-medium fasc-type-flat fasc-ico-before dashicons-welcome-learn-more\" style=\"color: #003366;text-decoration: underline\" target=\"_blank\" rel=\"noopener\" href=\"https:\/\/www.aucegypt.edu\/\">AUC<\/a><\/span><\/strong><\/span><\/td>\n<\/tr>\n<tr style=\"height: 24px\">\n<td style=\"width: 33.3333%;height: 24px\"><span style=\"text-decoration: underline\"><span style=\"color: #2807b8;font-family: Cairo\"><strong><span style=\"font-size: 14pt\"><a class=\"fasc-button fasc-size-medium fasc-type-flat fasc-ico-before dashicons-welcome-learn-more\" style=\"color: #003366;text-decoration: underline\" target=\"_blank\" rel=\"noopener\" href=\"http:\/\/www.bsu.edu.eg\/home.aspx?lang=en&amp;cat_id=1\">Universit\u00e9 de Beni-Suef <\/a><\/span><\/strong><\/span><\/span><\/td>\n<td style=\"width: 33.3333%;height: 24px\"><span style=\"text-decoration: underline\"><span style=\"color: #2807b8;font-family: Cairo\"><strong><span style=\"font-size: 14pt\"><a class=\"fasc-button fasc-size-medium fasc-type-flat fasc-ico-before dashicons-welcome-learn-more\" style=\"color: #003366;text-decoration: underline\" target=\"_blank\" rel=\"noopener\" href=\"http:\/\/psu.edu.eg\/en\/\">Universit\u00e9 de Port-Sa\u00efd<\/a><\/span><\/strong><\/span><\/span><\/td>\n<td style=\"width: 33.3333%;height: 24px\"><span style=\"text-decoration: underline\"><strong><span style=\"font-family: Cairo\"><a class=\"fasc-button fasc-size-medium fasc-type-flat fasc-ico-before dashicons-welcome-learn-more\" style=\"color: #003366;text-decoration: underline\" target=\"_blank\" rel=\"noopener\" href=\"https:\/\/www.hu.edu.eg\/\">Universit\u00e9 de Heliopolis <\/a><\/span><\/strong><\/span><\/td>\n<\/tr>\n<tr style=\"height: 48px\">\n<td style=\"width: 33.3333%;height: 48px\"><span style=\"text-decoration: underline\"><span style=\"color: #2807b8;font-family: Cairo\"><strong><span style=\"font-size: 14pt\"><a class=\"fasc-button fasc-size-medium fasc-type-flat fasc-ico-before dashicons-welcome-learn-more\" style=\"color: #003366;text-decoration: underline\" target=\"_blank\" rel=\"noopener\" href=\"https:\/\/cu.edu.eg\/Home\">Universit\u00e9 du Caire<\/a><\/span><\/strong><\/span><\/span><\/td>\n<td style=\"width: 33.3333%;height: 48px\"><span style=\"text-decoration: underline\"><span style=\"color: #2807b8;font-family: Cairo\"><strong><span style=\"font-size: 14pt\"><a class=\"fasc-button fasc-size-medium fasc-type-flat fasc-ico-before dashicons-welcome-learn-more\" style=\"color: #003366;text-decoration: underline\" target=\"_blank\" rel=\"noopener\" href=\"https:\/\/www.sohag-univ.edu.eg\/portal_en\/\">Universit\u00e9 de Sohag <\/a><\/span><\/strong><\/span><\/span><\/td>\n<td style=\"width: 33.3333%;height: 48px\"><span style=\"text-decoration: underline\"><strong><span style=\"font-family: Cairo\"><a class=\"fasc-button fasc-size-medium fasc-type-flat fasc-ico-before dashicons-welcome-learn-more\" style=\"color: #003366;text-decoration: underline\" target=\"_blank\" rel=\"noopener\" href=\"http:\/\/www.o6u.edu.eg\/default.aspx?id=70\">Universit\u00e9 du 6 octobre<\/a><\/span><\/strong><\/span><\/td>\n<\/tr>\n<tr style=\"height: 24px\">\n<td style=\"width: 33.3333%;height: 24px\"><span style=\"text-decoration: underline\"><span style=\"color: #2807b8;font-family: Cairo\"><strong><span style=\"font-size: 14pt\"><a class=\"fasc-button fasc-size-medium fasc-type-flat fasc-ico-before dashicons-welcome-learn-more\" style=\"color: #003366;text-decoration: underline\" target=\"_blank\" rel=\"noopener\" href=\"http:\/\/www.damanhour.edu.eg\/En\/Pages\/Default.aspx\">Universit\u00e9 de Damanhour<\/a><\/span><\/strong><\/span><\/span><\/td>\n<td style=\"width: 33.3333%;height: 24px\"><span style=\"text-decoration: underline\"><span style=\"color: #2807b8;font-family: Cairo\"><strong><span style=\"font-size: 14pt\"><a class=\"fasc-button fasc-size-medium fasc-type-flat fasc-ico-before dashicons-welcome-learn-more\" style=\"color: #003366;text-decoration: underline\" target=\"_blank\" rel=\"noopener\" href=\"http:\/\/www.svu.edu.eg\/\">Universit\u00e9 du sud de la vall\u00e9e<\/a><\/span><\/strong><\/span><\/span><\/td>\n<td style=\"width: 33.3333%;height: 24px\"><span style=\"text-decoration: underline\"><strong><span style=\"font-family: Cairo\"><a class=\"fasc-button fasc-size-medium fasc-type-flat fasc-ico-before dashicons-welcome-learn-more\" style=\"color: #003366;text-decoration: underline\" target=\"_blank\" rel=\"noopener noreferrer\" href=\"https:\/\/www.must.edu.eg\/\">MUST<\/a><\/span><\/strong><\/span><\/td>\n<\/tr>\n<tr style=\"height: 24px\">\n<td style=\"width: 33.3333%;height: 24px\"><span style=\"text-decoration: underline\"><span style=\"color: #2807b8;font-family: Cairo\"><strong><span style=\"font-size: 14pt\"><a class=\"fasc-button fasc-size-medium fasc-type-flat fasc-ico-before dashicons-welcome-learn-more\" style=\"color: #003366;text-decoration: underline\" target=\"_blank\" rel=\"noopener\" href=\"http:\/\/www.du.edu.eg\/en\/\">Universit\u00e9 de Damietta<\/a><\/span><\/strong><\/span><\/span><\/td>\n<td style=\"width: 33.3333%;height: 24px\"><span style=\"text-decoration: underline\"><span style=\"color: #2807b8;font-family: Cairo\"><strong><span style=\"font-size: 14pt\"><a class=\"fasc-button fasc-size-medium fasc-type-flat fasc-ico-before dashicons-welcome-learn-more\" style=\"color: #003366;text-decoration: underline\" target=\"_blank\" rel=\"noopener\" href=\"http:\/\/scuegypt.edu.eg\/en\/\"> Universit\u00e9 du Canal de Suez<\/a><\/span><\/strong><\/span><\/span><\/td>\n<td style=\"width: 33.3333%;height: 24px\"><span style=\"text-decoration: underline\"><strong><span style=\"font-family: Cairo\"><a class=\"fasc-button fasc-size-medium fasc-type-flat fasc-ico-before dashicons-welcome-learn-more\" style=\"color: #003366;text-decoration: underline\">AASTMT<\/a><\/span><\/strong><\/span><\/td>\n<\/tr>\n<tr style=\"height: 24px\">\n<td style=\"width: 33.3333%;height: 24px\"><span style=\"text-decoration: underline\"><span style=\"color: #2807b8;font-family: Cairo\"><strong><span style=\"font-size: 14pt\"><a class=\"fasc-button fasc-size-medium fasc-type-flat fasc-ico-before dashicons-welcome-learn-more\" style=\"color: #003366;text-decoration: underline\" target=\"_blank\" rel=\"noopener\" href=\"http:\/\/www.fayoum.edu.eg\/english\/\">Universit\u00e9 du Fayoum <\/a><\/span><\/strong><\/span><\/span><\/td>\n<td style=\"width: 33.3333%;height: 24px\"><span style=\"text-decoration: underline\"><span style=\"color: #2807b8;font-family: Cairo\"><strong><span style=\"font-size: 14pt\"><a class=\"fasc-button fasc-size-medium fasc-type-flat fasc-ico-before dashicons-welcome-learn-more\" style=\"color: #003366;text-decoration: underline\" target=\"_blank\" rel=\"noopener\" href=\"http:\/\/suezuniv.edu.eg\/su\/index.php\/en\/\">Universit\u00e9 de Suez <\/a><\/span><\/strong><\/span><\/span><\/td>\n<td style=\"width: 33.3333%;height: 24px\"><span style=\"text-decoration: underline\"><strong><span style=\"font-family: Cairo\"><a class=\"fasc-button fasc-size-medium fasc-type-flat\" style=\"color: #003366;text-decoration: underline\" target=\"_blank\" rel=\"noopener\" href=\"https:\/\/ejust.edu.eg\/\">E-JUST<\/a><\/span><\/strong><\/span><\/td>\n<\/tr>\n<\/tbody>\n<\/table>\n<p>&nbsp;<\/p>\n<div class=\"pvc_clear\"><\/div>\n<p id=\"pvc_stats_3343\" class=\"pvc_stats all  \" data-element-id=\"3343\" style=\"\"><i class=\"pvc-stats-icon medium\" aria-hidden=\"true\"><svg aria-hidden=\"true\" focusable=\"false\" data-prefix=\"far\" data-icon=\"chart-bar\" role=\"img\" xmlns=\"http:\/\/www.w3.org\/2000\/svg\" viewBox=\"0 0 512 512\" class=\"svg-inline--fa fa-chart-bar fa-w-16 fa-2x\"><path fill=\"currentColor\" d=\"M396.8 352h22.4c6.4 0 12.8-6.4 12.8-12.8V108.8c0-6.4-6.4-12.8-12.8-12.8h-22.4c-6.4 0-12.8 6.4-12.8 12.8v230.4c0 6.4 6.4 12.8 12.8 12.8zm-192 0h22.4c6.4 0 12.8-6.4 12.8-12.8V140.8c0-6.4-6.4-12.8-12.8-12.8h-22.4c-6.4 0-12.8 6.4-12.8 12.8v198.4c0 6.4 6.4 12.8 12.8 12.8zm96 0h22.4c6.4 0 12.8-6.4 12.8-12.8V204.8c0-6.4-6.4-12.8-12.8-12.8h-22.4c-6.4 0-12.8 6.4-12.8 12.8v134.4c0 6.4 6.4 12.8 12.8 12.8zM496 400H48V80c0-8.84-7.16-16-16-16H16C7.16 64 0 71.16 0 80v336c0 17.67 14.33 32 32 32h464c8.84 0 16-7.16 16-16v-16c0-8.84-7.16-16-16-16zm-387.2-48h22.4c6.4 0 12.8-6.4 12.8-12.8v-70.4c0-6.4-6.4-12.8-12.8-12.8h-22.4c-6.4 0-12.8 6.4-12.8 12.8v70.4c0 6.4 6.4 12.8 12.8 12.8z\" class=\"\"><\/path><\/svg><\/i> <img decoding=\"async\" width=\"16\" height=\"16\" alt=\"Loading\" src=\"https:\/\/aswu.edu.eg\/fr\/wp-content\/plugins\/page-views-count\/ajax-loader-2x.gif\" border=0 \/><\/p>\n<div class=\"pvc_clear\"><\/div>\n","protected":false},"excerpt":{"rendered":"<p>Universit\u00e9 d&#8217;Ain shams Universit\u00e9 de Helwan Universit\u00e9 de Tanta Universit\u00e9 Al-Azhar Universit\u00e9 de Kafr el-Cheik Universit\u00e9 de la cit\u00e9 Sadat Universit\u00e9 d&#8217;Alexandrie Universit\u00e9 de Mansoura Universit\u00e9 de Zagazig Universit\u00e9 d&#8217;Assiout Universit\u00e9 de Minia Universit\u00e9 du Nil Universit\u00e9 de Benha Universit\u00e9 <a href=\"https:\/\/aswu.edu.eg\/fr\/universities\/\" class=\"read-more\">Read More &#8230;<\/a><\/p>\n<div class=\"pvc_clear\"><\/div>\n<p id=\"pvc_stats_3343\" class=\"pvc_stats all  \" data-element-id=\"3343\" style=\"\"><i class=\"pvc-stats-icon medium\" aria-hidden=\"true\"><svg aria-hidden=\"true\" focusable=\"false\" data-prefix=\"far\" data-icon=\"chart-bar\" role=\"img\" xmlns=\"http:\/\/www.w3.org\/2000\/svg\" viewBox=\"0 0 512 512\" class=\"svg-inline--fa fa-chart-bar fa-w-16 fa-2x\"><path fill=\"currentColor\" d=\"M396.8 352h22.4c6.4 0 12.8-6.4 12.8-12.8V108.8c0-6.4-6.4-12.8-12.8-12.8h-22.4c-6.4 0-12.8 6.4-12.8 12.8v230.4c0 6.4 6.4 12.8 12.8 12.8zm-192 0h22.4c6.4 0 12.8-6.4 12.8-12.8V140.8c0-6.4-6.4-12.8-12.8-12.8h-22.4c-6.4 0-12.8 6.4-12.8 12.8v198.4c0 6.4 6.4 12.8 12.8 12.8zm96 0h22.4c6.4 0 12.8-6.4 12.8-12.8V204.8c0-6.4-6.4-12.8-12.8-12.8h-22.4c-6.4 0-12.8 6.4-12.8 12.8v134.4c0 6.4 6.4 12.8 12.8 12.8zM496 400H48V80c0-8.84-7.16-16-16-16H16C7.16 64 0 71.16 0 80v336c0 17.67 14.33 32 32 32h464c8.84 0 16-7.16 16-16v-16c0-8.84-7.16-16-16-16zm-387.2-48h22.4c6.4 0 12.8-6.4 12.8-12.8v-70.4c0-6.4-6.4-12.8-12.8-12.8h-22.4c-6.4 0-12.8 6.4-12.8 12.8v70.4c0 6.4 6.4 12.8 12.8 12.8z\" class=\"\"><\/path><\/svg><\/i> <img decoding=\"async\" width=\"16\" height=\"16\" alt=\"Loading\" src=\"https:\/\/aswu.edu.eg\/fr\/wp-content\/plugins\/page-views-count\/ajax-loader-2x.gif\" border=0 \/><\/p>\n<div class=\"pvc_clear\"><\/div>\n","protected":false},"author":7,"featured_media":0,"parent":0,"menu_order":0,"comment_status":"closed","ping_status":"closed","template":"","meta":{"footnotes":""},"rttpg_featured_image_url":null,"rttpg_author":{"display_name":"nourhan Monaam","author_link":"https:\/\/aswu.edu.eg\/fr\/author\/edr0asen\/"},"rttpg_comment":0,"rttpg_category":null,"rttpg_excerpt":"Universit\u00e9 d&#8217;Ain shams Universit\u00e9 de Helwan Universit\u00e9 de Tanta Universit\u00e9 Al-Azhar Universit\u00e9 de Kafr el-Cheik Universit\u00e9 de la cit\u00e9 Sadat Universit\u00e9 d&#8217;Alexandrie Universit\u00e9 de Mansoura Universit\u00e9 de Zagazig Universit\u00e9 d&#8217;Assiout Universit\u00e9 de Minia Universit\u00e9 du Nil Universit\u00e9 de Benha Universit\u00e9 Read More ...","_links":{"self":[{"href":"https:\/\/aswu.edu.eg\/fr\/wp-json\/wp\/v2\/pages\/3343"}],"collection":[{"href":"https:\/\/aswu.edu.eg\/fr\/wp-json\/wp\/v2\/pages"}],"about":[{"href":"https:\/\/aswu.edu.eg\/fr\/wp-json\/wp\/v2\/types\/page"}],"author":[{"embeddable":true,"href":"https:\/\/aswu.edu.eg\/fr\/wp-json\/wp\/v2\/users\/7"}],"replies":[{"embeddable":true,"href":"https:\/\/aswu.edu.eg\/fr\/wp-json\/wp\/v2\/comments?post=3343"}],"version-history":[{"count":58,"href":"https:\/\/aswu.edu.eg\/fr\/wp-json\/wp\/v2\/pages\/3343\/revisions"}],"predecessor-version":[{"id":28380,"href":"https:\/\/aswu.edu.eg\/fr\/wp-json\/wp\/v2\/pages\/3343\/revisions\/28380"}],"wp:attachment":[{"href":"https:\/\/aswu.edu.eg\/fr\/wp-json\/wp\/v2\/media?parent=3343"}],"curies":[{"name":"wp","href":"https:\/\/api.w.org\/{rel}","templated":true}]}}