{"id":3801,"date":"2019-12-03T11:54:41","date_gmt":"2019-12-03T11:54:41","guid":{"rendered":"http:\/\/aswu.edu.eg\/en\/?page_id=3801"},"modified":"2023-05-03T10:47:16","modified_gmt":"2023-05-03T10:47:16","slug":"family-planning","status":"publish","type":"page","link":"https:\/\/aswu.edu.eg\/fr\/services-aswu\/medical-services\/medical-workshops\/family-planning\/","title":{"rendered":"Planification familiale"},"content":{"rendered":"\t\t<div data-elementor-type=\"wp-page\" data-elementor-id=\"3801\" class=\"elementor elementor-3801\">\n\t\t\t\t\t\t<section class=\"elementor-section elementor-top-section elementor-element elementor-element-78e72bc elementor-section-boxed elementor-section-height-default elementor-section-height-default\" data-id=\"78e72bc\" data-element_type=\"section\">\n\t\t\t\t\t\t<div class=\"elementor-container elementor-column-gap-default\">\n\t\t\t\t\t<div class=\"elementor-column elementor-col-100 elementor-top-column elementor-element elementor-element-7795f655\" data-id=\"7795f655\" data-element_type=\"column\">\n\t\t\t<div class=\"elementor-widget-wrap elementor-element-populated\">\n\t\t\t\t\t\t<div class=\"elementor-element elementor-element-306ac53d elementor-widget elementor-widget-text-editor\" data-id=\"306ac53d\" data-element_type=\"widget\" data-widget_type=\"text-editor.default\">\n\t\t\t\t<div class=\"elementor-widget-container\">\n\t\t\t\t\t\t\t<p><span style=\"color: #294a70\"><strong>Planification familiale<\/strong><\/span><\/p><p><span style=\"color: #333333\">L&#8217;Universit\u00e9 d&#8217;Assouan a particip\u00e9 \u00e0 la campagne de plaidoyer qui a \u00e9t\u00e9 ex\u00e9cut\u00e9e pour la troisi\u00e8me ann\u00e9e cons\u00e9cutive intitul\u00e9e\u00a0: &#8221; Vis-le bien 3 &#8221; visant \u00e0 modifier les jeunes et les adolescents et les id\u00e9es fausses et \u00e0 diffuser la culture du volontariat dans la soci\u00e9t\u00e9 et \u00e0 cr\u00e9er des leaders pour adopter la population, question et ses sujets connexes tels que (planification familiale _harc\u00e8lement sexuel _STD s &#8220;maladies sexuellement transmissibles_Cancer_Addiction) et le b\u00e9n\u00e9volat qui est consid\u00e9r\u00e9 comme un pilier principal du travail \u00e0 l&#8217;int\u00e9rieur de l&#8217;assembl\u00e9e .c&#8217;\u00e9tait en mars dernier.<\/span><\/p><p><span style=\"color: #333333\">10 symposiums et initiatives sur le terrain dans diff\u00e9rentes facult\u00e9s et dortoirs universitaires ont \u00e9t\u00e9 organis\u00e9s et le cours de formation d&#8217;\u00e9ducation positive a \u00e9t\u00e9 ex\u00e9cut\u00e9 pendant quatre jours pour 25 \u00e9tudiants de diff\u00e9rentes facult\u00e9s.<\/span><\/p><p><span style=\"color: #333333\">L&#8217;universit\u00e9 a assur\u00e9 le transport de l&#8217;\u00e9quipe de b\u00e9n\u00e9voles des symposiums et des initiatives qui comprenait des b\u00e9n\u00e9voles des deux sexes.<\/span><\/p><p>\u00a0<\/p>\t\t\t\t\t\t<\/div>\n\t\t\t\t<\/div>\n\t\t\t\t\t<\/div>\n\t\t<\/div>\n\t\t\t\t\t<\/div>\n\t\t<\/section>\n\t\t\t\t<section class=\"elementor-section elementor-top-section elementor-element elementor-element-5f65afb elementor-section-boxed elementor-section-height-default elementor-section-height-default\" data-id=\"5f65afb\" data-element_type=\"section\">\n\t\t\t\t\t\t<div class=\"elementor-container elementor-column-gap-default\">\n\t\t\t\t\t<div class=\"elementor-column elementor-col-100 elementor-top-column elementor-element elementor-element-e8ecba8\" data-id=\"e8ecba8\" data-element_type=\"column\">\n\t\t\t<div class=\"elementor-widget-wrap elementor-element-populated\">\n\t\t\t\t\t\t<div class=\"elementor-element elementor-element-c3d5f7d elementor-widget elementor-widget-text-editor\" data-id=\"c3d5f7d\" data-element_type=\"widget\" data-widget_type=\"text-editor.default\">\n\t\t\t\t<div class=\"elementor-widget-container\">\n\t\t\t\t\t\t\t<p><span style=\"color: #333333\">Le secteur des services communautaires et du d\u00e9veloppement de l&#8217;environnement en collaboration avec la facult\u00e9 de travail social a organis\u00e9 deux symposiums du 24 au 26\/2019 sur la sant\u00e9 reproductive et les premiers secours dans le village de Mansouria \u00e0 Daraw.<\/span><\/p>\t\t\t\t\t\t<\/div>\n\t\t\t\t<\/div>\n\t\t\t\t\t<\/div>\n\t\t<\/div>\n\t\t\t\t\t<\/div>\n\t\t<\/section>\n\t\t\t\t<\/div>\n\t\t","protected":false},"excerpt":{"rendered":"<p>Planification familiale L&#8217;Universit\u00e9 d&#8217;Assouan a particip\u00e9 \u00e0 la campagne de plaidoyer qui a \u00e9t\u00e9 ex\u00e9cut\u00e9e pour la troisi\u00e8me ann\u00e9e cons\u00e9cutive intitul\u00e9e\u00a0: &#8221; Vis-le bien 3 &#8221; visant \u00e0 modifier les jeunes et les adolescents et les id\u00e9es fausses et \u00e0 <a href=\"https:\/\/aswu.edu.eg\/fr\/services-aswu\/medical-services\/medical-workshops\/family-planning\/\" class=\"read-more\">Read More &#8230;<\/a><\/p>\n<div class=\"pvc_clear\"><\/div>\n<p id=\"pvc_stats_3801\" class=\"pvc_stats all  \" data-element-id=\"3801\" style=\"\"><i class=\"pvc-stats-icon medium\" aria-hidden=\"true\"><svg aria-hidden=\"true\" focusable=\"false\" data-prefix=\"far\" data-icon=\"chart-bar\" role=\"img\" xmlns=\"http:\/\/www.w3.org\/2000\/svg\" viewBox=\"0 0 512 512\" class=\"svg-inline--fa fa-chart-bar fa-w-16 fa-2x\"><path fill=\"currentColor\" d=\"M396.8 352h22.4c6.4 0 12.8-6.4 12.8-12.8V108.8c0-6.4-6.4-12.8-12.8-12.8h-22.4c-6.4 0-12.8 6.4-12.8 12.8v230.4c0 6.4 6.4 12.8 12.8 12.8zm-192 0h22.4c6.4 0 12.8-6.4 12.8-12.8V140.8c0-6.4-6.4-12.8-12.8-12.8h-22.4c-6.4 0-12.8 6.4-12.8 12.8v198.4c0 6.4 6.4 12.8 12.8 12.8zm96 0h22.4c6.4 0 12.8-6.4 12.8-12.8V204.8c0-6.4-6.4-12.8-12.8-12.8h-22.4c-6.4 0-12.8 6.4-12.8 12.8v134.4c0 6.4 6.4 12.8 12.8 12.8zM496 400H48V80c0-8.84-7.16-16-16-16H16C7.16 64 0 71.16 0 80v336c0 17.67 14.33 32 32 32h464c8.84 0 16-7.16 16-16v-16c0-8.84-7.16-16-16-16zm-387.2-48h22.4c6.4 0 12.8-6.4 12.8-12.8v-70.4c0-6.4-6.4-12.8-12.8-12.8h-22.4c-6.4 0-12.8 6.4-12.8 12.8v70.4c0 6.4 6.4 12.8 12.8 12.8z\" class=\"\"><\/path><\/svg><\/i> <img decoding=\"async\" width=\"16\" height=\"16\" alt=\"Loading\" src=\"https:\/\/aswu.edu.eg\/fr\/wp-content\/plugins\/page-views-count\/ajax-loader-2x.gif\" border=0 \/><\/p>\n<div class=\"pvc_clear\"><\/div>\n","protected":false},"author":7,"featured_media":0,"parent":3803,"menu_order":0,"comment_status":"closed","ping_status":"closed","template":"","meta":{"footnotes":""},"rttpg_featured_image_url":null,"rttpg_author":{"display_name":"nourhan Monaam","author_link":"https:\/\/aswu.edu.eg\/fr\/author\/edr0asen\/"},"rttpg_comment":0,"rttpg_category":null,"rttpg_excerpt":"Planification familiale L&#8217;Universit\u00e9 d&#8217;Assouan a particip\u00e9 \u00e0 la campagne de plaidoyer qui a \u00e9t\u00e9 ex\u00e9cut\u00e9e pour la troisi\u00e8me ann\u00e9e cons\u00e9cutive intitul\u00e9e\u00a0: &#8221; Vis-le bien 3 &#8221; visant \u00e0 modifier les jeunes et les adolescents et les id\u00e9es fausses et \u00e0 Read More ...","_links":{"self":[{"href":"https:\/\/aswu.edu.eg\/fr\/wp-json\/wp\/v2\/pages\/3801"}],"collection":[{"href":"https:\/\/aswu.edu.eg\/fr\/wp-json\/wp\/v2\/pages"}],"about":[{"href":"https:\/\/aswu.edu.eg\/fr\/wp-json\/wp\/v2\/types\/page"}],"author":[{"embeddable":true,"href":"https:\/\/aswu.edu.eg\/fr\/wp-json\/wp\/v2\/users\/7"}],"replies":[{"embeddable":true,"href":"https:\/\/aswu.edu.eg\/fr\/wp-json\/wp\/v2\/comments?post=3801"}],"version-history":[{"count":29,"href":"https:\/\/aswu.edu.eg\/fr\/wp-json\/wp\/v2\/pages\/3801\/revisions"}],"predecessor-version":[{"id":29461,"href":"https:\/\/aswu.edu.eg\/fr\/wp-json\/wp\/v2\/pages\/3801\/revisions\/29461"}],"up":[{"embeddable":true,"href":"https:\/\/aswu.edu.eg\/fr\/wp-json\/wp\/v2\/pages\/3803"}],"wp:attachment":[{"href":"https:\/\/aswu.edu.eg\/fr\/wp-json\/wp\/v2\/media?parent=3801"}],"curies":[{"name":"wp","href":"https:\/\/api.w.org\/{rel}","templated":true}]}}