{"id":3803,"date":"2019-12-03T12:02:55","date_gmt":"2019-12-03T12:02:55","guid":{"rendered":"http:\/\/aswu.edu.eg\/en\/?page_id=3803"},"modified":"2023-01-29T09:24:09","modified_gmt":"2023-01-29T09:24:09","slug":"medical-workshops","status":"publish","type":"page","link":"https:\/\/aswu.edu.eg\/fr\/services-aswu\/medical-services\/medical-workshops\/","title":{"rendered":"Ateliers m\u00e9dicaux"},"content":{"rendered":"\t\t<div data-elementor-type=\"wp-page\" data-elementor-id=\"3803\" class=\"elementor elementor-3803\">\n\t\t\t\t\t\t<section class=\"elementor-section elementor-top-section elementor-element elementor-element-27be7a3 elementor-section-boxed elementor-section-height-default elementor-section-height-default\" data-id=\"27be7a3\" data-element_type=\"section\">\n\t\t\t\t\t\t<div class=\"elementor-container elementor-column-gap-default\">\n\t\t\t\t\t<div class=\"elementor-column elementor-col-33 elementor-top-column elementor-element elementor-element-8280399\" data-id=\"8280399\" data-element_type=\"column\">\n\t\t\t<div class=\"elementor-widget-wrap elementor-element-populated\">\n\t\t\t\t\t\t<div class=\"elementor-element elementor-element-a53165a elementor-widget elementor-widget-wp-widget-iksm-widget\" data-id=\"a53165a\" data-element_type=\"widget\" data-widget_type=\"wp-widget-iksm-widget.default\">\n\t\t\t\t<div class=\"elementor-widget-container\">\n\t\t\t<script id=\"styles-copier-69e241bf17f61\">\n\t\t\t\/\/ Finding styles element\n\t        var element = document.getElementById(\"iksm-dynamic-style\");\n\t        if (!element) { \/\/ If no element (Cache plugins can remove tag), then creating a new one\n                element = document.createElement('style');\n                var head = document.getElementsByTagName(\"head\")\n                if (head && head[0]) {\n                \thead[0].appendChild(element);\n                } else {\n                  \tconsole.warn(\"Iks Menu | Error while printing styles. Please contact technical support.\");\n                }\n\t        }\n\t\t\t\/\/ Copying styles to <styles> tag\n\t        element.innerHTML += \".iksm-14821 .iksm-terms{background-color:rgba(243,243,243,1);width:200px;transition:all 400ms;animation:iks-fade-in 1000ms;}.iksm-14821 .iksm-term__inner{background-color:rgba(231,231,231,1);margin-top:3px;min-height:44px;transition:all 400ms;}.iksm-14821 .iksm-term__inner:hover{background-color:rgba(220,220,220,1);}.iksm-14821 .iksm-term--current > .iksm-term__inner{background-color:rgba(202,229,239,1);}.iksm-14821 .iksm-term__link{color:rgba(0,0,0,1);font-size:15px;line-height:15px;font-weight:400;text-align:left;text-decoration:none;padding-top:5px;padding-right:10px;padding-bottom:5px;padding-left:15px;transition:all 400ms;}.iksm-14821 .iksm-term__inner:hover .iksm-term__link{color:rgba(50,50,50,1);}.iksm-14821 .iksm-term__toggle__inner{transition:transform 400ms}.iksm-14821 .iksm-term--expanded > .iksm-term__inner > .iksm-term__toggle > .iksm-term__toggle__inner{transform:rotate(180deg);}.iksm-14821 .iksm-term__toggle{color:rgba(133,133,133,1);font-size:16px;align-self:unset;;height:25px;width:25px;margin-right:7px;transition:all 400ms;}.iksm-14821 .iksm-term__toggle:hover{color:rgba(0,0,0,1);}.iksm-14821 .iksm-term__image-container{width:30px;min-width:30px;height:30px;min-height:30px;margin-right:15px;transition:all 400ms;}.iksm-14821 .iksm-term__image{background-size:contain;background-position:center;background-repeat:no-repeat;}.iksm-14821 .iksm-term__image-container:hover{background-size:contain;background-position:center;background-repeat:no-repeat;}.iksm-14821 .iksm-term__inner:hover .iksm-term__image-container{background-size:contain;background-position:center;background-repeat:no-repeat;}.iksm-14821 .iksm-term__inner:focus .iksm-term__image-container{background-size:contain;background-position:center;background-repeat:no-repeat;}.iksm-14821 .iksm-term--current > .iksm-term__inner .iksm-term__image-container{background-size:contain;background-position:center;background-repeat:no-repeat;}.iksm-14821 .iksm-term--child .iksm-term__inner .iksm-term__image-container{background-size:contain;background-position:center;background-repeat:no-repeat;}.iksm-14821 .iksm-term--child .iksm-term__inner .iksm-term__image-container:hover{background-size:contain;background-position:center;background-repeat:no-repeat;}.iksm-14821 .iksm-term--child .iksm-term__inner .iksm-term__image-container:focus{background-size:contain;background-position:center;background-repeat:no-repeat;}.iksm-14821 .iksm-term--child.iksm-term--current > .iksm-term__inner .iksm-term__image-container{background-size:contain;background-position:center;background-repeat:no-repeat;}.iksm-14821  .iksm-term__text{flex: unset}.iksm-14821 .iksm-term__posts-count{color:rgba(133,133,133,1);font-size:16px;margin-left:12px;font-weight:400;transition:all 400ms;}\";\n\t        \/\/ Removing this script\n            var this_script = document.getElementById(\"styles-copier-69e241bf17f61\");\n            if (this_script) { \/\/ Cache plugins can remove tag\n\t            this_script.outerHTML = \"\";\n\t            if (this_script.parentNode) {\n\t                this_script.parentNode.removeChild(this_script);\n\t            }\n            }\n        <\/script><div id='iksm-14821' class='iksm iksm-14821 iksm-container '  data-id='14821' data-is-pro='0' data-source='menu'><div class='iksm-terms'><div class='iksm-terms-tree iksm-terms-tree--level-1 iksm-terms-tree--parents' style=''><div class=\"iksm-terms-tree__inner\">\n        <div class=\"iksm-term iksm-term--id-14005 iksm-term--parent\" data-id=\"14005\">\n            <div class=\"iksm-term__inner\" tabindex='0'>\n                <a class=\"iksm-term__link\" href='https:\/\/aswu.edu.eg\/fr\/services-aswu\/medical-services\/medical-convoys\/' target='_self' tabindex='-1'>\n\t\t\t\t        <span class=\"iksm-term__text\">Convois m\u00e9dicaux<\/span>\n\t\t            <\/a>\n\t\t\t        <\/div>\n\t\t        <\/div>\n\n\t\t\n        <div class=\"iksm-term iksm-term--id-14006 iksm-term--parent\" data-id=\"14006\">\n            <div class=\"iksm-term__inner\" tabindex='0'>\n                <a class=\"iksm-term__link\" href='https:\/\/aswu.edu.eg\/fr\/services-aswu\/medical-services\/medical-workshops\/' target='_self' tabindex='-1'>\n\t\t\t\t        <span class=\"iksm-term__text\">Ateliers m\u00e9dicaux<\/span>\n\t\t            <\/a>\n\t\t\t        <\/div>\n\t\t        <\/div>\n\n\t\t\n        <div class=\"iksm-term iksm-term--id-14007 iksm-term--parent\" data-id=\"14007\">\n            <div class=\"iksm-term__inner\" tabindex='0'>\n                <a class=\"iksm-term__link\" href='https:\/\/aswu.edu.eg\/fr\/services-aswu\/medical-services\/reproductive-health\/' target='_self' tabindex='-1'>\n\t\t\t\t        <span class=\"iksm-term__text\">La sant\u00e9 reproductive<\/span>\n\t\t            <\/a>\n\t\t\t        <\/div>\n\t\t        <\/div>\n\n\t\t\n        <div class=\"iksm-term iksm-term--id-14009 iksm-term--parent\" data-id=\"14009\">\n            <div class=\"iksm-term__inner\" tabindex='0'>\n                <a class=\"iksm-term__link\" href='https:\/\/aswu.edu.eg\/fr\/services-aswu\/medical-services\/mental-health-services\/' target='_self' tabindex='-1'>\n\t\t\t\t        <span class=\"iksm-term__text\">Services de sant\u00e9 mentale<\/span>\n\t\t            <\/a>\n\t\t\t        <\/div>\n\t\t        <\/div>\n\n\t\t\n        <div class=\"iksm-term iksm-term--id-20200 iksm-term--parent\" data-id=\"20200\">\n            <div class=\"iksm-term__inner\" tabindex='0'>\n                <a class=\"iksm-term__link\" href='https:\/\/aswu.edu.eg\/fr\/services-aswu\/medical-services\/aswan-university-hospitals\/' target='_self' tabindex='-1'>\n\t\t\t\t        <span class=\"iksm-term__text\">H\u00f4pitaux universitaires d\u2019Assouan<\/span>\n\t\t            <\/a>\n\t\t\t        <\/div>\n\t\t        <\/div>\n\n\t\t\n        <div class=\"iksm-term iksm-term--id-14014 iksm-term--parent\" data-id=\"14014\">\n            <div class=\"iksm-term__inner\" tabindex='0'>\n                <a class=\"iksm-term__link\" href='https:\/\/aswu.edu.eg\/fr\/services-aswu\/medical-services\/cooperation-with-medical-institutions\/' target='_self' tabindex='-1'>\n\t\t\t\t        <span class=\"iksm-term__text\">Coop\u00e9ration avec Institutions de sant\u00e9<\/span>\n\t\t            <\/a>\n\t\t\t        <\/div>\n\t\t        <\/div>\n\n\t\t<\/div><\/div><\/div><div id=\"iksm_data_args\" class=\"data-args\"  data-collapse_children_terms='1' data-collapse_other_terms='1' data-collapse_animation_duration='400' data-expand_animation_duration='400'><\/div><\/div>\t\t<\/div>\n\t\t\t\t<\/div>\n\t\t\t\t\t<\/div>\n\t\t<\/div>\n\t\t\t\t<div class=\"elementor-column elementor-col-66 elementor-top-column elementor-element elementor-element-6646df8\" data-id=\"6646df8\" data-element_type=\"column\">\n\t\t\t<div class=\"elementor-widget-wrap elementor-element-populated\">\n\t\t\t\t\t\t<div class=\"elementor-element elementor-element-9aa646d elementor-tabs-view-horizontal elementor-widget elementor-widget-tabs\" data-id=\"9aa646d\" data-element_type=\"widget\" data-widget_type=\"tabs.default\">\n\t\t\t\t<div class=\"elementor-widget-container\">\n\t\t\t\t\t<div class=\"elementor-tabs\">\n\t\t\t<div class=\"elementor-tabs-wrapper\" role=\"tablist\" >\n\t\t\t\t\t\t\t\t\t<div id=\"elementor-tab-title-1621\" class=\"elementor-tab-title elementor-tab-desktop-title\" aria-selected=\"true\" data-tab=\"1\" role=\"tab\" tabindex=\"0\" aria-controls=\"elementor-tab-content-1621\" aria-expanded=\"false\">Planification familiale<\/div>\n\t\t\t\t\t\t\t\t\t<div id=\"elementor-tab-title-1622\" class=\"elementor-tab-title elementor-tab-desktop-title\" aria-selected=\"false\" data-tab=\"2\" role=\"tab\" tabindex=\"-1\" aria-controls=\"elementor-tab-content-1622\" aria-expanded=\"false\">Symposiums m\u00e9dicaux <\/div>\n\t\t\t\t\t\t\t<\/div>\n\t\t\t<div class=\"elementor-tabs-content-wrapper\" role=\"tablist\" aria-orientation=\"vertical\">\n\t\t\t\t\t\t\t\t\t<div class=\"elementor-tab-title elementor-tab-mobile-title\" aria-selected=\"true\" data-tab=\"1\" role=\"tab\" tabindex=\"0\" aria-controls=\"elementor-tab-content-1621\" aria-expanded=\"false\">Planification familiale<\/div>\n\t\t\t\t\t<div id=\"elementor-tab-content-1621\" class=\"elementor-tab-content elementor-clearfix\" data-tab=\"1\" role=\"tabpanel\" aria-labelledby=\"elementor-tab-title-1621\" tabindex=\"0\" hidden=\"false\"><p><span style=\"color: #333333\">L&#8217;Universit\u00e9 d&#8217;Assouan a particip\u00e9 \u00e0 la campagne de sensibilisation qui a \u00e9t\u00e9 ex\u00e9cut\u00e9e pour la troisi\u00e8me ann\u00e9e cons\u00e9cutive intitul\u00e9e\u00a0: &#8221; Hanechha Sah 3 &#8221; (nous le vivrons correctement 3) visant \u00e0 modifier les jeunes et les adolescents et les id\u00e9es fausses et \u00e0 diffuser la culture du volontariat dans la soci\u00e9t\u00e9 et \u00e0 cr\u00e9er des leaders pour adopter la question de la population et ses sujets comme (planification familiale &#8211; harc\u00e8lement sexuel &#8211; STD s &#8220;maladies sexuellement transmissibles- Cancer-\u00a0 Toxicomanie) et le b\u00e9n\u00e9volat qui est consid\u00e9r\u00e9 comme un pilier principal du travail \u00e0 l&#8217;int\u00e9rieur de l&#8217;association qu&#8217;est en mars dernier.<\/span><\/p><p><span style=\"color: #333333\">\u00a0(10) s\u00e9minaires et initiatives de terrain ont \u00e9t\u00e9 mis en place dans diff\u00e9rents facult\u00e9s et villes universitaires, ainsi que la mise en place d&#8217;une formation en \u00e9ducation reproductive pendant quatre jours pour (25) jeunes dans diff\u00e9rents facult\u00e9s.<\/span><\/p><p><span style=\"color: #333333\">L&#8217;universit\u00e9 a fourni des moyens de transport \u00e0 l&#8217;\u00e9quipe de volontaires qui met en \u0153uvre les s\u00e9minaires et les initiatives, car ce sont de jeunes volontaires des deux sexes.<\/span><\/p><p><strong>plus de d\u00e9tails<\/strong><\/p><\/div>\n\t\t\t\t\t\t\t\t\t<div class=\"elementor-tab-title elementor-tab-mobile-title\" aria-selected=\"false\" data-tab=\"2\" role=\"tab\" tabindex=\"-1\" aria-controls=\"elementor-tab-content-1622\" aria-expanded=\"false\">Symposiums m\u00e9dicaux <\/div>\n\t\t\t\t\t<div id=\"elementor-tab-content-1622\" class=\"elementor-tab-content elementor-clearfix\" data-tab=\"2\" role=\"tabpanel\" aria-labelledby=\"elementor-tab-title-1622\" tabindex=\"0\" hidden=\"hidden\"><p><span style=\"color: #333333\">Dans le cadre de la communication et de la coop\u00e9ration entre l&#8217;universit\u00e9 d&#8217;Assouan et l&#8217;autorit\u00e9 de lutte contre la toxicomanie\u00a0 pour contr\u00f4ler ce ph\u00e9nom\u00e8ne et ses effets n\u00e9fastes sur les \u00e9tudiants, un certain nombre de symposiums et de cours d&#8217;initiation sur les dangers de la toxicomanie et de la toxicomanie et comment se nettoyer et les m\u00e9thodes de traitement.<\/span><\/p><p><span style=\"color: #333333\">Ce protocole a \u00e9t\u00e9 activ\u00e9 avec une s\u00e9rie de symposiums d&#8217;initiation et de cours de formation et une campagne de publicit\u00e9 \u00e0 l&#8217;int\u00e9rieur de l&#8217;universit\u00e9 et de diverses facult\u00e9s en plus de fournir un si\u00e8ge pour lutter contre la toxicomanie et l&#8217;autorit\u00e9 de lutte contre la toxicomanie \u00e0 l&#8217;int\u00e9rieur de l&#8217;universit\u00e9.<\/span><\/p><p><span style=\"color: #333333\">Un groupe des membres du corps professorale a particip\u00e9 \u00e0 tous les symposiums :<\/span><\/p><p><span style=\"color: #333333\">*prof:Ahmed Sayed Khalil &#8211; le vice-pr\u00e9sident de l&#8217;universit\u00e9 pour le service communautaire et le d\u00e9veloppement environnemental.<\/span><\/p><p><span style=\"color: #333333\">*Prof:Mansour Mohamed Alsayed &#8211; professeur de sant\u00e9 psychologique \u00e0 la facult\u00e9 d&#8217;\u00e9ducation.<\/span><\/p><p><span style=\"color: #333333\">*Prof:Khairy Ahmed Hasan &#8211; professeur de sant\u00e9 psychologique \u00e0 la facult\u00e9 d&#8217;\u00e9ducation.<\/span><\/p><p><span style=\"color: #333333\">*Prof:Adel Mohamed Alsadek &#8211; professeur de sant\u00e9 psychologique \u00e0 la facult\u00e9 d&#8217;\u00e9ducation.<\/span><\/p><p><a href=\"https:\/\/aswu.edu.eg\/en\/services-aswu\/medical-services\/medical-workshops\/medical-symposiums\/\"><span style=\"text-decoration: underline\"><span style=\"color: #0000ff;font-family: Cairo;font-size: 12pt;text-decoration: underline\">More details<\/span><\/span><\/a><\/p><\/div>\n\t\t\t\t\t\t\t<\/div>\n\t\t<\/div>\n\t\t\t\t<\/div>\n\t\t\t\t<\/div>\n\t\t\t\t\t<\/div>\n\t\t<\/div>\n\t\t\t\t\t<\/div>\n\t\t<\/section>\n\t\t\t\t<\/div>\n\t\t","protected":false},"excerpt":{"rendered":"<p>Planification familiale Symposiums m\u00e9dicaux Planification familiale L&#8217;Universit\u00e9 d&#8217;Assouan a particip\u00e9 \u00e0 la campagne de sensibilisation qui a \u00e9t\u00e9 ex\u00e9cut\u00e9e pour la troisi\u00e8me ann\u00e9e cons\u00e9cutive intitul\u00e9e\u00a0: &#8221; Hanechha Sah 3 &#8221; (nous le vivrons correctement 3) visant \u00e0 modifier les jeunes <a href=\"https:\/\/aswu.edu.eg\/fr\/services-aswu\/medical-services\/medical-workshops\/\" class=\"read-more\">Read More &#8230;<\/a><\/p>\n<div class=\"pvc_clear\"><\/div>\n<p id=\"pvc_stats_3803\" class=\"pvc_stats all  \" data-element-id=\"3803\" style=\"\"><i class=\"pvc-stats-icon medium\" aria-hidden=\"true\"><svg aria-hidden=\"true\" focusable=\"false\" data-prefix=\"far\" data-icon=\"chart-bar\" role=\"img\" xmlns=\"http:\/\/www.w3.org\/2000\/svg\" viewBox=\"0 0 512 512\" class=\"svg-inline--fa fa-chart-bar fa-w-16 fa-2x\"><path fill=\"currentColor\" d=\"M396.8 352h22.4c6.4 0 12.8-6.4 12.8-12.8V108.8c0-6.4-6.4-12.8-12.8-12.8h-22.4c-6.4 0-12.8 6.4-12.8 12.8v230.4c0 6.4 6.4 12.8 12.8 12.8zm-192 0h22.4c6.4 0 12.8-6.4 12.8-12.8V140.8c0-6.4-6.4-12.8-12.8-12.8h-22.4c-6.4 0-12.8 6.4-12.8 12.8v198.4c0 6.4 6.4 12.8 12.8 12.8zm96 0h22.4c6.4 0 12.8-6.4 12.8-12.8V204.8c0-6.4-6.4-12.8-12.8-12.8h-22.4c-6.4 0-12.8 6.4-12.8 12.8v134.4c0 6.4 6.4 12.8 12.8 12.8zM496 400H48V80c0-8.84-7.16-16-16-16H16C7.16 64 0 71.16 0 80v336c0 17.67 14.33 32 32 32h464c8.84 0 16-7.16 16-16v-16c0-8.84-7.16-16-16-16zm-387.2-48h22.4c6.4 0 12.8-6.4 12.8-12.8v-70.4c0-6.4-6.4-12.8-12.8-12.8h-22.4c-6.4 0-12.8 6.4-12.8 12.8v70.4c0 6.4 6.4 12.8 12.8 12.8z\" class=\"\"><\/path><\/svg><\/i> <img decoding=\"async\" width=\"16\" height=\"16\" alt=\"Loading\" src=\"https:\/\/aswu.edu.eg\/fr\/wp-content\/plugins\/page-views-count\/ajax-loader-2x.gif\" border=0 \/><\/p>\n<div class=\"pvc_clear\"><\/div>\n","protected":false},"author":7,"featured_media":0,"parent":5385,"menu_order":0,"comment_status":"closed","ping_status":"closed","template":"","meta":{"footnotes":""},"rttpg_featured_image_url":null,"rttpg_author":{"display_name":"nourhan Monaam","author_link":"https:\/\/aswu.edu.eg\/fr\/author\/edr0asen\/"},"rttpg_comment":0,"rttpg_category":null,"rttpg_excerpt":"Planification familiale Symposiums m\u00e9dicaux Planification familiale L&#8217;Universit\u00e9 d&#8217;Assouan a particip\u00e9 \u00e0 la campagne de sensibilisation qui a \u00e9t\u00e9 ex\u00e9cut\u00e9e pour la troisi\u00e8me ann\u00e9e cons\u00e9cutive intitul\u00e9e\u00a0: &#8221; Hanechha Sah 3 &#8221; (nous le vivrons correctement 3) visant \u00e0 modifier les jeunes Read More ...","_links":{"self":[{"href":"https:\/\/aswu.edu.eg\/fr\/wp-json\/wp\/v2\/pages\/3803"}],"collection":[{"href":"https:\/\/aswu.edu.eg\/fr\/wp-json\/wp\/v2\/pages"}],"about":[{"href":"https:\/\/aswu.edu.eg\/fr\/wp-json\/wp\/v2\/types\/page"}],"author":[{"embeddable":true,"href":"https:\/\/aswu.edu.eg\/fr\/wp-json\/wp\/v2\/users\/7"}],"replies":[{"embeddable":true,"href":"https:\/\/aswu.edu.eg\/fr\/wp-json\/wp\/v2\/comments?post=3803"}],"version-history":[{"count":36,"href":"https:\/\/aswu.edu.eg\/fr\/wp-json\/wp\/v2\/pages\/3803\/revisions"}],"predecessor-version":[{"id":29013,"href":"https:\/\/aswu.edu.eg\/fr\/wp-json\/wp\/v2\/pages\/3803\/revisions\/29013"}],"up":[{"embeddable":true,"href":"https:\/\/aswu.edu.eg\/fr\/wp-json\/wp\/v2\/pages\/5385"}],"wp:attachment":[{"href":"https:\/\/aswu.edu.eg\/fr\/wp-json\/wp\/v2\/media?parent=3803"}],"curies":[{"name":"wp","href":"https:\/\/api.w.org\/{rel}","templated":true}]}}