{"id":3981,"date":"2019-12-29T08:19:55","date_gmt":"2019-12-29T08:19:55","guid":{"rendered":"http:\/\/aswu.edu.eg\/en\/?page_id=3981"},"modified":"2023-01-30T08:24:59","modified_gmt":"2023-01-30T08:24:59","slug":"scientific-journals-aswu","status":"publish","type":"page","link":"https:\/\/aswu.edu.eg\/fr\/research\/scientific-journals-aswu\/","title":{"rendered":"Revues scientifiques"},"content":{"rendered":"\t\t<div data-elementor-type=\"wp-page\" data-elementor-id=\"3981\" class=\"elementor elementor-3981\">\n\t\t\t\t\t\t<section class=\"elementor-section elementor-top-section elementor-element elementor-element-c9602cd elementor-section-boxed elementor-section-height-default elementor-section-height-default\" data-id=\"c9602cd\" data-element_type=\"section\">\n\t\t\t\t\t\t<div class=\"elementor-container elementor-column-gap-default\">\n\t\t\t\t\t<div class=\"elementor-column elementor-col-100 elementor-top-column elementor-element elementor-element-3bc3bed\" data-id=\"3bc3bed\" data-element_type=\"column\">\n\t\t\t<div class=\"elementor-widget-wrap elementor-element-populated\">\n\t\t\t\t\t\t<div class=\"elementor-element elementor-element-72cb134 elementor-widget elementor-widget-heading\" data-id=\"72cb134\" data-element_type=\"widget\" data-widget_type=\"heading.default\">\n\t\t\t\t<div class=\"elementor-widget-container\">\n\t\t\t<h2 class=\"elementor-heading-title elementor-size-default\">Le r\u00e8glement des revues de l\u2019Universit\u00e9 d\u2019Assouan<\/h2>\t\t<\/div>\n\t\t\t\t<\/div>\n\t\t\t\t<div class=\"elementor-element elementor-element-c67330a elementor-widget elementor-widget-text-editor\" data-id=\"c67330a\" data-element_type=\"widget\" data-widget_type=\"text-editor.default\">\n\t\t\t\t<div class=\"elementor-widget-container\">\n\t\t\t\t\t\t\t<p style=\"text-align: justify\"><span style=\"color: #333333\">Les revues de l\u2019universit\u00e9 d\u2019Assouan inclus trois revues internationales sp\u00e9cialis\u00e9 en (science et technologie- m\u00e9dical- humaines sciences)\u00a0 \u00e9mis par l\u2019universit\u00e9 d\u2019Assouan et sp\u00e9cialis\u00e9 en susmentionn\u00e9 scientifique secteur, que visent \u00e0 promoteur scientifiques publications internationales au ce domaine elle est une contribution de l\u2019universit\u00e9 d\u2019Assouan de fournir de vaisseau de publications international avec distinguer d\u00e9gr\u00e9e de professionnalisme et cr\u00e9dibilit\u00e9, et ils sont avalable pour tous les chercheures int\u00e9rieure et ext\u00e9rieure l\u2019universit\u00e9 et eux permettent de publier au niveau international. <span style=\"text-decoration: underline\"><span style=\"color: #0000ff\"><a style=\"color: #0000ff;text-decoration: underline\" href=\"https:\/\/aswu.edu.eg\/wp-content\/uploads\/List-of-magazines.pdf\">Pour plus de d\u00e9tails sur le r\u00e8glement<\/a><\/span><\/span><\/span><\/p>\t\t\t\t\t\t<\/div>\n\t\t\t\t<\/div>\n\t\t\t\t<section class=\"elementor-section elementor-inner-section elementor-element elementor-element-195c0cc elementor-section-boxed elementor-section-height-default elementor-section-height-default\" data-id=\"195c0cc\" data-element_type=\"section\">\n\t\t\t\t\t\t<div class=\"elementor-container elementor-column-gap-default\">\n\t\t\t\t\t<div class=\"elementor-column elementor-col-25 elementor-inner-column elementor-element elementor-element-a58e9fa\" data-id=\"a58e9fa\" data-element_type=\"column\">\n\t\t\t<div class=\"elementor-widget-wrap elementor-element-populated\">\n\t\t\t\t\t\t<div class=\"elementor-element elementor-element-62b31c4 elementor-position-top elementor-widget elementor-widget-image-box\" data-id=\"62b31c4\" data-element_type=\"widget\" data-widget_type=\"image-box.default\">\n\t\t\t\t<div class=\"elementor-widget-container\">\n\t\t\t<div class=\"elementor-image-box-wrapper\"><figure class=\"elementor-image-box-img\"><a href=\"https:\/\/aujes.journals.ekb.eg\/\" tabindex=\"-1\"><img fetchpriority=\"high\" decoding=\"async\" width=\"1700\" height=\"2200\" src=\"https:\/\/aswu.edu.eg\/fr\/wp-content\/uploads\/421664994187.jpg\" class=\"attachment-full size-full wp-image-14459\" alt=\"\" \/><\/a><\/figure><div class=\"elementor-image-box-content\"><h3 class=\"elementor-image-box-title\"><a href=\"https:\/\/aujes.journals.ekb.eg\/\">La revue des \u00e9tudes de l\u2019environnement de l\u2019universit\u00e9 d\u2019Assouan (AUJES)<\/a><\/h3><\/div><\/div>\t\t<\/div>\n\t\t\t\t<\/div>\n\t\t\t\t\t<\/div>\n\t\t<\/div>\n\t\t\t\t<div class=\"elementor-column elementor-col-25 elementor-inner-column elementor-element elementor-element-c833d9b\" data-id=\"c833d9b\" data-element_type=\"column\">\n\t\t\t<div class=\"elementor-widget-wrap elementor-element-populated\">\n\t\t\t\t\t\t<div class=\"elementor-element elementor-element-74e3b40 elementor-position-top elementor-widget elementor-widget-image-box\" data-id=\"74e3b40\" data-element_type=\"widget\" data-widget_type=\"image-box.default\">\n\t\t\t\t<div class=\"elementor-widget-container\">\n\t\t\t<div class=\"elementor-image-box-wrapper\"><figure class=\"elementor-image-box-img\"><a href=\"https:\/\/sjss.journals.ekb.eg\/\" tabindex=\"-1\"><img decoding=\"async\" width=\"448\" height=\"640\" src=\"https:\/\/aswu.edu.eg\/fr\/wp-content\/uploads\/cover_ar-3.jpg\" class=\"attachment-full size-full wp-image-14463\" alt=\"\" \/><\/a><\/figure><div class=\"elementor-image-box-content\"><h3 class=\"elementor-image-box-title\"><a href=\"https:\/\/sjss.journals.ekb.eg\/\">La revue de l\u2019universit\u00e9 d\u2019Assouan du travail social<\/a><\/h3><\/div><\/div>\t\t<\/div>\n\t\t\t\t<\/div>\n\t\t\t\t\t<\/div>\n\t\t<\/div>\n\t\t\t\t<div class=\"elementor-column elementor-col-25 elementor-inner-column elementor-element elementor-element-90b4e88\" data-id=\"90b4e88\" data-element_type=\"column\">\n\t\t\t<div class=\"elementor-widget-wrap elementor-element-populated\">\n\t\t\t\t\t\t<div class=\"elementor-element elementor-element-a8a495a elementor-position-top elementor-widget elementor-widget-image-box\" data-id=\"a8a495a\" data-element_type=\"widget\" data-widget_type=\"image-box.default\">\n\t\t\t\t<div class=\"elementor-widget-container\">\n\t\t\t<div class=\"elementor-image-box-wrapper\"><figure class=\"elementor-image-box-img\"><a href=\"https:\/\/aumj.journals.ekb.eg\/\" tabindex=\"-1\"><img decoding=\"async\" width=\"300\" height=\"400\" src=\"https:\/\/aswu.edu.eg\/fr\/wp-content\/uploads\/cover_en.jpg\" class=\"attachment-full size-full wp-image-14470\" alt=\"\" \/><\/a><\/figure><div class=\"elementor-image-box-content\"><h3 class=\"elementor-image-box-title\"><a href=\"https:\/\/aumj.journals.ekb.eg\/\">La revue de l\u2019universit\u00e9 d\u2019Assouan m\u00e9dicale  (ASWUMJ)<\/a><\/h3><\/div><\/div>\t\t<\/div>\n\t\t\t\t<\/div>\n\t\t\t\t\t<\/div>\n\t\t<\/div>\n\t\t\t\t<div class=\"elementor-column elementor-col-25 elementor-inner-column elementor-element elementor-element-99510cf\" data-id=\"99510cf\" data-element_type=\"column\">\n\t\t\t<div class=\"elementor-widget-wrap elementor-element-populated\">\n\t\t\t\t\t\t<div class=\"elementor-element elementor-element-3cf7df8 elementor-position-top elementor-widget elementor-widget-image-box\" data-id=\"3cf7df8\" data-element_type=\"widget\" data-widget_type=\"image-box.default\">\n\t\t\t\t<div class=\"elementor-widget-container\">\n\t\t\t<div class=\"elementor-image-box-wrapper\"><figure class=\"elementor-image-box-img\"><a href=\"https:\/\/masuh.journals.ekb.eg\/\" tabindex=\"-1\"><img loading=\"lazy\" decoding=\"async\" width=\"300\" height=\"399\" src=\"https:\/\/aswu.edu.eg\/fr\/wp-content\/uploads\/cover_ar.jpg\" class=\"attachment-full size-full wp-image-14474\" alt=\"\" \/><\/a><\/figure><div class=\"elementor-image-box-content\"><h3 class=\"elementor-image-box-title\"><a href=\"https:\/\/masuh.journals.ekb.eg\/\">La revue de l\u2019universit\u00e9 d\u2019Assouan des sciences humaines   <\/a><\/h3><\/div><\/div>\t\t<\/div>\n\t\t\t\t<\/div>\n\t\t\t\t\t<\/div>\n\t\t<\/div>\n\t\t\t\t\t<\/div>\n\t\t<\/section>\n\t\t\t\t<section class=\"elementor-section elementor-inner-section elementor-element elementor-element-eb1110a elementor-section-boxed elementor-section-height-default elementor-section-height-default\" data-id=\"eb1110a\" data-element_type=\"section\">\n\t\t\t\t\t\t<div class=\"elementor-container elementor-column-gap-default\">\n\t\t\t\t\t<div class=\"elementor-column elementor-col-25 elementor-inner-column elementor-element elementor-element-492760f\" data-id=\"492760f\" data-element_type=\"column\">\n\t\t\t<div class=\"elementor-widget-wrap elementor-element-populated\">\n\t\t\t\t\t\t<div class=\"elementor-element elementor-element-9b292b6 elementor-position-top elementor-widget elementor-widget-image-box\" data-id=\"9b292b6\" data-element_type=\"widget\" data-widget_type=\"image-box.default\">\n\t\t\t\t<div class=\"elementor-widget-container\">\n\t\t\t<div class=\"elementor-image-box-wrapper\"><figure class=\"elementor-image-box-img\"><a href=\"https:\/\/www.aswu.edu.eg\/ijaes\/\" tabindex=\"-1\"><img loading=\"lazy\" decoding=\"async\" width=\"299\" height=\"398\" src=\"https:\/\/aswu.edu.eg\/fr\/wp-content\/uploads\/cover_en-1.jpg\" class=\"attachment-full size-full wp-image-14475\" alt=\"\" \/><\/a><\/figure><div class=\"elementor-image-box-content\"><h3 class=\"elementor-image-box-title\"><a href=\"https:\/\/www.aswu.edu.eg\/ijaes\/\">La revue des syst\u00e8mes d\u2019\u00e9nergies appliqu\u00e9s    (IJAES)<\/a><\/h3><\/div><\/div>\t\t<\/div>\n\t\t\t\t<\/div>\n\t\t\t\t\t<\/div>\n\t\t<\/div>\n\t\t\t\t<div class=\"elementor-column elementor-col-25 elementor-inner-column elementor-element elementor-element-db24793\" data-id=\"db24793\" data-element_type=\"column\">\n\t\t\t<div class=\"elementor-widget-wrap elementor-element-populated\">\n\t\t\t\t\t\t<div class=\"elementor-element elementor-element-c4e130b elementor-position-top elementor-widget elementor-widget-image-box\" data-id=\"c4e130b\" data-element_type=\"widget\" data-widget_type=\"image-box.default\">\n\t\t\t\t<div class=\"elementor-widget-container\">\n\t\t\t<div class=\"elementor-image-box-wrapper\"><figure class=\"elementor-image-box-img\"><a href=\"https:\/\/aujst.journals.ekb.eg\/\" tabindex=\"-1\"><img loading=\"lazy\" decoding=\"async\" width=\"300\" height=\"400\" src=\"https:\/\/aswu.edu.eg\/fr\/wp-content\/uploads\/cover_en-2.jpg\" class=\"attachment-full size-full wp-image-14479\" alt=\"\" \/><\/a><\/figure><div class=\"elementor-image-box-content\"><h3 class=\"elementor-image-box-title\"><a href=\"https:\/\/aujst.journals.ekb.eg\/\">La revue de l\u2019universit\u00e9 d\u2019Assouan de Science et Technologie <\/a><\/h3><\/div><\/div>\t\t<\/div>\n\t\t\t\t<\/div>\n\t\t\t\t\t<\/div>\n\t\t<\/div>\n\t\t\t\t<div class=\"elementor-column elementor-col-25 elementor-inner-column elementor-element elementor-element-633bf61\" data-id=\"633bf61\" data-element_type=\"column\">\n\t\t\t<div class=\"elementor-widget-wrap elementor-element-populated\">\n\t\t\t\t\t\t<div class=\"elementor-element elementor-element-58e432e elementor-position-top elementor-widget elementor-widget-image-box\" data-id=\"58e432e\" data-element_type=\"widget\" data-widget_type=\"image-box.default\">\n\t\t\t\t<div class=\"elementor-widget-container\">\n\t\t\t<div class=\"elementor-image-box-wrapper\"><figure class=\"elementor-image-box-img\"><a href=\"https:\/\/mbddn.journals.ekb.eg\/\" tabindex=\"-1\"><img loading=\"lazy\" decoding=\"async\" width=\"300\" height=\"400\" src=\"https:\/\/aswu.edu.eg\/fr\/wp-content\/uploads\/cover_ar-1.jpg\" class=\"attachment-full size-full wp-image-14483\" alt=\"\" \/><\/a><\/figure><div class=\"elementor-image-box-content\"><h3 class=\"elementor-image-box-title\"><a href=\"https:\/\/mbddn.journals.ekb.eg\/\">La revue des africaines Recherches et \u00e9tudes et pays du Bassin du Nil <\/a><\/h3><\/div><\/div>\t\t<\/div>\n\t\t\t\t<\/div>\n\t\t\t\t\t<\/div>\n\t\t<\/div>\n\t\t\t\t<div class=\"elementor-column elementor-col-25 elementor-inner-column elementor-element elementor-element-717b218\" data-id=\"717b218\" data-element_type=\"column\">\n\t\t\t<div class=\"elementor-widget-wrap elementor-element-populated\">\n\t\t\t\t\t\t<div class=\"elementor-element elementor-element-2a1765f elementor-position-top elementor-widget elementor-widget-image-box\" data-id=\"2a1765f\" data-element_type=\"widget\" data-widget_type=\"image-box.default\">\n\t\t\t\t<div class=\"elementor-widget-container\">\n\t\t\t<div class=\"elementor-image-box-wrapper\"><figure class=\"elementor-image-box-img\"><a href=\"https:\/\/pemas.journals.ekb.eg\/\" tabindex=\"-1\"><img loading=\"lazy\" decoding=\"async\" width=\"300\" height=\"400\" src=\"https:\/\/aswu.edu.eg\/fr\/wp-content\/uploads\/cover_ar-2.jpg\" class=\"attachment-full size-full wp-image-14487\" alt=\"\" \/><\/a><\/figure><div class=\"elementor-image-box-content\"><h3 class=\"elementor-image-box-title\"><a href=\"https:\/\/pemas.journals.ekb.eg\/\">La revue d\u2019Assouan sp\u00e9cialis\u00e9 en physique \u00e9ducation et sciences sportives <\/a><\/h3><\/div><\/div>\t\t<\/div>\n\t\t\t\t<\/div>\n\t\t\t\t\t<\/div>\n\t\t<\/div>\n\t\t\t\t\t<\/div>\n\t\t<\/section>\n\t\t\t\t\t<\/div>\n\t\t<\/div>\n\t\t\t\t\t<\/div>\n\t\t<\/section>\n\t\t\t\t<\/div>\n\t\t","protected":false},"excerpt":{"rendered":"<p>Le r\u00e8glement des revues de l\u2019Universit\u00e9 d\u2019Assouan Les revues de l\u2019universit\u00e9 d\u2019Assouan inclus trois revues internationales sp\u00e9cialis\u00e9 en (science et technologie- m\u00e9dical- humaines sciences)\u00a0 \u00e9mis par l\u2019universit\u00e9 d\u2019Assouan et sp\u00e9cialis\u00e9 en susmentionn\u00e9 scientifique secteur, que visent \u00e0 promoteur scientifiques publications <a href=\"https:\/\/aswu.edu.eg\/fr\/research\/scientific-journals-aswu\/\" class=\"read-more\">Read More &#8230;<\/a><\/p>\n<div class=\"pvc_clear\"><\/div>\n<p id=\"pvc_stats_3981\" class=\"pvc_stats all  \" data-element-id=\"3981\" style=\"\"><i class=\"pvc-stats-icon medium\" aria-hidden=\"true\"><svg aria-hidden=\"true\" focusable=\"false\" data-prefix=\"far\" data-icon=\"chart-bar\" role=\"img\" xmlns=\"http:\/\/www.w3.org\/2000\/svg\" viewBox=\"0 0 512 512\" class=\"svg-inline--fa fa-chart-bar fa-w-16 fa-2x\"><path fill=\"currentColor\" d=\"M396.8 352h22.4c6.4 0 12.8-6.4 12.8-12.8V108.8c0-6.4-6.4-12.8-12.8-12.8h-22.4c-6.4 0-12.8 6.4-12.8 12.8v230.4c0 6.4 6.4 12.8 12.8 12.8zm-192 0h22.4c6.4 0 12.8-6.4 12.8-12.8V140.8c0-6.4-6.4-12.8-12.8-12.8h-22.4c-6.4 0-12.8 6.4-12.8 12.8v198.4c0 6.4 6.4 12.8 12.8 12.8zm96 0h22.4c6.4 0 12.8-6.4 12.8-12.8V204.8c0-6.4-6.4-12.8-12.8-12.8h-22.4c-6.4 0-12.8 6.4-12.8 12.8v134.4c0 6.4 6.4 12.8 12.8 12.8zM496 400H48V80c0-8.84-7.16-16-16-16H16C7.16 64 0 71.16 0 80v336c0 17.67 14.33 32 32 32h464c8.84 0 16-7.16 16-16v-16c0-8.84-7.16-16-16-16zm-387.2-48h22.4c6.4 0 12.8-6.4 12.8-12.8v-70.4c0-6.4-6.4-12.8-12.8-12.8h-22.4c-6.4 0-12.8 6.4-12.8 12.8v70.4c0 6.4 6.4 12.8 12.8 12.8z\" class=\"\"><\/path><\/svg><\/i> <img loading=\"lazy\" decoding=\"async\" width=\"16\" height=\"16\" alt=\"Loading\" src=\"https:\/\/aswu.edu.eg\/fr\/wp-content\/plugins\/page-views-count\/ajax-loader-2x.gif\" border=0 \/><\/p>\n<div class=\"pvc_clear\"><\/div>\n","protected":false},"author":7,"featured_media":0,"parent":16,"menu_order":0,"comment_status":"closed","ping_status":"closed","template":"","meta":{"footnotes":""},"rttpg_featured_image_url":null,"rttpg_author":{"display_name":"nourhan Monaam","author_link":"https:\/\/aswu.edu.eg\/fr\/author\/edr0asen\/"},"rttpg_comment":0,"rttpg_category":null,"rttpg_excerpt":"Le r\u00e8glement des revues de l\u2019Universit\u00e9 d\u2019Assouan Les revues de l\u2019universit\u00e9 d\u2019Assouan inclus trois revues internationales sp\u00e9cialis\u00e9 en (science et technologie- m\u00e9dical- humaines sciences)\u00a0 \u00e9mis par l\u2019universit\u00e9 d\u2019Assouan et sp\u00e9cialis\u00e9 en susmentionn\u00e9 scientifique secteur, que visent \u00e0 promoteur scientifiques publications Read More ...","_links":{"self":[{"href":"https:\/\/aswu.edu.eg\/fr\/wp-json\/wp\/v2\/pages\/3981"}],"collection":[{"href":"https:\/\/aswu.edu.eg\/fr\/wp-json\/wp\/v2\/pages"}],"about":[{"href":"https:\/\/aswu.edu.eg\/fr\/wp-json\/wp\/v2\/types\/page"}],"author":[{"embeddable":true,"href":"https:\/\/aswu.edu.eg\/fr\/wp-json\/wp\/v2\/users\/7"}],"replies":[{"embeddable":true,"href":"https:\/\/aswu.edu.eg\/fr\/wp-json\/wp\/v2\/comments?post=3981"}],"version-history":[{"count":174,"href":"https:\/\/aswu.edu.eg\/fr\/wp-json\/wp\/v2\/pages\/3981\/revisions"}],"predecessor-version":[{"id":29084,"href":"https:\/\/aswu.edu.eg\/fr\/wp-json\/wp\/v2\/pages\/3981\/revisions\/29084"}],"up":[{"embeddable":true,"href":"https:\/\/aswu.edu.eg\/fr\/wp-json\/wp\/v2\/pages\/16"}],"wp:attachment":[{"href":"https:\/\/aswu.edu.eg\/fr\/wp-json\/wp\/v2\/media?parent=3981"}],"curies":[{"name":"wp","href":"https:\/\/api.w.org\/{rel}","templated":true}]}}