{"id":4583,"date":"2020-01-23T09:23:09","date_gmt":"2020-01-23T09:23:09","guid":{"rendered":"http:\/\/aswu.edu.eg\/en\/?page_id=4583"},"modified":"2023-01-30T11:38:17","modified_gmt":"2023-01-30T11:38:17","slug":"fund-for-sustainable-development","status":"publish","type":"page","link":"https:\/\/aswu.edu.eg\/fr\/research\/fund-for-sustainable-development\/","title":{"rendered":"Fond du d\u00e9veloppement durable de l\u2019universit\u00e9 d\u2019Assouan"},"content":{"rendered":"\t\t<div data-elementor-type=\"wp-page\" data-elementor-id=\"4583\" class=\"elementor elementor-4583\">\n\t\t\t\t\t\t<section class=\"elementor-section elementor-top-section elementor-element elementor-element-f8fb7f4 elementor-section-boxed elementor-section-height-default elementor-section-height-default\" data-id=\"f8fb7f4\" data-element_type=\"section\">\n\t\t\t\t\t\t<div class=\"elementor-container elementor-column-gap-default\">\n\t\t\t\t\t<div class=\"elementor-column elementor-col-100 elementor-top-column elementor-element elementor-element-9f09d1a\" data-id=\"9f09d1a\" data-element_type=\"column\">\n\t\t\t<div class=\"elementor-widget-wrap elementor-element-populated\">\n\t\t\t\t\t\t<section class=\"elementor-section elementor-inner-section elementor-element elementor-element-edaec31 elementor-section-boxed elementor-section-height-default elementor-section-height-default\" data-id=\"edaec31\" data-element_type=\"section\">\n\t\t\t\t\t\t<div class=\"elementor-container elementor-column-gap-default\">\n\t\t\t\t\t<div class=\"elementor-column elementor-col-100 elementor-inner-column elementor-element elementor-element-571c5c4\" data-id=\"571c5c4\" data-element_type=\"column\">\n\t\t\t<div class=\"elementor-widget-wrap elementor-element-populated\">\n\t\t\t\t\t\t<div class=\"elementor-element elementor-element-57a72ea elementor-widget elementor-widget-text-editor\" data-id=\"57a72ea\" data-element_type=\"widget\" data-widget_type=\"text-editor.default\">\n\t\t\t\t<div class=\"elementor-widget-container\">\n\t\t\t\t\t\t\t<p><img fetchpriority=\"high\" decoding=\"async\" class=\"size-medium wp-image-21061 alignright\" src=\"https:\/\/aswu.edu.eg\/en\/wp-content\/uploads\/aswu-logo-2-300x195.jpg\" alt=\"\" width=\"300\" height=\"195\" \/><\/p><p style=\"text-align: justify\"><span style=\"color: #333333\">Sous le patronage du pr\u00e9sident de l\u2019universit\u00e9 d\u2019Assouan, le Prof. Ahmed Ghallab, et du vice-pr\u00e9sident des \u00e9tudes sup\u00e9rieures et de la recherche, le Prof. Ayman Othman, L\u2019universit\u00e9 d\u2019Assouan soutient un certain nombre de projets de recherche pour le personnel acad\u00e9mique et leurs assistants en appliquant des th\u00e8mes de d\u00e9veloppement durable par leurs projets de recherche.<\/span><\/p><p style=\"text-align: justify\"><span style=\"color: #333333\">Contactez le bureau de Classement international des universit\u00e9s par e-mail:<\/span><\/p><p style=\"text-align: justify\"><span style=\"color: #333333\">(Ranking@aswu.edu.eg)<\/span><\/p><p style=\"text-align: justify\"><span style=\"color: #333333\">La soumission est termin\u00e9e, et la v\u00e9rification des projets est en cours.<\/span><br \/><br \/><span style=\"text-decoration: underline\"><span style=\"color: #0000ff;text-decoration: underline\"><a style=\"color: #0000ff;text-decoration: underline\" href=\"https:\/\/aswu.edu.eg\/en\/the-scientific-research-fund-awards-funding-to-six-competitive-research-projects\/\">Le Fonds pour la recherche scientifique finance six projets de recherche concurrentiels<\/a><\/span><\/span><\/p><p><span style=\"text-decoration: underline\"><span style=\"color: #0000ff;text-decoration: underline\"><a style=\"color: #0000ff;text-decoration: underline\" href=\"https:\/\/aswu.edu.eg\/en\/ghallab-witnesses-the-signing-ceremony-of-financing-contracts-for-sustainable-development-projects\/\">Ghallab assiste \u00e0 la c\u00e9r\u00e9monie de signature des contrats de financement de projets de d\u00e9veloppement durable<\/a><\/span><\/span><\/p>\t\t\t\t\t\t<\/div>\n\t\t\t\t<\/div>\n\t\t\t\t\t<\/div>\n\t\t<\/div>\n\t\t\t\t\t<\/div>\n\t\t<\/section>\n\t\t\t\t\t<\/div>\n\t\t<\/div>\n\t\t\t\t\t<\/div>\n\t\t<\/section>\n\t\t\t\t<\/div>\n\t\t","protected":false},"excerpt":{"rendered":"<p>Sous le patronage du pr\u00e9sident de l\u2019universit\u00e9 d\u2019Assouan, le Prof. Ahmed Ghallab, et du vice-pr\u00e9sident des \u00e9tudes sup\u00e9rieures et de la recherche, le Prof. Ayman Othman, L\u2019universit\u00e9 d\u2019Assouan soutient un certain nombre de projets de recherche pour le personnel acad\u00e9mique <a href=\"https:\/\/aswu.edu.eg\/fr\/research\/fund-for-sustainable-development\/\" class=\"read-more\">Read More &#8230;<\/a><\/p>\n<div class=\"pvc_clear\"><\/div>\n<p id=\"pvc_stats_4583\" class=\"pvc_stats all  \" data-element-id=\"4583\" style=\"\"><i class=\"pvc-stats-icon medium\" aria-hidden=\"true\"><svg aria-hidden=\"true\" focusable=\"false\" data-prefix=\"far\" data-icon=\"chart-bar\" role=\"img\" xmlns=\"http:\/\/www.w3.org\/2000\/svg\" viewBox=\"0 0 512 512\" class=\"svg-inline--fa fa-chart-bar fa-w-16 fa-2x\"><path fill=\"currentColor\" d=\"M396.8 352h22.4c6.4 0 12.8-6.4 12.8-12.8V108.8c0-6.4-6.4-12.8-12.8-12.8h-22.4c-6.4 0-12.8 6.4-12.8 12.8v230.4c0 6.4 6.4 12.8 12.8 12.8zm-192 0h22.4c6.4 0 12.8-6.4 12.8-12.8V140.8c0-6.4-6.4-12.8-12.8-12.8h-22.4c-6.4 0-12.8 6.4-12.8 12.8v198.4c0 6.4 6.4 12.8 12.8 12.8zm96 0h22.4c6.4 0 12.8-6.4 12.8-12.8V204.8c0-6.4-6.4-12.8-12.8-12.8h-22.4c-6.4 0-12.8 6.4-12.8 12.8v134.4c0 6.4 6.4 12.8 12.8 12.8zM496 400H48V80c0-8.84-7.16-16-16-16H16C7.16 64 0 71.16 0 80v336c0 17.67 14.33 32 32 32h464c8.84 0 16-7.16 16-16v-16c0-8.84-7.16-16-16-16zm-387.2-48h22.4c6.4 0 12.8-6.4 12.8-12.8v-70.4c0-6.4-6.4-12.8-12.8-12.8h-22.4c-6.4 0-12.8 6.4-12.8 12.8v70.4c0 6.4 6.4 12.8 12.8 12.8z\" class=\"\"><\/path><\/svg><\/i> <img decoding=\"async\" width=\"16\" height=\"16\" alt=\"Loading\" src=\"https:\/\/aswu.edu.eg\/fr\/wp-content\/plugins\/page-views-count\/ajax-loader-2x.gif\" border=0 \/><\/p>\n<div class=\"pvc_clear\"><\/div>\n","protected":false},"author":7,"featured_media":0,"parent":16,"menu_order":0,"comment_status":"closed","ping_status":"closed","template":"","meta":{"footnotes":""},"rttpg_featured_image_url":null,"rttpg_author":{"display_name":"nourhan Monaam","author_link":"https:\/\/aswu.edu.eg\/fr\/author\/edr0asen\/"},"rttpg_comment":0,"rttpg_category":null,"rttpg_excerpt":"Sous le patronage du pr\u00e9sident de l\u2019universit\u00e9 d\u2019Assouan, le Prof. Ahmed Ghallab, et du vice-pr\u00e9sident des \u00e9tudes sup\u00e9rieures et de la recherche, le Prof. Ayman Othman, L\u2019universit\u00e9 d\u2019Assouan soutient un certain nombre de projets de recherche pour le personnel acad\u00e9mique Read More ...","_links":{"self":[{"href":"https:\/\/aswu.edu.eg\/fr\/wp-json\/wp\/v2\/pages\/4583"}],"collection":[{"href":"https:\/\/aswu.edu.eg\/fr\/wp-json\/wp\/v2\/pages"}],"about":[{"href":"https:\/\/aswu.edu.eg\/fr\/wp-json\/wp\/v2\/types\/page"}],"author":[{"embeddable":true,"href":"https:\/\/aswu.edu.eg\/fr\/wp-json\/wp\/v2\/users\/7"}],"replies":[{"embeddable":true,"href":"https:\/\/aswu.edu.eg\/fr\/wp-json\/wp\/v2\/comments?post=4583"}],"version-history":[{"count":72,"href":"https:\/\/aswu.edu.eg\/fr\/wp-json\/wp\/v2\/pages\/4583\/revisions"}],"predecessor-version":[{"id":29154,"href":"https:\/\/aswu.edu.eg\/fr\/wp-json\/wp\/v2\/pages\/4583\/revisions\/29154"}],"up":[{"embeddable":true,"href":"https:\/\/aswu.edu.eg\/fr\/wp-json\/wp\/v2\/pages\/16"}],"wp:attachment":[{"href":"https:\/\/aswu.edu.eg\/fr\/wp-json\/wp\/v2\/media?parent=4583"}],"curies":[{"name":"wp","href":"https:\/\/api.w.org\/{rel}","templated":true}]}}