{"id":4862,"date":"2020-07-15T09:19:00","date_gmt":"2020-07-15T09:19:00","guid":{"rendered":"http:\/\/aswu.edu.eg\/en\/?page_id=4862"},"modified":"2026-03-30T10:07:59","modified_gmt":"2026-03-30T10:07:59","slug":"organizational-structure","status":"publish","type":"page","link":"https:\/\/aswu.edu.eg\/fr\/about\/organizational-structure\/","title":{"rendered":"Structure organisationnelle"},"content":{"rendered":"\t\t<div data-elementor-type=\"wp-page\" data-elementor-id=\"4862\" class=\"elementor elementor-4862\">\n\t\t\t\t\t\t<section class=\"elementor-section elementor-top-section elementor-element elementor-element-0a43a40 elementor-section-boxed elementor-section-height-default elementor-section-height-default\" data-id=\"0a43a40\" data-element_type=\"section\">\n\t\t\t\t\t\t<div class=\"elementor-container elementor-column-gap-default\">\n\t\t\t\t\t<div class=\"elementor-column elementor-col-100 elementor-top-column elementor-element elementor-element-151d6a5\" data-id=\"151d6a5\" data-element_type=\"column\">\n\t\t\t<div class=\"elementor-widget-wrap elementor-element-populated\">\n\t\t\t\t\t\t<div class=\"elementor-element elementor-element-4d34a25 elementor-widget elementor-widget-image\" data-id=\"4d34a25\" data-element_type=\"widget\" data-widget_type=\"image.default\">\n\t\t\t\t<div class=\"elementor-widget-container\">\n\t\t\t\t\t\t\t\t\t\t\t\t\t<img fetchpriority=\"high\" decoding=\"async\" width=\"847\" height=\"424\" src=\"https:\/\/aswu.edu.eg\/fr\/wp-content\/uploads\/stracture-ograstionnel-1-1024x512.png\" class=\"attachment-large size-large wp-image-30062\" alt=\"\" \/>\t\t\t\t\t\t\t\t\t\t\t\t\t<\/div>\n\t\t\t\t<\/div>\n\t\t\t\t\t<\/div>\n\t\t<\/div>\n\t\t\t\t\t<\/div>\n\t\t<\/section>\n\t\t\t\t<section class=\"elementor-section elementor-top-section elementor-element elementor-element-d0d3b42 elementor-section-boxed elementor-section-height-default elementor-section-height-default\" data-id=\"d0d3b42\" data-element_type=\"section\">\n\t\t\t\t\t\t<div class=\"elementor-container elementor-column-gap-default\">\n\t\t\t\t\t<div class=\"elementor-column elementor-col-33 elementor-top-column elementor-element elementor-element-3987c5c\" data-id=\"3987c5c\" data-element_type=\"column\">\n\t\t\t<div class=\"elementor-widget-wrap elementor-element-populated\">\n\t\t\t\t\t\t<div class=\"elementor-element elementor-element-e850f69 elementor-widget elementor-widget-toggle\" data-id=\"e850f69\" data-element_type=\"widget\" data-widget_type=\"toggle.default\">\n\t\t\t\t<div class=\"elementor-widget-container\">\n\t\t\t\t\t<div class=\"elementor-toggle\">\n\t\t\t\t\t\t\t<div class=\"elementor-toggle-item\">\n\t\t\t\t\t<h3 id=\"elementor-tab-title-2431\" class=\"elementor-tab-title\" data-tab=\"1\" role=\"button\" aria-controls=\"elementor-tab-content-2431\" aria-expanded=\"false\">\n\t\t\t\t\t\t\t\t\t\t\t\t<span class=\"elementor-toggle-icon elementor-toggle-icon-left\" aria-hidden=\"true\">\n\t\t\t\t\t\t\t\t\t\t\t\t\t\t\t<span class=\"elementor-toggle-icon-closed\"><i class=\"fas fa-plus-square\"><\/i><\/span>\n\t\t\t\t\t\t\t\t<span class=\"elementor-toggle-icon-opened\"><i class=\"elementor-toggle-icon-opened fas fa-minus-square\"><\/i><\/span>\n\t\t\t\t\t\t\t\t\t\t\t\t\t<\/span>\n\t\t\t\t\t\t\t\t\t\t\t\t<a class=\"elementor-toggle-title\" tabindex=\"0\"> Administrations de Pr\u00e9sident de l'Universit\u00e9<\/a>\n\t\t\t\t\t<\/h3>\n\n\t\t\t\t\t<div id=\"elementor-tab-content-2431\" class=\"elementor-tab-content elementor-clearfix\" data-tab=\"1\" role=\"region\" aria-labelledby=\"elementor-tab-title-2431\"><table dir=\"ltr\" style=\"border-collapse: collapse;width: 96.7279%;height: auto\"><tbody><tr style=\"height: px;background-color: #fff !important\"><td style=\"width: 72.3254%;height: auto\"><p style=\"text-align: left\"><span style=\"color: #333333;font-size: 17px\">Administrations du pr\u00e9sident de l\u2019universit\u00e9<\/span><\/p><p style=\"text-align: left\"><span style=\"color: #333333;font-size: 17px\">Le prof. Dr. Loay Saad El-Deen Nasrat<\/span><\/p><div class=\"text-ghost\" style=\"text-align: left\"><a href=\"http:\/\/aswu.edu.eg\/fr\/departments-president-university\/\"><span style=\"font-size: 17px;color: #0000ff\"><span class=\"text-ghost__popup_whole-words\" data-whole-word=\"Charg\u00e9\" data-word-end-index=\"5\" data-word-start-index=\"0\"><span class=\"text-ghost__popup\" data-start-index=\"0\" data-end-index=\"6\" data-word=\"Charg\u00e9\">Charg\u00e9<\/span><\/span> <span class=\"text-ghost__popup_whole-words\" data-whole-word=\"d\" data-word-end-index=\"7\" data-word-start-index=\"7\"><span class=\"text-ghost__popup\" data-start-index=\"0\" data-end-index=\"1\" data-word=\"d\">d<\/span><\/span><span class=\"text-ghost__popup_whole-words\" data-whole-word=\"\u2019\" data-word-end-index=\"8\" data-word-start-index=\"8\">\u2019<\/span><span class=\"text-ghost__popup_whole-words\" data-whole-word=\"affaires\" data-word-end-index=\"16\" data-word-start-index=\"9\"><span class=\"text-ghost__popup\" data-start-index=\"0\" data-end-index=\"8\" data-word=\"affaires\">affaires<\/span><\/span> <span class=\"text-ghost__popup_whole-words\" data-whole-word=\"du\" data-word-end-index=\"19\" data-word-start-index=\"18\"><span class=\"text-ghost__popup\" data-start-index=\"0\" data-end-index=\"2\" data-word=\"du\">du<\/span><\/span> <span class=\"text-ghost__popup_whole-words\" data-whole-word=\"Pr\u00e9sident\" data-word-end-index=\"29\" data-word-start-index=\"21\"><span class=\"text-ghost__popup\" data-start-index=\"0\" data-end-index=\"9\" data-word=\"Pr\u00e9sident\">Pr\u00e9sident<\/span><\/span> <span class=\"text-ghost__popup_whole-words\" data-whole-word=\"de\" data-word-end-index=\"32\" data-word-start-index=\"31\"><span class=\"text-ghost__popup\" data-start-index=\"0\" data-end-index=\"2\" data-word=\"de\">de<\/span><\/span> <span class=\"text-ghost__popup_whole-words\" data-whole-word=\"l\" data-word-end-index=\"34\" data-word-start-index=\"34\"><span class=\"text-ghost__popup\" data-start-index=\"0\" data-end-index=\"1\" data-word=\"l\">l<\/span><\/span><span class=\"text-ghost__popup_whole-words\" data-whole-word=\"\u2019\" data-word-end-index=\"35\" data-word-start-index=\"35\">\u2019<\/span><span class=\"text-ghost__popup_whole-words\" data-whole-word=\"Universit\u00e9\" data-word-end-index=\"45\" data-word-start-index=\"36\"><span class=\"text-ghost__popup\" data-start-index=\"0\" data-end-index=\"10\" data-word=\"Universit\u00e9\">Universit\u00e9<\/span><\/span><\/span><\/a><\/div><div class=\"corrected-text\"><div class=\"corrected-text__text\"><div class=\"corrected-text__text-detail\"><div id=\"textResult\">\u00a0<\/div><\/div><\/div><\/div><p style=\"text-align: left\"><span style=\"color: #333333;font-size: 17px\">Son Excellence pr\u00e9side les Administrations suivantes :<\/span><\/p><ul style=\"list-style-type: disc\"><li style=\"text-align: left\"><span style=\"font-size: 17px;color: #333333\">Administration g\u00e9n\u00e9rale du syst\u00e8me d&#8217;informations et la transformation digitale<\/span><\/li><li style=\"text-align: left\"><span style=\"color: #0000ff\"><a style=\"color: #0000ff\" href=\"http:\/\/aswu.edu.eg\/fr\/media-and-public-relations-department\/\"><span style=\"font-size: 17px\">Administration g\u00e9n\u00e9rale des relations publiques et m\u00e9dias<\/span><\/a><\/span><\/li><li style=\"text-align: left\"><span style=\"font-size: 17px;color: #333333\">Administration de d\u00e9veloppement et \u00e9valuation de la performance pour assurer la qualit\u00e9 \u00a0<\/span><\/li><li style=\"text-align: left\"><span style=\"font-size: 17px;color: #333333\">Administration juridique<\/span><\/li><li style=\"text-align: left\"><span style=\"font-size: 17px;color: #333333\">Administration strat\u00e9gique \u00a0<\/span><\/li><\/ul><\/td><td dir=\"ltr\" style=\"width: 45.2216%;height: 124px\"><span style=\"font-size: 12pt;font-family: Cairo;color: #333333\"><img decoding=\"async\" class=\"alignnone wp-image-30549\" src=\"https:\/\/aswu.edu.eg\/fr\/wp-content\/uploads\/WhatsApp-Image-2024-07-31-at-6.49.59-PM-300x195-1.jpg\" alt=\"\" width=\"158\" height=\"103\" \/><\/span><\/td><\/tr><\/tbody><\/table><\/div>\n\t\t\t\t<\/div>\n\t\t\t\t\t\t\t<div class=\"elementor-toggle-item\">\n\t\t\t\t\t<h3 id=\"elementor-tab-title-2432\" class=\"elementor-tab-title\" data-tab=\"2\" role=\"button\" aria-controls=\"elementor-tab-content-2432\" aria-expanded=\"false\">\n\t\t\t\t\t\t\t\t\t\t\t\t<span class=\"elementor-toggle-icon elementor-toggle-icon-left\" aria-hidden=\"true\">\n\t\t\t\t\t\t\t\t\t\t\t\t\t\t\t<span class=\"elementor-toggle-icon-closed\"><i class=\"fas fa-plus-square\"><\/i><\/span>\n\t\t\t\t\t\t\t\t<span class=\"elementor-toggle-icon-opened\"><i class=\"elementor-toggle-icon-opened fas fa-minus-square\"><\/i><\/span>\n\t\t\t\t\t\t\t\t\t\t\t\t\t<\/span>\n\t\t\t\t\t\t\t\t\t\t\t\t<a class=\"elementor-toggle-title\" tabindex=\"0\">Administrations de secteur des \u00e9tudiants et Education <\/a>\n\t\t\t\t\t<\/h3>\n\n\t\t\t\t\t<div id=\"elementor-tab-content-2432\" class=\"elementor-tab-content elementor-clearfix\" data-tab=\"2\" role=\"region\" aria-labelledby=\"elementor-tab-title-2432\"><table class=\" alignleft\" style=\"border-collapse: collapse;width: 98.3244%;height: auto\"><tbody><tr style=\"background-color: #fff !important\"><td style=\"width: 68.3673%\"><p style=\"text-align: justify\"><span style=\"color: #333333\"><a href=\"https:\/\/aswu.edu.eg\/fr\/about\/organizational-structure\/education-and-student-affairs-sector\/\"><span style=\"color: #0000ff\">Le secteur des \u00e9tudiants et d\u2019\u00e9ducation<\/span><\/a> est pr\u00e9sid\u00e9 par Dr. Loay Saad El-Deen Nasrat,<\/span> <strong><span style=\"color: #003366\">qui inclut les administrations suivantes\u00a0:<\/span><\/strong><\/p><ul style=\"list-style-type: circle\"><li style=\"text-align: justify\"><span style=\"color: #0000ff\"><a style=\"color: #0000ff\" href=\"https:\/\/aswu.edu.eg\/fr\/about\/organizational-structure\/education-and-student-affairs-sector\/general-administration-of-student-affairs\/\">Administration G\u00e9n\u00e9rale des affaires des \u00e9tudiants et \u00e9ducation<\/a> <\/span><\/li><li style=\"text-align: justify\"><span style=\"color: #0000ff\"><a style=\"color: #0000ff\" href=\"https:\/\/aswu.edu.eg\/fr\/about\/organizational-structure\/education-and-student-affairs-sector\/general-administration-of-student-affairs\/\">Administration centrale de soin les \u00e9tudiants<\/a> <\/span><\/li><li style=\"text-align: justify\"><span style=\"color: #0000ff\"><a style=\"color: #0000ff\" href=\"https:\/\/aswu.edu.eg\/fr\/about\/organizational-structure\/education-and-student-affairs-sector\/general-administration-of-student-affairs\/\">Administration des villes universitaires<\/a><\/span><\/li><li style=\"text-align: justify\"><span style=\"color: #0000ff\"><a style=\"color: #0000ff\" href=\"https:\/\/aswu.edu.eg\/fr\/about\/organizational-structure\/education-and-student-affairs-sector\/general-administration-of-student-affairs\/\">Administration m\u00e9dicale<\/a> <\/span><\/li><\/ul><\/td><td style=\"width: 30.2493%\"><span style=\"font-size: 12pt;font-family: Cairo;color: #333333\"><img decoding=\"async\" class=\"aligncenter wp-image-17630\" src=\"https:\/\/aswu.edu.eg\/wp-content\/uploads\/WhatsApp-Image-2022-08-09-at-2.04.32-PM-195x300.jpeg\" alt=\"\" width=\"98\" height=\"150\" \/><\/span><\/td><\/tr><\/tbody><\/table><\/div>\n\t\t\t\t<\/div>\n\t\t\t\t\t\t\t<div class=\"elementor-toggle-item\">\n\t\t\t\t\t<h3 id=\"elementor-tab-title-2433\" class=\"elementor-tab-title\" data-tab=\"3\" role=\"button\" aria-controls=\"elementor-tab-content-2433\" aria-expanded=\"false\">\n\t\t\t\t\t\t\t\t\t\t\t\t<span class=\"elementor-toggle-icon elementor-toggle-icon-left\" aria-hidden=\"true\">\n\t\t\t\t\t\t\t\t\t\t\t\t\t\t\t<span class=\"elementor-toggle-icon-closed\"><i class=\"fas fa-plus-square\"><\/i><\/span>\n\t\t\t\t\t\t\t\t<span class=\"elementor-toggle-icon-opened\"><i class=\"elementor-toggle-icon-opened fas fa-minus-square\"><\/i><\/span>\n\t\t\t\t\t\t\t\t\t\t\t\t\t<\/span>\n\t\t\t\t\t\t\t\t\t\t\t\t<a class=\"elementor-toggle-title\" tabindex=\"0\"> Administrations de secteur des Affairs des \u00e9tudes sup\u00e9rieures <\/a>\n\t\t\t\t\t<\/h3>\n\n\t\t\t\t\t<div id=\"elementor-tab-content-2433\" class=\"elementor-tab-content elementor-clearfix\" data-tab=\"3\" role=\"region\" aria-labelledby=\"elementor-tab-title-2433\"><table style=\"border-collapse: collapse;width: 100%\">\n<tbody>\n<tr style='background-color:#fff !important'>\n<td style=\"width: 50%\">\n<p style=\"text-align: left\"><span style=\"color: #333333\">Prof.\u00a0\u00a0Mohammad Abdel- Aziz Mehalel heads the Graduate Studies Affairs Sector\u00a0<\/span>\n<strong><span style=\"color: #003366\">Which includes the following departments<span dir=\"rtl\" lang=\"ar-EG\">:\u00a0<\/span><\/span><\/strong><\/p>\n\n<ul style=\"list-style-type: disc\">\n \t<li style=\"text-align: left\"><span style=\"font-size: 12pt;font-family: Cairo;color: #333333\">Cultural Relations Department\u00a0<\/span><\/li>\n \t<li style=\"text-align: left\"><span style=\"font-size: 12pt;font-family: Cairo;color: #333333\">Central Library Administration\u00a0<\/span><\/li>\n \t<li style=\"text-align: left\"><span style=\"font-size: 12pt;font-family: Cairo;color: #333333\">Quality Administration<span dir=\"rtl\" lang=\"ar-EG\">.<\/span>\u00a0<\/span><\/li>\n \t<li style=\"text-align: left\"><span style=\"font-size: 12pt;font-family: Cairo;color: #333333\">Postgraduate Studies Administration<span dir=\"rtl\" lang=\"ar-EG\">.<\/span>\u00a0<\/span><\/li>\n \t<li style=\"text-align: left\"><span style=\"font-size: 12pt;font-family: Cairo;color: #333333\">Ranking office .<\/span><\/li>\n<\/ul>\n<\/td>\n<td style=\"width: 50%\"><img decoding=\"async\" src=\"https:\/\/aswu.edu.eg\/\/wp-content\/uploads\/afr1.png\" \/><\/td>\n<\/tr>\n<\/tbody>\n<\/table><\/div>\n\t\t\t\t<\/div>\n\t\t\t\t\t\t\t\t<\/div>\n\t\t\t\t<\/div>\n\t\t\t\t<\/div>\n\t\t\t\t\t<\/div>\n\t\t<\/div>\n\t\t\t\t<div class=\"elementor-column elementor-col-33 elementor-top-column elementor-element elementor-element-066274e\" data-id=\"066274e\" data-element_type=\"column\">\n\t\t\t<div class=\"elementor-widget-wrap\">\n\t\t\t\t\t\t\t<\/div>\n\t\t<\/div>\n\t\t\t\t<div class=\"elementor-column elementor-col-33 elementor-top-column elementor-element elementor-element-fc71b10\" data-id=\"fc71b10\" data-element_type=\"column\">\n\t\t\t<div class=\"elementor-widget-wrap elementor-element-populated\">\n\t\t\t\t\t\t<div class=\"elementor-element elementor-element-92c794b elementor-widget elementor-widget-toggle\" data-id=\"92c794b\" data-element_type=\"widget\" data-widget_type=\"toggle.default\">\n\t\t\t\t<div class=\"elementor-widget-container\">\n\t\t\t\t\t<div class=\"elementor-toggle\">\n\t\t\t\t\t\t\t<div class=\"elementor-toggle-item\">\n\t\t\t\t\t<h3 id=\"elementor-tab-title-1531\" class=\"elementor-tab-title\" data-tab=\"1\" role=\"button\" aria-controls=\"elementor-tab-content-1531\" aria-expanded=\"false\">\n\t\t\t\t\t\t\t\t\t\t\t\t<span class=\"elementor-toggle-icon elementor-toggle-icon-left\" aria-hidden=\"true\">\n\t\t\t\t\t\t\t\t\t\t\t\t\t\t\t<span class=\"elementor-toggle-icon-closed\"><i class=\"fas fa-plus-square\"><\/i><\/span>\n\t\t\t\t\t\t\t\t<span class=\"elementor-toggle-icon-opened\"><i class=\"elementor-toggle-icon-opened fas fa-minus-square\"><\/i><\/span>\n\t\t\t\t\t\t\t\t\t\t\t\t\t<\/span>\n\t\t\t\t\t\t\t\t\t\t\t\t<a class=\"elementor-toggle-title\" tabindex=\"0\"> Administrations de Service  la Communaut\u00e9 et D\u00e9velopment  l'Environnment <\/a>\n\t\t\t\t\t<\/h3>\n\n\t\t\t\t\t<div id=\"elementor-tab-content-1531\" class=\"elementor-tab-content elementor-clearfix\" data-tab=\"1\" role=\"region\" aria-labelledby=\"elementor-tab-title-1531\"><table style=\"border-collapse: collapse;width: 100%\"><tbody><tr style=\"background-color: #fff !important\"><td style=\"width: 67.8771%;text-align: left\"><p><span style=\"font-size: 16px;color: #333333\">Prof. Dr. Achraf Imam Abdel-Rady<\/span><\/p><p><span style=\"font-size: 16px;color: #333333\">Vice-pr\u00e9sident des<span style=\"color: #0000ff\"><a style=\"color: #0000ff\" href=\"https:\/\/aswu.edu.eg\/fr\/about\/organizational-structure\/community-service-and-environmental-development-sector\/\"> affaires de service \u00e0 la communaut\u00e9 et du d\u00e9veloppement environnemental<\/a>\u00a0 \u00a0<\/span><\/span><\/p><p><strong><span style=\"color: #003366\">Qui comprend les Administrations suivantes\u00a0:<\/span><\/strong><\/p><ul style=\"list-style-type: disc\"><li><div class=\"context-result\"><div class=\"text\"><div><span class=\"text__translation\" dir=\"ltr\" style=\"color: #333333\">D\u00e9partement des affaires juridiques.<\/span><\/div><\/div><\/div><div class=\"options ng-star-inserted\"><div class=\"options__button options__button_synonyms ng-star-inserted\">\u00a0<\/div><\/div><\/li><li><span style=\"color: #333333\">Administration du projet environnemental<\/span><\/li><\/ul><\/td><td style=\"width: 32.1229%\"><p><img loading=\"lazy\" decoding=\"async\" class=\"alignnone size-full wp-image-31073\" src=\"https:\/\/aswu.edu.eg\/fr\/wp-content\/uploads\/123-2-2.jpg\" alt=\"\" width=\"300\" height=\"195\" \/><\/p><\/td><\/tr><\/tbody><\/table><\/div>\n\t\t\t\t<\/div>\n\t\t\t\t\t\t\t<div class=\"elementor-toggle-item\">\n\t\t\t\t\t<h3 id=\"elementor-tab-title-1532\" class=\"elementor-tab-title\" data-tab=\"2\" role=\"button\" aria-controls=\"elementor-tab-content-1532\" aria-expanded=\"false\">\n\t\t\t\t\t\t\t\t\t\t\t\t<span class=\"elementor-toggle-icon elementor-toggle-icon-left\" aria-hidden=\"true\">\n\t\t\t\t\t\t\t\t\t\t\t\t\t\t\t<span class=\"elementor-toggle-icon-closed\"><i class=\"fas fa-plus-square\"><\/i><\/span>\n\t\t\t\t\t\t\t\t<span class=\"elementor-toggle-icon-opened\"><i class=\"elementor-toggle-icon-opened fas fa-minus-square\"><\/i><\/span>\n\t\t\t\t\t\t\t\t\t\t\t\t\t<\/span>\n\t\t\t\t\t\t\t\t\t\t\t\t<a class=\"elementor-toggle-title\" tabindex=\"0\">Administrations de S\u00e9cretaire G\u00e9neral de l' Universit\u00e9<\/a>\n\t\t\t\t\t<\/h3>\n\n\t\t\t\t\t<div id=\"elementor-tab-content-1532\" class=\"elementor-tab-content elementor-clearfix\" data-tab=\"2\" role=\"region\" aria-labelledby=\"elementor-tab-title-1532\"><table dir=\"ltr\" style=\"border-collapse: collapse;width: 100%\">\n<tbody>\n<tr style='background-color:#fff !important'>\n<td style=\"width: 64.5251%;text-align: left\"><span style=\"color: #333333;font-family: Cairo;font-size: 12pt\"><span dir=\"rtl\">\u00a0<\/span>Mr.\u00a0\u00a0Khaled Mohamed Ismail Asran heads the Secretary General of the University\u00a0<\/span>\n<strong><span style=\"color: #003366\">Which includes the following departments<span dir=\"rtl\" lang=\"ar-EG\">:\u00a0<\/span><\/span><\/strong>\n<ul style=\"list-style-type: disc\">\n \t<li><span style=\"font-size: 12pt;font-family: Cairo;color: #333333\">General Administration of Administrative Affairs\u00a0<\/span><\/li>\n \t<li><span style=\"font-size: 12pt;font-family: Cairo;color: #333333\">General Administration of Internal Audit and Governance\u00a0<\/span><\/li>\n \t<li><span style=\"font-size: 12pt;font-family: Cairo;color: #333333\">Human Resource Administration<span dir=\"rtl\" lang=\"ar-EG\">.<\/span>\u00a0<\/span><\/li>\n \t<li><span style=\"font-size: 12pt;font-family: Cairo;color: #333333\">procurement and warehouse management<span dir=\"rtl\" lang=\"ar-EG\">.<\/span>\u00a0<\/span><\/li>\n \t<li><span style=\"font-size: 12pt;font-family: Cairo;color: #333333\">Garden Administration<span dir=\"rtl\" lang=\"ar-EG\">.<\/span>\u00a0<\/span><\/li>\n \t<li><span style=\"font-size: 12pt;font-family: Cairo;color: #333333\">Maintenance Management<span dir=\"rtl\" lang=\"ar-EG\">.<\/span>\u00a0<\/span><\/li>\n \t<li><span style=\"font-size: 12pt;font-family: Cairo;color: #333333\"><span dir=\"rtl\">\u00a0<\/span>Automative management<span dir=\"rtl\" lang=\"ar-EG\">.<\/span><\/span><\/li>\n<\/ul>\n<\/td>\n<td style=\"width: 35.4749%\"><img loading=\"lazy\" decoding=\"async\" src=\"https:\/\/aswu.edu.eg\/\/wp-content\/uploads\/nursing1-1.png\" alt=\"\" width=\"130\" height=\"145\" \/><\/td>\n<\/tr>\n<\/tbody>\n<\/table><\/div>\n\t\t\t\t<\/div>\n\t\t\t\t\t\t\t\t<\/div>\n\t\t\t\t<\/div>\n\t\t\t\t<\/div>\n\t\t\t\t\t<\/div>\n\t\t<\/div>\n\t\t\t\t\t<\/div>\n\t\t<\/section>\n\t\t\t\t<\/div>\n\t\t","protected":false},"excerpt":{"rendered":"<p>Administrations de Pr\u00e9sident de l&#8217;Universit\u00e9 Administrations du pr\u00e9sident de l\u2019universit\u00e9 Le prof. Dr. Loay Saad El-Deen Nasrat Charg\u00e9 d\u2019affaires du Pr\u00e9sident de l\u2019Universit\u00e9\u00a0 Son Excellence pr\u00e9side les Administrations suivantes : Administration g\u00e9n\u00e9rale du syst\u00e8me d&#8217;informations et la transformation digitale Administration <a href=\"https:\/\/aswu.edu.eg\/fr\/about\/organizational-structure\/\" class=\"read-more\">Read More &#8230;<\/a><\/p>\n<div class=\"pvc_clear\"><\/div>\n<p id=\"pvc_stats_4862\" class=\"pvc_stats all  \" data-element-id=\"4862\" style=\"\"><i class=\"pvc-stats-icon medium\" aria-hidden=\"true\"><svg aria-hidden=\"true\" focusable=\"false\" data-prefix=\"far\" data-icon=\"chart-bar\" role=\"img\" xmlns=\"http:\/\/www.w3.org\/2000\/svg\" viewBox=\"0 0 512 512\" class=\"svg-inline--fa fa-chart-bar fa-w-16 fa-2x\"><path fill=\"currentColor\" d=\"M396.8 352h22.4c6.4 0 12.8-6.4 12.8-12.8V108.8c0-6.4-6.4-12.8-12.8-12.8h-22.4c-6.4 0-12.8 6.4-12.8 12.8v230.4c0 6.4 6.4 12.8 12.8 12.8zm-192 0h22.4c6.4 0 12.8-6.4 12.8-12.8V140.8c0-6.4-6.4-12.8-12.8-12.8h-22.4c-6.4 0-12.8 6.4-12.8 12.8v198.4c0 6.4 6.4 12.8 12.8 12.8zm96 0h22.4c6.4 0 12.8-6.4 12.8-12.8V204.8c0-6.4-6.4-12.8-12.8-12.8h-22.4c-6.4 0-12.8 6.4-12.8 12.8v134.4c0 6.4 6.4 12.8 12.8 12.8zM496 400H48V80c0-8.84-7.16-16-16-16H16C7.16 64 0 71.16 0 80v336c0 17.67 14.33 32 32 32h464c8.84 0 16-7.16 16-16v-16c0-8.84-7.16-16-16-16zm-387.2-48h22.4c6.4 0 12.8-6.4 12.8-12.8v-70.4c0-6.4-6.4-12.8-12.8-12.8h-22.4c-6.4 0-12.8 6.4-12.8 12.8v70.4c0 6.4 6.4 12.8 12.8 12.8z\" class=\"\"><\/path><\/svg><\/i> <img loading=\"lazy\" decoding=\"async\" width=\"16\" height=\"16\" alt=\"Loading\" src=\"https:\/\/aswu.edu.eg\/fr\/wp-content\/plugins\/page-views-count\/ajax-loader-2x.gif\" border=0 \/><\/p>\n<div class=\"pvc_clear\"><\/div>\n","protected":false},"author":7,"featured_media":0,"parent":2313,"menu_order":0,"comment_status":"closed","ping_status":"closed","template":"","meta":{"footnotes":""},"rttpg_featured_image_url":null,"rttpg_author":{"display_name":"nourhan Monaam","author_link":"https:\/\/aswu.edu.eg\/fr\/author\/edr0asen\/"},"rttpg_comment":0,"rttpg_category":null,"rttpg_excerpt":"Administrations de Pr\u00e9sident de l&#8217;Universit\u00e9 Administrations du pr\u00e9sident de l\u2019universit\u00e9 Le prof. Dr. Loay Saad El-Deen Nasrat Charg\u00e9 d\u2019affaires du Pr\u00e9sident de l\u2019Universit\u00e9\u00a0 Son Excellence pr\u00e9side les Administrations suivantes : Administration g\u00e9n\u00e9rale du syst\u00e8me d&#8217;informations et la transformation digitale Administration Read More ...","_links":{"self":[{"href":"https:\/\/aswu.edu.eg\/fr\/wp-json\/wp\/v2\/pages\/4862"}],"collection":[{"href":"https:\/\/aswu.edu.eg\/fr\/wp-json\/wp\/v2\/pages"}],"about":[{"href":"https:\/\/aswu.edu.eg\/fr\/wp-json\/wp\/v2\/types\/page"}],"author":[{"embeddable":true,"href":"https:\/\/aswu.edu.eg\/fr\/wp-json\/wp\/v2\/users\/7"}],"replies":[{"embeddable":true,"href":"https:\/\/aswu.edu.eg\/fr\/wp-json\/wp\/v2\/comments?post=4862"}],"version-history":[{"count":133,"href":"https:\/\/aswu.edu.eg\/fr\/wp-json\/wp\/v2\/pages\/4862\/revisions"}],"predecessor-version":[{"id":31637,"href":"https:\/\/aswu.edu.eg\/fr\/wp-json\/wp\/v2\/pages\/4862\/revisions\/31637"}],"up":[{"embeddable":true,"href":"https:\/\/aswu.edu.eg\/fr\/wp-json\/wp\/v2\/pages\/2313"}],"wp:attachment":[{"href":"https:\/\/aswu.edu.eg\/fr\/wp-json\/wp\/v2\/media?parent=4862"}],"curies":[{"name":"wp","href":"https:\/\/api.w.org\/{rel}","templated":true}]}}