{"id":5281,"date":"2020-11-22T09:26:05","date_gmt":"2020-11-22T09:26:05","guid":{"rendered":"http:\/\/aswu.edu.eg\/en\/?page_id=5281"},"modified":"2024-04-16T11:15:04","modified_gmt":"2024-04-16T11:15:04","slug":"agreements-and-protocols-aswu","status":"publish","type":"page","link":"https:\/\/aswu.edu.eg\/fr\/research\/scientific-research-agreements-and-protocols-aswu\/agreements-and-protocols-aswu\/","title":{"rendered":"Protocoles"},"content":{"rendered":"\t\t<div data-elementor-type=\"wp-page\" data-elementor-id=\"5281\" class=\"elementor elementor-5281\">\n\t\t\t\t\t\t<section class=\"elementor-section elementor-top-section elementor-element elementor-element-63531a2 elementor-section-boxed elementor-section-height-default elementor-section-height-default\" data-id=\"63531a2\" data-element_type=\"section\">\n\t\t\t\t\t\t<div class=\"elementor-container elementor-column-gap-default\">\n\t\t\t\t\t<div class=\"elementor-column elementor-col-50 elementor-top-column elementor-element elementor-element-3b29406\" data-id=\"3b29406\" data-element_type=\"column\">\n\t\t\t<div class=\"elementor-widget-wrap elementor-element-populated\">\n\t\t\t\t\t\t<div class=\"elementor-element elementor-element-45a3d5b elementor-widget elementor-widget-wp-widget-iksm-widget\" data-id=\"45a3d5b\" data-element_type=\"widget\" data-widget_type=\"wp-widget-iksm-widget.default\">\n\t\t\t\t<div class=\"elementor-widget-container\">\n\t\t\t<script id=\"styles-copier-69fd22b00a4bd\">\n\t\t\t\/\/ Finding styles element\n\t        var element = document.getElementById(\"iksm-dynamic-style\");\n\t        if (!element) { \/\/ If no element (Cache plugins can remove tag), then creating a new one\n                element = document.createElement('style');\n                var head = document.getElementsByTagName(\"head\")\n                if (head && head[0]) {\n                \thead[0].appendChild(element);\n                } else {\n                  \tconsole.warn(\"Iks Menu | Error while printing styles. Please contact technical support.\");\n                }\n\t        }\n\t\t\t\/\/ Copying styles to <styles> tag\n\t        element.innerHTML += \".iksm-16126 .iksm-terms{background-color:rgba(243,243,243,1);width:221px;transition:all 400ms;animation:iks-fade-in 1000ms;}.iksm-16126 .iksm-term__inner{background-color:rgba(231,231,231,1);margin-top:3px;min-height:44px;transition:all 400ms;}.iksm-16126 .iksm-term__inner:hover{background-color:rgba(220,220,220,1);}.iksm-16126 .iksm-term--current > .iksm-term__inner{background-color:rgba(202,229,239,1);}.iksm-16126 .iksm-term__link{color:rgba(0,0,0,1);font-size:15px;line-height:15px;font-weight:400;text-align:left;text-decoration:none;padding-top:5px;padding-right:10px;padding-bottom:5px;padding-left:15px;transition:all 400ms;}.iksm-16126 .iksm-term__inner:hover .iksm-term__link{color:rgba(50,50,50,1);}.iksm-16126 .iksm-term__toggle__inner{transition:transform 400ms}.iksm-16126 .iksm-term--expanded > .iksm-term__inner > .iksm-term__toggle > .iksm-term__toggle__inner{transform:rotate(180deg);}.iksm-16126 .iksm-term__toggle{color:rgba(133,133,133,1);font-size:16px;align-self:unset;;height:25px;width:25px;margin-right:7px;transition:all 400ms;}.iksm-16126 .iksm-term__toggle:hover{color:rgba(0,0,0,1);}.iksm-16126 .iksm-term__image-container{width:30px;min-width:30px;height:30px;min-height:30px;margin-right:15px;transition:all 400ms;}.iksm-16126 .iksm-term__image{background-size:contain;background-position:center;background-repeat:no-repeat;}.iksm-16126 .iksm-term__image-container:hover{background-size:contain;background-position:center;background-repeat:no-repeat;}.iksm-16126 .iksm-term__inner:hover .iksm-term__image-container{background-size:contain;background-position:center;background-repeat:no-repeat;}.iksm-16126 .iksm-term__inner:focus .iksm-term__image-container{background-size:contain;background-position:center;background-repeat:no-repeat;}.iksm-16126 .iksm-term--current > .iksm-term__inner .iksm-term__image-container{background-size:contain;background-position:center;background-repeat:no-repeat;}.iksm-16126 .iksm-term--child .iksm-term__inner .iksm-term__image-container{background-size:contain;background-position:center;background-repeat:no-repeat;}.iksm-16126 .iksm-term--child .iksm-term__inner .iksm-term__image-container:hover{background-size:contain;background-position:center;background-repeat:no-repeat;}.iksm-16126 .iksm-term--child .iksm-term__inner .iksm-term__image-container:focus{background-size:contain;background-position:center;background-repeat:no-repeat;}.iksm-16126 .iksm-term--child.iksm-term--current > .iksm-term__inner .iksm-term__image-container{background-size:contain;background-position:center;background-repeat:no-repeat;}.iksm-16126  .iksm-term__text{flex: unset}.iksm-16126 .iksm-term__posts-count{color:rgba(133,133,133,1);font-size:16px;margin-left:12px;font-weight:400;transition:all 400ms;}\";\n\t        \/\/ Removing this script\n            var this_script = document.getElementById(\"styles-copier-69fd22b00a4bd\");\n            if (this_script) { \/\/ Cache plugins can remove tag\n\t            this_script.outerHTML = \"\";\n\t            if (this_script.parentNode) {\n\t                this_script.parentNode.removeChild(this_script);\n\t            }\n            }\n        <\/script><div id='iksm-16126' class='iksm iksm-16126 iksm-container '  data-id='16126' data-is-pro='0' data-source='menu'><div class='iksm-terms'><div class='iksm-terms-tree iksm-terms-tree--level-1 iksm-terms-tree--parents' style=''><div class=\"iksm-terms-tree__inner\">\n        <div class=\"iksm-term iksm-term--id-13985 iksm-term--parent\" data-id=\"13985\">\n            <div class=\"iksm-term__inner\" tabindex='0'>\n                <a class=\"iksm-term__link\" href='https:\/\/aswu.edu.eg\/fr\/research\/scientific-research-agreements-and-protocols-aswu\/agreements-and-protocols-aswu\/' target='_self' tabindex='-1'>\n\t\t\t\t        <span class=\"iksm-term__text\">Protocoles<\/span>\n\t\t            <\/a>\n\t\t\t        <\/div>\n\t\t        <\/div>\n\n\t\t\n        <div class=\"iksm-term iksm-term--id-13987 iksm-term--parent\" data-id=\"13987\">\n            <div class=\"iksm-term__inner\" tabindex='0'>\n                <a class=\"iksm-term__link\" href='https:\/\/aswu.edu.eg\/fr\/research\/scientific-research-agreements-and-protocols-aswu\/cooperation-agreements\/' target='_self' tabindex='-1'>\n\t\t\t\t        <span class=\"iksm-term__text\">Accords de coop\u00e9ration<\/span>\n\t\t            <\/a>\n\t\t\t        <\/div>\n\t\t        <\/div>\n\n\t\t\n        <div class=\"iksm-term iksm-term--id-13988 iksm-term--parent\" data-id=\"13988\">\n            <div class=\"iksm-term__inner\" tabindex='0'>\n                <a class=\"iksm-term__link\" href='https:\/\/aswu.edu.eg\/fr\/research\/scientific-research-agreements-and-protocols-aswu\/international-cooperation\/' target='_self' tabindex='-1'>\n\t\t\t\t        <span class=\"iksm-term__text\">La collaboration internationale<\/span>\n\t\t            <\/a>\n\t\t\t        <\/div>\n\t\t        <\/div>\n\n\t\t\n        <div class=\"iksm-term iksm-term--id-13989 iksm-term--parent\" data-id=\"13989\">\n            <div class=\"iksm-term__inner\" tabindex='0'>\n                <a class=\"iksm-term__link\" href='https:\/\/aswu.edu.eg\/fr\/research\/scientific-research-agreements-and-protocols-aswu\/memoradum-of-understanding\/' target='_self' tabindex='-1'>\n\t\t\t\t        <span class=\"iksm-term__text\">M\u00e9morandum d\u2019entente<\/span>\n\t\t            <\/a>\n\t\t\t        <\/div>\n\t\t        <\/div>\n\n\t\t<\/div><\/div><\/div><div id=\"iksm_data_args\" class=\"data-args\"  data-collapse_children_terms='1' data-collapse_other_terms='1' data-collapse_animation_duration='400' data-expand_animation_duration='400'><\/div><\/div>\t\t<\/div>\n\t\t\t\t<\/div>\n\t\t\t\t\t<\/div>\n\t\t<\/div>\n\t\t\t\t<div class=\"elementor-column elementor-col-50 elementor-top-column elementor-element elementor-element-9de0bce\" data-id=\"9de0bce\" data-element_type=\"column\">\n\t\t\t<div class=\"elementor-widget-wrap elementor-element-populated\">\n\t\t\t\t\t\t<section class=\"elementor-section elementor-inner-section elementor-element elementor-element-5ca56b4 elementor-section-boxed elementor-section-height-default elementor-section-height-default\" data-id=\"5ca56b4\" data-element_type=\"section\">\n\t\t\t\t\t\t<div class=\"elementor-container elementor-column-gap-default\">\n\t\t\t\t\t<div class=\"elementor-column elementor-col-100 elementor-inner-column elementor-element elementor-element-d04c982\" data-id=\"d04c982\" data-element_type=\"column\">\n\t\t\t<div class=\"elementor-widget-wrap elementor-element-populated\">\n\t\t\t\t\t\t<div class=\"elementor-element elementor-element-a52cf25 elementor-widget elementor-widget-text-editor\" data-id=\"a52cf25\" data-element_type=\"widget\" data-widget_type=\"text-editor.default\">\n\t\t\t\t<div class=\"elementor-widget-container\">\n\t\t\t\t\t\t\t<p dir=\"ltr\"><img fetchpriority=\"high\" decoding=\"async\" class=\"alignright wp-image-16113\" src=\"https:\/\/aswu.edu.eg\/en\/wp-content\/uploads\/common-ancillary-agreements-for-purchase-and-sale-agreement-848x480-1-pwqahpqgxzt7nn097jeseauv1izerkt2qj73fznqg0-300x240.jpg\" alt=\"\" width=\"250\" height=\"200\" \/><\/p><ul style=\"list-style-type: circle\"><li style=\"text-align: justify\"><span style=\"text-decoration: underline\"><span style=\"color: #0000ff;font-family: Cairo;font-size: 12pt;text-decoration: underline\"><a style=\"color: #0000ff;text-decoration: underline\" href=\"https:\/\/aswu.edu.eg\/fr\/research\/scientific-research-agreements-and-protocols-aswu\/agreements-and-protocols-aswu\/protocol-between-aswan-university-and-university-of-limonges-france\/\" target=\"_blank\" rel=\"noopener noreferrer\">Protocole de coop\u00e9ration entre l\u2019universit\u00e9 d\u2019Assouan et l\u2019universit\u00e9 du Limoges en France<\/a><\/span><\/span><\/li><li style=\"text-align: justify\"><span style=\"text-decoration: underline\"><span style=\"color: #0000ff;font-family: Cairo;font-size: 12pt;text-decoration: underline\"><a style=\"color: #0000ff;text-decoration: underline\" href=\"https:\/\/aswu.edu.eg\/fr\/research\/scientific-research-agreements-and-protocols-aswu\/agreements-and-protocols-aswu\/protocol-between-aswan-university-and-university-of-jaenspain\/\" target=\"_blank\" rel=\"noopener noreferrer\">Protocole de coop\u00e9ration entre l\u2019universit\u00e9 d\u2019Assouan et l\u2019universit\u00e9 de Ja\u00e9n en Espagne <\/a><\/span><\/span><\/li><li style=\"text-align: justify\"><span style=\"text-decoration: underline\"><span style=\"color: #0000ff;font-size: 12pt;font-family: Cairo;text-decoration: underline\"><a style=\"color: #0000ff;text-decoration: underline\" href=\"http:\/\/aswu.edu.eg\/fr\/protocol-between-aswan-university-faculty-of-agriculture-and-natural-resources-and-the-national-reshearch-center\/\" target=\"_blank\" rel=\"noopener noreferrer\">Protocole de coop\u00e9ration entre la facult\u00e9 d\u2019agriculture et les naturelles ressources \u00e0 l\u2019universit\u00e9 et le centre national des recherches<\/a><\/span><\/span><\/li><li style=\"text-align: justify\"><span style=\"text-decoration: underline\"><span style=\"color: #0000ff;font-size: 12pt;font-family: Cairo;text-decoration: underline\"><a style=\"color: #0000ff;text-decoration: underline\" href=\"https:\/\/aswu.edu.eg\/fr\/cooperation-protocol-for-college-of-physical-education-aswan-university-and-the-lake-naser-authority\/\">Protocole de coop\u00e9ration de facult\u00e9 d\u2019\u00e9ducation physique (universit\u00e9 d\u2019Assouan) et l\u2019Autorit\u00e9 de d\u00e9veloppement du Lac de Nasser<\/a><\/span><\/span><\/li><li style=\"text-align: justify\"><span style=\"text-decoration: underline\"><span style=\"color: #0000ff;font-size: 12pt;font-family: Cairo;text-decoration: underline\"><a style=\"color: #0000ff;text-decoration: underline\" href=\"https:\/\/aswu.edu.eg\/fr\/cooperation-protocol-between-aswan-university-and-salamanca-university\/\">Protocole de coop\u00e9ration entre l\u2019universit\u00e9 d\u2019Assouan et Universit\u00e9 espagnole de Salamanque<\/a><\/span><\/span><\/li><li style=\"text-align: justify\"><span style=\"text-decoration: underline\"><span style=\"color: #0000ff;font-family: Cairo;font-size: 12pt;text-decoration: underline\"><a style=\"color: #0000ff;text-decoration: underline\" href=\"http:\/\/aswu.edu.eg\/fr\/cooperation-protocol-between-aswan-university-and-camus-institute-for-international-cooperation-of-portuguese-language\/\">Protocole de coop\u00e9ration entre l\u2019universit\u00e9 d\u2019Assouan et l\u2019institut de Cam\u00f5es de coop\u00e9ration internationale de la langue portugaise<\/a>.<\/span><\/span><\/li><li style=\"text-align: justify\"><span style=\"text-decoration: underline\"><span style=\"color: #0000ff;font-family: Cairo;font-size: 12pt;text-decoration: underline\"><a style=\"color: #0000ff;text-decoration: underline\" href=\"https:\/\/aswu.edu.eg\/fr\/cooperation-protocol-between-aswan-university-and-international-labor-organization\/\"> Protocole de coop\u00e9ration entre l\u2019universit\u00e9 d\u2019Assouan et l\u2019Organisation internationale du travail<\/a><\/span><\/span><\/li><li style=\"text-align: justify\"><span style=\"text-decoration: underline\"><span style=\"color: #0000ff;font-family: Cairo;font-size: 12pt;text-decoration: underline\"><a style=\"color: #0000ff;text-decoration: underline\" href=\"https:\/\/aswu.edu.eg\/fr\/\/cooperation-protocol-between-the-faculty-of-engineering-aswan-university-and-the-capacities-center-asa-university-of-nantes-in-france\/\">Protocole coop\u00e9ratif entre le centre des consultations g\u00e9niques \u00e0 facult\u00e9 d\u2019ing\u00e9nierie (universit\u00e9 d\u2019Assouan) et centre Capacities ASA (universit\u00e9 de Nantes en France)<\/a>.<\/span><\/span><\/li><li style=\"text-align: justify\"><span style=\"text-decoration: underline\"><span style=\"color: #0000ff;font-family: Cairo;font-size: 12pt;text-decoration: underline\"><a style=\"color: #0000ff;text-decoration: underline\" href=\"http:\/\/aswu.edu.eg\/fr\/cooperation-protocol-between-the-environmental-studies-unit-at-aswan-university-and-ha-for-headquarters-asset-management\/\">Protocole de coop\u00e9ration entre l\u2019unit\u00e9 des \u00e9tudes l\u2019environnement \u00e0 l\u2019universit\u00e9 d\u2019Assouan et l\u2019entreprise HA d\u2019administration l\u2019actif de l\u2019administration centrale<\/a>.<\/span><\/span><\/li><li style=\"text-align: justify\"><span style=\"text-decoration: underline\"><span style=\"color: #0000ff;font-family: Cairo;font-size: 12pt;text-decoration: underline\"><a style=\"color: #0000ff;text-decoration: underline\" href=\"http:\/\/aswu.edu.eg\/fr\/cooperation-protocol-between-the-information-technology-industry-development-authority-and-aswan-university\/\">Protocole de coop\u00e9ration entre l\u2019autorit\u00e9 de d\u00e9veloppement l\u2019industrie technologique d\u2019information et l\u2019universit\u00e9 d\u2019Assouan<\/a>\u00a0<\/span><\/span><\/li><li style=\"text-align: justify\"><span style=\"text-decoration: underline\"><span style=\"color: #0000ff;font-size: 12pt;font-family: Cairo;text-decoration: underline\"><a style=\"color: #0000ff;text-decoration: underline\" href=\"http:\/\/aswu.edu.eg\/fr\/cooperation-protocol-between-aswan-university-and-the-tourist-guides-syndicate\/\">Protocole entre l\u2019universit\u00e9 d\u2019Assouan et syndicat du tour guides<\/a><\/span><\/span><span style=\"text-decoration: underline\"><span style=\"font-size: 12pt;font-family: Cairo;color: #0000ff;text-decoration: underline\"><br \/><\/span><\/span><\/li><li><a href=\"https:\/\/aswu.edu.eg\/fr\/co-protocol-between-the-faculty-of-agriculture-and-natural-resources-and-the-directorate-of-agriculture-in-aswan\/\"><span style=\"text-decoration: underline\"><span style=\"color: #0000ff;font-size: 12pt;font-family: Cairo;text-decoration: underline\">Protocole de coop\u00e9ration entre la facult\u00e9 d\u2019agriculture et les naturelles ressources et le d\u00e9partement d\u2019agriculture d\u2019Assouan<\/span><\/span><\/a><\/li><li style=\"text-align: justify\"><span style=\"text-decoration: underline\"><a href=\"https:\/\/aswu.edu.eg\/fr\/co-protocol-between-the-ministry-of-social-solidarity-and-aswan-university-on-establishing-a-social-solidarity-unit-at-aswan-university\/\"><span style=\"color: #0000ff;font-size: 12pt;font-family: Cairo;text-decoration: underline\">Protocole de coop\u00e9ration entre le minist\u00e8re de solidarit\u00e9 sociale et l\u2019universit\u00e9 d\u2019Assouan afin de cr\u00e9er l\u2019unit\u00e9 et la solidarit\u00e9 sociale \u00e0 l\u2019universit\u00e9 d\u2019Assouan<\/span><\/a><\/span><\/li><li><a href=\"https:\/\/aswu.edu.eg\/en\/co-protocol-between-the-ministry-of-agriculture-and-land-reclamation-and-both-universities-assiut-and-aswan\/\"><span style=\"color: #0000ff;font-size: 12pt;font-family: Cairo;text-decoration: underline\">Co-Protocol between the Ministry of Agriculture and Land Reclamation and Both Universities (Assiut and Aswan)<\/span><\/a><\/li><li><a href=\"https:\/\/aswu.edu.eg\/wp-content\/uploads\/2019\/12\/Combating-and-treating-addiction-and-abuse.pdf\"><span style=\"text-decoration: underline;color: #0000ff\">Protocole de coop\u00e9ration entre le fond de combattre et soigner les drogues et toxicomanie et l\u2019universit\u00e9 d\u2019Assouan<\/span><\/a><\/li><li><span style=\"text-decoration: underline\"><span style=\"color: #0000ff\"><a style=\"color: #0000ff;text-decoration: underline\" href=\"https:\/\/aswu.edu.eg\/aswu\/fr\/protocole-de-cooperation-commun-entre-la-fondation-misr-el-khair-et-luniversite-dassouan\/\">Protocole de coop\u00e9ration commun entre la fondation Misr El-Khair et l\u2019universit\u00e9 d\u2019Assouan<\/a><\/span><\/span><\/li><\/ul>\t\t\t\t\t\t<\/div>\n\t\t\t\t<\/div>\n\t\t\t\t\t<\/div>\n\t\t<\/div>\n\t\t\t\t\t<\/div>\n\t\t<\/section>\n\t\t\t\t\t<\/div>\n\t\t<\/div>\n\t\t\t\t\t<\/div>\n\t\t<\/section>\n\t\t\t\t<\/div>\n\t\t","protected":false},"excerpt":{"rendered":"<p>Protocole de coop\u00e9ration entre l\u2019universit\u00e9 d\u2019Assouan et l\u2019universit\u00e9 du Limoges en France Protocole de coop\u00e9ration entre l\u2019universit\u00e9 d\u2019Assouan et l\u2019universit\u00e9 de Ja\u00e9n en Espagne Protocole de coop\u00e9ration entre la facult\u00e9 d\u2019agriculture et les naturelles ressources \u00e0 l\u2019universit\u00e9 et le centre <a href=\"https:\/\/aswu.edu.eg\/fr\/research\/scientific-research-agreements-and-protocols-aswu\/agreements-and-protocols-aswu\/\" class=\"read-more\">Read More &#8230;<\/a><\/p>\n<div class=\"pvc_clear\"><\/div>\n<p id=\"pvc_stats_5281\" class=\"pvc_stats all  \" data-element-id=\"5281\" style=\"\"><i class=\"pvc-stats-icon medium\" aria-hidden=\"true\"><svg aria-hidden=\"true\" focusable=\"false\" data-prefix=\"far\" data-icon=\"chart-bar\" role=\"img\" xmlns=\"http:\/\/www.w3.org\/2000\/svg\" viewBox=\"0 0 512 512\" class=\"svg-inline--fa fa-chart-bar fa-w-16 fa-2x\"><path fill=\"currentColor\" d=\"M396.8 352h22.4c6.4 0 12.8-6.4 12.8-12.8V108.8c0-6.4-6.4-12.8-12.8-12.8h-22.4c-6.4 0-12.8 6.4-12.8 12.8v230.4c0 6.4 6.4 12.8 12.8 12.8zm-192 0h22.4c6.4 0 12.8-6.4 12.8-12.8V140.8c0-6.4-6.4-12.8-12.8-12.8h-22.4c-6.4 0-12.8 6.4-12.8 12.8v198.4c0 6.4 6.4 12.8 12.8 12.8zm96 0h22.4c6.4 0 12.8-6.4 12.8-12.8V204.8c0-6.4-6.4-12.8-12.8-12.8h-22.4c-6.4 0-12.8 6.4-12.8 12.8v134.4c0 6.4 6.4 12.8 12.8 12.8zM496 400H48V80c0-8.84-7.16-16-16-16H16C7.16 64 0 71.16 0 80v336c0 17.67 14.33 32 32 32h464c8.84 0 16-7.16 16-16v-16c0-8.84-7.16-16-16-16zm-387.2-48h22.4c6.4 0 12.8-6.4 12.8-12.8v-70.4c0-6.4-6.4-12.8-12.8-12.8h-22.4c-6.4 0-12.8 6.4-12.8 12.8v70.4c0 6.4 6.4 12.8 12.8 12.8z\" class=\"\"><\/path><\/svg><\/i> <img decoding=\"async\" width=\"16\" height=\"16\" alt=\"Loading\" src=\"https:\/\/aswu.edu.eg\/fr\/wp-content\/plugins\/page-views-count\/ajax-loader-2x.gif\" border=0 \/><\/p>\n<div class=\"pvc_clear\"><\/div>\n","protected":false},"author":10,"featured_media":0,"parent":13517,"menu_order":0,"comment_status":"closed","ping_status":"closed","template":"","meta":{"footnotes":""},"rttpg_featured_image_url":null,"rttpg_author":{"display_name":"baivy anton","author_link":"https:\/\/aswu.edu.eg\/fr\/author\/asenweb\/"},"rttpg_comment":0,"rttpg_category":null,"rttpg_excerpt":"Protocole de coop\u00e9ration entre l\u2019universit\u00e9 d\u2019Assouan et l\u2019universit\u00e9 du Limoges en France Protocole de coop\u00e9ration entre l\u2019universit\u00e9 d\u2019Assouan et l\u2019universit\u00e9 de Ja\u00e9n en Espagne Protocole de coop\u00e9ration entre la facult\u00e9 d\u2019agriculture et les naturelles ressources \u00e0 l\u2019universit\u00e9 et le centre Read More ...","_links":{"self":[{"href":"https:\/\/aswu.edu.eg\/fr\/wp-json\/wp\/v2\/pages\/5281"}],"collection":[{"href":"https:\/\/aswu.edu.eg\/fr\/wp-json\/wp\/v2\/pages"}],"about":[{"href":"https:\/\/aswu.edu.eg\/fr\/wp-json\/wp\/v2\/types\/page"}],"author":[{"embeddable":true,"href":"https:\/\/aswu.edu.eg\/fr\/wp-json\/wp\/v2\/users\/10"}],"replies":[{"embeddable":true,"href":"https:\/\/aswu.edu.eg\/fr\/wp-json\/wp\/v2\/comments?post=5281"}],"version-history":[{"count":218,"href":"https:\/\/aswu.edu.eg\/fr\/wp-json\/wp\/v2\/pages\/5281\/revisions"}],"predecessor-version":[{"id":29857,"href":"https:\/\/aswu.edu.eg\/fr\/wp-json\/wp\/v2\/pages\/5281\/revisions\/29857"}],"up":[{"embeddable":true,"href":"https:\/\/aswu.edu.eg\/fr\/wp-json\/wp\/v2\/pages\/13517"}],"wp:attachment":[{"href":"https:\/\/aswu.edu.eg\/fr\/wp-json\/wp\/v2\/media?parent=5281"}],"curies":[{"name":"wp","href":"https:\/\/api.w.org\/{rel}","templated":true}]}}