{"id":5283,"date":"2020-11-22T09:27:53","date_gmt":"2020-11-22T09:27:53","guid":{"rendered":"http:\/\/aswu.edu.eg\/en\/?page_id=5283"},"modified":"2023-05-16T08:05:10","modified_gmt":"2023-05-16T08:05:10","slug":"memoradum-of-understanding","status":"publish","type":"page","link":"https:\/\/aswu.edu.eg\/fr\/research\/scientific-research-agreements-and-protocols-aswu\/memoradum-of-understanding\/","title":{"rendered":"M\u00e9morandum d\u2019entente"},"content":{"rendered":"\t\t<div data-elementor-type=\"wp-page\" data-elementor-id=\"5283\" class=\"elementor elementor-5283\">\n\t\t\t\t\t\t<section class=\"elementor-section elementor-top-section elementor-element elementor-element-8d2f4f2 elementor-section-boxed elementor-section-height-default elementor-section-height-default\" data-id=\"8d2f4f2\" data-element_type=\"section\">\n\t\t\t\t\t\t<div class=\"elementor-container elementor-column-gap-default\">\n\t\t\t\t\t<div class=\"elementor-column elementor-col-50 elementor-top-column elementor-element elementor-element-ce8a851\" data-id=\"ce8a851\" data-element_type=\"column\">\n\t\t\t<div class=\"elementor-widget-wrap elementor-element-populated\">\n\t\t\t\t\t\t<div class=\"elementor-element elementor-element-ac443a1 elementor-widget elementor-widget-wp-widget-iksm-widget\" data-id=\"ac443a1\" data-element_type=\"widget\" data-widget_type=\"wp-widget-iksm-widget.default\">\n\t\t\t\t<div class=\"elementor-widget-container\">\n\t\t\t<script id=\"styles-copier-69e2ad1031f27\">\n\t\t\t\/\/ Finding styles element\n\t        var element = document.getElementById(\"iksm-dynamic-style\");\n\t        if (!element) { \/\/ If no element (Cache plugins can remove tag), then creating a new one\n                element = document.createElement('style');\n                var head = document.getElementsByTagName(\"head\")\n                if (head && head[0]) {\n                \thead[0].appendChild(element);\n                } else {\n                  \tconsole.warn(\"Iks Menu | Error while printing styles. Please contact technical support.\");\n                }\n\t        }\n\t\t\t\/\/ Copying styles to <styles> tag\n\t        element.innerHTML += \".iksm-16126 .iksm-terms{background-color:rgba(243,243,243,1);width:221px;transition:all 400ms;animation:iks-fade-in 1000ms;}.iksm-16126 .iksm-term__inner{background-color:rgba(231,231,231,1);margin-top:3px;min-height:44px;transition:all 400ms;}.iksm-16126 .iksm-term__inner:hover{background-color:rgba(220,220,220,1);}.iksm-16126 .iksm-term--current > .iksm-term__inner{background-color:rgba(202,229,239,1);}.iksm-16126 .iksm-term__link{color:rgba(0,0,0,1);font-size:15px;line-height:15px;font-weight:400;text-align:left;text-decoration:none;padding-top:5px;padding-right:10px;padding-bottom:5px;padding-left:15px;transition:all 400ms;}.iksm-16126 .iksm-term__inner:hover .iksm-term__link{color:rgba(50,50,50,1);}.iksm-16126 .iksm-term__toggle__inner{transition:transform 400ms}.iksm-16126 .iksm-term--expanded > .iksm-term__inner > .iksm-term__toggle > .iksm-term__toggle__inner{transform:rotate(180deg);}.iksm-16126 .iksm-term__toggle{color:rgba(133,133,133,1);font-size:16px;align-self:unset;;height:25px;width:25px;margin-right:7px;transition:all 400ms;}.iksm-16126 .iksm-term__toggle:hover{color:rgba(0,0,0,1);}.iksm-16126 .iksm-term__image-container{width:30px;min-width:30px;height:30px;min-height:30px;margin-right:15px;transition:all 400ms;}.iksm-16126 .iksm-term__image{background-size:contain;background-position:center;background-repeat:no-repeat;}.iksm-16126 .iksm-term__image-container:hover{background-size:contain;background-position:center;background-repeat:no-repeat;}.iksm-16126 .iksm-term__inner:hover .iksm-term__image-container{background-size:contain;background-position:center;background-repeat:no-repeat;}.iksm-16126 .iksm-term__inner:focus .iksm-term__image-container{background-size:contain;background-position:center;background-repeat:no-repeat;}.iksm-16126 .iksm-term--current > .iksm-term__inner .iksm-term__image-container{background-size:contain;background-position:center;background-repeat:no-repeat;}.iksm-16126 .iksm-term--child .iksm-term__inner .iksm-term__image-container{background-size:contain;background-position:center;background-repeat:no-repeat;}.iksm-16126 .iksm-term--child .iksm-term__inner .iksm-term__image-container:hover{background-size:contain;background-position:center;background-repeat:no-repeat;}.iksm-16126 .iksm-term--child .iksm-term__inner .iksm-term__image-container:focus{background-size:contain;background-position:center;background-repeat:no-repeat;}.iksm-16126 .iksm-term--child.iksm-term--current > .iksm-term__inner .iksm-term__image-container{background-size:contain;background-position:center;background-repeat:no-repeat;}.iksm-16126  .iksm-term__text{flex: unset}.iksm-16126 .iksm-term__posts-count{color:rgba(133,133,133,1);font-size:16px;margin-left:12px;font-weight:400;transition:all 400ms;}\";\n\t        \/\/ Removing this script\n            var this_script = document.getElementById(\"styles-copier-69e2ad1031f27\");\n            if (this_script) { \/\/ Cache plugins can remove tag\n\t            this_script.outerHTML = \"\";\n\t            if (this_script.parentNode) {\n\t                this_script.parentNode.removeChild(this_script);\n\t            }\n            }\n        <\/script><div id='iksm-16126' class='iksm iksm-16126 iksm-container '  data-id='16126' data-is-pro='0' data-source='menu'><div class='iksm-terms'><div class='iksm-terms-tree iksm-terms-tree--level-1 iksm-terms-tree--parents' style=''><div class=\"iksm-terms-tree__inner\">\n        <div class=\"iksm-term iksm-term--id-13985 iksm-term--parent\" data-id=\"13985\">\n            <div class=\"iksm-term__inner\" tabindex='0'>\n                <a class=\"iksm-term__link\" href='https:\/\/aswu.edu.eg\/fr\/research\/scientific-research-agreements-and-protocols-aswu\/agreements-and-protocols-aswu\/' target='_self' tabindex='-1'>\n\t\t\t\t        <span class=\"iksm-term__text\">Protocoles<\/span>\n\t\t            <\/a>\n\t\t\t        <\/div>\n\t\t        <\/div>\n\n\t\t\n        <div class=\"iksm-term iksm-term--id-13987 iksm-term--parent\" data-id=\"13987\">\n            <div class=\"iksm-term__inner\" tabindex='0'>\n                <a class=\"iksm-term__link\" href='https:\/\/aswu.edu.eg\/fr\/research\/scientific-research-agreements-and-protocols-aswu\/cooperation-agreements\/' target='_self' tabindex='-1'>\n\t\t\t\t        <span class=\"iksm-term__text\">Accords de coop\u00e9ration<\/span>\n\t\t            <\/a>\n\t\t\t        <\/div>\n\t\t        <\/div>\n\n\t\t\n        <div class=\"iksm-term iksm-term--id-13988 iksm-term--parent\" data-id=\"13988\">\n            <div class=\"iksm-term__inner\" tabindex='0'>\n                <a class=\"iksm-term__link\" href='https:\/\/aswu.edu.eg\/fr\/research\/scientific-research-agreements-and-protocols-aswu\/international-cooperation\/' target='_self' tabindex='-1'>\n\t\t\t\t        <span class=\"iksm-term__text\">La collaboration internationale<\/span>\n\t\t            <\/a>\n\t\t\t        <\/div>\n\t\t        <\/div>\n\n\t\t\n        <div class=\"iksm-term iksm-term--id-13989 iksm-term--parent\" data-id=\"13989\">\n            <div class=\"iksm-term__inner\" tabindex='0'>\n                <a class=\"iksm-term__link\" href='https:\/\/aswu.edu.eg\/fr\/research\/scientific-research-agreements-and-protocols-aswu\/memoradum-of-understanding\/' target='_self' tabindex='-1'>\n\t\t\t\t        <span class=\"iksm-term__text\">M\u00e9morandum d\u2019entente<\/span>\n\t\t            <\/a>\n\t\t\t        <\/div>\n\t\t        <\/div>\n\n\t\t<\/div><\/div><\/div><div id=\"iksm_data_args\" class=\"data-args\"  data-collapse_children_terms='1' data-collapse_other_terms='1' data-collapse_animation_duration='400' data-expand_animation_duration='400'><\/div><\/div>\t\t<\/div>\n\t\t\t\t<\/div>\n\t\t\t\t\t<\/div>\n\t\t<\/div>\n\t\t\t\t<div class=\"elementor-column elementor-col-50 elementor-top-column elementor-element elementor-element-134a4b5\" data-id=\"134a4b5\" data-element_type=\"column\">\n\t\t\t<div class=\"elementor-widget-wrap elementor-element-populated\">\n\t\t\t\t\t\t<section class=\"elementor-section elementor-inner-section elementor-element elementor-element-d8ae028 elementor-section-boxed elementor-section-height-default elementor-section-height-default\" data-id=\"d8ae028\" data-element_type=\"section\">\n\t\t\t\t\t\t<div class=\"elementor-container elementor-column-gap-default\">\n\t\t\t\t\t<div class=\"elementor-column elementor-col-100 elementor-inner-column elementor-element elementor-element-686ed74\" data-id=\"686ed74\" data-element_type=\"column\">\n\t\t\t<div class=\"elementor-widget-wrap elementor-element-populated\">\n\t\t\t\t\t\t<div class=\"elementor-element elementor-element-4c4889f elementor-widget elementor-widget-text-editor\" data-id=\"4c4889f\" data-element_type=\"widget\" data-widget_type=\"text-editor.default\">\n\t\t\t\t<div class=\"elementor-widget-container\">\n\t\t\t\t\t\t\t<div><img fetchpriority=\"high\" decoding=\"async\" class=\"alignright wp-image-19086 size-medium\" src=\"https:\/\/aswu.edu.eg\/en\/wp-content\/uploads\/image-result-for-business-contracts-1-pxfi2hd618cn90nbuy4yku3hn2md42gak8cjbaw6uw-300x180.jpeg\" alt=\"\" width=\"300\" height=\"180\" \/><\/div><div style=\"text-align: justify\"><p style=\"text-align: justify\"><span style=\"color: #333333\">\u00a0M\u00e9morandum d\u2019entente entre l\u2019universit\u00e9 d\u2019Assouan et les autres universit\u00e9s et institutions visent \u00e0 progresser de mettre des points et objectifs vers le service \u00e9ducationnel \u00e0 l\u2019universit\u00e9. \u00a0\u00a0<\/span><\/p><\/div><div>\u00a0<\/div><div><ul style=\"list-style-type: circle;padding-right: 20px\"><li style=\"text-align: left\"><span style=\"text-decoration: underline\"><a style=\"color: #0000ff;text-decoration: underline\" href=\"https:\/\/aswu.edu.eg\/fr\/memorandum-of-understanding-between-aswan-university-and-the-ministry-of-antiquities\/\">M\u00e9morandum d\u2019entente entre l\u2019universit\u00e9 d\u2019Assouan et le minist\u00e8re d\u2019arch\u00e9ologie<\/a><\/span><\/li><li style=\"text-align: left\"><span style=\"text-decoration: underline\"><span style=\"color: #0000ff;text-decoration: underline\"><a style=\"color: #0000ff;text-decoration: underline\" href=\"https:\/\/aswu.edu.eg\/fr\/memorandum-of-understanding-between-aswan-university-azragoza-university-spain\/\">M\u00e9morandum d\u2019entente entre l\u2019universit\u00e9 d\u2019Assouan et l\u2019universit\u00e9 de Zaragoza (Espagne)<\/a><\/span><\/span><\/li><li style=\"text-align: left\"><p><span style=\"text-decoration: underline;color: #0000ff\"><a style=\"color: #0000ff;text-decoration: underline\" href=\"https:\/\/aswu.edu.eg\/fr\/memorandum-of-understanding-between-aswan-university\/\">M\u00e9morandum d\u2019entente entre l\u2019universit\u00e9 d\u2019Assouan et universit\u00e9 Pardubice r\u00e9publique tch\u00e8que<\/a><\/span><\/p><\/li><li style=\"text-align: left\"><p><span style=\"text-decoration: underline\"><span style=\"color: #0000ff\"><a style=\"color: #0000ff;text-decoration: underline\" href=\"https:\/\/aswu.edu.eg\/fr\/memorandum-of-understanding-between-aswan-and-southern-university-of-new-orleansusa\/\">M\u00e9morandum d\u2019entente entre l\u2019universit\u00e9 d\u2019Assouan et l\u2019universit\u00e9 du sud de New Orl\u00e9ans aux \u00e9tats unis d\u2019Am\u00e9rique<\/a><\/span><\/span><\/p><\/li><li><p><span style=\"text-decoration: underline;color: #0000ff\"><a style=\"color: #0000ff;text-decoration: underline\" href=\"https:\/\/aswu.edu.eg\/fr\/memorandum-of-understanding-between-the-faculty-of-agriculture-and-natural-resources-aswan-university-and-the-egyptian-gulf-company-for-the-reclamation-of-desert-lands\/\">M\u00e9morandum d\u2019entente entre la facult\u00e9 d\u2019agriculture et les ressources naturelles- universit\u00e9 d\u2019Assouan et l\u2019entreprise Gulf \u00e9gyptien de restauration les terres d\u00e9sertes<\/a><\/span><\/p><\/li><\/ul><\/div>\t\t\t\t\t\t<\/div>\n\t\t\t\t<\/div>\n\t\t\t\t\t<\/div>\n\t\t<\/div>\n\t\t\t\t\t<\/div>\n\t\t<\/section>\n\t\t\t\t\t<\/div>\n\t\t<\/div>\n\t\t\t\t\t<\/div>\n\t\t<\/section>\n\t\t\t\t<\/div>\n\t\t","protected":false},"excerpt":{"rendered":"<p>\u00a0M\u00e9morandum d\u2019entente entre l\u2019universit\u00e9 d\u2019Assouan et les autres universit\u00e9s et institutions visent \u00e0 progresser de mettre des points et objectifs vers le service \u00e9ducationnel \u00e0 l\u2019universit\u00e9. \u00a0\u00a0 \u00a0 M\u00e9morandum d\u2019entente entre l\u2019universit\u00e9 d\u2019Assouan et le minist\u00e8re d\u2019arch\u00e9ologie M\u00e9morandum d\u2019entente entre <a href=\"https:\/\/aswu.edu.eg\/fr\/research\/scientific-research-agreements-and-protocols-aswu\/memoradum-of-understanding\/\" class=\"read-more\">Read More &#8230;<\/a><\/p>\n<div class=\"pvc_clear\"><\/div>\n<p id=\"pvc_stats_5283\" class=\"pvc_stats all  \" data-element-id=\"5283\" style=\"\"><i class=\"pvc-stats-icon medium\" aria-hidden=\"true\"><svg aria-hidden=\"true\" focusable=\"false\" data-prefix=\"far\" data-icon=\"chart-bar\" role=\"img\" xmlns=\"http:\/\/www.w3.org\/2000\/svg\" viewBox=\"0 0 512 512\" class=\"svg-inline--fa fa-chart-bar fa-w-16 fa-2x\"><path fill=\"currentColor\" d=\"M396.8 352h22.4c6.4 0 12.8-6.4 12.8-12.8V108.8c0-6.4-6.4-12.8-12.8-12.8h-22.4c-6.4 0-12.8 6.4-12.8 12.8v230.4c0 6.4 6.4 12.8 12.8 12.8zm-192 0h22.4c6.4 0 12.8-6.4 12.8-12.8V140.8c0-6.4-6.4-12.8-12.8-12.8h-22.4c-6.4 0-12.8 6.4-12.8 12.8v198.4c0 6.4 6.4 12.8 12.8 12.8zm96 0h22.4c6.4 0 12.8-6.4 12.8-12.8V204.8c0-6.4-6.4-12.8-12.8-12.8h-22.4c-6.4 0-12.8 6.4-12.8 12.8v134.4c0 6.4 6.4 12.8 12.8 12.8zM496 400H48V80c0-8.84-7.16-16-16-16H16C7.16 64 0 71.16 0 80v336c0 17.67 14.33 32 32 32h464c8.84 0 16-7.16 16-16v-16c0-8.84-7.16-16-16-16zm-387.2-48h22.4c6.4 0 12.8-6.4 12.8-12.8v-70.4c0-6.4-6.4-12.8-12.8-12.8h-22.4c-6.4 0-12.8 6.4-12.8 12.8v70.4c0 6.4 6.4 12.8 12.8 12.8z\" class=\"\"><\/path><\/svg><\/i> <img decoding=\"async\" width=\"16\" height=\"16\" alt=\"Loading\" src=\"https:\/\/aswu.edu.eg\/fr\/wp-content\/plugins\/page-views-count\/ajax-loader-2x.gif\" border=0 \/><\/p>\n<div class=\"pvc_clear\"><\/div>\n","protected":false},"author":10,"featured_media":0,"parent":13517,"menu_order":0,"comment_status":"closed","ping_status":"closed","template":"","meta":{"footnotes":""},"rttpg_featured_image_url":null,"rttpg_author":{"display_name":"baivy anton","author_link":"https:\/\/aswu.edu.eg\/fr\/author\/asenweb\/"},"rttpg_comment":0,"rttpg_category":null,"rttpg_excerpt":"\u00a0M\u00e9morandum d\u2019entente entre l\u2019universit\u00e9 d\u2019Assouan et les autres universit\u00e9s et institutions visent \u00e0 progresser de mettre des points et objectifs vers le service \u00e9ducationnel \u00e0 l\u2019universit\u00e9. \u00a0\u00a0 \u00a0 M\u00e9morandum d\u2019entente entre l\u2019universit\u00e9 d\u2019Assouan et le minist\u00e8re d\u2019arch\u00e9ologie M\u00e9morandum d\u2019entente entre Read More ...","_links":{"self":[{"href":"https:\/\/aswu.edu.eg\/fr\/wp-json\/wp\/v2\/pages\/5283"}],"collection":[{"href":"https:\/\/aswu.edu.eg\/fr\/wp-json\/wp\/v2\/pages"}],"about":[{"href":"https:\/\/aswu.edu.eg\/fr\/wp-json\/wp\/v2\/types\/page"}],"author":[{"embeddable":true,"href":"https:\/\/aswu.edu.eg\/fr\/wp-json\/wp\/v2\/users\/10"}],"replies":[{"embeddable":true,"href":"https:\/\/aswu.edu.eg\/fr\/wp-json\/wp\/v2\/comments?post=5283"}],"version-history":[{"count":119,"href":"https:\/\/aswu.edu.eg\/fr\/wp-json\/wp\/v2\/pages\/5283\/revisions"}],"predecessor-version":[{"id":29622,"href":"https:\/\/aswu.edu.eg\/fr\/wp-json\/wp\/v2\/pages\/5283\/revisions\/29622"}],"up":[{"embeddable":true,"href":"https:\/\/aswu.edu.eg\/fr\/wp-json\/wp\/v2\/pages\/13517"}],"wp:attachment":[{"href":"https:\/\/aswu.edu.eg\/fr\/wp-json\/wp\/v2\/media?parent=5283"}],"curies":[{"name":"wp","href":"https:\/\/api.w.org\/{rel}","templated":true}]}}