{"id":5288,"date":"2020-11-22T09:35:54","date_gmt":"2020-11-22T09:35:54","guid":{"rendered":"http:\/\/aswu.edu.eg\/en\/?page_id=5288"},"modified":"2023-04-04T08:02:35","modified_gmt":"2023-04-04T08:02:35","slug":"protocol-between-aswan-university-and-university-of-limonges-france","status":"publish","type":"page","link":"https:\/\/aswu.edu.eg\/fr\/research\/scientific-research-agreements-and-protocols-aswu\/agreements-and-protocols-aswu\/protocol-between-aswan-university-and-university-of-limonges-france\/","title":{"rendered":"Protocole de coop\u00e9ration entre l\u2019universit\u00e9 d\u2019Assouan et l\u2019universit\u00e9 du Limoges en France"},"content":{"rendered":"<p style=\"text-align: justify\"><span style=\"font-family: Cairo;color: #003366;font-size: 14pt\">Les objectifs de l\u2019accord\u00a0<\/span><\/p>\n<ol style=\"text-align: justify\">\n<li><span style=\"font-family: Cairo;color: #333333\">Etablir des liens distinctifs au domaine de la recherche scientifique et domaine d\u2019enseignement.<\/span><\/li>\n<li><span style=\"font-family: Cairo;color: #333333\">Organiser des \u00e9v\u00e9nements au domines d\u2019enseignement.<\/span><\/li>\n<li><span style=\"font-family: Cairo;color: #333333\">Lancer et d\u00e9velopper les projets de recherches communs.<\/span><\/li>\n<li><span style=\"font-family: Cairo;color: #333333\">Soutenir et \u00e9tablir les capacit\u00e9s fondamentales et de formations et de recherches pour les partenaires des universit\u00e9s d\u2019Haute-Egypte.<\/span><\/li>\n<\/ol>\n<p style=\"text-align: justify\"><span style=\"font-family: Cairo;color: #003366;font-size: 14pt\">Le contenu de l\u2019accord<\/span><\/p>\n<ol style=\"text-align: justify\">\n<li><span style=\"font-family: Cairo;color: #333333\">Organiser des bourses d\u2019enseignement des profs pour les parties d\u2019accord et c\u2019est au cadre du r\u00f4le d\u2019autorit\u00e9 sp\u00e9cialis\u00e9s.<\/span><\/li>\n<li><span style=\"font-family: Cairo;color: #333333\">L\u2019\u00e9changer r\u00e9gulier des informations et documentaire scientifique et enseignement.<\/span><\/li>\n<li><span style=\"font-family: Cairo;color: #333333\">Organiser l\u2019\u00e9changer \u00e9tudiant et les autres \u00e9v\u00e9nements conform\u00e9ment \u00e0 cet accord.<\/span><\/li>\n<\/ol>\n<p style=\"text-align: justify\"><span style=\"font-family: Cairo;color: #003366;font-size: 14pt\">La dur\u00e9e de l&#8217;accord\u00a0<\/span><\/p>\n<p style=\"text-align: justify\"><span style=\"font-family: Cairo;color: #333333\">L\u2019universit\u00e9 d\u2019Assouan et l\u2019universit\u00e9 du Limoges ont accord\u00e9 que les articles de l\u2019accord valident pour 5 ans (du 25 Rabea El-Akhar 1434 Hijri le 23 janvier 2017). \u00a0\u00a0<\/span><\/p>\n<div class=\"pvc_clear\"><\/div>\n<p id=\"pvc_stats_5288\" class=\"pvc_stats all  \" data-element-id=\"5288\" style=\"\"><i class=\"pvc-stats-icon medium\" aria-hidden=\"true\"><svg aria-hidden=\"true\" focusable=\"false\" data-prefix=\"far\" data-icon=\"chart-bar\" role=\"img\" xmlns=\"http:\/\/www.w3.org\/2000\/svg\" viewBox=\"0 0 512 512\" class=\"svg-inline--fa fa-chart-bar fa-w-16 fa-2x\"><path fill=\"currentColor\" d=\"M396.8 352h22.4c6.4 0 12.8-6.4 12.8-12.8V108.8c0-6.4-6.4-12.8-12.8-12.8h-22.4c-6.4 0-12.8 6.4-12.8 12.8v230.4c0 6.4 6.4 12.8 12.8 12.8zm-192 0h22.4c6.4 0 12.8-6.4 12.8-12.8V140.8c0-6.4-6.4-12.8-12.8-12.8h-22.4c-6.4 0-12.8 6.4-12.8 12.8v198.4c0 6.4 6.4 12.8 12.8 12.8zm96 0h22.4c6.4 0 12.8-6.4 12.8-12.8V204.8c0-6.4-6.4-12.8-12.8-12.8h-22.4c-6.4 0-12.8 6.4-12.8 12.8v134.4c0 6.4 6.4 12.8 12.8 12.8zM496 400H48V80c0-8.84-7.16-16-16-16H16C7.16 64 0 71.16 0 80v336c0 17.67 14.33 32 32 32h464c8.84 0 16-7.16 16-16v-16c0-8.84-7.16-16-16-16zm-387.2-48h22.4c6.4 0 12.8-6.4 12.8-12.8v-70.4c0-6.4-6.4-12.8-12.8-12.8h-22.4c-6.4 0-12.8 6.4-12.8 12.8v70.4c0 6.4 6.4 12.8 12.8 12.8z\" class=\"\"><\/path><\/svg><\/i> <img decoding=\"async\" width=\"16\" height=\"16\" alt=\"Loading\" src=\"https:\/\/aswu.edu.eg\/fr\/wp-content\/plugins\/page-views-count\/ajax-loader-2x.gif\" border=0 \/><\/p>\n<div class=\"pvc_clear\"><\/div>\n","protected":false},"excerpt":{"rendered":"<p>Les objectifs de l\u2019accord\u00a0 Etablir des liens distinctifs au domaine de la recherche scientifique et domaine d\u2019enseignement. Organiser des \u00e9v\u00e9nements au domines d\u2019enseignement. Lancer et d\u00e9velopper les projets de recherches communs. Soutenir et \u00e9tablir les capacit\u00e9s fondamentales et de formations <a href=\"https:\/\/aswu.edu.eg\/fr\/research\/scientific-research-agreements-and-protocols-aswu\/agreements-and-protocols-aswu\/protocol-between-aswan-university-and-university-of-limonges-france\/\" class=\"read-more\">Read More &#8230;<\/a><\/p>\n<div class=\"pvc_clear\"><\/div>\n<p id=\"pvc_stats_5288\" class=\"pvc_stats all  \" data-element-id=\"5288\" style=\"\"><i class=\"pvc-stats-icon medium\" aria-hidden=\"true\"><svg aria-hidden=\"true\" focusable=\"false\" data-prefix=\"far\" data-icon=\"chart-bar\" role=\"img\" xmlns=\"http:\/\/www.w3.org\/2000\/svg\" viewBox=\"0 0 512 512\" class=\"svg-inline--fa fa-chart-bar fa-w-16 fa-2x\"><path fill=\"currentColor\" d=\"M396.8 352h22.4c6.4 0 12.8-6.4 12.8-12.8V108.8c0-6.4-6.4-12.8-12.8-12.8h-22.4c-6.4 0-12.8 6.4-12.8 12.8v230.4c0 6.4 6.4 12.8 12.8 12.8zm-192 0h22.4c6.4 0 12.8-6.4 12.8-12.8V140.8c0-6.4-6.4-12.8-12.8-12.8h-22.4c-6.4 0-12.8 6.4-12.8 12.8v198.4c0 6.4 6.4 12.8 12.8 12.8zm96 0h22.4c6.4 0 12.8-6.4 12.8-12.8V204.8c0-6.4-6.4-12.8-12.8-12.8h-22.4c-6.4 0-12.8 6.4-12.8 12.8v134.4c0 6.4 6.4 12.8 12.8 12.8zM496 400H48V80c0-8.84-7.16-16-16-16H16C7.16 64 0 71.16 0 80v336c0 17.67 14.33 32 32 32h464c8.84 0 16-7.16 16-16v-16c0-8.84-7.16-16-16-16zm-387.2-48h22.4c6.4 0 12.8-6.4 12.8-12.8v-70.4c0-6.4-6.4-12.8-12.8-12.8h-22.4c-6.4 0-12.8 6.4-12.8 12.8v70.4c0 6.4 6.4 12.8 12.8 12.8z\" class=\"\"><\/path><\/svg><\/i> <img decoding=\"async\" width=\"16\" height=\"16\" alt=\"Loading\" src=\"https:\/\/aswu.edu.eg\/fr\/wp-content\/plugins\/page-views-count\/ajax-loader-2x.gif\" border=0 \/><\/p>\n<div class=\"pvc_clear\"><\/div>\n","protected":false},"author":10,"featured_media":5749,"parent":5281,"menu_order":0,"comment_status":"closed","ping_status":"closed","template":"","meta":{"footnotes":""},"rttpg_featured_image_url":{"full":["https:\/\/aswu.edu.eg\/fr\/wp-content\/uploads\/logo-ul@2x-1.png",488,160,false],"landscape":["https:\/\/aswu.edu.eg\/fr\/wp-content\/uploads\/logo-ul@2x-1.png",488,160,false],"portraits":["https:\/\/aswu.edu.eg\/fr\/wp-content\/uploads\/logo-ul@2x-1.png",488,160,false],"thumbnail":["https:\/\/aswu.edu.eg\/fr\/wp-content\/uploads\/logo-ul@2x-1-150x150.png",150,150,true],"medium":["https:\/\/aswu.edu.eg\/fr\/wp-content\/uploads\/logo-ul@2x-1-300x98.png",300,98,true],"large":["https:\/\/aswu.edu.eg\/fr\/wp-content\/uploads\/logo-ul@2x-1.png",488,160,false],"1536x1536":["https:\/\/aswu.edu.eg\/fr\/wp-content\/uploads\/logo-ul@2x-1.png",488,160,false],"2048x2048":["https:\/\/aswu.edu.eg\/fr\/wp-content\/uploads\/logo-ul@2x-1.png",488,160,false],"education-hub-thumb":["https:\/\/aswu.edu.eg\/fr\/wp-content\/uploads\/logo-ul@2x-1-360x118.png",360,118,true]},"rttpg_author":{"display_name":"baivy anton","author_link":"https:\/\/aswu.edu.eg\/fr\/author\/asenweb\/"},"rttpg_comment":0,"rttpg_category":null,"rttpg_excerpt":"Les objectifs de l\u2019accord\u00a0 Etablir des liens distinctifs au domaine de la recherche scientifique et domaine d\u2019enseignement. Organiser des \u00e9v\u00e9nements au domines d\u2019enseignement. Lancer et d\u00e9velopper les projets de recherches communs. Soutenir et \u00e9tablir les capacit\u00e9s fondamentales et de formations Read More ...","_links":{"self":[{"href":"https:\/\/aswu.edu.eg\/fr\/wp-json\/wp\/v2\/pages\/5288"}],"collection":[{"href":"https:\/\/aswu.edu.eg\/fr\/wp-json\/wp\/v2\/pages"}],"about":[{"href":"https:\/\/aswu.edu.eg\/fr\/wp-json\/wp\/v2\/types\/page"}],"author":[{"embeddable":true,"href":"https:\/\/aswu.edu.eg\/fr\/wp-json\/wp\/v2\/users\/10"}],"replies":[{"embeddable":true,"href":"https:\/\/aswu.edu.eg\/fr\/wp-json\/wp\/v2\/comments?post=5288"}],"version-history":[{"count":9,"href":"https:\/\/aswu.edu.eg\/fr\/wp-json\/wp\/v2\/pages\/5288\/revisions"}],"predecessor-version":[{"id":29212,"href":"https:\/\/aswu.edu.eg\/fr\/wp-json\/wp\/v2\/pages\/5288\/revisions\/29212"}],"up":[{"embeddable":true,"href":"https:\/\/aswu.edu.eg\/fr\/wp-json\/wp\/v2\/pages\/5281"}],"wp:featuredmedia":[{"embeddable":true,"href":"https:\/\/aswu.edu.eg\/fr\/wp-json\/wp\/v2\/media\/5749"}],"wp:attachment":[{"href":"https:\/\/aswu.edu.eg\/fr\/wp-json\/wp\/v2\/media?parent=5288"}],"curies":[{"name":"wp","href":"https:\/\/api.w.org\/{rel}","templated":true}]}}