{"id":5292,"date":"2020-11-22T09:42:18","date_gmt":"2020-11-22T09:42:18","guid":{"rendered":"http:\/\/aswu.edu.eg\/en\/?page_id=5292"},"modified":"2023-04-04T08:31:59","modified_gmt":"2023-04-04T08:31:59","slug":"protocol-between-aswan-university-and-university-of-jaenspain","status":"publish","type":"page","link":"https:\/\/aswu.edu.eg\/fr\/research\/scientific-research-agreements-and-protocols-aswu\/agreements-and-protocols-aswu\/protocol-between-aswan-university-and-university-of-jaenspain\/","title":{"rendered":"Protocole de coop\u00e9ration entre l\u2019universit\u00e9 d\u2019Assouan et l\u2019universit\u00e9 de Ja\u00e9n en Espagne\u00a0"},"content":{"rendered":"<p><span style=\"color: #003366;font-size: 14pt\">Les objectifs de l\u2019accord<\/span><\/p>\n<ol>\n<li><span style=\"color: #333333\">D\u00e9veloppement et ex\u00e9cuter des \u00e9tudes et recherches des th\u00e8mes d\u2019int\u00e9r\u00eat commun.<\/span><\/li>\n<li><span style=\"color: #333333\">Encouragement \u00e0 publier les recherches scientifiques d\u2019int\u00e9r\u00eat commun pour chaque des universit\u00e9s de Ja\u00e9n et l\u2019universit\u00e9 d\u2019Assouan.<\/span><\/li>\n<li><span style=\"color: #333333\">Fortifier la publication des connaissances et organisation des conf\u00e9rences et les rencontres d\u2019\u00e9tude et les cours de formation<\/span><\/li>\n<li><span style=\"color: #333333\">Etablir du syst\u00e8me d\u2019\u00e9changer les services o\u00f9 la coop\u00e9ration commune sera d\u00e9velopp\u00e9e les services communautaires.<\/span><\/li>\n<li><span style=\"color: #333333\">soutenir la coop\u00e9ration entre les deux universit\u00e9s Assouan et Ja\u00e9n et cette organisation commun des activit\u00e9s culturels et aussi d\u2019utiliser les \u00e9quipements pr\u00e9par\u00e9 pour ces.<\/span><\/li>\n<\/ol>\n<p><span style=\"font-size: 14pt;color: #003366\">La dur\u00e9e de l\u2019accord\u00a0<\/span><\/p>\n<p><span style=\"color: #333333\">Cet accord mise en \u0153uvre au m\u00eame jour que l&#8217;a sign\u00e9\u00a0 (20 Jumada El-Awal 1437\u00a0 le 29 f\u00e9vrier 2016) que \u00e7a validit\u00e9 pour un an \u00e0 partir cette date.<\/span><\/p>\n<div class=\"pvc_clear\"><\/div>\n<p id=\"pvc_stats_5292\" class=\"pvc_stats all  \" data-element-id=\"5292\" style=\"\"><i class=\"pvc-stats-icon medium\" aria-hidden=\"true\"><svg aria-hidden=\"true\" focusable=\"false\" data-prefix=\"far\" data-icon=\"chart-bar\" role=\"img\" xmlns=\"http:\/\/www.w3.org\/2000\/svg\" viewBox=\"0 0 512 512\" class=\"svg-inline--fa fa-chart-bar fa-w-16 fa-2x\"><path fill=\"currentColor\" d=\"M396.8 352h22.4c6.4 0 12.8-6.4 12.8-12.8V108.8c0-6.4-6.4-12.8-12.8-12.8h-22.4c-6.4 0-12.8 6.4-12.8 12.8v230.4c0 6.4 6.4 12.8 12.8 12.8zm-192 0h22.4c6.4 0 12.8-6.4 12.8-12.8V140.8c0-6.4-6.4-12.8-12.8-12.8h-22.4c-6.4 0-12.8 6.4-12.8 12.8v198.4c0 6.4 6.4 12.8 12.8 12.8zm96 0h22.4c6.4 0 12.8-6.4 12.8-12.8V204.8c0-6.4-6.4-12.8-12.8-12.8h-22.4c-6.4 0-12.8 6.4-12.8 12.8v134.4c0 6.4 6.4 12.8 12.8 12.8zM496 400H48V80c0-8.84-7.16-16-16-16H16C7.16 64 0 71.16 0 80v336c0 17.67 14.33 32 32 32h464c8.84 0 16-7.16 16-16v-16c0-8.84-7.16-16-16-16zm-387.2-48h22.4c6.4 0 12.8-6.4 12.8-12.8v-70.4c0-6.4-6.4-12.8-12.8-12.8h-22.4c-6.4 0-12.8 6.4-12.8 12.8v70.4c0 6.4 6.4 12.8 12.8 12.8z\" class=\"\"><\/path><\/svg><\/i> <img decoding=\"async\" width=\"16\" height=\"16\" alt=\"Loading\" src=\"https:\/\/aswu.edu.eg\/fr\/wp-content\/plugins\/page-views-count\/ajax-loader-2x.gif\" border=0 \/><\/p>\n<div class=\"pvc_clear\"><\/div>\n","protected":false},"excerpt":{"rendered":"<p>Les objectifs de l\u2019accord D\u00e9veloppement et ex\u00e9cuter des \u00e9tudes et recherches des th\u00e8mes d\u2019int\u00e9r\u00eat commun. Encouragement \u00e0 publier les recherches scientifiques d\u2019int\u00e9r\u00eat commun pour chaque des universit\u00e9s de Ja\u00e9n et l\u2019universit\u00e9 d\u2019Assouan. Fortifier la publication des connaissances et organisation des <a href=\"https:\/\/aswu.edu.eg\/fr\/research\/scientific-research-agreements-and-protocols-aswu\/agreements-and-protocols-aswu\/protocol-between-aswan-university-and-university-of-jaenspain\/\" class=\"read-more\">Read More &#8230;<\/a><\/p>\n<div class=\"pvc_clear\"><\/div>\n<p id=\"pvc_stats_5292\" class=\"pvc_stats all  \" data-element-id=\"5292\" style=\"\"><i class=\"pvc-stats-icon medium\" aria-hidden=\"true\"><svg aria-hidden=\"true\" focusable=\"false\" data-prefix=\"far\" data-icon=\"chart-bar\" role=\"img\" xmlns=\"http:\/\/www.w3.org\/2000\/svg\" viewBox=\"0 0 512 512\" class=\"svg-inline--fa fa-chart-bar fa-w-16 fa-2x\"><path fill=\"currentColor\" d=\"M396.8 352h22.4c6.4 0 12.8-6.4 12.8-12.8V108.8c0-6.4-6.4-12.8-12.8-12.8h-22.4c-6.4 0-12.8 6.4-12.8 12.8v230.4c0 6.4 6.4 12.8 12.8 12.8zm-192 0h22.4c6.4 0 12.8-6.4 12.8-12.8V140.8c0-6.4-6.4-12.8-12.8-12.8h-22.4c-6.4 0-12.8 6.4-12.8 12.8v198.4c0 6.4 6.4 12.8 12.8 12.8zm96 0h22.4c6.4 0 12.8-6.4 12.8-12.8V204.8c0-6.4-6.4-12.8-12.8-12.8h-22.4c-6.4 0-12.8 6.4-12.8 12.8v134.4c0 6.4 6.4 12.8 12.8 12.8zM496 400H48V80c0-8.84-7.16-16-16-16H16C7.16 64 0 71.16 0 80v336c0 17.67 14.33 32 32 32h464c8.84 0 16-7.16 16-16v-16c0-8.84-7.16-16-16-16zm-387.2-48h22.4c6.4 0 12.8-6.4 12.8-12.8v-70.4c0-6.4-6.4-12.8-12.8-12.8h-22.4c-6.4 0-12.8 6.4-12.8 12.8v70.4c0 6.4 6.4 12.8 12.8 12.8z\" class=\"\"><\/path><\/svg><\/i> <img decoding=\"async\" width=\"16\" height=\"16\" alt=\"Loading\" src=\"https:\/\/aswu.edu.eg\/fr\/wp-content\/plugins\/page-views-count\/ajax-loader-2x.gif\" border=0 \/><\/p>\n<div class=\"pvc_clear\"><\/div>\n","protected":false},"author":10,"featured_media":5746,"parent":5281,"menu_order":0,"comment_status":"closed","ping_status":"closed","template":"","meta":{"footnotes":""},"rttpg_featured_image_url":{"full":["https:\/\/aswu.edu.eg\/fr\/wp-content\/uploads\/unnamed-1.png",200,200,false],"landscape":["https:\/\/aswu.edu.eg\/fr\/wp-content\/uploads\/unnamed-1.png",200,200,false],"portraits":["https:\/\/aswu.edu.eg\/fr\/wp-content\/uploads\/unnamed-1.png",200,200,false],"thumbnail":["https:\/\/aswu.edu.eg\/fr\/wp-content\/uploads\/unnamed-1-150x150.png",150,150,true],"medium":["https:\/\/aswu.edu.eg\/fr\/wp-content\/uploads\/unnamed-1.png",200,200,false],"large":["https:\/\/aswu.edu.eg\/fr\/wp-content\/uploads\/unnamed-1.png",200,200,false],"1536x1536":["https:\/\/aswu.edu.eg\/fr\/wp-content\/uploads\/unnamed-1.png",200,200,false],"2048x2048":["https:\/\/aswu.edu.eg\/fr\/wp-content\/uploads\/unnamed-1.png",200,200,false],"education-hub-thumb":["https:\/\/aswu.edu.eg\/fr\/wp-content\/uploads\/unnamed-1.png",200,200,false]},"rttpg_author":{"display_name":"baivy anton","author_link":"https:\/\/aswu.edu.eg\/fr\/author\/asenweb\/"},"rttpg_comment":0,"rttpg_category":null,"rttpg_excerpt":"Les objectifs de l\u2019accord D\u00e9veloppement et ex\u00e9cuter des \u00e9tudes et recherches des th\u00e8mes d\u2019int\u00e9r\u00eat commun. Encouragement \u00e0 publier les recherches scientifiques d\u2019int\u00e9r\u00eat commun pour chaque des universit\u00e9s de Ja\u00e9n et l\u2019universit\u00e9 d\u2019Assouan. Fortifier la publication des connaissances et organisation des Read More ...","_links":{"self":[{"href":"https:\/\/aswu.edu.eg\/fr\/wp-json\/wp\/v2\/pages\/5292"}],"collection":[{"href":"https:\/\/aswu.edu.eg\/fr\/wp-json\/wp\/v2\/pages"}],"about":[{"href":"https:\/\/aswu.edu.eg\/fr\/wp-json\/wp\/v2\/types\/page"}],"author":[{"embeddable":true,"href":"https:\/\/aswu.edu.eg\/fr\/wp-json\/wp\/v2\/users\/10"}],"replies":[{"embeddable":true,"href":"https:\/\/aswu.edu.eg\/fr\/wp-json\/wp\/v2\/comments?post=5292"}],"version-history":[{"count":6,"href":"https:\/\/aswu.edu.eg\/fr\/wp-json\/wp\/v2\/pages\/5292\/revisions"}],"predecessor-version":[{"id":29218,"href":"https:\/\/aswu.edu.eg\/fr\/wp-json\/wp\/v2\/pages\/5292\/revisions\/29218"}],"up":[{"embeddable":true,"href":"https:\/\/aswu.edu.eg\/fr\/wp-json\/wp\/v2\/pages\/5281"}],"wp:featuredmedia":[{"embeddable":true,"href":"https:\/\/aswu.edu.eg\/fr\/wp-json\/wp\/v2\/media\/5746"}],"wp:attachment":[{"href":"https:\/\/aswu.edu.eg\/fr\/wp-json\/wp\/v2\/media?parent=5292"}],"curies":[{"name":"wp","href":"https:\/\/api.w.org\/{rel}","templated":true}]}}