{"id":5336,"date":"2020-11-22T14:30:03","date_gmt":"2020-11-22T14:30:03","guid":{"rendered":"http:\/\/aswu.edu.eg\/en\/?page_id=5336"},"modified":"2026-02-12T10:10:25","modified_gmt":"2026-02-12T10:10:25","slug":"museums","status":"publish","type":"page","link":"https:\/\/aswu.edu.eg\/fr\/media\/museums\/","title":{"rendered":"Les Mus\u00e9es"},"content":{"rendered":"\t\t<div data-elementor-type=\"wp-page\" data-elementor-id=\"5336\" class=\"elementor elementor-5336\">\n\t\t\t\t\t\t<section class=\"elementor-section elementor-top-section elementor-element elementor-element-46fcedcf elementor-section-boxed elementor-section-height-default elementor-section-height-default\" data-id=\"46fcedcf\" data-element_type=\"section\">\n\t\t\t\t\t\t<div class=\"elementor-container elementor-column-gap-default\">\n\t\t\t\t\t<div class=\"elementor-column elementor-col-100 elementor-top-column elementor-element elementor-element-4ed4d709\" data-id=\"4ed4d709\" data-element_type=\"column\">\n\t\t\t<div class=\"elementor-widget-wrap elementor-element-populated\">\n\t\t\t\t\t\t<div class=\"elementor-element elementor-element-7dc5b08 elementor-widget elementor-widget-gallery\" data-id=\"7dc5b08\" data-element_type=\"widget\" data-widget_type=\"gallery.default\">\n\t\t\t\t<div class=\"elementor-widget-container\">\n\t\t\t \t\t<\/div>\n\t\t\t\t<\/div>\n\t\t\t\t<div class=\"elementor-element elementor-element-3d8e8a8a elementor-widget elementor-widget-text-editor\" data-id=\"3d8e8a8a\" data-element_type=\"widget\" data-widget_type=\"text-editor.default\">\n\t\t\t\t<div class=\"elementor-widget-container\">\n\t\t\t\t\t\t\t<p style=\"text-align: justify\"><span style=\"color: #333333;font-size: 17px\"><span style=\"font-size: 19px;color: #003366\">Introduction\u00a0<\/span>: Le mus\u00e9e de zoologie situe dans le cinqui\u00e8me \u00e9tage dans le b\u00e2timent de facult\u00e9 des sciences qu\u2019il riche des grands collections des mati\u00e8res et des \u00e9chantillons \u00e0 chaque des invert\u00e9br\u00e9s et les vert\u00e9br\u00e9s, qui repr\u00e9sentent l\u2019ensemble du r\u00e8gne animal le mus\u00e9e contient de nombreux sp\u00e9cimens conserv\u00e9s, des squelettes, des mod\u00e8les anatomiques et des mod\u00e8les en verre des invert\u00e9br\u00e9s, ainsi que des affiches p\u00e9dagogiques. Les animaux pr\u00e9sents dans le mus\u00e9e repr\u00e9sentent l\u2019environnement \u00e9gyptien. Le mus\u00e9e a \u00e9t\u00e9 fond\u00e9 dans les ann\u00e9es 1990, et tout son contenu est soit financ\u00e9 par l\u2019Universit\u00e9 d\u2019Assouan, soit le r\u00e9sultat des activit\u00e9s de recherche des membres du corps enseignant et des \u00e9tudiants, men\u00e9es lors des excursions scientifiques annuelles des \u00e9tudiants. Le mus\u00e9e est en cours de mise \u00e0 jour par le d\u00e9veloppement de ses contenus actuels, ainsi que par l\u2019ajout de nouveaux mod\u00e8les vari\u00e9s.<\/span><\/p><p style=\"text-align: justify\"><span style=\"color: #003366;font-size: 18px\">Les objectifs\u00a0:<\/span><\/p><p style=\"text-align: justify\"><span style=\"color: #333333;font-size: 17px\">Le mus\u00e9e sert principalement des objectifs \u00e9ducatifs, en \u00e9tant utilis\u00e9 dans l\u2019enseignement de certains programmes destin\u00e9s aux \u00e9tudiants du baccalaur\u00e9at. Il contribue \u00e9galement aux objectifs de recherche, en plus d\u2019\u00eatre une destination scientifique pour les \u00e9l\u00e8ves des \u00e9coles.<\/span><\/p><p style=\"text-align: justify\"><span style=\"color: #003366;font-size: 18px\">Heures d\u2019ouverture :<\/span><\/p><p style=\"text-align: justify\"><span style=\"color: #333333;font-size: 17px\">Du dimanche au jeudi, de 9h00 \u00e0 17h00.<\/span><\/p><p style=\"text-align: justify\"><span style=\"color: #003366;font-size: 18px\">Pour toute consultation, veuillez contacter :<\/span><\/p><p><span style=\"color: #003366;font-size: 18px\">T\u00e9l\u00e9phone:<\/span> <span style=\"color: #333333;font-size: 17px\">097380446 \u2013 0973480901\u00a0<\/span><\/p><p><span style=\"color: #003366;font-size: 18px\">Fax<\/span>: <span style=\"color: #333333\">09773480449<\/span><\/p>\t\t\t\t\t\t<\/div>\n\t\t\t\t<\/div>\n\t\t\t\t\t<\/div>\n\t\t<\/div>\n\t\t\t\t\t<\/div>\n\t\t<\/section>\n\t\t\t\t<section class=\"elementor-section elementor-top-section elementor-element elementor-element-f42e370 elementor-section-boxed elementor-section-height-default elementor-section-height-default\" data-id=\"f42e370\" data-element_type=\"section\">\n\t\t\t\t\t\t<div class=\"elementor-container elementor-column-gap-default\">\n\t\t\t\t\t<div class=\"elementor-column elementor-col-100 elementor-top-column elementor-element elementor-element-8126eac\" data-id=\"8126eac\" data-element_type=\"column\">\n\t\t\t<div class=\"elementor-widget-wrap elementor-element-populated\">\n\t\t\t\t\t\t<div class=\"elementor-element elementor-element-f20e310 elementor-widget elementor-widget-gallery\" data-id=\"f20e310\" data-element_type=\"widget\" data-widget_type=\"gallery.default\">\n\t\t\t\t<div class=\"elementor-widget-container\">\n\t\t\t \t\t<\/div>\n\t\t\t\t<\/div>\n\t\t\t\t\t<\/div>\n\t\t<\/div>\n\t\t\t\t\t<\/div>\n\t\t<\/section>\n\t\t\t\t<section class=\"elementor-section elementor-top-section elementor-element elementor-element-726e01b elementor-section-boxed elementor-section-height-default elementor-section-height-default\" data-id=\"726e01b\" data-element_type=\"section\">\n\t\t\t\t\t\t<div class=\"elementor-container elementor-column-gap-default\">\n\t\t\t\t\t<div class=\"elementor-column elementor-col-100 elementor-top-column elementor-element elementor-element-a66bbe1\" data-id=\"a66bbe1\" data-element_type=\"column\">\n\t\t\t<div class=\"elementor-widget-wrap elementor-element-populated\">\n\t\t\t\t\t\t<div class=\"elementor-element elementor-element-66c8f56 elementor-widget elementor-widget-text-editor\" data-id=\"66c8f56\" data-element_type=\"widget\" data-widget_type=\"text-editor.default\">\n\t\t\t\t<div class=\"elementor-widget-container\">\n\t\t\t\t\t\t\t\t\t\t\t\t\t<\/div>\n\t\t\t\t<\/div>\n\t\t\t\t\t<\/div>\n\t\t<\/div>\n\t\t\t\t\t<\/div>\n\t\t<\/section>\n\t\t\t\t<\/div>\n\t\t","protected":false},"excerpt":{"rendered":"<p>Introduction\u00a0: Le mus\u00e9e de zoologie situe dans le cinqui\u00e8me \u00e9tage dans le b\u00e2timent de facult\u00e9 des sciences qu\u2019il riche des grands collections des mati\u00e8res et des \u00e9chantillons \u00e0 chaque des invert\u00e9br\u00e9s et les vert\u00e9br\u00e9s, qui repr\u00e9sentent l\u2019ensemble du r\u00e8gne animal <a href=\"https:\/\/aswu.edu.eg\/fr\/media\/museums\/\" class=\"read-more\">Read More &#8230;<\/a><\/p>\n<div class=\"pvc_clear\"><\/div>\n<p id=\"pvc_stats_5336\" class=\"pvc_stats all  \" data-element-id=\"5336\" style=\"\"><i class=\"pvc-stats-icon medium\" aria-hidden=\"true\"><svg aria-hidden=\"true\" focusable=\"false\" data-prefix=\"far\" data-icon=\"chart-bar\" role=\"img\" xmlns=\"http:\/\/www.w3.org\/2000\/svg\" viewBox=\"0 0 512 512\" class=\"svg-inline--fa fa-chart-bar fa-w-16 fa-2x\"><path fill=\"currentColor\" d=\"M396.8 352h22.4c6.4 0 12.8-6.4 12.8-12.8V108.8c0-6.4-6.4-12.8-12.8-12.8h-22.4c-6.4 0-12.8 6.4-12.8 12.8v230.4c0 6.4 6.4 12.8 12.8 12.8zm-192 0h22.4c6.4 0 12.8-6.4 12.8-12.8V140.8c0-6.4-6.4-12.8-12.8-12.8h-22.4c-6.4 0-12.8 6.4-12.8 12.8v198.4c0 6.4 6.4 12.8 12.8 12.8zm96 0h22.4c6.4 0 12.8-6.4 12.8-12.8V204.8c0-6.4-6.4-12.8-12.8-12.8h-22.4c-6.4 0-12.8 6.4-12.8 12.8v134.4c0 6.4 6.4 12.8 12.8 12.8zM496 400H48V80c0-8.84-7.16-16-16-16H16C7.16 64 0 71.16 0 80v336c0 17.67 14.33 32 32 32h464c8.84 0 16-7.16 16-16v-16c0-8.84-7.16-16-16-16zm-387.2-48h22.4c6.4 0 12.8-6.4 12.8-12.8v-70.4c0-6.4-6.4-12.8-12.8-12.8h-22.4c-6.4 0-12.8 6.4-12.8 12.8v70.4c0 6.4 6.4 12.8 12.8 12.8z\" class=\"\"><\/path><\/svg><\/i> <img decoding=\"async\" width=\"16\" height=\"16\" alt=\"Loading\" src=\"https:\/\/aswu.edu.eg\/fr\/wp-content\/plugins\/page-views-count\/ajax-loader-2x.gif\" border=0 \/><\/p>\n<div class=\"pvc_clear\"><\/div>\n","protected":false},"author":10,"featured_media":0,"parent":3987,"menu_order":0,"comment_status":"closed","ping_status":"closed","template":"","meta":{"footnotes":""},"rttpg_featured_image_url":null,"rttpg_author":{"display_name":"baivy anton","author_link":"https:\/\/aswu.edu.eg\/fr\/author\/asenweb\/"},"rttpg_comment":0,"rttpg_category":null,"rttpg_excerpt":"Introduction\u00a0: Le mus\u00e9e de zoologie situe dans le cinqui\u00e8me \u00e9tage dans le b\u00e2timent de facult\u00e9 des sciences qu\u2019il riche des grands collections des mati\u00e8res et des \u00e9chantillons \u00e0 chaque des invert\u00e9br\u00e9s et les vert\u00e9br\u00e9s, qui repr\u00e9sentent l\u2019ensemble du r\u00e8gne animal Read More ...","_links":{"self":[{"href":"https:\/\/aswu.edu.eg\/fr\/wp-json\/wp\/v2\/pages\/5336"}],"collection":[{"href":"https:\/\/aswu.edu.eg\/fr\/wp-json\/wp\/v2\/pages"}],"about":[{"href":"https:\/\/aswu.edu.eg\/fr\/wp-json\/wp\/v2\/types\/page"}],"author":[{"embeddable":true,"href":"https:\/\/aswu.edu.eg\/fr\/wp-json\/wp\/v2\/users\/10"}],"replies":[{"embeddable":true,"href":"https:\/\/aswu.edu.eg\/fr\/wp-json\/wp\/v2\/comments?post=5336"}],"version-history":[{"count":20,"href":"https:\/\/aswu.edu.eg\/fr\/wp-json\/wp\/v2\/pages\/5336\/revisions"}],"predecessor-version":[{"id":31522,"href":"https:\/\/aswu.edu.eg\/fr\/wp-json\/wp\/v2\/pages\/5336\/revisions\/31522"}],"up":[{"embeddable":true,"href":"https:\/\/aswu.edu.eg\/fr\/wp-json\/wp\/v2\/pages\/3987"}],"wp:attachment":[{"href":"https:\/\/aswu.edu.eg\/fr\/wp-json\/wp\/v2\/media?parent=5336"}],"curies":[{"name":"wp","href":"https:\/\/api.w.org\/{rel}","templated":true}]}}