{"id":5391,"date":"2020-11-22T16:22:31","date_gmt":"2020-11-22T16:22:31","guid":{"rendered":"http:\/\/aswu.edu.eg\/en\/?page_id=5391"},"modified":"2023-04-11T10:54:41","modified_gmt":"2023-04-11T10:54:41","slug":"logistical-services","status":"publish","type":"page","link":"https:\/\/aswu.edu.eg\/fr\/services-aswu\/logistical-services\/","title":{"rendered":"Services logistiques"},"content":{"rendered":"\t\t<div data-elementor-type=\"wp-page\" data-elementor-id=\"5391\" class=\"elementor elementor-5391\">\n\t\t\t\t\t\t<section class=\"elementor-section elementor-top-section elementor-element elementor-element-7bffd11 elementor-section-boxed elementor-section-height-default elementor-section-height-default\" data-id=\"7bffd11\" data-element_type=\"section\">\n\t\t\t\t\t\t<div class=\"elementor-container elementor-column-gap-default\">\n\t\t\t\t\t<div class=\"elementor-column elementor-col-100 elementor-top-column elementor-element elementor-element-9286672\" data-id=\"9286672\" data-element_type=\"column\" data-settings=\"{&quot;background_background&quot;:&quot;gradient&quot;}\">\n\t\t\t<div class=\"elementor-widget-wrap elementor-element-populated\">\n\t\t\t\t\t\t<div class=\"elementor-element elementor-element-36a815b elementor-widget elementor-widget-text-editor\" data-id=\"36a815b\" data-element_type=\"widget\" data-widget_type=\"text-editor.default\">\n\t\t\t\t<div class=\"elementor-widget-container\">\n\t\t\t\t\t\t\t<p style=\"text-align: left\"><strong><span style=\"color: #003366\"> \u00a0<span style=\"font-size: 14pt\"> \u00a0Horaires des bus universitaires<\/span><\/span><\/strong><\/p><table dir=\"ltr\" style=\"width: 99.1269%;direction: rtl;height: 457px\" width=\"95.1817%\"><tbody><tr style=\"background-color: #3498db;height: 24px;direction: rtl\"><td style=\"width: 54.0991%;text-align: center\" width=\"33%\">Cat\u00e9gorie<\/td><td style=\"width: 59.8387%;text-align: center\" width=\"33%\">Date de pr\u00e9sence<\/td><\/tr><tr style=\"background-color: #eeeeee\"><td style=\"width: 54.0991%;text-align: left\" width=\"33%\">Ouvriers\u00a0<\/td><td dir=\"ltr\" style=\"width: 59.8387%;text-align: left\"><span style=\"color: #333333\">6:30 am<\/span><\/td><\/tr><tr><td style=\"width: 54.0991%;text-align: left\" width=\"33%\">Employ\u00e9es<\/td><td dir=\"ltr\" style=\"width: 59.8387%;text-align: left\"><span style=\"color: #333333\">\u00a0 7:30 am\u00a0<\/span><\/td><\/tr><tr><td style=\"width: 54.0991%;text-align: left\">Personnel acad\u00e9mique<\/td><td dir=\"ltr\" style=\"width: 59.8387%;text-align: left\"><span style=\"color: #333333\">8:30 am<\/span><\/td><\/tr><tr><td style=\"width: 54.0991%;text-align: left\">Personnel acad\u00e9mique<\/td><td dir=\"ltr\" style=\"width: 59.8387%;text-align: left\"><span style=\"color: #333333\">10:00 am<\/span><\/td><\/tr><tr><td style=\"width: 54.0991%;text-align: left\">Superviseurs\u00a0<\/td><td dir=\"ltr\" style=\"width: 59.8387%;text-align: left\"><span style=\"color: #333333\">1:15 pm<\/span><\/td><\/tr><tr style=\"background-color: #3498db\"><td style=\"width: 54.0991%;text-align: center\" width=\"33%\">Cat\u00e9gorie<\/td><td style=\"width: 59.8387%;text-align: center\">Date de d\u00e9part<\/td><\/tr><tr><td style=\"width: 54.0991%;text-align: left\">Personnel acad\u00e9mique<\/td><td dir=\"ltr\" style=\"width: 59.8387%;text-align: left\"><span style=\"color: #333333\">2:00 pm<\/span><\/td><\/tr><tr><td style=\"width: 54.0991%;text-align: left\" width=\"33%\">Employ\u00e9es<\/td><td dir=\"ltr\" style=\"width: 59.8387%;text-align: left\"><span style=\"color: #333333\">3:00 pm<\/span><\/td><\/tr><tr style=\"background-color: #eeeeee\"><td style=\"width: 54.0991%;text-align: left\" width=\"33%\">Ouvriers<\/td><td dir=\"ltr\" style=\"width: 59.8387%;text-align: left\"><span style=\"color: #333333\">4:15 pm<\/span><\/td><\/tr><tr><td style=\"width: 54.0991%;text-align: left\">Sp\u00e9cialistes des labs<\/td><td dir=\"ltr\" style=\"width: 59.8387%;text-align: left\"><span style=\"color: #333333\">6:00 pm<\/span><\/td><\/tr><tr><td style=\"width: 54.0991%;text-align: left\">Sp\u00e9cialistes des labs<\/td><td dir=\"ltr\" style=\"width: 59.8387%;text-align: left\"><span style=\"color: #333333\">8:00 pm<\/span><\/td><\/tr><\/tbody><\/table>\t\t\t\t\t\t<\/div>\n\t\t\t\t<\/div>\n\t\t\t\t<div class=\"elementor-element elementor-element-b8b37f3 elementor-widget-divider--view-line elementor-widget elementor-widget-divider\" data-id=\"b8b37f3\" data-element_type=\"widget\" data-widget_type=\"divider.default\">\n\t\t\t\t<div class=\"elementor-widget-container\">\n\t\t\t\t\t<div class=\"elementor-divider\">\n\t\t\t<span class=\"elementor-divider-separator\">\n\t\t\t\t\t\t<\/span>\n\t\t<\/div>\n\t\t\t\t<\/div>\n\t\t\t\t<\/div>\n\t\t\t\t\t<\/div>\n\t\t<\/div>\n\t\t\t\t\t<\/div>\n\t\t<\/section>\n\t\t\t\t<\/div>\n\t\t","protected":false},"excerpt":{"rendered":"<p>\u00a0 \u00a0Horaires des bus universitaires Cat\u00e9gorie Date de pr\u00e9sence Ouvriers\u00a0 6:30 am Employ\u00e9es \u00a0 7:30 am\u00a0 Personnel acad\u00e9mique 8:30 am Personnel acad\u00e9mique 10:00 am Superviseurs\u00a0 1:15 pm Cat\u00e9gorie Date de d\u00e9part Personnel acad\u00e9mique 2:00 pm Employ\u00e9es 3:00 pm Ouvriers 4:15 <a href=\"https:\/\/aswu.edu.eg\/fr\/services-aswu\/logistical-services\/\" class=\"read-more\">Read More &#8230;<\/a><\/p>\n<div class=\"pvc_clear\"><\/div>\n<p id=\"pvc_stats_5391\" class=\"pvc_stats all  \" data-element-id=\"5391\" style=\"\"><i class=\"pvc-stats-icon medium\" aria-hidden=\"true\"><svg aria-hidden=\"true\" focusable=\"false\" data-prefix=\"far\" data-icon=\"chart-bar\" role=\"img\" xmlns=\"http:\/\/www.w3.org\/2000\/svg\" viewBox=\"0 0 512 512\" class=\"svg-inline--fa fa-chart-bar fa-w-16 fa-2x\"><path fill=\"currentColor\" d=\"M396.8 352h22.4c6.4 0 12.8-6.4 12.8-12.8V108.8c0-6.4-6.4-12.8-12.8-12.8h-22.4c-6.4 0-12.8 6.4-12.8 12.8v230.4c0 6.4 6.4 12.8 12.8 12.8zm-192 0h22.4c6.4 0 12.8-6.4 12.8-12.8V140.8c0-6.4-6.4-12.8-12.8-12.8h-22.4c-6.4 0-12.8 6.4-12.8 12.8v198.4c0 6.4 6.4 12.8 12.8 12.8zm96 0h22.4c6.4 0 12.8-6.4 12.8-12.8V204.8c0-6.4-6.4-12.8-12.8-12.8h-22.4c-6.4 0-12.8 6.4-12.8 12.8v134.4c0 6.4 6.4 12.8 12.8 12.8zM496 400H48V80c0-8.84-7.16-16-16-16H16C7.16 64 0 71.16 0 80v336c0 17.67 14.33 32 32 32h464c8.84 0 16-7.16 16-16v-16c0-8.84-7.16-16-16-16zm-387.2-48h22.4c6.4 0 12.8-6.4 12.8-12.8v-70.4c0-6.4-6.4-12.8-12.8-12.8h-22.4c-6.4 0-12.8 6.4-12.8 12.8v70.4c0 6.4 6.4 12.8 12.8 12.8z\" class=\"\"><\/path><\/svg><\/i> <img decoding=\"async\" width=\"16\" height=\"16\" alt=\"Loading\" src=\"https:\/\/aswu.edu.eg\/fr\/wp-content\/plugins\/page-views-count\/ajax-loader-2x.gif\" border=0 \/><\/p>\n<div class=\"pvc_clear\"><\/div>\n","protected":false},"author":10,"featured_media":0,"parent":13546,"menu_order":0,"comment_status":"closed","ping_status":"closed","template":"","meta":{"footnotes":""},"rttpg_featured_image_url":null,"rttpg_author":{"display_name":"baivy anton","author_link":"https:\/\/aswu.edu.eg\/fr\/author\/asenweb\/"},"rttpg_comment":0,"rttpg_category":null,"rttpg_excerpt":"\u00a0 \u00a0Horaires des bus universitaires Cat\u00e9gorie Date de pr\u00e9sence Ouvriers\u00a0 6:30 am Employ\u00e9es \u00a0 7:30 am\u00a0 Personnel acad\u00e9mique 8:30 am Personnel acad\u00e9mique 10:00 am Superviseurs\u00a0 1:15 pm Cat\u00e9gorie Date de d\u00e9part Personnel acad\u00e9mique 2:00 pm Employ\u00e9es 3:00 pm Ouvriers 4:15 Read More ...","_links":{"self":[{"href":"https:\/\/aswu.edu.eg\/fr\/wp-json\/wp\/v2\/pages\/5391"}],"collection":[{"href":"https:\/\/aswu.edu.eg\/fr\/wp-json\/wp\/v2\/pages"}],"about":[{"href":"https:\/\/aswu.edu.eg\/fr\/wp-json\/wp\/v2\/types\/page"}],"author":[{"embeddable":true,"href":"https:\/\/aswu.edu.eg\/fr\/wp-json\/wp\/v2\/users\/10"}],"replies":[{"embeddable":true,"href":"https:\/\/aswu.edu.eg\/fr\/wp-json\/wp\/v2\/comments?post=5391"}],"version-history":[{"count":30,"href":"https:\/\/aswu.edu.eg\/fr\/wp-json\/wp\/v2\/pages\/5391\/revisions"}],"predecessor-version":[{"id":29324,"href":"https:\/\/aswu.edu.eg\/fr\/wp-json\/wp\/v2\/pages\/5391\/revisions\/29324"}],"up":[{"embeddable":true,"href":"https:\/\/aswu.edu.eg\/fr\/wp-json\/wp\/v2\/pages\/13546"}],"wp:attachment":[{"href":"https:\/\/aswu.edu.eg\/fr\/wp-json\/wp\/v2\/media?parent=5391"}],"curies":[{"name":"wp","href":"https:\/\/api.w.org\/{rel}","templated":true}]}}