{"id":5410,"date":"2020-11-23T09:27:42","date_gmt":"2020-11-23T09:27:42","guid":{"rendered":"http:\/\/aswu.edu.eg\/en\/?page_id=5410"},"modified":"2023-04-05T10:03:32","modified_gmt":"2023-04-05T10:03:32","slug":"protocol-between-aswan-university-faculty-of-agriculture-and-natural-resources-and-the-national-reshearch-center","status":"publish","type":"page","link":"https:\/\/aswu.edu.eg\/fr\/protocol-between-aswan-university-faculty-of-agriculture-and-natural-resources-and-the-national-reshearch-center\/","title":{"rendered":"Protocole de coop\u00e9ration entre la facult\u00e9 d\u2019agriculture et les naturelles ressources \u00e0 l\u2019universit\u00e9 \u00a0et le centre national des recherches"},"content":{"rendered":"<p><span style=\"font-size: 14pt;color: #003366\">L\u2019objectif du protocole\u00a0<\/span><\/p>\n<ol>\n<li style=\"text-align: justify\"><span style=\"font-size: 12pt;color: #333333\">Int\u00e9grer les efforts et la coop\u00e9ration scientifique.<\/span><\/li>\n<li style=\"text-align: justify\"><span style=\"font-size: 12pt;color: #333333\">Exploiter les possibilit\u00e9s scientifiques disponibles des deux parties des scientistes, personnels qualifi\u00e9 et laboratoires technologique hautement \u00e9quip\u00e9s.<\/span><\/li>\n<li style=\"text-align: justify\"><span style=\"font-size: 12pt;color: #333333\">la coordination et la coop\u00e9ration des projets de recherche, \u00e0 partir de mettre l\u2019id\u00e9e, pr\u00e9paration d&#8217;initiale conception et jusqu\u2019\u00e0 l\u2019\u00e9tape d\u2019ex\u00e9cution et l\u2019application scientifique.<\/span><\/li>\n<li style=\"text-align: justify\"><span style=\"font-size: 12pt;color: #333333\">les participations scientifiques, pratiques et les recherches \u00e9chang\u00e9es aux domaines mentionnent.<\/span><\/li>\n<li style=\"text-align: justify\"><span style=\"font-size: 12pt;color: #333333\">La supervision scientifique commune entre les deux parties.<\/span><\/li>\n<li style=\"text-align: justify\"><span style=\"font-size: 12pt;color: #333333\">Entrainer les \u00e9tudiants de la facult\u00e9 d\u2019agriculture et les naturelles ressources dans les laboratoires du Centre National de Recherches.<\/span><\/li>\n<\/ol>\n<p><span style=\"color: #003366;font-size: 14pt\">M\u00e9canisme et \u00e9v\u00e9nements de la coop\u00e9ration\u00a0<\/span><\/p>\n<ol>\n<li style=\"text-align: justify\"><span style=\"color: #333333\">La participation aux th\u00e8mes de recherches et les \u00e9tudes et le d\u00e9veloppement qui concerne les deux parties.<\/span><\/li>\n<li style=\"text-align: justify\"><span style=\"color: #333333\">Les parties participent \u00e0 la fourniture des comp\u00e9tences scientifiques, techniques et technologiques n\u00e9cessaires disponibles dans chacune d\u2019elles pour les projets et \u00e9tudes conjoints.<\/span><\/li>\n<li style=\"text-align: justify\"><span style=\"color: #333333\">L\u2019ex\u00e9cution r\u00e9elle pour chaque projet commun.<\/span><\/li>\n<li style=\"text-align: justify\"><span style=\"color: #333333\">Publication scientifique et assister aux conf\u00e9rences et les ateliers<\/span><\/li>\n<li style=\"text-align: justify\"><span style=\"color: #333333\">chaque partie supporte l\u2019autre au processus de publication scientifique dans les conf\u00e9rences, ateliers et les revues scientifique l\u2019affili\u00e9 en termes mat\u00e9riels et organisationnels<\/span><\/li>\n<li style=\"text-align: justify\"><span style=\"color: #333333\">La coop\u00e9ration entre les deux parties lorsque le besoin d\u2019analyser d\u2019\u00e9chantillons ou de logiciels dans les divisions de recherche.<\/span><\/li>\n<\/ol>\n<p><span style=\"font-size: 14pt;color: #003366\">La dur\u00e9e d\u2019accord\u00a0<\/span><\/p>\n<p style=\"text-align: justify\"><span style=\"color: #333333\">Ce protocole mise en \u0153uvre pour 5 ans d\u00e9but\u00e9 de la date de signature le 21 novembre 2017, automatiquement renouvelable \u00a0pour une p\u00e9riode similaire.<\/span><\/p>\n<div class=\"pvc_clear\"><\/div>\n<p id=\"pvc_stats_5410\" class=\"pvc_stats all  \" data-element-id=\"5410\" style=\"\"><i class=\"pvc-stats-icon medium\" aria-hidden=\"true\"><svg aria-hidden=\"true\" focusable=\"false\" data-prefix=\"far\" data-icon=\"chart-bar\" role=\"img\" xmlns=\"http:\/\/www.w3.org\/2000\/svg\" viewBox=\"0 0 512 512\" class=\"svg-inline--fa fa-chart-bar fa-w-16 fa-2x\"><path fill=\"currentColor\" d=\"M396.8 352h22.4c6.4 0 12.8-6.4 12.8-12.8V108.8c0-6.4-6.4-12.8-12.8-12.8h-22.4c-6.4 0-12.8 6.4-12.8 12.8v230.4c0 6.4 6.4 12.8 12.8 12.8zm-192 0h22.4c6.4 0 12.8-6.4 12.8-12.8V140.8c0-6.4-6.4-12.8-12.8-12.8h-22.4c-6.4 0-12.8 6.4-12.8 12.8v198.4c0 6.4 6.4 12.8 12.8 12.8zm96 0h22.4c6.4 0 12.8-6.4 12.8-12.8V204.8c0-6.4-6.4-12.8-12.8-12.8h-22.4c-6.4 0-12.8 6.4-12.8 12.8v134.4c0 6.4 6.4 12.8 12.8 12.8zM496 400H48V80c0-8.84-7.16-16-16-16H16C7.16 64 0 71.16 0 80v336c0 17.67 14.33 32 32 32h464c8.84 0 16-7.16 16-16v-16c0-8.84-7.16-16-16-16zm-387.2-48h22.4c6.4 0 12.8-6.4 12.8-12.8v-70.4c0-6.4-6.4-12.8-12.8-12.8h-22.4c-6.4 0-12.8 6.4-12.8 12.8v70.4c0 6.4 6.4 12.8 12.8 12.8z\" class=\"\"><\/path><\/svg><\/i> <img decoding=\"async\" width=\"16\" height=\"16\" alt=\"Loading\" src=\"https:\/\/aswu.edu.eg\/fr\/wp-content\/plugins\/page-views-count\/ajax-loader-2x.gif\" border=0 \/><\/p>\n<div class=\"pvc_clear\"><\/div>\n","protected":false},"excerpt":{"rendered":"<p>L\u2019objectif du protocole\u00a0 Int\u00e9grer les efforts et la coop\u00e9ration scientifique. Exploiter les possibilit\u00e9s scientifiques disponibles des deux parties des scientistes, personnels qualifi\u00e9 et laboratoires technologique hautement \u00e9quip\u00e9s. la coordination et la coop\u00e9ration des projets de recherche, \u00e0 partir de mettre <a href=\"https:\/\/aswu.edu.eg\/fr\/protocol-between-aswan-university-faculty-of-agriculture-and-natural-resources-and-the-national-reshearch-center\/\" class=\"read-more\">Read More &#8230;<\/a><\/p>\n<div class=\"pvc_clear\"><\/div>\n<p id=\"pvc_stats_5410\" class=\"pvc_stats all  \" data-element-id=\"5410\" style=\"\"><i class=\"pvc-stats-icon medium\" aria-hidden=\"true\"><svg aria-hidden=\"true\" focusable=\"false\" data-prefix=\"far\" data-icon=\"chart-bar\" role=\"img\" xmlns=\"http:\/\/www.w3.org\/2000\/svg\" viewBox=\"0 0 512 512\" class=\"svg-inline--fa fa-chart-bar fa-w-16 fa-2x\"><path fill=\"currentColor\" d=\"M396.8 352h22.4c6.4 0 12.8-6.4 12.8-12.8V108.8c0-6.4-6.4-12.8-12.8-12.8h-22.4c-6.4 0-12.8 6.4-12.8 12.8v230.4c0 6.4 6.4 12.8 12.8 12.8zm-192 0h22.4c6.4 0 12.8-6.4 12.8-12.8V140.8c0-6.4-6.4-12.8-12.8-12.8h-22.4c-6.4 0-12.8 6.4-12.8 12.8v198.4c0 6.4 6.4 12.8 12.8 12.8zm96 0h22.4c6.4 0 12.8-6.4 12.8-12.8V204.8c0-6.4-6.4-12.8-12.8-12.8h-22.4c-6.4 0-12.8 6.4-12.8 12.8v134.4c0 6.4 6.4 12.8 12.8 12.8zM496 400H48V80c0-8.84-7.16-16-16-16H16C7.16 64 0 71.16 0 80v336c0 17.67 14.33 32 32 32h464c8.84 0 16-7.16 16-16v-16c0-8.84-7.16-16-16-16zm-387.2-48h22.4c6.4 0 12.8-6.4 12.8-12.8v-70.4c0-6.4-6.4-12.8-12.8-12.8h-22.4c-6.4 0-12.8 6.4-12.8 12.8v70.4c0 6.4 6.4 12.8 12.8 12.8z\" class=\"\"><\/path><\/svg><\/i> <img decoding=\"async\" width=\"16\" height=\"16\" alt=\"Loading\" src=\"https:\/\/aswu.edu.eg\/fr\/wp-content\/plugins\/page-views-count\/ajax-loader-2x.gif\" border=0 \/><\/p>\n<div class=\"pvc_clear\"><\/div>\n","protected":false},"author":10,"featured_media":5750,"parent":0,"menu_order":0,"comment_status":"closed","ping_status":"closed","template":"","meta":{"footnotes":""},"rttpg_featured_image_url":{"full":["https:\/\/aswu.edu.eg\/fr\/wp-content\/uploads\/download-2.jpg",241,209,false],"landscape":["https:\/\/aswu.edu.eg\/fr\/wp-content\/uploads\/download-2.jpg",241,209,false],"portraits":["https:\/\/aswu.edu.eg\/fr\/wp-content\/uploads\/download-2.jpg",241,209,false],"thumbnail":["https:\/\/aswu.edu.eg\/fr\/wp-content\/uploads\/download-2-150x150.jpg",150,150,true],"medium":["https:\/\/aswu.edu.eg\/fr\/wp-content\/uploads\/download-2.jpg",241,209,false],"large":["https:\/\/aswu.edu.eg\/fr\/wp-content\/uploads\/download-2.jpg",241,209,false],"1536x1536":["https:\/\/aswu.edu.eg\/fr\/wp-content\/uploads\/download-2.jpg",241,209,false],"2048x2048":["https:\/\/aswu.edu.eg\/fr\/wp-content\/uploads\/download-2.jpg",241,209,false],"education-hub-thumb":["https:\/\/aswu.edu.eg\/fr\/wp-content\/uploads\/download-2.jpg",241,209,false]},"rttpg_author":{"display_name":"baivy anton","author_link":"https:\/\/aswu.edu.eg\/fr\/author\/asenweb\/"},"rttpg_comment":0,"rttpg_category":null,"rttpg_excerpt":"L\u2019objectif du protocole\u00a0 Int\u00e9grer les efforts et la coop\u00e9ration scientifique. Exploiter les possibilit\u00e9s scientifiques disponibles des deux parties des scientistes, personnels qualifi\u00e9 et laboratoires technologique hautement \u00e9quip\u00e9s. la coordination et la coop\u00e9ration des projets de recherche, \u00e0 partir de mettre Read More ...","_links":{"self":[{"href":"https:\/\/aswu.edu.eg\/fr\/wp-json\/wp\/v2\/pages\/5410"}],"collection":[{"href":"https:\/\/aswu.edu.eg\/fr\/wp-json\/wp\/v2\/pages"}],"about":[{"href":"https:\/\/aswu.edu.eg\/fr\/wp-json\/wp\/v2\/types\/page"}],"author":[{"embeddable":true,"href":"https:\/\/aswu.edu.eg\/fr\/wp-json\/wp\/v2\/users\/10"}],"replies":[{"embeddable":true,"href":"https:\/\/aswu.edu.eg\/fr\/wp-json\/wp\/v2\/comments?post=5410"}],"version-history":[{"count":7,"href":"https:\/\/aswu.edu.eg\/fr\/wp-json\/wp\/v2\/pages\/5410\/revisions"}],"predecessor-version":[{"id":29223,"href":"https:\/\/aswu.edu.eg\/fr\/wp-json\/wp\/v2\/pages\/5410\/revisions\/29223"}],"wp:featuredmedia":[{"embeddable":true,"href":"https:\/\/aswu.edu.eg\/fr\/wp-json\/wp\/v2\/media\/5750"}],"wp:attachment":[{"href":"https:\/\/aswu.edu.eg\/fr\/wp-json\/wp\/v2\/media?parent=5410"}],"curies":[{"name":"wp","href":"https:\/\/api.w.org\/{rel}","templated":true}]}}