{"id":5412,"date":"2020-11-23T09:31:19","date_gmt":"2020-11-23T09:31:19","guid":{"rendered":"http:\/\/aswu.edu.eg\/en\/?page_id=5412"},"modified":"2023-04-06T11:21:41","modified_gmt":"2023-04-06T11:21:41","slug":"cooperation-protocol-for-college-of-physical-education-aswan-university-and-the-lake-naser-authority","status":"publish","type":"page","link":"https:\/\/aswu.edu.eg\/fr\/cooperation-protocol-for-college-of-physical-education-aswan-university-and-the-lake-naser-authority\/","title":{"rendered":"Protocole de coop\u00e9ration de facult\u00e9 d\u2019\u00e9ducation physique (universit\u00e9 d\u2019Assouan) et l\u2019Autorit\u00e9\u00a0 de d\u00e9veloppement du Lac de Nasser"},"content":{"rendered":"<p><span style=\"color: #333333\">Au cadre d\u2019activation le plan strat\u00e9gique et le plan d\u2019entrainement et r\u00e9aliser la qualit\u00e9 compl\u00e8te qui conduit \u00e0 am\u00e9liorer le niveau du dipl\u00f4mer et le qualifie avec que convient avec les besoins du march\u00e9 du travail et aussi enrichir la coop\u00e9ration entre la facult\u00e9 et l\u2019Autorit\u00e9 de d\u00e9veloppement du Lac de Nasser.<\/span><\/p>\n<p><span style=\"color: #333366;font-size: 14pt\">Les objectifs du protocole\u00a0:<\/span><\/p>\n<ol>\n<li><span style=\"color: #333333\">Mettre le base d\u2019int\u00e9grer et la coop\u00e9ration de recherche et scientifique et entrainement entre la facult\u00e9 d\u2019\u00e9ducation physique (universit\u00e9 d\u2019Assouan) et l\u2019Autorit\u00e9 de d\u00e9veloppement du Lac de Nasser aux domaines la recherche scientifique et les projets appliqu\u00e9s et les programmes d\u2019entrainement et \u00e9changer les exp\u00e9riences et les id\u00e9es.<\/span><\/li>\n<li><span style=\"color: #333333\">Les deux parties ont accord\u00e9 de mettre en \u0153uvre des projets appliqu\u00e9s a caract\u00e8re national et r\u00e9gional,\u00a0les profs de facult\u00e9 d\u2019\u00e9ducation physique (universit\u00e9 d\u2019Assouan) en participent \u00a0avec l\u2019Autorit\u00e9 de d\u00e9veloppement du Lac de Nasser d\u2019entrainer et les programmes accr\u00e9dit\u00e9s de l\u2019Autorit\u00e9 de d\u00e9veloppement du Lac de Nasser.\u00a0 \u00a0\u00a0<\/span><\/li>\n<li><span style=\"color: #333333\">Echanger les exp\u00e9riences entre les deux parties et la supervision commune des projets de d\u00e9veloppements du tourisme sportif.<\/span><\/li>\n<li><span style=\"color: #333333\">\u00a0Pr\u00e9parer la carte de d\u00e9veloppement du tourisme sportif en Haute-Egypte et la met sur plans de recherches communs de contribuer \u00e0 publier et d\u00e9velopper le tourisme sportif et les sports nautiques et y pr\u00e9parent, d&#8217;\u00eatre une motivation du tourisme sportif pour les investisseurs au ce domaine.<\/span><\/li>\n<li><span style=\"color: #333333\">En termes de s\u00e9minaires, d\u2019ateliers et d\u2019\u00e9tudes de perfectionnement, chaque membre de l\u2019autre partie accueille pour assister ou participer \u00e0 des programmes de formation, ainsi que des ateliers, des s\u00e9minaires ou des conf\u00e9rences.<\/span><\/li>\n<li><span style=\"color: #333333\">Echanger les publications, les livres, les imprim\u00e9s et les th\u00e8ses scientifiques qui servent le domaine du tourisme sportif en Egypte.<\/span><\/li>\n<li><span style=\"color: #333333\">\u00a0 Utiliser les \u00e9tudiants qui ont entrain\u00e9 aux cours d\u2019entrainement du tourisme sportif \u00e0 la facult\u00e9 d\u2019\u00e9ducation ou quand la participation ou organiser les comp\u00e9titions qui l\u2019Autorit\u00e9 du Lac de Nasser organise ou l\u2019union sportif des universit\u00e9s \u00e9gyptiennes.<\/span><\/li>\n<li><span style=\"color: #333333\">Pr\u00e9pare l\u2019Autorit\u00e9 de d\u00e9veloppement du Lac de Nasser et la facult\u00e9 avec les \u00e9quipements n\u00e9cessaires d\u2019\u00e9ducation et publier le tourisme sportif.<\/span><\/li>\n<li><span style=\"color: #333333\">Ont nomin\u00e9 nombres des profs et enseignants et profs assistants \u00e0 la facult\u00e9 d\u2019assister les sp\u00e9ciaux exercices et les conf\u00e9rences de l\u2019Autorit\u00e9 de d\u00e9veloppement\u00a0 du Lac de Nasser \u00e0 Assouan. \u00a0<\/span><\/li>\n<\/ol>\n<p>&nbsp;<\/p>\n<p><span style=\"color: #333366;font-size: 14pt\">La dur\u00e9e du protocole\u00a0:<\/span><\/p>\n<p><span style=\"color: #333333\">Pour 3 ans de 21 novembre 2017<\/span><\/p>\n<div class=\"pvc_clear\"><\/div>\n<p id=\"pvc_stats_5412\" class=\"pvc_stats all  \" data-element-id=\"5412\" style=\"\"><i class=\"pvc-stats-icon medium\" aria-hidden=\"true\"><svg aria-hidden=\"true\" focusable=\"false\" data-prefix=\"far\" data-icon=\"chart-bar\" role=\"img\" xmlns=\"http:\/\/www.w3.org\/2000\/svg\" viewBox=\"0 0 512 512\" class=\"svg-inline--fa fa-chart-bar fa-w-16 fa-2x\"><path fill=\"currentColor\" d=\"M396.8 352h22.4c6.4 0 12.8-6.4 12.8-12.8V108.8c0-6.4-6.4-12.8-12.8-12.8h-22.4c-6.4 0-12.8 6.4-12.8 12.8v230.4c0 6.4 6.4 12.8 12.8 12.8zm-192 0h22.4c6.4 0 12.8-6.4 12.8-12.8V140.8c0-6.4-6.4-12.8-12.8-12.8h-22.4c-6.4 0-12.8 6.4-12.8 12.8v198.4c0 6.4 6.4 12.8 12.8 12.8zm96 0h22.4c6.4 0 12.8-6.4 12.8-12.8V204.8c0-6.4-6.4-12.8-12.8-12.8h-22.4c-6.4 0-12.8 6.4-12.8 12.8v134.4c0 6.4 6.4 12.8 12.8 12.8zM496 400H48V80c0-8.84-7.16-16-16-16H16C7.16 64 0 71.16 0 80v336c0 17.67 14.33 32 32 32h464c8.84 0 16-7.16 16-16v-16c0-8.84-7.16-16-16-16zm-387.2-48h22.4c6.4 0 12.8-6.4 12.8-12.8v-70.4c0-6.4-6.4-12.8-12.8-12.8h-22.4c-6.4 0-12.8 6.4-12.8 12.8v70.4c0 6.4 6.4 12.8 12.8 12.8z\" class=\"\"><\/path><\/svg><\/i> <img decoding=\"async\" width=\"16\" height=\"16\" alt=\"Loading\" src=\"https:\/\/aswu.edu.eg\/fr\/wp-content\/plugins\/page-views-count\/ajax-loader-2x.gif\" border=0 \/><\/p>\n<div class=\"pvc_clear\"><\/div>\n","protected":false},"excerpt":{"rendered":"<p>Au cadre d\u2019activation le plan strat\u00e9gique et le plan d\u2019entrainement et r\u00e9aliser la qualit\u00e9 compl\u00e8te qui conduit \u00e0 am\u00e9liorer le niveau du dipl\u00f4mer et le qualifie avec que convient avec les besoins du march\u00e9 du travail et aussi enrichir la <a href=\"https:\/\/aswu.edu.eg\/fr\/cooperation-protocol-for-college-of-physical-education-aswan-university-and-the-lake-naser-authority\/\" class=\"read-more\">Read More &#8230;<\/a><\/p>\n<div class=\"pvc_clear\"><\/div>\n<p id=\"pvc_stats_5412\" class=\"pvc_stats all  \" data-element-id=\"5412\" style=\"\"><i class=\"pvc-stats-icon medium\" aria-hidden=\"true\"><svg aria-hidden=\"true\" focusable=\"false\" data-prefix=\"far\" data-icon=\"chart-bar\" role=\"img\" xmlns=\"http:\/\/www.w3.org\/2000\/svg\" viewBox=\"0 0 512 512\" class=\"svg-inline--fa fa-chart-bar fa-w-16 fa-2x\"><path fill=\"currentColor\" d=\"M396.8 352h22.4c6.4 0 12.8-6.4 12.8-12.8V108.8c0-6.4-6.4-12.8-12.8-12.8h-22.4c-6.4 0-12.8 6.4-12.8 12.8v230.4c0 6.4 6.4 12.8 12.8 12.8zm-192 0h22.4c6.4 0 12.8-6.4 12.8-12.8V140.8c0-6.4-6.4-12.8-12.8-12.8h-22.4c-6.4 0-12.8 6.4-12.8 12.8v198.4c0 6.4 6.4 12.8 12.8 12.8zm96 0h22.4c6.4 0 12.8-6.4 12.8-12.8V204.8c0-6.4-6.4-12.8-12.8-12.8h-22.4c-6.4 0-12.8 6.4-12.8 12.8v134.4c0 6.4 6.4 12.8 12.8 12.8zM496 400H48V80c0-8.84-7.16-16-16-16H16C7.16 64 0 71.16 0 80v336c0 17.67 14.33 32 32 32h464c8.84 0 16-7.16 16-16v-16c0-8.84-7.16-16-16-16zm-387.2-48h22.4c6.4 0 12.8-6.4 12.8-12.8v-70.4c0-6.4-6.4-12.8-12.8-12.8h-22.4c-6.4 0-12.8 6.4-12.8 12.8v70.4c0 6.4 6.4 12.8 12.8 12.8z\" class=\"\"><\/path><\/svg><\/i> <img decoding=\"async\" width=\"16\" height=\"16\" alt=\"Loading\" src=\"https:\/\/aswu.edu.eg\/fr\/wp-content\/plugins\/page-views-count\/ajax-loader-2x.gif\" border=0 \/><\/p>\n<div class=\"pvc_clear\"><\/div>\n","protected":false},"author":10,"featured_media":5748,"parent":0,"menu_order":0,"comment_status":"closed","ping_status":"closed","template":"","meta":{"footnotes":""},"rttpg_featured_image_url":{"full":["https:\/\/aswu.edu.eg\/fr\/wp-content\/uploads\/Untitled-1.png",400,260,false],"landscape":["https:\/\/aswu.edu.eg\/fr\/wp-content\/uploads\/Untitled-1.png",400,260,false],"portraits":["https:\/\/aswu.edu.eg\/fr\/wp-content\/uploads\/Untitled-1.png",400,260,false],"thumbnail":["https:\/\/aswu.edu.eg\/fr\/wp-content\/uploads\/Untitled-1-150x150.png",150,150,true],"medium":["https:\/\/aswu.edu.eg\/fr\/wp-content\/uploads\/Untitled-1-300x195.png",300,195,true],"large":["https:\/\/aswu.edu.eg\/fr\/wp-content\/uploads\/Untitled-1.png",400,260,false],"1536x1536":["https:\/\/aswu.edu.eg\/fr\/wp-content\/uploads\/Untitled-1.png",400,260,false],"2048x2048":["https:\/\/aswu.edu.eg\/fr\/wp-content\/uploads\/Untitled-1.png",400,260,false],"education-hub-thumb":["https:\/\/aswu.edu.eg\/fr\/wp-content\/uploads\/Untitled-1-360x234.png",360,234,true]},"rttpg_author":{"display_name":"baivy anton","author_link":"https:\/\/aswu.edu.eg\/fr\/author\/asenweb\/"},"rttpg_comment":0,"rttpg_category":null,"rttpg_excerpt":"Au cadre d\u2019activation le plan strat\u00e9gique et le plan d\u2019entrainement et r\u00e9aliser la qualit\u00e9 compl\u00e8te qui conduit \u00e0 am\u00e9liorer le niveau du dipl\u00f4mer et le qualifie avec que convient avec les besoins du march\u00e9 du travail et aussi enrichir la Read More ...","_links":{"self":[{"href":"https:\/\/aswu.edu.eg\/fr\/wp-json\/wp\/v2\/pages\/5412"}],"collection":[{"href":"https:\/\/aswu.edu.eg\/fr\/wp-json\/wp\/v2\/pages"}],"about":[{"href":"https:\/\/aswu.edu.eg\/fr\/wp-json\/wp\/v2\/types\/page"}],"author":[{"embeddable":true,"href":"https:\/\/aswu.edu.eg\/fr\/wp-json\/wp\/v2\/users\/10"}],"replies":[{"embeddable":true,"href":"https:\/\/aswu.edu.eg\/fr\/wp-json\/wp\/v2\/comments?post=5412"}],"version-history":[{"count":6,"href":"https:\/\/aswu.edu.eg\/fr\/wp-json\/wp\/v2\/pages\/5412\/revisions"}],"predecessor-version":[{"id":29237,"href":"https:\/\/aswu.edu.eg\/fr\/wp-json\/wp\/v2\/pages\/5412\/revisions\/29237"}],"wp:featuredmedia":[{"embeddable":true,"href":"https:\/\/aswu.edu.eg\/fr\/wp-json\/wp\/v2\/media\/5748"}],"wp:attachment":[{"href":"https:\/\/aswu.edu.eg\/fr\/wp-json\/wp\/v2\/media?parent=5412"}],"curies":[{"name":"wp","href":"https:\/\/api.w.org\/{rel}","templated":true}]}}