{"id":5416,"date":"2020-11-23T09:34:07","date_gmt":"2020-11-23T09:34:07","guid":{"rendered":"http:\/\/aswu.edu.eg\/en\/?page_id=5416"},"modified":"2023-04-10T09:41:43","modified_gmt":"2023-04-10T09:41:43","slug":"cooperation-protocol-between-aswan-university-and-camus-institute-for-international-cooperation-of-portuguese-language","status":"publish","type":"page","link":"https:\/\/aswu.edu.eg\/fr\/cooperation-protocol-between-aswan-university-and-camus-institute-for-international-cooperation-of-portuguese-language\/","title":{"rendered":"Protocole de coop\u00e9ration entre l\u2019universit\u00e9 d\u2019Assouan et l\u2019institut de Cam\u00f5es de coop\u00e9ration internationale de la langue portugaise"},"content":{"rendered":"<ol>\n<li style=\"text-align: justify\"><span style=\"font-size: 12pt;color: #333333\">L\u2019institut de Cam\u00f5es travaille \u00e0 fortifier l\u2019utilisation de la langue et la culture portugaise et les publient au monde \u00e0 travers programme commun avec les \u00e9tablissements \u00e9tranges de l\u2019enseignement sup\u00e9rieur \u00a0\u00a0<\/span><\/li>\n<li style=\"text-align: justify\"><span style=\"font-size: 12pt;color: #333333\">L\u2019universit\u00e9 d\u2019Assouan d\u00e9sire \u00e0 pr\u00e9senter ses profs et \u00e9tudiants et cela leur permet d\u2019approfondir leurs connaissances de la langue portugaise et les cultures lusophones.<\/span><\/li>\n<li style=\"text-align: justify\"><span style=\"font-size: 12pt;color: #333333\">L\u2019accord commun entre l\u2019universit\u00e9 d\u2019Assouan et institut Camoes de fortifier la coop\u00e9ration afin d\u2019\u00e9tendre les \u00e9tudes relatives \u00e0 la langue et la culture portugaise.<\/span><\/li>\n<\/ol>\n<p><span style=\"font-size: 14pt;color: #003366\">Les objectifs du protocole\u00a0:<\/span><\/p>\n<ol>\n<li style=\"text-align: justify\"><span style=\"color: #333333;font-size: 12pt\">Disponibilit\u00e9 des mat\u00e9riaux bibliographiques et audio-visuel et les multim\u00e9dia.<\/span><\/li>\n<li style=\"text-align: justify\"><span style=\"color: #333333;font-size: 12pt\">fournir une bourse pour le cycle d\u2019\u00e9t\u00e9 de l\u2019institut Camoes, programme les bourses (le voyage- s\u00e9jour non inclus) et deux bourses pour assister au centre de Camoes \u00e9ducatif virtuel.<\/span><\/li>\n<li style=\"text-align: justify\"><span style=\"color: #333333;font-size: 12pt\">Assurer de souligner les activit\u00e9s naissantes de ce protocole coop\u00e9ratif et les publient.<\/span><\/li>\n<\/ol>\n<p><span style=\"font-size: 14pt;color: #003366\">La dur\u00e9e du protocole:<\/span><\/p>\n<p><span style=\"color: #333333\">L\u2019ex\u00e9cution du protocole d\u00e9bute de l\u2019ann\u00e9e universitaire 2017-2018 et jusqu\u2019\u00e0 l\u2019ann\u00e9e universitaire 2019-2020 pour 3 ans.<\/span><\/p>\n<div class=\"pvc_clear\"><\/div>\n<p id=\"pvc_stats_5416\" class=\"pvc_stats all  \" data-element-id=\"5416\" style=\"\"><i class=\"pvc-stats-icon medium\" aria-hidden=\"true\"><svg aria-hidden=\"true\" focusable=\"false\" data-prefix=\"far\" data-icon=\"chart-bar\" role=\"img\" xmlns=\"http:\/\/www.w3.org\/2000\/svg\" viewBox=\"0 0 512 512\" class=\"svg-inline--fa fa-chart-bar fa-w-16 fa-2x\"><path fill=\"currentColor\" d=\"M396.8 352h22.4c6.4 0 12.8-6.4 12.8-12.8V108.8c0-6.4-6.4-12.8-12.8-12.8h-22.4c-6.4 0-12.8 6.4-12.8 12.8v230.4c0 6.4 6.4 12.8 12.8 12.8zm-192 0h22.4c6.4 0 12.8-6.4 12.8-12.8V140.8c0-6.4-6.4-12.8-12.8-12.8h-22.4c-6.4 0-12.8 6.4-12.8 12.8v198.4c0 6.4 6.4 12.8 12.8 12.8zm96 0h22.4c6.4 0 12.8-6.4 12.8-12.8V204.8c0-6.4-6.4-12.8-12.8-12.8h-22.4c-6.4 0-12.8 6.4-12.8 12.8v134.4c0 6.4 6.4 12.8 12.8 12.8zM496 400H48V80c0-8.84-7.16-16-16-16H16C7.16 64 0 71.16 0 80v336c0 17.67 14.33 32 32 32h464c8.84 0 16-7.16 16-16v-16c0-8.84-7.16-16-16-16zm-387.2-48h22.4c6.4 0 12.8-6.4 12.8-12.8v-70.4c0-6.4-6.4-12.8-12.8-12.8h-22.4c-6.4 0-12.8 6.4-12.8 12.8v70.4c0 6.4 6.4 12.8 12.8 12.8z\" class=\"\"><\/path><\/svg><\/i> <img decoding=\"async\" width=\"16\" height=\"16\" alt=\"Loading\" src=\"https:\/\/aswu.edu.eg\/fr\/wp-content\/plugins\/page-views-count\/ajax-loader-2x.gif\" border=0 \/><\/p>\n<div class=\"pvc_clear\"><\/div>\n","protected":false},"excerpt":{"rendered":"<p>L\u2019institut de Cam\u00f5es travaille \u00e0 fortifier l\u2019utilisation de la langue et la culture portugaise et les publient au monde \u00e0 travers programme commun avec les \u00e9tablissements \u00e9tranges de l\u2019enseignement sup\u00e9rieur \u00a0\u00a0 L\u2019universit\u00e9 d\u2019Assouan d\u00e9sire \u00e0 pr\u00e9senter ses profs et \u00e9tudiants <a href=\"https:\/\/aswu.edu.eg\/fr\/cooperation-protocol-between-aswan-university-and-camus-institute-for-international-cooperation-of-portuguese-language\/\" class=\"read-more\">Read More &#8230;<\/a><\/p>\n<div class=\"pvc_clear\"><\/div>\n<p id=\"pvc_stats_5416\" class=\"pvc_stats all  \" data-element-id=\"5416\" style=\"\"><i class=\"pvc-stats-icon medium\" aria-hidden=\"true\"><svg aria-hidden=\"true\" focusable=\"false\" data-prefix=\"far\" data-icon=\"chart-bar\" role=\"img\" xmlns=\"http:\/\/www.w3.org\/2000\/svg\" viewBox=\"0 0 512 512\" class=\"svg-inline--fa fa-chart-bar fa-w-16 fa-2x\"><path fill=\"currentColor\" d=\"M396.8 352h22.4c6.4 0 12.8-6.4 12.8-12.8V108.8c0-6.4-6.4-12.8-12.8-12.8h-22.4c-6.4 0-12.8 6.4-12.8 12.8v230.4c0 6.4 6.4 12.8 12.8 12.8zm-192 0h22.4c6.4 0 12.8-6.4 12.8-12.8V140.8c0-6.4-6.4-12.8-12.8-12.8h-22.4c-6.4 0-12.8 6.4-12.8 12.8v198.4c0 6.4 6.4 12.8 12.8 12.8zm96 0h22.4c6.4 0 12.8-6.4 12.8-12.8V204.8c0-6.4-6.4-12.8-12.8-12.8h-22.4c-6.4 0-12.8 6.4-12.8 12.8v134.4c0 6.4 6.4 12.8 12.8 12.8zM496 400H48V80c0-8.84-7.16-16-16-16H16C7.16 64 0 71.16 0 80v336c0 17.67 14.33 32 32 32h464c8.84 0 16-7.16 16-16v-16c0-8.84-7.16-16-16-16zm-387.2-48h22.4c6.4 0 12.8-6.4 12.8-12.8v-70.4c0-6.4-6.4-12.8-12.8-12.8h-22.4c-6.4 0-12.8 6.4-12.8 12.8v70.4c0 6.4 6.4 12.8 12.8 12.8z\" class=\"\"><\/path><\/svg><\/i> <img decoding=\"async\" width=\"16\" height=\"16\" alt=\"Loading\" src=\"https:\/\/aswu.edu.eg\/fr\/wp-content\/plugins\/page-views-count\/ajax-loader-2x.gif\" border=0 \/><\/p>\n<div class=\"pvc_clear\"><\/div>\n","protected":false},"author":10,"featured_media":5751,"parent":0,"menu_order":0,"comment_status":"closed","ping_status":"closed","template":"","meta":{"footnotes":""},"rttpg_featured_image_url":{"full":["https:\/\/aswu.edu.eg\/fr\/wp-content\/uploads\/logo-1-1.png",300,150,false],"landscape":["https:\/\/aswu.edu.eg\/fr\/wp-content\/uploads\/logo-1-1.png",300,150,false],"portraits":["https:\/\/aswu.edu.eg\/fr\/wp-content\/uploads\/logo-1-1.png",300,150,false],"thumbnail":["https:\/\/aswu.edu.eg\/fr\/wp-content\/uploads\/logo-1-1-150x150.png",150,150,true],"medium":["https:\/\/aswu.edu.eg\/fr\/wp-content\/uploads\/logo-1-1.png",300,150,false],"large":["https:\/\/aswu.edu.eg\/fr\/wp-content\/uploads\/logo-1-1.png",300,150,false],"1536x1536":["https:\/\/aswu.edu.eg\/fr\/wp-content\/uploads\/logo-1-1.png",300,150,false],"2048x2048":["https:\/\/aswu.edu.eg\/fr\/wp-content\/uploads\/logo-1-1.png",300,150,false],"education-hub-thumb":["https:\/\/aswu.edu.eg\/fr\/wp-content\/uploads\/logo-1-1.png",300,150,false]},"rttpg_author":{"display_name":"baivy anton","author_link":"https:\/\/aswu.edu.eg\/fr\/author\/asenweb\/"},"rttpg_comment":0,"rttpg_category":null,"rttpg_excerpt":"L\u2019institut de Cam\u00f5es travaille \u00e0 fortifier l\u2019utilisation de la langue et la culture portugaise et les publient au monde \u00e0 travers programme commun avec les \u00e9tablissements \u00e9tranges de l\u2019enseignement sup\u00e9rieur \u00a0\u00a0 L\u2019universit\u00e9 d\u2019Assouan d\u00e9sire \u00e0 pr\u00e9senter ses profs et \u00e9tudiants Read More ...","_links":{"self":[{"href":"https:\/\/aswu.edu.eg\/fr\/wp-json\/wp\/v2\/pages\/5416"}],"collection":[{"href":"https:\/\/aswu.edu.eg\/fr\/wp-json\/wp\/v2\/pages"}],"about":[{"href":"https:\/\/aswu.edu.eg\/fr\/wp-json\/wp\/v2\/types\/page"}],"author":[{"embeddable":true,"href":"https:\/\/aswu.edu.eg\/fr\/wp-json\/wp\/v2\/users\/10"}],"replies":[{"embeddable":true,"href":"https:\/\/aswu.edu.eg\/fr\/wp-json\/wp\/v2\/comments?post=5416"}],"version-history":[{"count":5,"href":"https:\/\/aswu.edu.eg\/fr\/wp-json\/wp\/v2\/pages\/5416\/revisions"}],"predecessor-version":[{"id":29292,"href":"https:\/\/aswu.edu.eg\/fr\/wp-json\/wp\/v2\/pages\/5416\/revisions\/29292"}],"wp:featuredmedia":[{"embeddable":true,"href":"https:\/\/aswu.edu.eg\/fr\/wp-json\/wp\/v2\/media\/5751"}],"wp:attachment":[{"href":"https:\/\/aswu.edu.eg\/fr\/wp-json\/wp\/v2\/media?parent=5416"}],"curies":[{"name":"wp","href":"https:\/\/api.w.org\/{rel}","templated":true}]}}