{"id":5418,"date":"2020-11-23T09:35:12","date_gmt":"2020-11-23T09:35:12","guid":{"rendered":"http:\/\/aswu.edu.eg\/en\/?page_id=5418"},"modified":"2023-04-12T10:37:30","modified_gmt":"2023-04-12T10:37:30","slug":"cooperation-protocol-between-aswan-university-and-international-labor-organization","status":"publish","type":"page","link":"https:\/\/aswu.edu.eg\/fr\/cooperation-protocol-between-aswan-university-and-international-labor-organization\/","title":{"rendered":"Protocole de coop\u00e9ration entre l\u2019universit\u00e9 d\u2019Assouan et l&#8217;Organisation internationale du travail"},"content":{"rendered":"<p><span style=\"font-size: 14pt;font-family: Cairo;color: #003366\">Les objectifs du protocole\u00a0:<\/span><\/p>\n<ol>\n<li style=\"text-align: justify\"><span style=\"font-family: Cairo\">La coordination avec l\u2019organisation de d\u00e9velopper le programme d\u2019\u00e9tablir les capacit\u00e9s des profs et les employ\u00e9es au Le Centre d&#8217;orientation professionnelle affili\u00e9 \u00e0 l\u2019universit\u00e9 d\u2019Assouan.<\/span><\/li>\n<li style=\"text-align: justify\"><span style=\"font-family: Cairo\">Fourniture des informations et donn\u00e9es n\u00e9cessaires et pertinentes<\/span><\/li>\n<li style=\"text-align: justify\"><span style=\"font-family: Cairo\">Faciliter les t\u00e2ches des employ\u00e9es, les directeurs et les consultants au Le Centre d&#8217;orientation professionnelle d\u2019ex\u00e9cuter les activit\u00e9s diverses. \u00a0<\/span><\/li>\n<li style=\"text-align: justify\"><span style=\"font-family: Cairo\">S&#8217;adresser aux d\u00e9partements et les d\u00e9partements, les unit\u00e9s et les centres li\u00e9s au sujet la coop\u00e9ration de faciliter d\u2019obtenir les donn\u00e9es demand\u00e9s et disponible et ex\u00e9cute les activit\u00e9s diverses.<\/span><\/li>\n<li style=\"text-align: justify\"><span style=\"font-family: Cairo\">Offrir les installations et les outils et offre les facilitations de tenir les entrainements et ateliers, les symposiums et les forums sp\u00e9cialis\u00e9s et les activit\u00e9s diverses de supporter les sujets ce m\u00e9morandum.<\/span><\/li>\n<li style=\"text-align: justify\"><span style=\"font-family: Cairo\">Fourniture d\u2019un soutien technique et de conseils entre les parties sur l\u2019identification, la conception et la r\u00e9alisation d\u2019un test pilote pour \u00e9valuer les comp\u00e9tences requises par les institutions nationales<\/span><\/li>\n<li style=\"text-align: justify\"><span style=\"font-family: Cairo\">L\u2019accord entre les deux parties pour soutenir les activit\u00e9s de renforcement des capacit\u00e9s et les diverses activit\u00e9s stipul\u00e9es et pour fournir une expertise, un soutien et des outils techniques<\/span><\/li>\n<\/ol>\n<p>&nbsp;<\/p>\n<div class=\"pvc_clear\"><\/div>\n<p id=\"pvc_stats_5418\" class=\"pvc_stats all  \" data-element-id=\"5418\" style=\"\"><i class=\"pvc-stats-icon medium\" aria-hidden=\"true\"><svg aria-hidden=\"true\" focusable=\"false\" data-prefix=\"far\" data-icon=\"chart-bar\" role=\"img\" xmlns=\"http:\/\/www.w3.org\/2000\/svg\" viewBox=\"0 0 512 512\" class=\"svg-inline--fa fa-chart-bar fa-w-16 fa-2x\"><path fill=\"currentColor\" d=\"M396.8 352h22.4c6.4 0 12.8-6.4 12.8-12.8V108.8c0-6.4-6.4-12.8-12.8-12.8h-22.4c-6.4 0-12.8 6.4-12.8 12.8v230.4c0 6.4 6.4 12.8 12.8 12.8zm-192 0h22.4c6.4 0 12.8-6.4 12.8-12.8V140.8c0-6.4-6.4-12.8-12.8-12.8h-22.4c-6.4 0-12.8 6.4-12.8 12.8v198.4c0 6.4 6.4 12.8 12.8 12.8zm96 0h22.4c6.4 0 12.8-6.4 12.8-12.8V204.8c0-6.4-6.4-12.8-12.8-12.8h-22.4c-6.4 0-12.8 6.4-12.8 12.8v134.4c0 6.4 6.4 12.8 12.8 12.8zM496 400H48V80c0-8.84-7.16-16-16-16H16C7.16 64 0 71.16 0 80v336c0 17.67 14.33 32 32 32h464c8.84 0 16-7.16 16-16v-16c0-8.84-7.16-16-16-16zm-387.2-48h22.4c6.4 0 12.8-6.4 12.8-12.8v-70.4c0-6.4-6.4-12.8-12.8-12.8h-22.4c-6.4 0-12.8 6.4-12.8 12.8v70.4c0 6.4 6.4 12.8 12.8 12.8z\" class=\"\"><\/path><\/svg><\/i> <img decoding=\"async\" width=\"16\" height=\"16\" alt=\"Loading\" src=\"https:\/\/aswu.edu.eg\/fr\/wp-content\/plugins\/page-views-count\/ajax-loader-2x.gif\" border=0 \/><\/p>\n<div class=\"pvc_clear\"><\/div>\n","protected":false},"excerpt":{"rendered":"<p>Les objectifs du protocole\u00a0: La coordination avec l\u2019organisation de d\u00e9velopper le programme d\u2019\u00e9tablir les capacit\u00e9s des profs et les employ\u00e9es au Le Centre d&#8217;orientation professionnelle affili\u00e9 \u00e0 l\u2019universit\u00e9 d\u2019Assouan. Fourniture des informations et donn\u00e9es n\u00e9cessaires et pertinentes Faciliter les t\u00e2ches <a href=\"https:\/\/aswu.edu.eg\/fr\/cooperation-protocol-between-aswan-university-and-international-labor-organization\/\" class=\"read-more\">Read More &#8230;<\/a><\/p>\n<div class=\"pvc_clear\"><\/div>\n<p id=\"pvc_stats_5418\" class=\"pvc_stats all  \" data-element-id=\"5418\" style=\"\"><i class=\"pvc-stats-icon medium\" aria-hidden=\"true\"><svg aria-hidden=\"true\" focusable=\"false\" data-prefix=\"far\" data-icon=\"chart-bar\" role=\"img\" xmlns=\"http:\/\/www.w3.org\/2000\/svg\" viewBox=\"0 0 512 512\" class=\"svg-inline--fa fa-chart-bar fa-w-16 fa-2x\"><path fill=\"currentColor\" d=\"M396.8 352h22.4c6.4 0 12.8-6.4 12.8-12.8V108.8c0-6.4-6.4-12.8-12.8-12.8h-22.4c-6.4 0-12.8 6.4-12.8 12.8v230.4c0 6.4 6.4 12.8 12.8 12.8zm-192 0h22.4c6.4 0 12.8-6.4 12.8-12.8V140.8c0-6.4-6.4-12.8-12.8-12.8h-22.4c-6.4 0-12.8 6.4-12.8 12.8v198.4c0 6.4 6.4 12.8 12.8 12.8zm96 0h22.4c6.4 0 12.8-6.4 12.8-12.8V204.8c0-6.4-6.4-12.8-12.8-12.8h-22.4c-6.4 0-12.8 6.4-12.8 12.8v134.4c0 6.4 6.4 12.8 12.8 12.8zM496 400H48V80c0-8.84-7.16-16-16-16H16C7.16 64 0 71.16 0 80v336c0 17.67 14.33 32 32 32h464c8.84 0 16-7.16 16-16v-16c0-8.84-7.16-16-16-16zm-387.2-48h22.4c6.4 0 12.8-6.4 12.8-12.8v-70.4c0-6.4-6.4-12.8-12.8-12.8h-22.4c-6.4 0-12.8 6.4-12.8 12.8v70.4c0 6.4 6.4 12.8 12.8 12.8z\" class=\"\"><\/path><\/svg><\/i> <img decoding=\"async\" width=\"16\" height=\"16\" alt=\"Loading\" src=\"https:\/\/aswu.edu.eg\/fr\/wp-content\/plugins\/page-views-count\/ajax-loader-2x.gif\" border=0 \/><\/p>\n<div class=\"pvc_clear\"><\/div>\n","protected":false},"author":10,"featured_media":5747,"parent":0,"menu_order":0,"comment_status":"closed","ping_status":"closed","template":"","meta":{"footnotes":""},"rttpg_featured_image_url":{"full":["https:\/\/aswu.edu.eg\/fr\/wp-content\/uploads\/Untitled-1.jpg000.jpg",400,260,false],"landscape":["https:\/\/aswu.edu.eg\/fr\/wp-content\/uploads\/Untitled-1.jpg000.jpg",400,260,false],"portraits":["https:\/\/aswu.edu.eg\/fr\/wp-content\/uploads\/Untitled-1.jpg000.jpg",400,260,false],"thumbnail":["https:\/\/aswu.edu.eg\/fr\/wp-content\/uploads\/Untitled-1.jpg000-150x150.jpg",150,150,true],"medium":["https:\/\/aswu.edu.eg\/fr\/wp-content\/uploads\/Untitled-1.jpg000-300x195.jpg",300,195,true],"large":["https:\/\/aswu.edu.eg\/fr\/wp-content\/uploads\/Untitled-1.jpg000.jpg",400,260,false],"1536x1536":["https:\/\/aswu.edu.eg\/fr\/wp-content\/uploads\/Untitled-1.jpg000.jpg",400,260,false],"2048x2048":["https:\/\/aswu.edu.eg\/fr\/wp-content\/uploads\/Untitled-1.jpg000.jpg",400,260,false],"education-hub-thumb":["https:\/\/aswu.edu.eg\/fr\/wp-content\/uploads\/Untitled-1.jpg000-360x234.jpg",360,234,true]},"rttpg_author":{"display_name":"baivy anton","author_link":"https:\/\/aswu.edu.eg\/fr\/author\/asenweb\/"},"rttpg_comment":0,"rttpg_category":null,"rttpg_excerpt":"Les objectifs du protocole\u00a0: La coordination avec l\u2019organisation de d\u00e9velopper le programme d\u2019\u00e9tablir les capacit\u00e9s des profs et les employ\u00e9es au Le Centre d&#8217;orientation professionnelle affili\u00e9 \u00e0 l\u2019universit\u00e9 d\u2019Assouan. Fourniture des informations et donn\u00e9es n\u00e9cessaires et pertinentes Faciliter les t\u00e2ches Read More ...","_links":{"self":[{"href":"https:\/\/aswu.edu.eg\/fr\/wp-json\/wp\/v2\/pages\/5418"}],"collection":[{"href":"https:\/\/aswu.edu.eg\/fr\/wp-json\/wp\/v2\/pages"}],"about":[{"href":"https:\/\/aswu.edu.eg\/fr\/wp-json\/wp\/v2\/types\/page"}],"author":[{"embeddable":true,"href":"https:\/\/aswu.edu.eg\/fr\/wp-json\/wp\/v2\/users\/10"}],"replies":[{"embeddable":true,"href":"https:\/\/aswu.edu.eg\/fr\/wp-json\/wp\/v2\/comments?post=5418"}],"version-history":[{"count":6,"href":"https:\/\/aswu.edu.eg\/fr\/wp-json\/wp\/v2\/pages\/5418\/revisions"}],"predecessor-version":[{"id":29338,"href":"https:\/\/aswu.edu.eg\/fr\/wp-json\/wp\/v2\/pages\/5418\/revisions\/29338"}],"wp:featuredmedia":[{"embeddable":true,"href":"https:\/\/aswu.edu.eg\/fr\/wp-json\/wp\/v2\/media\/5747"}],"wp:attachment":[{"href":"https:\/\/aswu.edu.eg\/fr\/wp-json\/wp\/v2\/media?parent=5418"}],"curies":[{"name":"wp","href":"https:\/\/api.w.org\/{rel}","templated":true}]}}