{"id":5420,"date":"2020-11-23T09:36:15","date_gmt":"2020-11-23T09:36:15","guid":{"rendered":"http:\/\/aswu.edu.eg\/en\/?page_id=5420"},"modified":"2023-05-01T07:09:40","modified_gmt":"2023-05-01T07:09:40","slug":"cooperation-protocol-between-the-faculty-of-engineering-aswan-university-and-the-capacities-center-asa-university-of-nantes-in-france","status":"publish","type":"page","link":"https:\/\/aswu.edu.eg\/fr\/cooperation-protocol-between-the-faculty-of-engineering-aswan-university-and-the-capacities-center-asa-university-of-nantes-in-france\/","title":{"rendered":"Protocole coop\u00e9ratif entre le centre des consultations g\u00e9niques \u00e0 facult\u00e9 d\u2019ing\u00e9nierie (universit\u00e9 d\u2019Assouan) et centre Capacities ASA (universit\u00e9 de Nantes en France)"},"content":{"rendered":"<p><span style=\"color: #003366;font-size: 14pt\">Les objectifs du protocole :<\/span><\/p>\n<ul>\n<li><span style=\"color: #333333\">Pr\u00e9senter le code sp\u00e9cial \u00e0 la simple digitale demande avec explication compl\u00e8te de comment le fonctionnement.<\/span><\/li>\n<li><span style=\"color: #333333\">Pr\u00e9senter rapport technique indique r\u00e9alise la simple digitale demande \u00e0 travers correspondant aux r\u00e9sultats au cas jarrets de petit diam\u00e8tre avec le m\u00e9thode (P-Y method) utilise en ((<strong>American Petroleum Institute API<\/strong>) puis pr\u00e9sente les r\u00e9sultats au cas jarrets de grand diam\u00e8tre.<\/span><\/li>\n<\/ul>\n<p>&nbsp;<\/p>\n<p><span style=\"color: #003366;font-size: 14pt\">La validit\u00e9 de l\u2019accord:<\/span><\/p>\n<p><span style=\"color: #333333\">3 mois de date (21 novembre 2017) ne permettent pas r\u00e9soudre l\u2019accord sauf avec le consentement \u00e9crit des parties<\/span><\/p>\n<div class=\"pvc_clear\"><\/div>\n<p id=\"pvc_stats_5420\" class=\"pvc_stats all  \" data-element-id=\"5420\" style=\"\"><i class=\"pvc-stats-icon medium\" aria-hidden=\"true\"><svg aria-hidden=\"true\" focusable=\"false\" data-prefix=\"far\" data-icon=\"chart-bar\" role=\"img\" xmlns=\"http:\/\/www.w3.org\/2000\/svg\" viewBox=\"0 0 512 512\" class=\"svg-inline--fa fa-chart-bar fa-w-16 fa-2x\"><path fill=\"currentColor\" d=\"M396.8 352h22.4c6.4 0 12.8-6.4 12.8-12.8V108.8c0-6.4-6.4-12.8-12.8-12.8h-22.4c-6.4 0-12.8 6.4-12.8 12.8v230.4c0 6.4 6.4 12.8 12.8 12.8zm-192 0h22.4c6.4 0 12.8-6.4 12.8-12.8V140.8c0-6.4-6.4-12.8-12.8-12.8h-22.4c-6.4 0-12.8 6.4-12.8 12.8v198.4c0 6.4 6.4 12.8 12.8 12.8zm96 0h22.4c6.4 0 12.8-6.4 12.8-12.8V204.8c0-6.4-6.4-12.8-12.8-12.8h-22.4c-6.4 0-12.8 6.4-12.8 12.8v134.4c0 6.4 6.4 12.8 12.8 12.8zM496 400H48V80c0-8.84-7.16-16-16-16H16C7.16 64 0 71.16 0 80v336c0 17.67 14.33 32 32 32h464c8.84 0 16-7.16 16-16v-16c0-8.84-7.16-16-16-16zm-387.2-48h22.4c6.4 0 12.8-6.4 12.8-12.8v-70.4c0-6.4-6.4-12.8-12.8-12.8h-22.4c-6.4 0-12.8 6.4-12.8 12.8v70.4c0 6.4 6.4 12.8 12.8 12.8z\" class=\"\"><\/path><\/svg><\/i> <img decoding=\"async\" width=\"16\" height=\"16\" alt=\"Loading\" src=\"https:\/\/aswu.edu.eg\/fr\/wp-content\/plugins\/page-views-count\/ajax-loader-2x.gif\" border=0 \/><\/p>\n<div class=\"pvc_clear\"><\/div>\n","protected":false},"excerpt":{"rendered":"<p>Les objectifs du protocole : Pr\u00e9senter le code sp\u00e9cial \u00e0 la simple digitale demande avec explication compl\u00e8te de comment le fonctionnement. Pr\u00e9senter rapport technique indique r\u00e9alise la simple digitale demande \u00e0 travers correspondant aux r\u00e9sultats au cas jarrets de petit <a href=\"https:\/\/aswu.edu.eg\/fr\/cooperation-protocol-between-the-faculty-of-engineering-aswan-university-and-the-capacities-center-asa-university-of-nantes-in-france\/\" class=\"read-more\">Read More &#8230;<\/a><\/p>\n<div class=\"pvc_clear\"><\/div>\n<p id=\"pvc_stats_5420\" class=\"pvc_stats all  \" data-element-id=\"5420\" style=\"\"><i class=\"pvc-stats-icon medium\" aria-hidden=\"true\"><svg aria-hidden=\"true\" focusable=\"false\" data-prefix=\"far\" data-icon=\"chart-bar\" role=\"img\" xmlns=\"http:\/\/www.w3.org\/2000\/svg\" viewBox=\"0 0 512 512\" class=\"svg-inline--fa fa-chart-bar fa-w-16 fa-2x\"><path fill=\"currentColor\" d=\"M396.8 352h22.4c6.4 0 12.8-6.4 12.8-12.8V108.8c0-6.4-6.4-12.8-12.8-12.8h-22.4c-6.4 0-12.8 6.4-12.8 12.8v230.4c0 6.4 6.4 12.8 12.8 12.8zm-192 0h22.4c6.4 0 12.8-6.4 12.8-12.8V140.8c0-6.4-6.4-12.8-12.8-12.8h-22.4c-6.4 0-12.8 6.4-12.8 12.8v198.4c0 6.4 6.4 12.8 12.8 12.8zm96 0h22.4c6.4 0 12.8-6.4 12.8-12.8V204.8c0-6.4-6.4-12.8-12.8-12.8h-22.4c-6.4 0-12.8 6.4-12.8 12.8v134.4c0 6.4 6.4 12.8 12.8 12.8zM496 400H48V80c0-8.84-7.16-16-16-16H16C7.16 64 0 71.16 0 80v336c0 17.67 14.33 32 32 32h464c8.84 0 16-7.16 16-16v-16c0-8.84-7.16-16-16-16zm-387.2-48h22.4c6.4 0 12.8-6.4 12.8-12.8v-70.4c0-6.4-6.4-12.8-12.8-12.8h-22.4c-6.4 0-12.8 6.4-12.8 12.8v70.4c0 6.4 6.4 12.8 12.8 12.8z\" class=\"\"><\/path><\/svg><\/i> <img decoding=\"async\" width=\"16\" height=\"16\" alt=\"Loading\" src=\"https:\/\/aswu.edu.eg\/fr\/wp-content\/plugins\/page-views-count\/ajax-loader-2x.gif\" border=0 \/><\/p>\n<div class=\"pvc_clear\"><\/div>\n","protected":false},"author":10,"featured_media":5737,"parent":0,"menu_order":0,"comment_status":"closed","ping_status":"closed","template":"","meta":{"footnotes":""},"rttpg_featured_image_url":{"full":["https:\/\/aswu.edu.eg\/fr\/wp-content\/uploads\/01Untitled-2.jpg",400,260,false],"landscape":["https:\/\/aswu.edu.eg\/fr\/wp-content\/uploads\/01Untitled-2.jpg",400,260,false],"portraits":["https:\/\/aswu.edu.eg\/fr\/wp-content\/uploads\/01Untitled-2.jpg",400,260,false],"thumbnail":["https:\/\/aswu.edu.eg\/fr\/wp-content\/uploads\/01Untitled-2-150x150.jpg",150,150,true],"medium":["https:\/\/aswu.edu.eg\/fr\/wp-content\/uploads\/01Untitled-2-300x195.jpg",300,195,true],"large":["https:\/\/aswu.edu.eg\/fr\/wp-content\/uploads\/01Untitled-2.jpg",400,260,false],"1536x1536":["https:\/\/aswu.edu.eg\/fr\/wp-content\/uploads\/01Untitled-2.jpg",400,260,false],"2048x2048":["https:\/\/aswu.edu.eg\/fr\/wp-content\/uploads\/01Untitled-2.jpg",400,260,false],"education-hub-thumb":["https:\/\/aswu.edu.eg\/fr\/wp-content\/uploads\/01Untitled-2-360x234.jpg",360,234,true]},"rttpg_author":{"display_name":"baivy anton","author_link":"https:\/\/aswu.edu.eg\/fr\/author\/asenweb\/"},"rttpg_comment":0,"rttpg_category":null,"rttpg_excerpt":"Les objectifs du protocole : Pr\u00e9senter le code sp\u00e9cial \u00e0 la simple digitale demande avec explication compl\u00e8te de comment le fonctionnement. Pr\u00e9senter rapport technique indique r\u00e9alise la simple digitale demande \u00e0 travers correspondant aux r\u00e9sultats au cas jarrets de petit Read More ...","_links":{"self":[{"href":"https:\/\/aswu.edu.eg\/fr\/wp-json\/wp\/v2\/pages\/5420"}],"collection":[{"href":"https:\/\/aswu.edu.eg\/fr\/wp-json\/wp\/v2\/pages"}],"about":[{"href":"https:\/\/aswu.edu.eg\/fr\/wp-json\/wp\/v2\/types\/page"}],"author":[{"embeddable":true,"href":"https:\/\/aswu.edu.eg\/fr\/wp-json\/wp\/v2\/users\/10"}],"replies":[{"embeddable":true,"href":"https:\/\/aswu.edu.eg\/fr\/wp-json\/wp\/v2\/comments?post=5420"}],"version-history":[{"count":6,"href":"https:\/\/aswu.edu.eg\/fr\/wp-json\/wp\/v2\/pages\/5420\/revisions"}],"predecessor-version":[{"id":29352,"href":"https:\/\/aswu.edu.eg\/fr\/wp-json\/wp\/v2\/pages\/5420\/revisions\/29352"}],"wp:featuredmedia":[{"embeddable":true,"href":"https:\/\/aswu.edu.eg\/fr\/wp-json\/wp\/v2\/media\/5737"}],"wp:attachment":[{"href":"https:\/\/aswu.edu.eg\/fr\/wp-json\/wp\/v2\/media?parent=5420"}],"curies":[{"name":"wp","href":"https:\/\/api.w.org\/{rel}","templated":true}]}}