{"id":5422,"date":"2020-11-23T09:37:08","date_gmt":"2020-11-23T09:37:08","guid":{"rendered":"http:\/\/aswu.edu.eg\/en\/?page_id=5422"},"modified":"2023-05-01T11:02:30","modified_gmt":"2023-05-01T11:02:30","slug":"cooperation-protocol-between-the-environmental-studies-unit-at-aswan-university-and-ha-for-headquarters-asset-management","status":"publish","type":"page","link":"https:\/\/aswu.edu.eg\/fr\/cooperation-protocol-between-the-environmental-studies-unit-at-aswan-university-and-ha-for-headquarters-asset-management\/","title":{"rendered":"Protocole de coop\u00e9ration entre l\u2019unit\u00e9 des \u00e9tudes l\u2019environnement \u00e0 l\u2019universit\u00e9 d\u2019Assouan et l\u2019entreprise HA d\u2019administration l\u2019actif de l\u2019administration centrale"},"content":{"rendered":"<p style=\"text-align: justify\"><span style=\"color: #003366;font-size: 14pt;font-family: Cairo\">Les objectifs du protocole\u00a0:<\/span><\/p>\n<ol style=\"text-align: justify\">\n<li><span style=\"font-size: 12pt;color: #333333;font-family: Cairo\">Faire des \u00e9tudes et mesures environnementales a l\u2019int\u00e9rieure le projet de station l\u2019\u00e9nergie solaire \u2013 Benben.<\/span><\/li>\n<li><span style=\"font-size: 12pt;color: #333333;font-family: Cairo\">Donner l\u2019avis scientifique complet avec les documents pour aucune question.<\/span><\/li>\n<li><span style=\"font-size: 12pt;color: #333333;font-family: Cairo\">Pr\u00e9senter de pr\u00e9paration et coordination et mise des cadres dirigeant de processus de d\u00e9tection et analyse l\u2019entendre de la validit\u00e9 des eaux de puits autour du projet.<\/span><\/li>\n<li><span style=\"font-size: 12pt;color: #333333;font-family: Cairo\">Pr\u00e9senter tous les facilites et les supports techniciens de faire les \u00e9tudes et rapports et les consultations environnementales d\u2019avoir des pr\u00e9parations laboratoire et \u00e9quipements scientifiques avanc\u00e9s.<\/span><\/li>\n<li><span style=\"font-size: 12pt;color: #333333;font-family: Cairo\">Pr\u00e9senter les services analysais aux domaines environnementaux divers.<\/span><\/li>\n<li><span style=\"font-size: 12pt;color: #333333;font-family: Cairo\">La coop\u00e9ration avec les profs \u00e0 l\u2019universit\u00e9 de d\u00e9velopper la performance et transmettre la connaissance avanc\u00e9s \u00e0 travers sp\u00e9cialisations modernes et avanc\u00e9s fortifient la communaut\u00e9 universitaires scientifique locale.<\/span><\/li>\n<li><span style=\"font-size: 12pt;color: #333333;font-family: Cairo\">Pr\u00e9senter la consultation scientifique et technique pour l\u2019entreprise avec les styles scientifiques qui conduit \u00e0 d\u00e9velopper et cr\u00e9er des nouveaux styles leurs cons\u00e9quences abondance, multiplicit\u00e9 et am\u00e9lioration de la production.<\/span><\/li>\n<li><span style=\"font-size: 12pt;color: #333333;font-family: Cairo\">Pr\u00e9senter des mesures et analyses et faire des \u00e9tudes et les mesures environnementales avec entrepreneur<\/span><\/li>\n<\/ol>\n<p style=\"text-align: justify\"><span style=\"font-size: 12pt;color: #333333;font-family: Cairo\">Date le d\u00e9bute du protocole 13 f\u00e9vrier 2018 \u00a0\u00a0\u00a0\u00a0<\/span><\/p>\n<div class=\"pvc_clear\"><\/div>\n<p id=\"pvc_stats_5422\" class=\"pvc_stats all  \" data-element-id=\"5422\" style=\"\"><i class=\"pvc-stats-icon medium\" aria-hidden=\"true\"><svg aria-hidden=\"true\" focusable=\"false\" data-prefix=\"far\" data-icon=\"chart-bar\" role=\"img\" xmlns=\"http:\/\/www.w3.org\/2000\/svg\" viewBox=\"0 0 512 512\" class=\"svg-inline--fa fa-chart-bar fa-w-16 fa-2x\"><path fill=\"currentColor\" d=\"M396.8 352h22.4c6.4 0 12.8-6.4 12.8-12.8V108.8c0-6.4-6.4-12.8-12.8-12.8h-22.4c-6.4 0-12.8 6.4-12.8 12.8v230.4c0 6.4 6.4 12.8 12.8 12.8zm-192 0h22.4c6.4 0 12.8-6.4 12.8-12.8V140.8c0-6.4-6.4-12.8-12.8-12.8h-22.4c-6.4 0-12.8 6.4-12.8 12.8v198.4c0 6.4 6.4 12.8 12.8 12.8zm96 0h22.4c6.4 0 12.8-6.4 12.8-12.8V204.8c0-6.4-6.4-12.8-12.8-12.8h-22.4c-6.4 0-12.8 6.4-12.8 12.8v134.4c0 6.4 6.4 12.8 12.8 12.8zM496 400H48V80c0-8.84-7.16-16-16-16H16C7.16 64 0 71.16 0 80v336c0 17.67 14.33 32 32 32h464c8.84 0 16-7.16 16-16v-16c0-8.84-7.16-16-16-16zm-387.2-48h22.4c6.4 0 12.8-6.4 12.8-12.8v-70.4c0-6.4-6.4-12.8-12.8-12.8h-22.4c-6.4 0-12.8 6.4-12.8 12.8v70.4c0 6.4 6.4 12.8 12.8 12.8z\" class=\"\"><\/path><\/svg><\/i> <img decoding=\"async\" width=\"16\" height=\"16\" alt=\"Loading\" src=\"https:\/\/aswu.edu.eg\/fr\/wp-content\/plugins\/page-views-count\/ajax-loader-2x.gif\" border=0 \/><\/p>\n<div class=\"pvc_clear\"><\/div>\n","protected":false},"excerpt":{"rendered":"<p>Les objectifs du protocole\u00a0: Faire des \u00e9tudes et mesures environnementales a l\u2019int\u00e9rieure le projet de station l\u2019\u00e9nergie solaire \u2013 Benben. Donner l\u2019avis scientifique complet avec les documents pour aucune question. Pr\u00e9senter de pr\u00e9paration et coordination et mise des cadres dirigeant <a href=\"https:\/\/aswu.edu.eg\/fr\/cooperation-protocol-between-the-environmental-studies-unit-at-aswan-university-and-ha-for-headquarters-asset-management\/\" class=\"read-more\">Read More &#8230;<\/a><\/p>\n<div class=\"pvc_clear\"><\/div>\n<p id=\"pvc_stats_5422\" class=\"pvc_stats all  \" data-element-id=\"5422\" style=\"\"><i class=\"pvc-stats-icon medium\" aria-hidden=\"true\"><svg aria-hidden=\"true\" focusable=\"false\" data-prefix=\"far\" data-icon=\"chart-bar\" role=\"img\" xmlns=\"http:\/\/www.w3.org\/2000\/svg\" viewBox=\"0 0 512 512\" class=\"svg-inline--fa fa-chart-bar fa-w-16 fa-2x\"><path fill=\"currentColor\" d=\"M396.8 352h22.4c6.4 0 12.8-6.4 12.8-12.8V108.8c0-6.4-6.4-12.8-12.8-12.8h-22.4c-6.4 0-12.8 6.4-12.8 12.8v230.4c0 6.4 6.4 12.8 12.8 12.8zm-192 0h22.4c6.4 0 12.8-6.4 12.8-12.8V140.8c0-6.4-6.4-12.8-12.8-12.8h-22.4c-6.4 0-12.8 6.4-12.8 12.8v198.4c0 6.4 6.4 12.8 12.8 12.8zm96 0h22.4c6.4 0 12.8-6.4 12.8-12.8V204.8c0-6.4-6.4-12.8-12.8-12.8h-22.4c-6.4 0-12.8 6.4-12.8 12.8v134.4c0 6.4 6.4 12.8 12.8 12.8zM496 400H48V80c0-8.84-7.16-16-16-16H16C7.16 64 0 71.16 0 80v336c0 17.67 14.33 32 32 32h464c8.84 0 16-7.16 16-16v-16c0-8.84-7.16-16-16-16zm-387.2-48h22.4c6.4 0 12.8-6.4 12.8-12.8v-70.4c0-6.4-6.4-12.8-12.8-12.8h-22.4c-6.4 0-12.8 6.4-12.8 12.8v70.4c0 6.4 6.4 12.8 12.8 12.8z\" class=\"\"><\/path><\/svg><\/i> <img decoding=\"async\" width=\"16\" height=\"16\" alt=\"Loading\" src=\"https:\/\/aswu.edu.eg\/fr\/wp-content\/plugins\/page-views-count\/ajax-loader-2x.gif\" border=0 \/><\/p>\n<div class=\"pvc_clear\"><\/div>\n","protected":false},"author":10,"featured_media":5739,"parent":0,"menu_order":0,"comment_status":"closed","ping_status":"closed","template":"","meta":{"footnotes":""},"rttpg_featured_image_url":{"full":["https:\/\/aswu.edu.eg\/fr\/wp-content\/uploads\/03Untitled-1.jpg",400,260,false],"landscape":["https:\/\/aswu.edu.eg\/fr\/wp-content\/uploads\/03Untitled-1.jpg",400,260,false],"portraits":["https:\/\/aswu.edu.eg\/fr\/wp-content\/uploads\/03Untitled-1.jpg",400,260,false],"thumbnail":["https:\/\/aswu.edu.eg\/fr\/wp-content\/uploads\/03Untitled-1-150x150.jpg",150,150,true],"medium":["https:\/\/aswu.edu.eg\/fr\/wp-content\/uploads\/03Untitled-1-300x195.jpg",300,195,true],"large":["https:\/\/aswu.edu.eg\/fr\/wp-content\/uploads\/03Untitled-1.jpg",400,260,false],"1536x1536":["https:\/\/aswu.edu.eg\/fr\/wp-content\/uploads\/03Untitled-1.jpg",400,260,false],"2048x2048":["https:\/\/aswu.edu.eg\/fr\/wp-content\/uploads\/03Untitled-1.jpg",400,260,false],"education-hub-thumb":["https:\/\/aswu.edu.eg\/fr\/wp-content\/uploads\/03Untitled-1-360x234.jpg",360,234,true]},"rttpg_author":{"display_name":"baivy anton","author_link":"https:\/\/aswu.edu.eg\/fr\/author\/asenweb\/"},"rttpg_comment":0,"rttpg_category":null,"rttpg_excerpt":"Les objectifs du protocole\u00a0: Faire des \u00e9tudes et mesures environnementales a l\u2019int\u00e9rieure le projet de station l\u2019\u00e9nergie solaire \u2013 Benben. Donner l\u2019avis scientifique complet avec les documents pour aucune question. Pr\u00e9senter de pr\u00e9paration et coordination et mise des cadres dirigeant Read More ...","_links":{"self":[{"href":"https:\/\/aswu.edu.eg\/fr\/wp-json\/wp\/v2\/pages\/5422"}],"collection":[{"href":"https:\/\/aswu.edu.eg\/fr\/wp-json\/wp\/v2\/pages"}],"about":[{"href":"https:\/\/aswu.edu.eg\/fr\/wp-json\/wp\/v2\/types\/page"}],"author":[{"embeddable":true,"href":"https:\/\/aswu.edu.eg\/fr\/wp-json\/wp\/v2\/users\/10"}],"replies":[{"embeddable":true,"href":"https:\/\/aswu.edu.eg\/fr\/wp-json\/wp\/v2\/comments?post=5422"}],"version-history":[{"count":7,"href":"https:\/\/aswu.edu.eg\/fr\/wp-json\/wp\/v2\/pages\/5422\/revisions"}],"predecessor-version":[{"id":29382,"href":"https:\/\/aswu.edu.eg\/fr\/wp-json\/wp\/v2\/pages\/5422\/revisions\/29382"}],"wp:featuredmedia":[{"embeddable":true,"href":"https:\/\/aswu.edu.eg\/fr\/wp-json\/wp\/v2\/media\/5739"}],"wp:attachment":[{"href":"https:\/\/aswu.edu.eg\/fr\/wp-json\/wp\/v2\/media?parent=5422"}],"curies":[{"name":"wp","href":"https:\/\/api.w.org\/{rel}","templated":true}]}}