{"id":5424,"date":"2020-11-23T09:38:29","date_gmt":"2020-11-23T09:38:29","guid":{"rendered":"http:\/\/aswu.edu.eg\/en\/?page_id=5424"},"modified":"2023-05-02T06:47:16","modified_gmt":"2023-05-02T06:47:16","slug":"cooperation-protocol-between-the-information-technology-industry-development-authority-and-aswan-university","status":"publish","type":"page","link":"https:\/\/aswu.edu.eg\/fr\/cooperation-protocol-between-the-information-technology-industry-development-authority-and-aswan-university\/","title":{"rendered":"Protocole de coop\u00e9ration entre l\u2019autorit\u00e9 de d\u00e9veloppement\u00a0 l\u2019industrie technologique d\u2019information et l\u2019universit\u00e9 d\u2019Assouan"},"content":{"rendered":"<p><span style=\"color: #003366;font-size: 14pt\">Le th\u00e8me du protocole\u00a0:<\/span><\/p>\n<p><span style=\"color: #333333\">Ce protocole vise\u00a0\u00e0 la premi\u00e8re partie d\u2019installer et diriger la communaut\u00e9 technologique d\u2019innovation et entreprenariat au campus commun deuxi\u00e8me partie en ce protocole.<\/span><\/p>\n<p><span style=\"color: #003366;font-size: 14pt\">La communaut\u00e9 d\u2019innovation vise \u00e0 r\u00e9aliser les objectifs suivants\u00a0:<\/span><\/p>\n<ol>\n<li><span style=\"color: #333333\">Publier la culture d\u2019innovation technologique et entreprenariat au niveau des universit\u00e9s \u00e9gyptiennes gouvernementales en particulaire et aire de r\u00e9partition g\u00e9ographique pour le deuxi\u00e8me partie en sp\u00e9ciale.<\/span><\/li>\n<li><span style=\"color: #333333\">supporter transformer les id\u00e9es cr\u00e9ateurs des jeunes d\u00e9pendent \u00e0 la technologie d\u2019information et les communications aux produits ou services commerciales.<\/span><\/li>\n<li><span style=\"color: #333333\">D\u00e9velopper les m\u00e9canismes d\u2019apprentissage \u00e0 travers l\u2019utilisation pr\u00e9coce de la technologique d\u2019information.<\/span><\/li>\n<li><span style=\"color: #333333\">Int\u00e9grer la communication et la technologie d\u2019information aux divers domaines de vie de r\u00e9aliser la transformation digital et \u00e9conomise la connaissance.<\/span><\/li>\n<\/ol>\n<p><span style=\"color: #003366;font-size: 14pt\">Les objectifs du protocole\u00a0:<\/span><\/p>\n<ol>\n<li><span style=\"color: #333333\">Cr\u00e9er et diriger et fonctionnement la communaut\u00e9 d\u2019innovation technologique au campus que la communaut\u00e9 disponible l\u2019innovation visant les services qui afin de fortifier, publier et d\u00e9velopper l\u2019innovation dans l&#8217;\u00e9tendue g\u00e9ographique.<\/span><\/li>\n<li><span style=\"color: #333333\">Poser et gouverner le cadre du travail la communaut\u00e9 d\u2019innovation d\u2019o\u00f9 supporter le r\u00f4le de la deuxi\u00e8me partie de trouver des solutions innovantes de servir la communaut\u00e9 et puis la contribution \u00e0 la croissance \u00e9conomique et augmenter les chances du travail.<\/span><\/li>\n<li><span style=\"color: #333333\">Promo la distinction acad\u00e9mique supporte de l\u2019innovation et entreprenariat aux tous les activit\u00e9s promotionnel de la communaut\u00e9 d\u2019innovation vis\u00e9.<\/span><\/li>\n<li><span style=\"color: #333333\">Disponible des services de la communaut\u00e9 d\u2019innovation d\u2019avantage d\u00e9taill\u00e9s des \u00e9tudiants et profs chez la deuxi\u00e8me partie aux domaines suivants\u00a0:<\/span><\/li>\n<\/ol>\n<p>&nbsp;<\/p>\n<ul>\n<li><span style=\"color: #333333\">R\u00e9pondre aux besoins de recherche et contribution des solutions techniques et artistiques d\u00e9velopp\u00e9s commercialement viable.<\/span><\/li>\n<li><span style=\"color: #333333\">Entrainement et \u00e9lever l\u2019efficacit\u00e9 et d\u00e9veloppement les comp\u00e9tences.<\/span><\/li>\n<li><span style=\"color: #333333\">Adoption d&#8217;id\u00e9es et les entreprises naissantes.<\/span><\/li>\n<li><span style=\"color: #333333\">Disponible des chances pour les \u00e9tudiants d\u2019entrainer pendant le travail aux entreprises la communaut\u00e9 d\u2019innovation.<\/span><\/li>\n<li><span style=\"color: #333333\">Poursuivre les plus modernes directions et les tendances au domaine d\u2019innovation et entrepreneuriat.<\/span><\/li>\n<li><span style=\"color: #333333\">Disponible l\u2019atmosph\u00e8re et chance de communication avec les hommes d\u2019affaire et les investisseurs et les directions support\u00e9s \u00e0 travers les \u00e9v\u00e9nements divers que la communaut\u00e9 d\u2019innovation organise.<\/span><\/li>\n<li><span style=\"color: #333333\">Ex\u00e9cute nombres des \u00e9v\u00e9nements et conf\u00e9rences p\u00e9riodiques en coordination avec la deuxi\u00e8me partie d\u2019encourager les \u00e9tudiants et les profs chez la deuxi\u00e8me partie \u00e0 l\u2019innovation et l\u2019entrepreneuriat.<\/span><\/li>\n<\/ul>\n<p><span style=\"color: #003366;font-size: 14pt\">La validit\u00e9 du protocole\u00a0:<\/span><\/p>\n<p><span style=\"color: #333333\">La validit\u00e9 de ce protocole 10 ans de date 11 d\u00e9cembre 2018.\u00a0 \u00a0<\/span><\/p>\n<div class=\"pvc_clear\"><\/div>\n<p id=\"pvc_stats_5424\" class=\"pvc_stats all  \" data-element-id=\"5424\" style=\"\"><i class=\"pvc-stats-icon medium\" aria-hidden=\"true\"><svg aria-hidden=\"true\" focusable=\"false\" data-prefix=\"far\" data-icon=\"chart-bar\" role=\"img\" xmlns=\"http:\/\/www.w3.org\/2000\/svg\" viewBox=\"0 0 512 512\" class=\"svg-inline--fa fa-chart-bar fa-w-16 fa-2x\"><path fill=\"currentColor\" d=\"M396.8 352h22.4c6.4 0 12.8-6.4 12.8-12.8V108.8c0-6.4-6.4-12.8-12.8-12.8h-22.4c-6.4 0-12.8 6.4-12.8 12.8v230.4c0 6.4 6.4 12.8 12.8 12.8zm-192 0h22.4c6.4 0 12.8-6.4 12.8-12.8V140.8c0-6.4-6.4-12.8-12.8-12.8h-22.4c-6.4 0-12.8 6.4-12.8 12.8v198.4c0 6.4 6.4 12.8 12.8 12.8zm96 0h22.4c6.4 0 12.8-6.4 12.8-12.8V204.8c0-6.4-6.4-12.8-12.8-12.8h-22.4c-6.4 0-12.8 6.4-12.8 12.8v134.4c0 6.4 6.4 12.8 12.8 12.8zM496 400H48V80c0-8.84-7.16-16-16-16H16C7.16 64 0 71.16 0 80v336c0 17.67 14.33 32 32 32h464c8.84 0 16-7.16 16-16v-16c0-8.84-7.16-16-16-16zm-387.2-48h22.4c6.4 0 12.8-6.4 12.8-12.8v-70.4c0-6.4-6.4-12.8-12.8-12.8h-22.4c-6.4 0-12.8 6.4-12.8 12.8v70.4c0 6.4 6.4 12.8 12.8 12.8z\" class=\"\"><\/path><\/svg><\/i> <img decoding=\"async\" width=\"16\" height=\"16\" alt=\"Loading\" src=\"https:\/\/aswu.edu.eg\/fr\/wp-content\/plugins\/page-views-count\/ajax-loader-2x.gif\" border=0 \/><\/p>\n<div class=\"pvc_clear\"><\/div>\n","protected":false},"excerpt":{"rendered":"<p>Le th\u00e8me du protocole\u00a0: Ce protocole vise\u00a0\u00e0 la premi\u00e8re partie d\u2019installer et diriger la communaut\u00e9 technologique d\u2019innovation et entreprenariat au campus commun deuxi\u00e8me partie en ce protocole. La communaut\u00e9 d\u2019innovation vise \u00e0 r\u00e9aliser les objectifs suivants\u00a0: Publier la culture d\u2019innovation <a href=\"https:\/\/aswu.edu.eg\/fr\/cooperation-protocol-between-the-information-technology-industry-development-authority-and-aswan-university\/\" class=\"read-more\">Read More &#8230;<\/a><\/p>\n<div class=\"pvc_clear\"><\/div>\n<p id=\"pvc_stats_5424\" class=\"pvc_stats all  \" data-element-id=\"5424\" style=\"\"><i class=\"pvc-stats-icon medium\" aria-hidden=\"true\"><svg aria-hidden=\"true\" focusable=\"false\" data-prefix=\"far\" data-icon=\"chart-bar\" role=\"img\" xmlns=\"http:\/\/www.w3.org\/2000\/svg\" viewBox=\"0 0 512 512\" class=\"svg-inline--fa fa-chart-bar fa-w-16 fa-2x\"><path fill=\"currentColor\" d=\"M396.8 352h22.4c6.4 0 12.8-6.4 12.8-12.8V108.8c0-6.4-6.4-12.8-12.8-12.8h-22.4c-6.4 0-12.8 6.4-12.8 12.8v230.4c0 6.4 6.4 12.8 12.8 12.8zm-192 0h22.4c6.4 0 12.8-6.4 12.8-12.8V140.8c0-6.4-6.4-12.8-12.8-12.8h-22.4c-6.4 0-12.8 6.4-12.8 12.8v198.4c0 6.4 6.4 12.8 12.8 12.8zm96 0h22.4c6.4 0 12.8-6.4 12.8-12.8V204.8c0-6.4-6.4-12.8-12.8-12.8h-22.4c-6.4 0-12.8 6.4-12.8 12.8v134.4c0 6.4 6.4 12.8 12.8 12.8zM496 400H48V80c0-8.84-7.16-16-16-16H16C7.16 64 0 71.16 0 80v336c0 17.67 14.33 32 32 32h464c8.84 0 16-7.16 16-16v-16c0-8.84-7.16-16-16-16zm-387.2-48h22.4c6.4 0 12.8-6.4 12.8-12.8v-70.4c0-6.4-6.4-12.8-12.8-12.8h-22.4c-6.4 0-12.8 6.4-12.8 12.8v70.4c0 6.4 6.4 12.8 12.8 12.8z\" class=\"\"><\/path><\/svg><\/i> <img decoding=\"async\" width=\"16\" height=\"16\" alt=\"Loading\" src=\"https:\/\/aswu.edu.eg\/fr\/wp-content\/plugins\/page-views-count\/ajax-loader-2x.gif\" border=0 \/><\/p>\n<div class=\"pvc_clear\"><\/div>\n","protected":false},"author":10,"featured_media":5738,"parent":0,"menu_order":0,"comment_status":"closed","ping_status":"closed","template":"","meta":{"footnotes":""},"rttpg_featured_image_url":{"full":["https:\/\/aswu.edu.eg\/fr\/wp-content\/uploads\/02Untitled-2-1.jpg",400,260,false],"landscape":["https:\/\/aswu.edu.eg\/fr\/wp-content\/uploads\/02Untitled-2-1.jpg",400,260,false],"portraits":["https:\/\/aswu.edu.eg\/fr\/wp-content\/uploads\/02Untitled-2-1.jpg",400,260,false],"thumbnail":["https:\/\/aswu.edu.eg\/fr\/wp-content\/uploads\/02Untitled-2-1-150x150.jpg",150,150,true],"medium":["https:\/\/aswu.edu.eg\/fr\/wp-content\/uploads\/02Untitled-2-1-300x195.jpg",300,195,true],"large":["https:\/\/aswu.edu.eg\/fr\/wp-content\/uploads\/02Untitled-2-1.jpg",400,260,false],"1536x1536":["https:\/\/aswu.edu.eg\/fr\/wp-content\/uploads\/02Untitled-2-1.jpg",400,260,false],"2048x2048":["https:\/\/aswu.edu.eg\/fr\/wp-content\/uploads\/02Untitled-2-1.jpg",400,260,false],"education-hub-thumb":["https:\/\/aswu.edu.eg\/fr\/wp-content\/uploads\/02Untitled-2-1-360x234.jpg",360,234,true]},"rttpg_author":{"display_name":"baivy anton","author_link":"https:\/\/aswu.edu.eg\/fr\/author\/asenweb\/"},"rttpg_comment":0,"rttpg_category":null,"rttpg_excerpt":"Le th\u00e8me du protocole\u00a0: Ce protocole vise\u00a0\u00e0 la premi\u00e8re partie d\u2019installer et diriger la communaut\u00e9 technologique d\u2019innovation et entreprenariat au campus commun deuxi\u00e8me partie en ce protocole. La communaut\u00e9 d\u2019innovation vise \u00e0 r\u00e9aliser les objectifs suivants\u00a0: Publier la culture d\u2019innovation Read More ...","_links":{"self":[{"href":"https:\/\/aswu.edu.eg\/fr\/wp-json\/wp\/v2\/pages\/5424"}],"collection":[{"href":"https:\/\/aswu.edu.eg\/fr\/wp-json\/wp\/v2\/pages"}],"about":[{"href":"https:\/\/aswu.edu.eg\/fr\/wp-json\/wp\/v2\/types\/page"}],"author":[{"embeddable":true,"href":"https:\/\/aswu.edu.eg\/fr\/wp-json\/wp\/v2\/users\/10"}],"replies":[{"embeddable":true,"href":"https:\/\/aswu.edu.eg\/fr\/wp-json\/wp\/v2\/comments?post=5424"}],"version-history":[{"count":6,"href":"https:\/\/aswu.edu.eg\/fr\/wp-json\/wp\/v2\/pages\/5424\/revisions"}],"predecessor-version":[{"id":29387,"href":"https:\/\/aswu.edu.eg\/fr\/wp-json\/wp\/v2\/pages\/5424\/revisions\/29387"}],"wp:featuredmedia":[{"embeddable":true,"href":"https:\/\/aswu.edu.eg\/fr\/wp-json\/wp\/v2\/media\/5738"}],"wp:attachment":[{"href":"https:\/\/aswu.edu.eg\/fr\/wp-json\/wp\/v2\/media?parent=5424"}],"curies":[{"name":"wp","href":"https:\/\/api.w.org\/{rel}","templated":true}]}}