{"id":5426,"date":"2020-11-23T09:40:06","date_gmt":"2020-11-23T09:40:06","guid":{"rendered":"http:\/\/aswu.edu.eg\/en\/?page_id=5426"},"modified":"2023-05-02T06:54:00","modified_gmt":"2023-05-02T06:54:00","slug":"cooperation-protocol-between-aswan-university-and-the-tourist-guides-syndicate","status":"publish","type":"page","link":"https:\/\/aswu.edu.eg\/fr\/cooperation-protocol-between-aswan-university-and-the-tourist-guides-syndicate\/","title":{"rendered":"Protocole entre l\u2019universit\u00e9 d\u2019Assouan et syndicat du tour guides"},"content":{"rendered":"<p><span style=\"color: #003366;font-size: 14pt\">Th\u00e8mes du protocole aux domaines suivants\u00a0:<\/span><\/p>\n<ul>\n<li><span style=\"color: #333333;font-size: 12pt\">Pr\u00e9parer les personnels touristiques et h\u00f4tellerie et am\u00e9liorer le niveau professionnel en image convient le niveau civilisation et\u00a0l\u2019importance d\u2019Egypte touristique.<\/span><\/li>\n<li><span style=\"color: #333333;font-size: 12pt\">Tenir des activit\u00e9s entrainement (cours- symposiums- conf\u00e9rences- cours \u00e9ducationnel) aux domaines le guide touristique et les informations historiques, arch\u00e9ologiques, et linguistiques.<\/span><\/li>\n<\/ul>\n<p><span style=\"color: #003366;font-size: 14pt\">La validit\u00e9 de l\u2019accord\u00a0:<\/span><\/p>\n<p><span style=\"color: #333333;font-size: 12pt\">5 ans de 2017 \u00e0 2022.<\/span><\/p>\n<div class=\"pvc_clear\"><\/div>\n<p id=\"pvc_stats_5426\" class=\"pvc_stats all  \" data-element-id=\"5426\" style=\"\"><i class=\"pvc-stats-icon medium\" aria-hidden=\"true\"><svg aria-hidden=\"true\" focusable=\"false\" data-prefix=\"far\" data-icon=\"chart-bar\" role=\"img\" xmlns=\"http:\/\/www.w3.org\/2000\/svg\" viewBox=\"0 0 512 512\" class=\"svg-inline--fa fa-chart-bar fa-w-16 fa-2x\"><path fill=\"currentColor\" d=\"M396.8 352h22.4c6.4 0 12.8-6.4 12.8-12.8V108.8c0-6.4-6.4-12.8-12.8-12.8h-22.4c-6.4 0-12.8 6.4-12.8 12.8v230.4c0 6.4 6.4 12.8 12.8 12.8zm-192 0h22.4c6.4 0 12.8-6.4 12.8-12.8V140.8c0-6.4-6.4-12.8-12.8-12.8h-22.4c-6.4 0-12.8 6.4-12.8 12.8v198.4c0 6.4 6.4 12.8 12.8 12.8zm96 0h22.4c6.4 0 12.8-6.4 12.8-12.8V204.8c0-6.4-6.4-12.8-12.8-12.8h-22.4c-6.4 0-12.8 6.4-12.8 12.8v134.4c0 6.4 6.4 12.8 12.8 12.8zM496 400H48V80c0-8.84-7.16-16-16-16H16C7.16 64 0 71.16 0 80v336c0 17.67 14.33 32 32 32h464c8.84 0 16-7.16 16-16v-16c0-8.84-7.16-16-16-16zm-387.2-48h22.4c6.4 0 12.8-6.4 12.8-12.8v-70.4c0-6.4-6.4-12.8-12.8-12.8h-22.4c-6.4 0-12.8 6.4-12.8 12.8v70.4c0 6.4 6.4 12.8 12.8 12.8z\" class=\"\"><\/path><\/svg><\/i> <img decoding=\"async\" width=\"16\" height=\"16\" alt=\"Loading\" src=\"https:\/\/aswu.edu.eg\/fr\/wp-content\/plugins\/page-views-count\/ajax-loader-2x.gif\" border=0 \/><\/p>\n<div class=\"pvc_clear\"><\/div>\n","protected":false},"excerpt":{"rendered":"<p>Th\u00e8mes du protocole aux domaines suivants\u00a0: Pr\u00e9parer les personnels touristiques et h\u00f4tellerie et am\u00e9liorer le niveau professionnel en image convient le niveau civilisation et\u00a0l\u2019importance d\u2019Egypte touristique. Tenir des activit\u00e9s entrainement (cours- symposiums- conf\u00e9rences- cours \u00e9ducationnel) aux domaines le guide touristique <a href=\"https:\/\/aswu.edu.eg\/fr\/cooperation-protocol-between-aswan-university-and-the-tourist-guides-syndicate\/\" class=\"read-more\">Read More &#8230;<\/a><\/p>\n<div class=\"pvc_clear\"><\/div>\n<p id=\"pvc_stats_5426\" class=\"pvc_stats all  \" data-element-id=\"5426\" style=\"\"><i class=\"pvc-stats-icon medium\" aria-hidden=\"true\"><svg aria-hidden=\"true\" focusable=\"false\" data-prefix=\"far\" data-icon=\"chart-bar\" role=\"img\" xmlns=\"http:\/\/www.w3.org\/2000\/svg\" viewBox=\"0 0 512 512\" class=\"svg-inline--fa fa-chart-bar fa-w-16 fa-2x\"><path fill=\"currentColor\" d=\"M396.8 352h22.4c6.4 0 12.8-6.4 12.8-12.8V108.8c0-6.4-6.4-12.8-12.8-12.8h-22.4c-6.4 0-12.8 6.4-12.8 12.8v230.4c0 6.4 6.4 12.8 12.8 12.8zm-192 0h22.4c6.4 0 12.8-6.4 12.8-12.8V140.8c0-6.4-6.4-12.8-12.8-12.8h-22.4c-6.4 0-12.8 6.4-12.8 12.8v198.4c0 6.4 6.4 12.8 12.8 12.8zm96 0h22.4c6.4 0 12.8-6.4 12.8-12.8V204.8c0-6.4-6.4-12.8-12.8-12.8h-22.4c-6.4 0-12.8 6.4-12.8 12.8v134.4c0 6.4 6.4 12.8 12.8 12.8zM496 400H48V80c0-8.84-7.16-16-16-16H16C7.16 64 0 71.16 0 80v336c0 17.67 14.33 32 32 32h464c8.84 0 16-7.16 16-16v-16c0-8.84-7.16-16-16-16zm-387.2-48h22.4c6.4 0 12.8-6.4 12.8-12.8v-70.4c0-6.4-6.4-12.8-12.8-12.8h-22.4c-6.4 0-12.8 6.4-12.8 12.8v70.4c0 6.4 6.4 12.8 12.8 12.8z\" class=\"\"><\/path><\/svg><\/i> <img decoding=\"async\" width=\"16\" height=\"16\" alt=\"Loading\" src=\"https:\/\/aswu.edu.eg\/fr\/wp-content\/plugins\/page-views-count\/ajax-loader-2x.gif\" border=0 \/><\/p>\n<div class=\"pvc_clear\"><\/div>\n","protected":false},"author":10,"featured_media":5743,"parent":0,"menu_order":0,"comment_status":"closed","ping_status":"closed","template":"","meta":{"footnotes":""},"rttpg_featured_image_url":{"full":["https:\/\/aswu.edu.eg\/fr\/wp-content\/uploads\/download-1-1.jpg",188,268,false],"landscape":["https:\/\/aswu.edu.eg\/fr\/wp-content\/uploads\/download-1-1.jpg",188,268,false],"portraits":["https:\/\/aswu.edu.eg\/fr\/wp-content\/uploads\/download-1-1.jpg",188,268,false],"thumbnail":["https:\/\/aswu.edu.eg\/fr\/wp-content\/uploads\/download-1-1-150x150.jpg",150,150,true],"medium":["https:\/\/aswu.edu.eg\/fr\/wp-content\/uploads\/download-1-1.jpg",188,268,false],"large":["https:\/\/aswu.edu.eg\/fr\/wp-content\/uploads\/download-1-1.jpg",188,268,false],"1536x1536":["https:\/\/aswu.edu.eg\/fr\/wp-content\/uploads\/download-1-1.jpg",188,268,false],"2048x2048":["https:\/\/aswu.edu.eg\/fr\/wp-content\/uploads\/download-1-1.jpg",188,268,false],"education-hub-thumb":["https:\/\/aswu.edu.eg\/fr\/wp-content\/uploads\/download-1-1.jpg",188,268,false]},"rttpg_author":{"display_name":"baivy anton","author_link":"https:\/\/aswu.edu.eg\/fr\/author\/asenweb\/"},"rttpg_comment":0,"rttpg_category":null,"rttpg_excerpt":"Th\u00e8mes du protocole aux domaines suivants\u00a0: Pr\u00e9parer les personnels touristiques et h\u00f4tellerie et am\u00e9liorer le niveau professionnel en image convient le niveau civilisation et\u00a0l\u2019importance d\u2019Egypte touristique. Tenir des activit\u00e9s entrainement (cours- symposiums- conf\u00e9rences- cours \u00e9ducationnel) aux domaines le guide touristique Read More ...","_links":{"self":[{"href":"https:\/\/aswu.edu.eg\/fr\/wp-json\/wp\/v2\/pages\/5426"}],"collection":[{"href":"https:\/\/aswu.edu.eg\/fr\/wp-json\/wp\/v2\/pages"}],"about":[{"href":"https:\/\/aswu.edu.eg\/fr\/wp-json\/wp\/v2\/types\/page"}],"author":[{"embeddable":true,"href":"https:\/\/aswu.edu.eg\/fr\/wp-json\/wp\/v2\/users\/10"}],"replies":[{"embeddable":true,"href":"https:\/\/aswu.edu.eg\/fr\/wp-json\/wp\/v2\/comments?post=5426"}],"version-history":[{"count":8,"href":"https:\/\/aswu.edu.eg\/fr\/wp-json\/wp\/v2\/pages\/5426\/revisions"}],"predecessor-version":[{"id":29394,"href":"https:\/\/aswu.edu.eg\/fr\/wp-json\/wp\/v2\/pages\/5426\/revisions\/29394"}],"wp:featuredmedia":[{"embeddable":true,"href":"https:\/\/aswu.edu.eg\/fr\/wp-json\/wp\/v2\/media\/5743"}],"wp:attachment":[{"href":"https:\/\/aswu.edu.eg\/fr\/wp-json\/wp\/v2\/media?parent=5426"}],"curies":[{"name":"wp","href":"https:\/\/api.w.org\/{rel}","templated":true}]}}