{"id":568,"date":"2017-12-25T11:31:38","date_gmt":"2017-12-25T11:31:38","guid":{"rendered":"http:\/\/aswu.edu.eg\/en\/?page_id=568"},"modified":"2024-04-21T08:02:07","modified_gmt":"2024-04-21T08:02:07","slug":"foreign-students-services","status":"publish","type":"page","link":"https:\/\/aswu.edu.eg\/fr\/services-aswu\/student-services-aswu\/foreign-students-services\/","title":{"rendered":"Services aux \u00e9tudiants \u00e9trangers"},"content":{"rendered":"\t\t<div data-elementor-type=\"wp-page\" data-elementor-id=\"568\" class=\"elementor elementor-568\">\n\t\t\t\t\t\t<section class=\"elementor-section elementor-top-section elementor-element elementor-element-646374b9 elementor-section-boxed elementor-section-height-default elementor-section-height-default\" data-id=\"646374b9\" data-element_type=\"section\">\n\t\t\t\t\t\t<div class=\"elementor-container elementor-column-gap-default\">\n\t\t\t\t\t<div class=\"elementor-column elementor-col-100 elementor-top-column elementor-element elementor-element-42cfa4d4\" data-id=\"42cfa4d4\" data-element_type=\"column\">\n\t\t\t<div class=\"elementor-widget-wrap elementor-element-populated\">\n\t\t\t\t\t\t<div class=\"elementor-element elementor-element-1aa0e766 elementor-widget elementor-widget-text-editor\" data-id=\"1aa0e766\" data-element_type=\"widget\" data-widget_type=\"text-editor.default\">\n\t\t\t\t<div class=\"elementor-widget-container\">\n\t\t\t\t\t\t\t\t\t\t\t\t\t<\/div>\n\t\t\t\t<\/div>\n\t\t\t\t\t<\/div>\n\t\t<\/div>\n\t\t\t\t\t<\/div>\n\t\t<\/section>\n\t\t\t\t<section class=\"elementor-section elementor-top-section elementor-element elementor-element-a9aa2a2 elementor-section-boxed elementor-section-height-default elementor-section-height-default\" data-id=\"a9aa2a2\" data-element_type=\"section\">\n\t\t\t\t\t\t<div class=\"elementor-container elementor-column-gap-default\">\n\t\t\t\t\t<div class=\"elementor-column elementor-col-33 elementor-top-column elementor-element elementor-element-c8f2473\" data-id=\"c8f2473\" data-element_type=\"column\">\n\t\t\t<div class=\"elementor-widget-wrap elementor-element-populated\">\n\t\t\t\t\t\t<div class=\"elementor-element elementor-element-8cb797d elementor-widget elementor-widget-wp-widget-iksm-widget\" data-id=\"8cb797d\" data-element_type=\"widget\" data-widget_type=\"wp-widget-iksm-widget.default\">\n\t\t\t\t<div class=\"elementor-widget-container\">\n\t\t\t<script id=\"styles-copier-69e2ad14847e1\">\n\t\t\t\/\/ Finding styles element\n\t        var element = document.getElementById(\"iksm-dynamic-style\");\n\t        if (!element) { \/\/ If no element (Cache plugins can remove tag), then creating a new one\n                element = document.createElement('style');\n                var head = document.getElementsByTagName(\"head\")\n                if (head && head[0]) {\n                \thead[0].appendChild(element);\n                } else {\n                  \tconsole.warn(\"Iks Menu | Error while printing styles. Please contact technical support.\");\n                }\n\t        }\n\t\t\t\/\/ Copying styles to <styles> tag\n\t        element.innerHTML += \".iksm-15005 .iksm-terms{background-color:rgba(243,243,243,1);width:200px;transition:all 400ms;animation:iks-fade-in 1000ms;}.iksm-15005 .iksm-term__inner{background-color:rgba(231,231,231,1);margin-top:3px;min-height:44px;transition:all 400ms;}.iksm-15005 .iksm-term__inner:hover{background-color:rgba(220,220,220,1);}.iksm-15005 .iksm-term--current > .iksm-term__inner{background-color:rgba(202,229,239,1);}.iksm-15005 .iksm-term__link{color:rgba(0,0,0,1);font-size:15px;line-height:15px;font-weight:400;text-align:left;text-decoration:none;padding-top:5px;padding-right:10px;padding-bottom:5px;padding-left:15px;transition:all 400ms;}.iksm-15005 .iksm-term__inner:hover .iksm-term__link{color:rgba(50,50,50,1);}.iksm-15005 .iksm-term__toggle__inner{transition:transform 400ms}.iksm-15005 .iksm-term--expanded > .iksm-term__inner > .iksm-term__toggle > .iksm-term__toggle__inner{transform:rotate(180deg);}.iksm-15005 .iksm-term__toggle{color:rgba(133,133,133,1);font-size:16px;align-self:unset;;height:25px;width:25px;margin-right:7px;transition:all 400ms;}.iksm-15005 .iksm-term__toggle:hover{color:rgba(0,0,0,1);}.iksm-15005 .iksm-term__image-container{width:30px;min-width:30px;height:30px;min-height:30px;margin-right:15px;transition:all 400ms;}.iksm-15005 .iksm-term__image{background-size:contain;background-position:center;background-repeat:no-repeat;}.iksm-15005 .iksm-term__image-container:hover{background-size:contain;background-position:center;background-repeat:no-repeat;}.iksm-15005 .iksm-term__inner:hover .iksm-term__image-container{background-size:contain;background-position:center;background-repeat:no-repeat;}.iksm-15005 .iksm-term__inner:focus .iksm-term__image-container{background-size:contain;background-position:center;background-repeat:no-repeat;}.iksm-15005 .iksm-term--current > .iksm-term__inner .iksm-term__image-container{background-size:contain;background-position:center;background-repeat:no-repeat;}.iksm-15005 .iksm-term--child .iksm-term__inner .iksm-term__image-container{background-size:contain;background-position:center;background-repeat:no-repeat;}.iksm-15005 .iksm-term--child .iksm-term__inner .iksm-term__image-container:hover{background-size:contain;background-position:center;background-repeat:no-repeat;}.iksm-15005 .iksm-term--child .iksm-term__inner .iksm-term__image-container:focus{background-size:contain;background-position:center;background-repeat:no-repeat;}.iksm-15005 .iksm-term--child.iksm-term--current > .iksm-term__inner .iksm-term__image-container{background-size:contain;background-position:center;background-repeat:no-repeat;}.iksm-15005  .iksm-term__text{flex: unset}.iksm-15005 .iksm-term__posts-count{color:rgba(133,133,133,1);font-size:16px;margin-left:12px;font-weight:400;transition:all 400ms;}\";\n\t        \/\/ Removing this script\n            var this_script = document.getElementById(\"styles-copier-69e2ad14847e1\");\n            if (this_script) { \/\/ Cache plugins can remove tag\n\t            this_script.outerHTML = \"\";\n\t            if (this_script.parentNode) {\n\t                this_script.parentNode.removeChild(this_script);\n\t            }\n            }\n        <\/script><div id='iksm-15005' class='iksm iksm-15005 iksm-container '  data-id='15005' data-is-pro='0' data-source='menu'><div class='iksm-terms'><div class='iksm-terms-tree iksm-terms-tree--level-1 iksm-terms-tree--parents' style=''><div class=\"iksm-terms-tree__inner\">\n        <div class=\"iksm-term iksm-term--id-13830 iksm-term--parent\" data-id=\"13830\">\n            <div class=\"iksm-term__inner\" tabindex='0'>\n                <a class=\"iksm-term__link\" href='https:\/\/aswu.edu.eg\/fr\/services-aswu\/student-services-aswu\/foreign-students-services\/' target='_self' tabindex='-1'>\n\t\t\t\t        <span class=\"iksm-term__text\">Services aux \u00c9tudiants \u00c9trangers<\/span>\n\t\t            <\/a>\n\t\t\t        <\/div>\n\t\t        <\/div>\n\n\t\t\n        <div class=\"iksm-term iksm-term--id-13846 iksm-term--parent\" data-id=\"13846\">\n            <div class=\"iksm-term__inner\" tabindex='0'>\n                <a class=\"iksm-term__link\" href='https:\/\/aswu.edu.eg\/fr\/education\/foreign-students-programs\/' target='_self' tabindex='-1'>\n\t\t\t\t        <span class=\"iksm-term__text\">Programmes pour \u00c9tudiants \u00c9trangers<\/span>\n\t\t            <\/a>\n\t\t\t        <\/div>\n\t\t        <\/div>\n\n\t\t\n        <div class=\"iksm-term iksm-term--id-13828 iksm-term--parent\" data-id=\"13828\">\n            <div class=\"iksm-term__inner\" tabindex='0'>\n                <a class=\"iksm-term__link\" href='https:\/\/aswu.edu.eg\/fr\/services-aswu\/student-services-aswu\/foreign-students-services\/essential-documents\/' target='_self' tabindex='-1'>\n\t\t\t\t        <span class=\"iksm-term__text\">Documents Requis<\/span>\n\t\t            <\/a>\n\t\t\t        <\/div>\n\t\t        <\/div>\n\n\t\t\n        <div class=\"iksm-term iksm-term--id-13827 iksm-term--parent\" data-id=\"13827\">\n            <div class=\"iksm-term__inner\" tabindex='0'>\n                <a class=\"iksm-term__link\" href='https:\/\/aswu.edu.eg\/fr\/join-the-university\/sign-up\/' target='_self' tabindex='-1'>\n\t\t\t\t        <span class=\"iksm-term__text\">Admission des \u00c9tudiants \u00c9trangers<\/span>\n\t\t            <\/a>\n\t\t\t        <\/div>\n\t\t        <\/div>\n\n\t\t\n        <div class=\"iksm-term iksm-term--id-13845 iksm-term--parent\" data-id=\"13845\">\n            <div class=\"iksm-term__inner\" tabindex='0'>\n                <a class=\"iksm-term__link\" href='https:\/\/aswu.edu.eg\/fr\/services-aswu\/student-services-aswu\/foreign-students-activities\/' target='_self' tabindex='-1'>\n\t\t\t\t        <span class=\"iksm-term__text\">Activit\u00e9s pour \u00c9tudiants \u00c9trangers<\/span>\n\t\t            <\/a>\n\t\t\t        <\/div>\n\t\t        <\/div>\n\n\t\t\n        <div class=\"iksm-term iksm-term--id-13853 iksm-term--parent\" data-id=\"13853\">\n            <div class=\"iksm-term__inner\" tabindex='0'>\n                <a class=\"iksm-term__link\" href='https:\/\/aswu.edu.eg\/fr\/services-aswu\/student-services-aswu\/foreign-students-services\/about-the-arrivals\/' target='_self' tabindex='-1'>\n\t\t\t\t        <span class=\"iksm-term__text\">\u00c0 propos des \u00c9tudiants \u00c9trangers<\/span>\n\t\t            <\/a>\n\t\t\t        <\/div>\n\t\t        <\/div>\n\n\t\t<\/div><\/div><\/div><div id=\"iksm_data_args\" class=\"data-args\"  data-collapse_children_terms='1' data-collapse_other_terms='1' data-collapse_animation_duration='400' data-expand_animation_duration='400'><\/div><\/div>\t\t<\/div>\n\t\t\t\t<\/div>\n\t\t\t\t\t<\/div>\n\t\t<\/div>\n\t\t\t\t<div class=\"elementor-column elementor-col-66 elementor-top-column elementor-element elementor-element-eb5ed75\" data-id=\"eb5ed75\" data-element_type=\"column\">\n\t\t\t<div class=\"elementor-widget-wrap elementor-element-populated\">\n\t\t\t\t\t\t<div class=\"elementor-element elementor-element-334c54a elementor-widget elementor-widget-text-editor\" data-id=\"334c54a\" data-element_type=\"widget\" data-widget_type=\"text-editor.default\">\n\t\t\t\t<div class=\"elementor-widget-container\">\n\t\t\t\t\t\t\t<p><span style=\"color: #333333\">L\u2019administration des \u00e9tudiants \u00e9trangers rel\u00e8ve de l\u2019organe administratif des administrations affili\u00e9es \u00e0 la Direction g\u00e9n\u00e9rale de l\u2019\u00e9ducation et des affaires \u00e9tudiantes, qui a \u00e9t\u00e9 d\u00e9velopp\u00e9e depuis la s\u00e9paration de l\u2019universit\u00e9 de South Valley en 2012. L\u2019\u00e9tudiant international, qu\u2019il soit arabe ou \u00e9tranger, repr\u00e9sente son pays avec sa croyance et sa culture, Les employ\u00e9s de l\u2019universit\u00e9 devraient donc tenir compte de ce fait lorsqu\u2019ils traitent avec eux et leur montrer les valeurs \u00e9gyptiennes, car nous repr\u00e9sentons la R\u00e9publique arabe d\u2019\u00c9gypte pour eux. Toutes les administrations concern\u00e9es par les \u00e9tudiants internationaux devraient s\u2019unir pour introduire un service sp\u00e9cial pour attirer plus d\u2019\u00e9tudiants de diff\u00e9rents pays.<\/span><\/p><p><strong>\u00a0 \u00a0 \u00a0<span style=\"color: #003366\"> \u00a01- Services \u00e9ducatifs<\/span><\/strong><\/p><p><span style=\"color: #333333\">Services fournis par le secteur de l\u2019\u00e9ducation et des affaires \u00e9tudiantes et la facult\u00e9 o\u00f9 l\u2019\u00e9tudiant international est inscrit\u00a0:<\/span><\/p><ul style=\"list-style-type: disc\"><li><span style=\"color: #333333\">Services de soins de la jeunesse<\/span><\/li><li><span style=\"color: #333333\">Services de biblioth\u00e8que<\/span><\/li><li><span style=\"color: #333333\">Services Internet<\/span><\/li><li><span style=\"color: #333333\">Services de traduction<\/span><\/li><\/ul><p><span style=\"color: #003366\"><strong>\u00a0 \u00a0 \u00a0 \u00a0 2- Services culturels et r\u00e9cr\u00e9atifs<\/strong><\/span><\/p><p><span style=\"color: #333333\">Services fournis par les diff\u00e9rents secteurs \u00e0 l\u2019int\u00e9rieur et \u00e0 l\u2019ext\u00e9rieur de la facult\u00e9 o\u00f9 l\u2019\u00e9tudiant \u00e9tranger s\u2019est inscrit\u00a0:<\/span><\/p><ul style=\"list-style-type: disc\"><li><span style=\"color: #333333\">Pr\u00e9sentation des sites arch\u00e9ologiques du gouvernorat <\/span><\/li><li><span style=\"color: #333333\">Voyages scientifiques et de recherche. <\/span><\/li><li><span style=\"color: #333333\">Des conf\u00e9rences et des s\u00e9minaires sont organis\u00e9s \u00e0 l\u2019int\u00e9rieur et \u00e0 l\u2019ext\u00e9rieur de l\u2019universit\u00e9.<\/span><\/li><\/ul>\t\t\t\t\t\t<\/div>\n\t\t\t\t<\/div>\n\t\t\t\t\t<\/div>\n\t\t<\/div>\n\t\t\t\t\t<\/div>\n\t\t<\/section>\n\t\t\t\t<\/div>\n\t\t","protected":false},"excerpt":{"rendered":"<p>L\u2019administration des \u00e9tudiants \u00e9trangers rel\u00e8ve de l\u2019organe administratif des administrations affili\u00e9es \u00e0 la Direction g\u00e9n\u00e9rale de l\u2019\u00e9ducation et des affaires \u00e9tudiantes, qui a \u00e9t\u00e9 d\u00e9velopp\u00e9e depuis la s\u00e9paration de l\u2019universit\u00e9 de South Valley en 2012. L\u2019\u00e9tudiant international, qu\u2019il soit arabe <a href=\"https:\/\/aswu.edu.eg\/fr\/services-aswu\/student-services-aswu\/foreign-students-services\/\" class=\"read-more\">Read More &#8230;<\/a><\/p>\n<div class=\"pvc_clear\"><\/div>\n<p id=\"pvc_stats_568\" class=\"pvc_stats all  \" data-element-id=\"568\" style=\"\"><i class=\"pvc-stats-icon medium\" aria-hidden=\"true\"><svg aria-hidden=\"true\" focusable=\"false\" data-prefix=\"far\" data-icon=\"chart-bar\" role=\"img\" xmlns=\"http:\/\/www.w3.org\/2000\/svg\" viewBox=\"0 0 512 512\" class=\"svg-inline--fa fa-chart-bar fa-w-16 fa-2x\"><path fill=\"currentColor\" d=\"M396.8 352h22.4c6.4 0 12.8-6.4 12.8-12.8V108.8c0-6.4-6.4-12.8-12.8-12.8h-22.4c-6.4 0-12.8 6.4-12.8 12.8v230.4c0 6.4 6.4 12.8 12.8 12.8zm-192 0h22.4c6.4 0 12.8-6.4 12.8-12.8V140.8c0-6.4-6.4-12.8-12.8-12.8h-22.4c-6.4 0-12.8 6.4-12.8 12.8v198.4c0 6.4 6.4 12.8 12.8 12.8zm96 0h22.4c6.4 0 12.8-6.4 12.8-12.8V204.8c0-6.4-6.4-12.8-12.8-12.8h-22.4c-6.4 0-12.8 6.4-12.8 12.8v134.4c0 6.4 6.4 12.8 12.8 12.8zM496 400H48V80c0-8.84-7.16-16-16-16H16C7.16 64 0 71.16 0 80v336c0 17.67 14.33 32 32 32h464c8.84 0 16-7.16 16-16v-16c0-8.84-7.16-16-16-16zm-387.2-48h22.4c6.4 0 12.8-6.4 12.8-12.8v-70.4c0-6.4-6.4-12.8-12.8-12.8h-22.4c-6.4 0-12.8 6.4-12.8 12.8v70.4c0 6.4 6.4 12.8 12.8 12.8z\" class=\"\"><\/path><\/svg><\/i> <img decoding=\"async\" width=\"16\" height=\"16\" alt=\"Loading\" src=\"https:\/\/aswu.edu.eg\/fr\/wp-content\/plugins\/page-views-count\/ajax-loader-2x.gif\" border=0 \/><\/p>\n<div class=\"pvc_clear\"><\/div>\n","protected":false},"author":10,"featured_media":0,"parent":13550,"menu_order":0,"comment_status":"closed","ping_status":"closed","template":"","meta":{"footnotes":""},"rttpg_featured_image_url":null,"rttpg_author":{"display_name":"baivy anton","author_link":"https:\/\/aswu.edu.eg\/fr\/author\/asenweb\/"},"rttpg_comment":0,"rttpg_category":null,"rttpg_excerpt":"L\u2019administration des \u00e9tudiants \u00e9trangers rel\u00e8ve de l\u2019organe administratif des administrations affili\u00e9es \u00e0 la Direction g\u00e9n\u00e9rale de l\u2019\u00e9ducation et des affaires \u00e9tudiantes, qui a \u00e9t\u00e9 d\u00e9velopp\u00e9e depuis la s\u00e9paration de l\u2019universit\u00e9 de South Valley en 2012. L\u2019\u00e9tudiant international, qu\u2019il soit arabe Read More ...","_links":{"self":[{"href":"https:\/\/aswu.edu.eg\/fr\/wp-json\/wp\/v2\/pages\/568"}],"collection":[{"href":"https:\/\/aswu.edu.eg\/fr\/wp-json\/wp\/v2\/pages"}],"about":[{"href":"https:\/\/aswu.edu.eg\/fr\/wp-json\/wp\/v2\/types\/page"}],"author":[{"embeddable":true,"href":"https:\/\/aswu.edu.eg\/fr\/wp-json\/wp\/v2\/users\/10"}],"replies":[{"embeddable":true,"href":"https:\/\/aswu.edu.eg\/fr\/wp-json\/wp\/v2\/comments?post=568"}],"version-history":[{"count":40,"href":"https:\/\/aswu.edu.eg\/fr\/wp-json\/wp\/v2\/pages\/568\/revisions"}],"predecessor-version":[{"id":29982,"href":"https:\/\/aswu.edu.eg\/fr\/wp-json\/wp\/v2\/pages\/568\/revisions\/29982"}],"up":[{"embeddable":true,"href":"https:\/\/aswu.edu.eg\/fr\/wp-json\/wp\/v2\/pages\/13550"}],"wp:attachment":[{"href":"https:\/\/aswu.edu.eg\/fr\/wp-json\/wp\/v2\/media?parent=568"}],"curies":[{"name":"wp","href":"https:\/\/api.w.org\/{rel}","templated":true}]}}