{"id":6451,"date":"2021-01-13T08:43:25","date_gmt":"2021-01-13T08:43:25","guid":{"rendered":"http:\/\/aswu.edu.eg\/en\/?page_id=6451"},"modified":"2023-04-12T14:35:45","modified_gmt":"2023-04-12T14:35:45","slug":"science-day","status":"publish","type":"page","link":"https:\/\/aswu.edu.eg\/fr\/research\/science-day\/","title":{"rendered":"F\u00eate de la science"},"content":{"rendered":"\t\t<div data-elementor-type=\"wp-page\" data-elementor-id=\"6451\" class=\"elementor elementor-6451\">\n\t\t\t\t\t\t<section class=\"elementor-section elementor-top-section elementor-element elementor-element-33430d4 elementor-section-boxed elementor-section-height-default elementor-section-height-default\" data-id=\"33430d4\" data-element_type=\"section\">\n\t\t\t\t\t\t<div class=\"elementor-container elementor-column-gap-default\">\n\t\t\t\t\t<div class=\"elementor-column elementor-col-50 elementor-top-column elementor-element elementor-element-d8dbd5f\" data-id=\"d8dbd5f\" data-element_type=\"column\">\n\t\t\t<div class=\"elementor-widget-wrap elementor-element-populated\">\n\t\t\t\t\t\t<div class=\"elementor-element elementor-element-2fb188a elementor-widget elementor-widget-text-editor\" data-id=\"2fb188a\" data-element_type=\"widget\" data-widget_type=\"text-editor.default\">\n\t\t\t\t<div class=\"elementor-widget-container\">\n\t\t\t\t\t\t\t<p style=\"text-align: center\"><span style=\"text-decoration: underline\"><span style=\"color: #003366\"><strong>Speech du prof. Dr. Ayman Mahmoud Osman-pr\u00e9sident de l\u2019universit\u00e9 d\u2019Assouan-.<\/strong><\/span><\/span><\/p><p style=\"text-align: justify\"><span style=\"color: #333333\">En rapide \u00e9tapes d\u2019achever la sobri\u00e9t\u00e9 scientifique, l\u2019universit\u00e9 d\u2019Assouan a adopt\u00e9 un basic principe et une approche de progr\u00e8s intellectuelle et scientifique contact\u00e9 avec les innovations de la science et la technologie en parall\u00e8le avec les grands universit\u00e9s et les institutions internationales qu\u2019elles vont avec rapide \u00e9tapes \u00e0 travers s\u2019int\u00e9gr\u00e9 et pr\u00e9sence effectivement dans les plateformes locales et r\u00e9gionales et internationales d\u2019o\u00f9 les conf\u00e9rences, ateliers et recherches et parmi les transactions d\u2019impact scientifique \u00e0 travers l\u2019existence leurs chercheurs et participent dans tous ces \u00e9v\u00e9nements. O\u00f9 gagner la science est un objectif fondamental ses r\u00e9sultats croissant la publication scientifique aux revues scientifiques internationaux avec adopte le projet du programme gouvernements, depuis son lancement a pris des \u00e9tapes fondamentales et importantes de l\u2019ex\u00e9cuter selon les axes du travail et m\u00e9canismes d\u00e9pend la vision du minist\u00e8re de l\u2019enseignement sup\u00e9rieures et la recherche scientifiques d\u2019entrer les classements internationaux et poursuivre sa place \u00e0 eux et achever l\u2019am\u00e9lioration de leurs demandes, De ce qui pr\u00e9c\u00e8de, nous avons tous pris une grande responsabilit\u00e9 en conservant les ach\u00e8vements de l\u2019universit\u00e9 et eux am\u00e9liorent avec les efforts de tous qui sont enseignants, employ\u00e9es, chercheurs et \u00e9tudiants participent \u00e0 nos grand maison l\u2019universit\u00e9 d\u2019Assouan.<\/span><\/p>\t\t\t\t\t\t<\/div>\n\t\t\t\t<\/div>\n\t\t\t\t\t<\/div>\n\t\t<\/div>\n\t\t\t\t<div class=\"elementor-column elementor-col-50 elementor-top-column elementor-element elementor-element-5452017\" data-id=\"5452017\" data-element_type=\"column\">\n\t\t\t<div class=\"elementor-widget-wrap elementor-element-populated\">\n\t\t\t\t\t\t<div class=\"elementor-element elementor-element-415a883 elementor-widget elementor-widget-image\" data-id=\"415a883\" data-element_type=\"widget\" data-widget_type=\"image.default\">\n\t\t\t\t<div class=\"elementor-widget-container\">\n\t\t\t\t\t\t\t\t\t\t\t\t\t<img fetchpriority=\"high\" decoding=\"async\" width=\"300\" height=\"171\" src=\"https:\/\/aswu.edu.eg\/fr\/wp-content\/uploads\/02-300x171-1.jpg\" class=\"attachment-large size-large wp-image-11537\" alt=\"\" \/>\t\t\t\t\t\t\t\t\t\t\t\t\t<\/div>\n\t\t\t\t<\/div>\n\t\t\t\t\t<\/div>\n\t\t<\/div>\n\t\t\t\t\t<\/div>\n\t\t<\/section>\n\t\t\t\t<section class=\"elementor-section elementor-top-section elementor-element elementor-element-3e9f235 elementor-section-boxed elementor-section-height-default elementor-section-height-default\" data-id=\"3e9f235\" data-element_type=\"section\">\n\t\t\t\t\t\t<div class=\"elementor-container elementor-column-gap-default\">\n\t\t\t\t\t<div class=\"elementor-column elementor-col-100 elementor-top-column elementor-element elementor-element-c6a4bbd\" data-id=\"c6a4bbd\" data-element_type=\"column\">\n\t\t\t<div class=\"elementor-widget-wrap elementor-element-populated\">\n\t\t\t\t\t\t<div class=\"elementor-element elementor-element-e9e1426 elementor-widget-divider--view-line elementor-widget elementor-widget-divider\" data-id=\"e9e1426\" data-element_type=\"widget\" data-widget_type=\"divider.default\">\n\t\t\t\t<div class=\"elementor-widget-container\">\n\t\t\t\t\t<div class=\"elementor-divider\">\n\t\t\t<span class=\"elementor-divider-separator\">\n\t\t\t\t\t\t<\/span>\n\t\t<\/div>\n\t\t\t\t<\/div>\n\t\t\t\t<\/div>\n\t\t\t\t\t<\/div>\n\t\t<\/div>\n\t\t\t\t\t<\/div>\n\t\t<\/section>\n\t\t\t\t<section class=\"elementor-section elementor-top-section elementor-element elementor-element-08454e4 elementor-section-boxed elementor-section-height-default elementor-section-height-default\" data-id=\"08454e4\" data-element_type=\"section\">\n\t\t\t\t\t\t<div class=\"elementor-container elementor-column-gap-default\">\n\t\t\t\t\t<div class=\"elementor-column elementor-col-50 elementor-top-column elementor-element elementor-element-87edb55\" data-id=\"87edb55\" data-element_type=\"column\">\n\t\t\t<div class=\"elementor-widget-wrap elementor-element-populated\">\n\t\t\t\t\t\t<div class=\"elementor-element elementor-element-6b82aeb elementor-widget elementor-widget-text-editor\" data-id=\"6b82aeb\" data-element_type=\"widget\" data-widget_type=\"text-editor.default\">\n\t\t\t\t<div class=\"elementor-widget-container\">\n\t\t\t\t\t\t\t<p style=\"text-align: center\"><span style=\"text-decoration: underline\"><span style=\"font-size: 12pt\"><strong><span style=\"color: #003366;text-decoration: underline\">Speech du prof. Dr. Ahmed Ghalab Mohamed pr\u00e9sident ancien de l\u2019universit\u00e9 d\u2019Assouan<\/span><\/strong><\/span><\/span><\/p><p style=\"text-align: justify\"><span style=\"font-size: 12pt\"><span style=\"color: #333333\">Les gentilshommes chercheurs distinctifs de l\u2019universit\u00e9 d\u2019Assouan, sur la terre de nos aim\u00e9e universit\u00e9 ont rencontr\u00e9 ce r\u00e9union honore des innovateurs, intellectuelles, et chercheurs pour \u00eatre tous heureux d\u2019assister<\/span> <span style=\"color: #003366\"><strong>le festival de la f\u00eate de la science<\/strong><\/span><span style=\"color: #333333\">, qui vient d\u2019assurer \u00e0 la concerne de l\u2019universit\u00e9 et ses leaderships \u00e0 la science et les scientistes, et qui tienne pour eux de prestige et appr\u00e9ciation, et lance ses \u00e9v\u00e9nements cette ann\u00e9e apr\u00e8s une grande chaine des \u00e9v\u00e9nements \u00e9ducatifs et scientifiques, que l\u2019universit\u00e9 organise ex\u00e9cut\u00e9 les orientations du M. pr\u00e9sident Abd El-Fattah El-Sisi et le prof. Dr. Khaled Abd El-Ghaffar- ministre de l\u2019enseignement sup\u00e9rieur et la recherche scientifique-, consid\u00e9r\u00e9 l\u2019ann\u00e9e 2019 d\u2019\u00e9ducation et ex\u00e9cution de la strat\u00e9gie du minist\u00e8re de l\u2019enseignement sup\u00e9rieur et la recherche scientifique, que je m\u2019exprime et au nom de la soci\u00e9t\u00e9 d\u2019\u00e9ducation, la science et la technologie en Egypte qu\u2019on concerne des sentiments d\u2019appr\u00e9ciation et la connaissance pour ce qu\u2019a achever et r\u00e9aliser pour Egypte et ses citoyens avec vous et sous votre leaderships des succ\u00e8s sans pr\u00e9c\u00e9dent, et qui a pris des \u00e9tapes \u00e0 travers le d\u00e9veloppement et modernisation en grand marche du d\u00e9veloppement la science \u00e9tait encore au c\u0153ur de tout cela et les scientifiques, les cr\u00e9ateurs, les penseurs \u00e9taient encore pr\u00e9sents et impliqu\u00e9s. \u00a0\u00a0\u00a0\u00a0 <\/span>\u00a0\u00a0\u00a0\u00a0\u00a0\u00a0\u00a0\u00a0\u00a0\u00a0\u00a0\u00a0<\/span><\/p>\t\t\t\t\t\t<\/div>\n\t\t\t\t<\/div>\n\t\t\t\t\t<\/div>\n\t\t<\/div>\n\t\t\t\t<div class=\"elementor-column elementor-col-50 elementor-top-column elementor-element elementor-element-185348d\" data-id=\"185348d\" data-element_type=\"column\">\n\t\t\t<div class=\"elementor-widget-wrap elementor-element-populated\">\n\t\t\t\t\t\t<div class=\"elementor-element elementor-element-5b8019e elementor-widget elementor-widget-image\" data-id=\"5b8019e\" data-element_type=\"widget\" data-widget_type=\"image.default\">\n\t\t\t\t<div class=\"elementor-widget-container\">\n\t\t\t\t\t\t\t\t\t\t\t\t\t<img decoding=\"async\" width=\"300\" height=\"169\" src=\"https:\/\/aswu.edu.eg\/fr\/wp-content\/uploads\/01-300x169-1.jpg\" class=\"attachment-large size-large wp-image-11538\" alt=\"\" \/>\t\t\t\t\t\t\t\t\t\t\t\t\t<\/div>\n\t\t\t\t<\/div>\n\t\t\t\t\t<\/div>\n\t\t<\/div>\n\t\t\t\t\t<\/div>\n\t\t<\/section>\n\t\t\t\t<section class=\"elementor-section elementor-top-section elementor-element elementor-element-250c36e elementor-section-boxed elementor-section-height-default elementor-section-height-default\" data-id=\"250c36e\" data-element_type=\"section\">\n\t\t\t\t\t\t<div class=\"elementor-container elementor-column-gap-default\">\n\t\t\t\t\t<div class=\"elementor-column elementor-col-100 elementor-top-column elementor-element elementor-element-4d9e1fd\" data-id=\"4d9e1fd\" data-element_type=\"column\">\n\t\t\t<div class=\"elementor-widget-wrap elementor-element-populated\">\n\t\t\t\t\t\t<div class=\"elementor-element elementor-element-8acb392 elementor-widget-divider--view-line elementor-widget elementor-widget-divider\" data-id=\"8acb392\" data-element_type=\"widget\" data-widget_type=\"divider.default\">\n\t\t\t\t<div class=\"elementor-widget-container\">\n\t\t\t\t\t<div class=\"elementor-divider\">\n\t\t\t<span class=\"elementor-divider-separator\">\n\t\t\t\t\t\t<\/span>\n\t\t<\/div>\n\t\t\t\t<\/div>\n\t\t\t\t<\/div>\n\t\t\t\t\t<\/div>\n\t\t<\/div>\n\t\t\t\t\t<\/div>\n\t\t<\/section>\n\t\t\t\t<section class=\"elementor-section elementor-top-section elementor-element elementor-element-6ce0ea9 elementor-section-boxed elementor-section-height-default elementor-section-height-default\" data-id=\"6ce0ea9\" data-element_type=\"section\">\n\t\t\t\t\t\t<div class=\"elementor-container elementor-column-gap-default\">\n\t\t\t\t\t<div class=\"elementor-column elementor-col-50 elementor-top-column elementor-element elementor-element-db7c955\" data-id=\"db7c955\" data-element_type=\"column\">\n\t\t\t<div class=\"elementor-widget-wrap elementor-element-populated\">\n\t\t\t\t\t\t<div class=\"elementor-element elementor-element-ea274a5 elementor-widget elementor-widget-text-editor\" data-id=\"ea274a5\" data-element_type=\"widget\" data-widget_type=\"text-editor.default\">\n\t\t\t\t<div class=\"elementor-widget-container\">\n\t\t\t\t\t\t\t<p style=\"text-align: center\"><span style=\"text-decoration: underline\"><strong><span style=\"color: #003366;text-decoration: underline\">Speech du prof. Dr. Mohamed Abd El-Aziz Mohalal Oraby- vice-pr\u00e9sident des affaires les \u00e9tudes sup\u00e9rieures et les recherches et pr\u00e9sident du comit\u00e9 de classement<\/span><\/strong><\/span><\/p><p style=\"text-align: justify\"><span style=\"color: #333333;font-size: 12pt\">L\u2019universit\u00e9 d\u2019Assouan cherche \u00e0 \u00a0r\u00e9aliser ses objectifs \u00e0 travers la communication continue avec les directions acad\u00e9miques et \u00e9ducatifs \u00e0 nos patrie et dehors, et elle coordonne avec les universit\u00e9s arabes et internationales, afin de la coop\u00e9ration scientifique et acad\u00e9mique qui fortifie le prestige des \u00e9tudiants, le prof et le chercheur, et ajoute un nouveau pour eux au domaine de science et connaissance, qu\u2019a les travers nous cherchons de mettre l\u2019universit\u00e9 d\u2019Assouan au range les universit\u00e9 internationales et qui refl\u00e8te r\u00e9cent au classement de l\u2019universit\u00e9 dans les classements internationaux\u00a0 comme meilleur universit\u00e9 \u00e9gyptienne pour l\u2019ann\u00e9e 2020 selon le classement britannique du TIMES (THE) et autrement des places comme meilleur universit\u00e9 au niveau du monde d\u2019o\u00f9 les citations des recherches scientifiques, que la distinctif qu\u2019on cherche \u00e0 l\u2019universit\u00e9 d\u2019Assouan nous fassions\u00a0 recourir \u00e0 tous les efforts et exp\u00e9riences de dipl\u00f4mer un nouveau g\u00e9n\u00e9ration des leaderships et cr\u00e9ateurs au divers domaines de connaissance d\u2019\u00eatre l\u2019universit\u00e9 une force du d\u00e9veloppement et progr\u00e8s.\u00a0\u00a0\u00a0\u00a0\u00a0\u00a0\u00a0\u00a0\u00a0<\/span><\/p><p><span style=\"color: #333333\">Pour plus d\u2019information sur f\u00eate de la science, veuillez cliquer<\/span><strong> <span style=\"color: #0000ff\"><a style=\"color: #0000ff\" href=\"https:\/\/aswu.edu.eg\/wp-content\/uploads\/Science-Day.pdf\">ici<\/a><\/span><\/strong><\/p>\t\t\t\t\t\t<\/div>\n\t\t\t\t<\/div>\n\t\t\t\t\t<\/div>\n\t\t<\/div>\n\t\t\t\t<div class=\"elementor-column elementor-col-50 elementor-top-column elementor-element elementor-element-2614e93\" data-id=\"2614e93\" data-element_type=\"column\">\n\t\t\t<div class=\"elementor-widget-wrap elementor-element-populated\">\n\t\t\t\t\t\t<div class=\"elementor-element elementor-element-801280c elementor-widget elementor-widget-image\" data-id=\"801280c\" data-element_type=\"widget\" data-widget_type=\"image.default\">\n\t\t\t\t<div class=\"elementor-widget-container\">\n\t\t\t\t\t\t\t\t\t\t\t\t\t<img decoding=\"async\" width=\"300\" height=\"171\" src=\"https:\/\/aswu.edu.eg\/fr\/wp-content\/uploads\/03-300x171-1.jpg\" class=\"attachment-large size-large wp-image-11536\" alt=\"\" \/>\t\t\t\t\t\t\t\t\t\t\t\t\t<\/div>\n\t\t\t\t<\/div>\n\t\t\t\t\t<\/div>\n\t\t<\/div>\n\t\t\t\t\t<\/div>\n\t\t<\/section>\n\t\t\t\t<section class=\"elementor-section elementor-top-section elementor-element elementor-element-947dbd1 elementor-section-boxed elementor-section-height-default elementor-section-height-default\" data-id=\"947dbd1\" data-element_type=\"section\">\n\t\t\t\t\t\t<div class=\"elementor-container elementor-column-gap-default\">\n\t\t\t\t\t<div class=\"elementor-column elementor-col-33 elementor-top-column elementor-element elementor-element-f2185d6\" data-id=\"f2185d6\" data-element_type=\"column\">\n\t\t\t<div class=\"elementor-widget-wrap\">\n\t\t\t\t\t\t\t<\/div>\n\t\t<\/div>\n\t\t\t\t<div class=\"elementor-column elementor-col-33 elementor-top-column elementor-element elementor-element-aa9b719\" data-id=\"aa9b719\" data-element_type=\"column\">\n\t\t\t<div class=\"elementor-widget-wrap elementor-element-populated\">\n\t\t\t\t\t\t<div class=\"elementor-element elementor-element-61d23b6 elementor-widget elementor-widget-text-editor\" data-id=\"61d23b6\" data-element_type=\"widget\" data-widget_type=\"text-editor.default\">\n\t\t\t\t<div class=\"elementor-widget-container\">\n\t\t\t\t\t\t\t<p style=\"text-align: center\"><span style=\"text-decoration: underline\"><a href=\"https:\/\/aswu.edu.eg\/wp-content\/uploads\/Science-Day.pdf\"><span style=\"color: #0000ff;font-size: 14pt;text-decoration: underline\">Pour plus d\u2019information sur f\u00eate de la science<\/span><\/a><\/span><\/p><div class=\"entry-content\"><div class=\"elementor elementor-6451 elementor-edit-area elementor-edit-mode elementor-edit-area-active\" data-elementor-type=\"wp-page\" data-elementor-id=\"6451\" data-elementor-title=\"Page\"><div class=\"elementor-inner\"><div class=\"elementor-section-wrap ui-sortable\">\u00a0<\/div><\/div><\/div><\/div>\t\t\t\t\t\t<\/div>\n\t\t\t\t<\/div>\n\t\t\t\t\t<\/div>\n\t\t<\/div>\n\t\t\t\t<div class=\"elementor-column elementor-col-33 elementor-top-column elementor-element elementor-element-3da715d\" data-id=\"3da715d\" data-element_type=\"column\">\n\t\t\t<div class=\"elementor-widget-wrap\">\n\t\t\t\t\t\t\t<\/div>\n\t\t<\/div>\n\t\t\t\t\t<\/div>\n\t\t<\/section>\n\t\t\t\t<\/div>\n\t\t","protected":false},"excerpt":{"rendered":"<p>Speech du prof. Dr. Ayman Mahmoud Osman-pr\u00e9sident de l\u2019universit\u00e9 d\u2019Assouan-. En rapide \u00e9tapes d\u2019achever la sobri\u00e9t\u00e9 scientifique, l\u2019universit\u00e9 d\u2019Assouan a adopt\u00e9 un basic principe et une approche de progr\u00e8s intellectuelle et scientifique contact\u00e9 avec les innovations de la science et <a href=\"https:\/\/aswu.edu.eg\/fr\/research\/science-day\/\" class=\"read-more\">Read More &#8230;<\/a><\/p>\n<div class=\"pvc_clear\"><\/div>\n<p id=\"pvc_stats_6451\" class=\"pvc_stats all  \" data-element-id=\"6451\" style=\"\"><i class=\"pvc-stats-icon medium\" aria-hidden=\"true\"><svg aria-hidden=\"true\" focusable=\"false\" data-prefix=\"far\" data-icon=\"chart-bar\" role=\"img\" xmlns=\"http:\/\/www.w3.org\/2000\/svg\" viewBox=\"0 0 512 512\" class=\"svg-inline--fa fa-chart-bar fa-w-16 fa-2x\"><path fill=\"currentColor\" d=\"M396.8 352h22.4c6.4 0 12.8-6.4 12.8-12.8V108.8c0-6.4-6.4-12.8-12.8-12.8h-22.4c-6.4 0-12.8 6.4-12.8 12.8v230.4c0 6.4 6.4 12.8 12.8 12.8zm-192 0h22.4c6.4 0 12.8-6.4 12.8-12.8V140.8c0-6.4-6.4-12.8-12.8-12.8h-22.4c-6.4 0-12.8 6.4-12.8 12.8v198.4c0 6.4 6.4 12.8 12.8 12.8zm96 0h22.4c6.4 0 12.8-6.4 12.8-12.8V204.8c0-6.4-6.4-12.8-12.8-12.8h-22.4c-6.4 0-12.8 6.4-12.8 12.8v134.4c0 6.4 6.4 12.8 12.8 12.8zM496 400H48V80c0-8.84-7.16-16-16-16H16C7.16 64 0 71.16 0 80v336c0 17.67 14.33 32 32 32h464c8.84 0 16-7.16 16-16v-16c0-8.84-7.16-16-16-16zm-387.2-48h22.4c6.4 0 12.8-6.4 12.8-12.8v-70.4c0-6.4-6.4-12.8-12.8-12.8h-22.4c-6.4 0-12.8 6.4-12.8 12.8v70.4c0 6.4 6.4 12.8 12.8 12.8z\" class=\"\"><\/path><\/svg><\/i> <img loading=\"lazy\" decoding=\"async\" width=\"16\" height=\"16\" alt=\"Loading\" src=\"https:\/\/aswu.edu.eg\/fr\/wp-content\/plugins\/page-views-count\/ajax-loader-2x.gif\" border=0 \/><\/p>\n<div class=\"pvc_clear\"><\/div>\n","protected":false},"author":7,"featured_media":0,"parent":16,"menu_order":0,"comment_status":"closed","ping_status":"closed","template":"","meta":{"footnotes":""},"rttpg_featured_image_url":null,"rttpg_author":{"display_name":"nourhan Monaam","author_link":"https:\/\/aswu.edu.eg\/fr\/author\/edr0asen\/"},"rttpg_comment":0,"rttpg_category":null,"rttpg_excerpt":"Speech du prof. Dr. Ayman Mahmoud Osman-pr\u00e9sident de l\u2019universit\u00e9 d\u2019Assouan-. En rapide \u00e9tapes d\u2019achever la sobri\u00e9t\u00e9 scientifique, l\u2019universit\u00e9 d\u2019Assouan a adopt\u00e9 un basic principe et une approche de progr\u00e8s intellectuelle et scientifique contact\u00e9 avec les innovations de la science et Read More ...","_links":{"self":[{"href":"https:\/\/aswu.edu.eg\/fr\/wp-json\/wp\/v2\/pages\/6451"}],"collection":[{"href":"https:\/\/aswu.edu.eg\/fr\/wp-json\/wp\/v2\/pages"}],"about":[{"href":"https:\/\/aswu.edu.eg\/fr\/wp-json\/wp\/v2\/types\/page"}],"author":[{"embeddable":true,"href":"https:\/\/aswu.edu.eg\/fr\/wp-json\/wp\/v2\/users\/7"}],"replies":[{"embeddable":true,"href":"https:\/\/aswu.edu.eg\/fr\/wp-json\/wp\/v2\/comments?post=6451"}],"version-history":[{"count":119,"href":"https:\/\/aswu.edu.eg\/fr\/wp-json\/wp\/v2\/pages\/6451\/revisions"}],"predecessor-version":[{"id":29344,"href":"https:\/\/aswu.edu.eg\/fr\/wp-json\/wp\/v2\/pages\/6451\/revisions\/29344"}],"up":[{"embeddable":true,"href":"https:\/\/aswu.edu.eg\/fr\/wp-json\/wp\/v2\/pages\/16"}],"wp:attachment":[{"href":"https:\/\/aswu.edu.eg\/fr\/wp-json\/wp\/v2\/media?parent=6451"}],"curies":[{"name":"wp","href":"https:\/\/api.w.org\/{rel}","templated":true}]}}