{"id":6473,"date":"2021-01-14T07:50:11","date_gmt":"2021-01-14T07:50:11","guid":{"rendered":"http:\/\/aswu.edu.eg\/en\/?page_id=6473"},"modified":"2023-01-25T10:14:07","modified_gmt":"2023-01-25T10:14:07","slug":"medical-convoys","status":"publish","type":"page","link":"https:\/\/aswu.edu.eg\/fr\/services-aswu\/medical-services\/medical-convoys\/","title":{"rendered":"Convois m\u00e9dicaux"},"content":{"rendered":"\t\t<div data-elementor-type=\"wp-page\" data-elementor-id=\"6473\" class=\"elementor elementor-6473\">\n\t\t\t\t\t\t<section class=\"elementor-section elementor-top-section elementor-element elementor-element-3405dcb elementor-section-boxed elementor-section-height-default elementor-section-height-default\" data-id=\"3405dcb\" data-element_type=\"section\">\n\t\t\t\t\t\t<div class=\"elementor-container elementor-column-gap-default\">\n\t\t\t\t\t<div class=\"elementor-column elementor-col-33 elementor-top-column elementor-element elementor-element-581b54d\" data-id=\"581b54d\" data-element_type=\"column\">\n\t\t\t<div class=\"elementor-widget-wrap elementor-element-populated\">\n\t\t\t\t\t\t<div class=\"elementor-element elementor-element-04ba54b elementor-widget elementor-widget-wp-widget-iksm-widget\" data-id=\"04ba54b\" data-element_type=\"widget\" data-widget_type=\"wp-widget-iksm-widget.default\">\n\t\t\t\t<div class=\"elementor-widget-container\">\n\t\t\t<script id=\"styles-copier-69e26088997f8\">\n\t\t\t\/\/ Finding styles element\n\t        var element = document.getElementById(\"iksm-dynamic-style\");\n\t        if (!element) { \/\/ If no element (Cache plugins can remove tag), then creating a new one\n                element = document.createElement('style');\n                var head = document.getElementsByTagName(\"head\")\n                if (head && head[0]) {\n                \thead[0].appendChild(element);\n                } else {\n                  \tconsole.warn(\"Iks Menu | Error while printing styles. Please contact technical support.\");\n                }\n\t        }\n\t\t\t\/\/ Copying styles to <styles> tag\n\t        element.innerHTML += \".iksm-14821 .iksm-terms{background-color:rgba(243,243,243,1);width:200px;transition:all 400ms;animation:iks-fade-in 1000ms;}.iksm-14821 .iksm-term__inner{background-color:rgba(231,231,231,1);margin-top:3px;min-height:44px;transition:all 400ms;}.iksm-14821 .iksm-term__inner:hover{background-color:rgba(220,220,220,1);}.iksm-14821 .iksm-term--current > .iksm-term__inner{background-color:rgba(202,229,239,1);}.iksm-14821 .iksm-term__link{color:rgba(0,0,0,1);font-size:15px;line-height:15px;font-weight:400;text-align:left;text-decoration:none;padding-top:5px;padding-right:10px;padding-bottom:5px;padding-left:15px;transition:all 400ms;}.iksm-14821 .iksm-term__inner:hover .iksm-term__link{color:rgba(50,50,50,1);}.iksm-14821 .iksm-term__toggle__inner{transition:transform 400ms}.iksm-14821 .iksm-term--expanded > .iksm-term__inner > .iksm-term__toggle > .iksm-term__toggle__inner{transform:rotate(180deg);}.iksm-14821 .iksm-term__toggle{color:rgba(133,133,133,1);font-size:16px;align-self:unset;;height:25px;width:25px;margin-right:7px;transition:all 400ms;}.iksm-14821 .iksm-term__toggle:hover{color:rgba(0,0,0,1);}.iksm-14821 .iksm-term__image-container{width:30px;min-width:30px;height:30px;min-height:30px;margin-right:15px;transition:all 400ms;}.iksm-14821 .iksm-term__image{background-size:contain;background-position:center;background-repeat:no-repeat;}.iksm-14821 .iksm-term__image-container:hover{background-size:contain;background-position:center;background-repeat:no-repeat;}.iksm-14821 .iksm-term__inner:hover .iksm-term__image-container{background-size:contain;background-position:center;background-repeat:no-repeat;}.iksm-14821 .iksm-term__inner:focus .iksm-term__image-container{background-size:contain;background-position:center;background-repeat:no-repeat;}.iksm-14821 .iksm-term--current > .iksm-term__inner .iksm-term__image-container{background-size:contain;background-position:center;background-repeat:no-repeat;}.iksm-14821 .iksm-term--child .iksm-term__inner .iksm-term__image-container{background-size:contain;background-position:center;background-repeat:no-repeat;}.iksm-14821 .iksm-term--child .iksm-term__inner .iksm-term__image-container:hover{background-size:contain;background-position:center;background-repeat:no-repeat;}.iksm-14821 .iksm-term--child .iksm-term__inner .iksm-term__image-container:focus{background-size:contain;background-position:center;background-repeat:no-repeat;}.iksm-14821 .iksm-term--child.iksm-term--current > .iksm-term__inner .iksm-term__image-container{background-size:contain;background-position:center;background-repeat:no-repeat;}.iksm-14821  .iksm-term__text{flex: unset}.iksm-14821 .iksm-term__posts-count{color:rgba(133,133,133,1);font-size:16px;margin-left:12px;font-weight:400;transition:all 400ms;}\";\n\t        \/\/ Removing this script\n            var this_script = document.getElementById(\"styles-copier-69e26088997f8\");\n            if (this_script) { \/\/ Cache plugins can remove tag\n\t            this_script.outerHTML = \"\";\n\t            if (this_script.parentNode) {\n\t                this_script.parentNode.removeChild(this_script);\n\t            }\n            }\n        <\/script><div id='iksm-14821' class='iksm iksm-14821 iksm-container '  data-id='14821' data-is-pro='0' data-source='menu'><div class='iksm-terms'><div class='iksm-terms-tree iksm-terms-tree--level-1 iksm-terms-tree--parents' style=''><div class=\"iksm-terms-tree__inner\">\n        <div class=\"iksm-term iksm-term--id-14005 iksm-term--parent\" data-id=\"14005\">\n            <div class=\"iksm-term__inner\" tabindex='0'>\n                <a class=\"iksm-term__link\" href='https:\/\/aswu.edu.eg\/fr\/services-aswu\/medical-services\/medical-convoys\/' target='_self' tabindex='-1'>\n\t\t\t\t        <span class=\"iksm-term__text\">Convois m\u00e9dicaux<\/span>\n\t\t            <\/a>\n\t\t\t        <\/div>\n\t\t        <\/div>\n\n\t\t\n        <div class=\"iksm-term iksm-term--id-14006 iksm-term--parent\" data-id=\"14006\">\n            <div class=\"iksm-term__inner\" tabindex='0'>\n                <a class=\"iksm-term__link\" href='https:\/\/aswu.edu.eg\/fr\/services-aswu\/medical-services\/medical-workshops\/' target='_self' tabindex='-1'>\n\t\t\t\t        <span class=\"iksm-term__text\">Ateliers m\u00e9dicaux<\/span>\n\t\t            <\/a>\n\t\t\t        <\/div>\n\t\t        <\/div>\n\n\t\t\n        <div class=\"iksm-term iksm-term--id-14007 iksm-term--parent\" data-id=\"14007\">\n            <div class=\"iksm-term__inner\" tabindex='0'>\n                <a class=\"iksm-term__link\" href='https:\/\/aswu.edu.eg\/fr\/services-aswu\/medical-services\/reproductive-health\/' target='_self' tabindex='-1'>\n\t\t\t\t        <span class=\"iksm-term__text\">La sant\u00e9 reproductive<\/span>\n\t\t            <\/a>\n\t\t\t        <\/div>\n\t\t        <\/div>\n\n\t\t\n        <div class=\"iksm-term iksm-term--id-14009 iksm-term--parent\" data-id=\"14009\">\n            <div class=\"iksm-term__inner\" tabindex='0'>\n                <a class=\"iksm-term__link\" href='https:\/\/aswu.edu.eg\/fr\/services-aswu\/medical-services\/mental-health-services\/' target='_self' tabindex='-1'>\n\t\t\t\t        <span class=\"iksm-term__text\">Services de sant\u00e9 mentale<\/span>\n\t\t            <\/a>\n\t\t\t        <\/div>\n\t\t        <\/div>\n\n\t\t\n        <div class=\"iksm-term iksm-term--id-20200 iksm-term--parent\" data-id=\"20200\">\n            <div class=\"iksm-term__inner\" tabindex='0'>\n                <a class=\"iksm-term__link\" href='https:\/\/aswu.edu.eg\/fr\/services-aswu\/medical-services\/aswan-university-hospitals\/' target='_self' tabindex='-1'>\n\t\t\t\t        <span class=\"iksm-term__text\">H\u00f4pitaux universitaires d\u2019Assouan<\/span>\n\t\t            <\/a>\n\t\t\t        <\/div>\n\t\t        <\/div>\n\n\t\t\n        <div class=\"iksm-term iksm-term--id-14014 iksm-term--parent\" data-id=\"14014\">\n            <div class=\"iksm-term__inner\" tabindex='0'>\n                <a class=\"iksm-term__link\" href='https:\/\/aswu.edu.eg\/fr\/services-aswu\/medical-services\/cooperation-with-medical-institutions\/' target='_self' tabindex='-1'>\n\t\t\t\t        <span class=\"iksm-term__text\">Coop\u00e9ration avec Institutions de sant\u00e9<\/span>\n\t\t            <\/a>\n\t\t\t        <\/div>\n\t\t        <\/div>\n\n\t\t<\/div><\/div><\/div><div id=\"iksm_data_args\" class=\"data-args\"  data-collapse_children_terms='1' data-collapse_other_terms='1' data-collapse_animation_duration='400' data-expand_animation_duration='400'><\/div><\/div>\t\t<\/div>\n\t\t\t\t<\/div>\n\t\t\t\t\t<\/div>\n\t\t<\/div>\n\t\t\t\t<div class=\"elementor-column elementor-col-66 elementor-top-column elementor-element elementor-element-0541669\" data-id=\"0541669\" data-element_type=\"column\">\n\t\t\t<div class=\"elementor-widget-wrap elementor-element-populated\">\n\t\t\t\t\t\t<section class=\"elementor-section elementor-inner-section elementor-element elementor-element-5a67999 elementor-section-boxed elementor-section-height-default elementor-section-height-default\" data-id=\"5a67999\" data-element_type=\"section\">\n\t\t\t\t\t\t<div class=\"elementor-container elementor-column-gap-default\">\n\t\t\t\t\t<div class=\"elementor-column elementor-col-50 elementor-inner-column elementor-element elementor-element-04f5386\" data-id=\"04f5386\" data-element_type=\"column\">\n\t\t\t<div class=\"elementor-widget-wrap elementor-element-populated\">\n\t\t\t\t\t\t<div class=\"elementor-element elementor-element-b6d867b elementor-widget elementor-widget-text-editor\" data-id=\"b6d867b\" data-element_type=\"widget\" data-widget_type=\"text-editor.default\">\n\t\t\t\t<div class=\"elementor-widget-container\">\n\t\t\t\t\t\t\t<p><span style=\"color: #333333\">Le pr\u00e9sident de l&#8217;universit\u00e9 a soulign\u00e9 que l&#8217;organisation de convois m\u00e9dicaux s&#8217;inscrit dans le cadre du r\u00f4le soci\u00e9tal de l&#8217;universit\u00e9 de fournir ses services, croyant en l&#8217;importance de la participation communautaire, soulignant que les services m\u00e9dicaux sont fournis quotidiennement dans les h\u00f4pitaux universitaires et \u00e0 tous les citoyens utilisant les technologies internationales et les derniers appareils m\u00e9dicaux.<\/span><\/p><p><span style=\"color: #333333\">L&#8217;universit\u00e9 cherche \u00e9galement \u00e0 fournir des services m\u00e9dicaux avanc\u00e9s, de d\u00e9tection, d&#8217;examen et de traitement, car l&#8217;universit\u00e9 vise \u00e0 promouvoir le d\u00e9veloppement sanitaire, social, environnemental et intellectuel et \u00e0 fournir un service m\u00e9dical distingu\u00e9 pour remplir sa mission de d\u00e9veloppement et de service et b\u00e9n\u00e9ficier des comp\u00e9tences sp\u00e9cialis\u00e9es de l&#8217;universit\u00e9.<\/span><\/p>\t\t\t\t\t\t<\/div>\n\t\t\t\t<\/div>\n\t\t\t\t<div class=\"elementor-element elementor-element-7cb386e elementor-widget elementor-widget-toggle\" data-id=\"7cb386e\" data-element_type=\"widget\" data-widget_type=\"toggle.default\">\n\t\t\t\t<div class=\"elementor-widget-container\">\n\t\t\t\t\t<div class=\"elementor-toggle\">\n\t\t\t\t\t\t\t<div class=\"elementor-toggle-item\">\n\t\t\t\t\t<div id=\"elementor-tab-title-1301\" class=\"elementor-tab-title\" data-tab=\"1\" role=\"button\" aria-controls=\"elementor-tab-content-1301\" aria-expanded=\"false\">\n\t\t\t\t\t\t\t\t\t\t\t\t<span class=\"elementor-toggle-icon elementor-toggle-icon-left\" aria-hidden=\"true\">\n\t\t\t\t\t\t\t\t\t\t\t\t\t\t\t<span class=\"elementor-toggle-icon-closed\"><i class=\"fas fa-plus-square\"><\/i><\/span>\n\t\t\t\t\t\t\t\t<span class=\"elementor-toggle-icon-opened\"><i class=\"elementor-toggle-icon-opened far fa-minus-square\"><\/i><\/span>\n\t\t\t\t\t\t\t\t\t\t\t\t\t<\/span>\n\t\t\t\t\t\t\t\t\t\t\t\t<a class=\"elementor-toggle-title\" tabindex=\"0\">-\tCoordination avec le Conseil supr\u00eame des universit\u00e9s pour envoyer un plan de distribution des convois m\u00e9dicaux aux universit\u00e9s \u00e9gyptiennes \u00e0 tous les gouvernorats, pour conna\u00eetre le nombre de convois au cours de chaque mois au cours de l'ann\u00e9e universitaire.<\/a>\n\t\t\t\t\t<\/div>\n\n\t\t\t\t\t<div id=\"elementor-tab-content-1301\" class=\"elementor-tab-content elementor-clearfix\" data-tab=\"1\" role=\"region\" aria-labelledby=\"elementor-tab-title-1301\"><div><p><span style=\"text-decoration: underline\">La photo explique le tableau des convois pour l&#8217;ann\u00e9e 2019<\/span><\/p><\/div><div><p><span style=\"text-decoration: underline\">La photo explique le tableau des convois pour l&#8217;ann\u00e9e 2020<\/span><\/p><\/div><\/div>\n\t\t\t\t<\/div>\n\t\t\t\t\t\t\t\t<\/div>\n\t\t\t\t<\/div>\n\t\t\t\t<\/div>\n\t\t\t\t\t<\/div>\n\t\t<\/div>\n\t\t\t\t<div class=\"elementor-column elementor-col-50 elementor-inner-column elementor-element elementor-element-687a005\" data-id=\"687a005\" data-element_type=\"column\">\n\t\t\t<div class=\"elementor-widget-wrap elementor-element-populated\">\n\t\t\t\t\t\t<div class=\"elementor-element elementor-element-16d0890 elementor-widget elementor-widget-image\" data-id=\"16d0890\" data-element_type=\"widget\" data-widget_type=\"image.default\">\n\t\t\t\t<div class=\"elementor-widget-container\">\n\t\t\t\t\t\t\t\t\t\t\t\t\t<img fetchpriority=\"high\" decoding=\"async\" width=\"847\" height=\"529\" src=\"https:\/\/aswu.edu.eg\/fr\/wp-content\/uploads\/health-insurance-sharjah-10th-jan-2020-1024x640.jpg\" class=\"attachment-large size-large wp-image-14774\" alt=\"\" \/>\t\t\t\t\t\t\t\t\t\t\t\t\t<\/div>\n\t\t\t\t<\/div>\n\t\t\t\t\t<\/div>\n\t\t<\/div>\n\t\t\t\t\t<\/div>\n\t\t<\/section>\n\t\t\t\t<div class=\"elementor-element elementor-element-446db72 elementor-widget-divider--view-line elementor-widget elementor-widget-divider\" data-id=\"446db72\" data-element_type=\"widget\" data-widget_type=\"divider.default\">\n\t\t\t\t<div class=\"elementor-widget-container\">\n\t\t\t\t\t<div class=\"elementor-divider\">\n\t\t\t<span class=\"elementor-divider-separator\">\n\t\t\t\t\t\t<\/span>\n\t\t<\/div>\n\t\t\t\t<\/div>\n\t\t\t\t<\/div>\n\t\t\t\t<section class=\"elementor-section elementor-inner-section elementor-element elementor-element-e627383 elementor-section-boxed elementor-section-height-default elementor-section-height-default\" data-id=\"e627383\" data-element_type=\"section\">\n\t\t\t\t\t\t<div class=\"elementor-container elementor-column-gap-default\">\n\t\t\t\t\t<div class=\"elementor-column elementor-col-50 elementor-inner-column elementor-element elementor-element-16bdeb9\" data-id=\"16bdeb9\" data-element_type=\"column\">\n\t\t\t<div class=\"elementor-widget-wrap elementor-element-populated\">\n\t\t\t\t\t\t<div class=\"elementor-element elementor-element-c1429a6 elementor-widget elementor-widget-toggle\" data-id=\"c1429a6\" data-element_type=\"widget\" data-widget_type=\"toggle.default\">\n\t\t\t\t<div class=\"elementor-widget-container\">\n\t\t\t\t\t<div class=\"elementor-toggle\">\n\t\t\t\t\t\t\t<div class=\"elementor-toggle-item\">\n\t\t\t\t\t<h3 id=\"elementor-tab-title-2021\" class=\"elementor-tab-title\" data-tab=\"1\" role=\"button\" aria-controls=\"elementor-tab-content-2021\" aria-expanded=\"false\">\n\t\t\t\t\t\t\t\t\t\t\t\t<span class=\"elementor-toggle-icon elementor-toggle-icon-left\" aria-hidden=\"true\">\n\t\t\t\t\t\t\t\t\t\t\t\t\t\t\t<span class=\"elementor-toggle-icon-closed\"><i class=\"fas fa-plus-square\"><\/i><\/span>\n\t\t\t\t\t\t\t\t<span class=\"elementor-toggle-icon-opened\"><i class=\"elementor-toggle-icon-opened fas fa-minus-square\"><\/i><\/span>\n\t\t\t\t\t\t\t\t\t\t\t\t\t<\/span>\n\t\t\t\t\t\t\t\t\t\t\t\t<a class=\"elementor-toggle-title\" tabindex=\"0\">-\tL'administration g\u00e9n\u00e9rale des affaires m\u00e9dicales de l'universit\u00e9 a organis\u00e9 deux convois de soins pour les zones les plus n\u00e9cessiteuses dans le cadre du r\u00f4le de l'universit\u00e9 de servir la communaut\u00e9.<\/a>\n\t\t\t\t\t<\/h3>\n\n\t\t\t\t\t<div id=\"elementor-tab-content-2021\" class=\"elementor-tab-content elementor-clearfix\" data-tab=\"1\" role=\"region\" aria-labelledby=\"elementor-tab-title-2021\"><div class=\"x_ContentPasted0\"><p><span style=\"color: #333333\"><span class=\"x_ContentPasted1\" style=\"font-size: 12pt;font-family: Cairo\">1-<\/span>Dans la Nouvelle ville d&#8217;Assouan, un examen a \u00e9t\u00e9 effectu\u00e9 et le traitement n\u00e9cessaire a \u00e9t\u00e9 donn\u00e9 \u00e0 (956) cas de diff\u00e9rentes sp\u00e9cialisations.<\/span><\/p><div>\u00a0<\/div><div class=\"x_ContentPasted1\"><p><span style=\"color: #333333\">Le convoi a commenc\u00e9 \u00e0 neuf heures du matin jusqu&#8217;\u00e0 cinq heures du soir et a servi les habitants des zones suivantes: &#8211; (Ouest d&#8217;Assouan &#8211; Al-Kubaniya &#8211; Al-Taweel &#8211; Abu Al-Rish &#8211; Al-Molqata) et les sp\u00e9cialisations suivantes ont \u00e9t\u00e9 d\u00e9tect\u00e9es:<\/span><\/p><\/div><div>\u00a0<\/div><div class=\"x_ContentPasted1\"><span style=\"color: #333333\"><span class=\"x_ContentPasted1\" style=\"font-size: 12pt;font-family: Cairo\"><span class=\"x_ContentPasted1\" style=\"font-size: 12pt;font-family: Cairo\">*<\/span><\/span>Service de dermatologie * Service d&#8217;orthop\u00e9die * Service de m\u00e9decine interne et cardiologie * Service de p\u00e9diatrie<\/span><\/div><div class=\"x_ContentPasted1\"><span class=\"x_ContentPasted1\" style=\"font-size: 12pt;font-family: Cairo;color: #333333\">* Service dentaire * Service d&#8217;obst\u00e9trique et de gyn\u00e9cologie * Service de chirurgie<\/span><\/div><div class=\"x_ContentPasted1\"><p><span style=\"color: #333333\">Cela a \u00e9t\u00e9 fait le 27 novembre 2018 \u00e0 l&#8217;unit\u00e9 de sant\u00e9 d&#8217;Assouan \u00e0 Nouvelle Assouan.<\/span><\/p><\/div><div>\u00a0<\/div><div class=\"x_ContentPasted1\"><span style=\"color: #333333\"><span class=\"x_ContentPasted1\" style=\"font-size: 12pt;font-family: Cairo\"><span class=\"x_ContentPasted1\" style=\"font-size: 12pt;font-family: Cairo\">2-<\/span><\/span>\u00c0 Al-Alaqi (une zone frontali\u00e8re \u00e9loign\u00e9e o\u00f9 les services de sant\u00e9 font d\u00e9faut), des examens ont \u00e9t\u00e9 effectu\u00e9s sur (177) cas de diff\u00e9rentes sp\u00e9cialit\u00e9s, et l&#8217;unit\u00e9 de sant\u00e9 d&#8217;Al- Alaqi a re\u00e7u les m\u00e9dicaments manquants et les s\u00e9rums n\u00e9cessaires, ainsi que la nature de l&#8217;endroit est un environnement d\u00e9sertique.<\/span><\/div><div><span style=\"color: #333333\">Le convoi s&#8217;est dirig\u00e9 \u00e0 cinq heures pr\u00e9cises du matin vers Wadi Al-Allaqi et est arriv\u00e9 \u00e0 dix heures du matin. L&#8217;enqu\u00eate sur les cas a commenc\u00e9 dans les sections suivantes:<\/span><\/div><div>\u00a0<\/div><div class=\"x_ContentPasted1\"><span class=\"x_ContentPasted1\" style=\"font-size: 12pt;font-family: Cairo;color: #333333\">* Service de dermatologie * Service d&#8217;orthop\u00e9die * Service de m\u00e9decine interne et cardiologie * Service de p\u00e9diatrie<\/span><\/div><div class=\"x_ContentPasted1\"><span class=\"x_ContentPasted1\" style=\"font-size: 12pt;font-family: Cairo;color: #333333\">* Service dentaire * Service d&#8217;obst\u00e9trique et de gyn\u00e9cologie * Service de chirurgie<\/span><\/div><\/div><div class=\"x_ContentPasted0\"><p><span style=\"color: #333333\">Cela a \u00e9t\u00e9 fait le 13 novembre 2018 \u00e0 Wadi Al-Alaqi.<\/span><\/p><\/div><\/div>\n\t\t\t\t<\/div>\n\t\t\t\t\t\t\t\t<\/div>\n\t\t\t\t<\/div>\n\t\t\t\t<\/div>\n\t\t\t\t\t<\/div>\n\t\t<\/div>\n\t\t\t\t<div class=\"elementor-column elementor-col-50 elementor-inner-column elementor-element elementor-element-7865375\" data-id=\"7865375\" data-element_type=\"column\">\n\t\t\t<div class=\"elementor-widget-wrap elementor-element-populated\">\n\t\t\t\t\t\t<div class=\"elementor-element elementor-element-48dd67e elementor-widget elementor-widget-image\" data-id=\"48dd67e\" data-element_type=\"widget\" data-widget_type=\"image.default\">\n\t\t\t\t<div class=\"elementor-widget-container\">\n\t\t\t\t\t\t\t\t\t\t\t\t\t<img decoding=\"async\" src=\"https:\/\/aswu.edu.eg\/fr\/wp-content\/uploads\/elementor\/thumbs\/WhatsApp-Image-2020-11-17-at-3.30.17-PM-pxfi2bq8jshxx2okukyh8k4szusy67hgw3g7vdaqgs-qjzbd934vv0lyeujhpg4lve12oaf0hyv5gnnwk5di8.jpeg\" title=\"WhatsApp-Image-2020-11-17-at-3.30.17-PM-pxfi2bq8jshxx2okukyh8k4szusy67hgw3g7vdaqgs\" alt=\"WhatsApp-Image-2020-11-17-at-3.30.17-PM-pxfi2bq8jshxx2okukyh8k4szusy67hgw3g7vdaqgs\" loading=\"lazy\" \/>\t\t\t\t\t\t\t\t\t\t\t\t\t<\/div>\n\t\t\t\t<\/div>\n\t\t\t\t\t<\/div>\n\t\t<\/div>\n\t\t\t\t\t<\/div>\n\t\t<\/section>\n\t\t\t\t<section class=\"elementor-section elementor-inner-section elementor-element elementor-element-0260037 elementor-section-boxed elementor-section-height-default elementor-section-height-default\" data-id=\"0260037\" data-element_type=\"section\">\n\t\t\t\t\t\t<div class=\"elementor-container elementor-column-gap-default\">\n\t\t\t\t\t<div class=\"elementor-column elementor-col-50 elementor-inner-column elementor-element elementor-element-2990d29\" data-id=\"2990d29\" data-element_type=\"column\">\n\t\t\t<div class=\"elementor-widget-wrap elementor-element-populated\">\n\t\t\t\t\t\t<div class=\"elementor-element elementor-element-a539991 elementor-widget elementor-widget-toggle\" data-id=\"a539991\" data-element_type=\"widget\" data-widget_type=\"toggle.default\">\n\t\t\t\t<div class=\"elementor-widget-container\">\n\t\t\t\t\t<div class=\"elementor-toggle\">\n\t\t\t\t\t\t\t<div class=\"elementor-toggle-item\">\n\t\t\t\t\t<h3 id=\"elementor-tab-title-1731\" class=\"elementor-tab-title\" data-tab=\"1\" role=\"button\" aria-controls=\"elementor-tab-content-1731\" aria-expanded=\"false\">\n\t\t\t\t\t\t\t\t\t\t\t\t<span class=\"elementor-toggle-icon elementor-toggle-icon-left\" aria-hidden=\"true\">\n\t\t\t\t\t\t\t\t\t\t\t\t\t\t\t<span class=\"elementor-toggle-icon-closed\"><i class=\"fas fa-plus-square\"><\/i><\/span>\n\t\t\t\t\t\t\t\t<span class=\"elementor-toggle-icon-opened\"><i class=\"elementor-toggle-icon-opened fas fa-minus-square\"><\/i><\/span>\n\t\t\t\t\t\t\t\t\t\t\t\t\t<\/span>\n\t\t\t\t\t\t\t\t\t\t\t\t<a class=\"elementor-toggle-title\" tabindex=\"0\">-\tL'Universit\u00e9 d'Assouan, \u00e0 travers le Secteur des services communautaires et du d\u00e9veloppement environnemental, a effectu\u00e9 un convoi m\u00e9dical vers la R\u00e9publique de Djibouti du 23 au 28 mars 2019, avec la participation de la Facult\u00e9 de m\u00e9decine de l'Universit\u00e9 d'Assouan.<\/a>\n\t\t\t\t\t<\/h3>\n\n\t\t\t\t\t<div id=\"elementor-tab-content-1731\" class=\"elementor-tab-content elementor-clearfix\" data-tab=\"1\" role=\"region\" aria-labelledby=\"elementor-tab-title-1731\"><\/div>\n\t\t\t\t<\/div>\n\t\t\t\t\t\t\t\t<\/div>\n\t\t\t\t<\/div>\n\t\t\t\t<\/div>\n\t\t\t\t\t<\/div>\n\t\t<\/div>\n\t\t\t\t<div class=\"elementor-column elementor-col-50 elementor-inner-column elementor-element elementor-element-ad23ca4\" data-id=\"ad23ca4\" data-element_type=\"column\">\n\t\t\t<div class=\"elementor-widget-wrap elementor-element-populated\">\n\t\t\t\t\t\t<div class=\"elementor-element elementor-element-57ad6ab elementor-widget elementor-widget-image\" data-id=\"57ad6ab\" data-element_type=\"widget\" data-widget_type=\"image.default\">\n\t\t\t\t<div class=\"elementor-widget-container\">\n\t\t\t\t\t\t\t\t\t\t\t\t\t<img decoding=\"async\" width=\"400\" height=\"260\" src=\"https:\/\/aswu.edu.eg\/fr\/wp-content\/uploads\/476-1.jpg\" class=\"attachment-full size-full wp-image-19977\" alt=\"\" \/>\t\t\t\t\t\t\t\t\t\t\t\t\t<\/div>\n\t\t\t\t<\/div>\n\t\t\t\t\t<\/div>\n\t\t<\/div>\n\t\t\t\t\t<\/div>\n\t\t<\/section>\n\t\t\t\t\t<\/div>\n\t\t<\/div>\n\t\t\t\t\t<\/div>\n\t\t<\/section>\n\t\t\t\t<\/div>\n\t\t","protected":false},"excerpt":{"rendered":"<p>Le pr\u00e9sident de l&#8217;universit\u00e9 a soulign\u00e9 que l&#8217;organisation de convois m\u00e9dicaux s&#8217;inscrit dans le cadre du r\u00f4le soci\u00e9tal de l&#8217;universit\u00e9 de fournir ses services, croyant en l&#8217;importance de la participation communautaire, soulignant que les services m\u00e9dicaux sont fournis quotidiennement dans <a href=\"https:\/\/aswu.edu.eg\/fr\/services-aswu\/medical-services\/medical-convoys\/\" class=\"read-more\">Read More &#8230;<\/a><\/p>\n<div class=\"pvc_clear\"><\/div>\n<p id=\"pvc_stats_6473\" class=\"pvc_stats all  \" data-element-id=\"6473\" style=\"\"><i class=\"pvc-stats-icon medium\" aria-hidden=\"true\"><svg aria-hidden=\"true\" focusable=\"false\" data-prefix=\"far\" data-icon=\"chart-bar\" role=\"img\" xmlns=\"http:\/\/www.w3.org\/2000\/svg\" viewBox=\"0 0 512 512\" class=\"svg-inline--fa fa-chart-bar fa-w-16 fa-2x\"><path fill=\"currentColor\" d=\"M396.8 352h22.4c6.4 0 12.8-6.4 12.8-12.8V108.8c0-6.4-6.4-12.8-12.8-12.8h-22.4c-6.4 0-12.8 6.4-12.8 12.8v230.4c0 6.4 6.4 12.8 12.8 12.8zm-192 0h22.4c6.4 0 12.8-6.4 12.8-12.8V140.8c0-6.4-6.4-12.8-12.8-12.8h-22.4c-6.4 0-12.8 6.4-12.8 12.8v198.4c0 6.4 6.4 12.8 12.8 12.8zm96 0h22.4c6.4 0 12.8-6.4 12.8-12.8V204.8c0-6.4-6.4-12.8-12.8-12.8h-22.4c-6.4 0-12.8 6.4-12.8 12.8v134.4c0 6.4 6.4 12.8 12.8 12.8zM496 400H48V80c0-8.84-7.16-16-16-16H16C7.16 64 0 71.16 0 80v336c0 17.67 14.33 32 32 32h464c8.84 0 16-7.16 16-16v-16c0-8.84-7.16-16-16-16zm-387.2-48h22.4c6.4 0 12.8-6.4 12.8-12.8v-70.4c0-6.4-6.4-12.8-12.8-12.8h-22.4c-6.4 0-12.8 6.4-12.8 12.8v70.4c0 6.4 6.4 12.8 12.8 12.8z\" class=\"\"><\/path><\/svg><\/i> <img decoding=\"async\" width=\"16\" height=\"16\" alt=\"Loading\" src=\"https:\/\/aswu.edu.eg\/fr\/wp-content\/plugins\/page-views-count\/ajax-loader-2x.gif\" border=0 \/><\/p>\n<div class=\"pvc_clear\"><\/div>\n","protected":false},"author":7,"featured_media":0,"parent":5385,"menu_order":0,"comment_status":"closed","ping_status":"closed","template":"","meta":{"footnotes":""},"rttpg_featured_image_url":null,"rttpg_author":{"display_name":"nourhan Monaam","author_link":"https:\/\/aswu.edu.eg\/fr\/author\/edr0asen\/"},"rttpg_comment":0,"rttpg_category":null,"rttpg_excerpt":"Le pr\u00e9sident de l&#8217;universit\u00e9 a soulign\u00e9 que l&#8217;organisation de convois m\u00e9dicaux s&#8217;inscrit dans le cadre du r\u00f4le soci\u00e9tal de l&#8217;universit\u00e9 de fournir ses services, croyant en l&#8217;importance de la participation communautaire, soulignant que les services m\u00e9dicaux sont fournis quotidiennement dans Read More ...","_links":{"self":[{"href":"https:\/\/aswu.edu.eg\/fr\/wp-json\/wp\/v2\/pages\/6473"}],"collection":[{"href":"https:\/\/aswu.edu.eg\/fr\/wp-json\/wp\/v2\/pages"}],"about":[{"href":"https:\/\/aswu.edu.eg\/fr\/wp-json\/wp\/v2\/types\/page"}],"author":[{"embeddable":true,"href":"https:\/\/aswu.edu.eg\/fr\/wp-json\/wp\/v2\/users\/7"}],"replies":[{"embeddable":true,"href":"https:\/\/aswu.edu.eg\/fr\/wp-json\/wp\/v2\/comments?post=6473"}],"version-history":[{"count":81,"href":"https:\/\/aswu.edu.eg\/fr\/wp-json\/wp\/v2\/pages\/6473\/revisions"}],"predecessor-version":[{"id":28967,"href":"https:\/\/aswu.edu.eg\/fr\/wp-json\/wp\/v2\/pages\/6473\/revisions\/28967"}],"up":[{"embeddable":true,"href":"https:\/\/aswu.edu.eg\/fr\/wp-json\/wp\/v2\/pages\/5385"}],"wp:attachment":[{"href":"https:\/\/aswu.edu.eg\/fr\/wp-json\/wp\/v2\/media?parent=6473"}],"curies":[{"name":"wp","href":"https:\/\/api.w.org\/{rel}","templated":true}]}}