{"id":6680,"date":"2021-02-21T08:36:30","date_gmt":"2021-02-21T08:36:30","guid":{"rendered":"https:\/\/aswu.edu.eg\/en\/?page_id=6680"},"modified":"2025-11-23T10:35:51","modified_gmt":"2025-11-23T10:35:51","slug":"general-management-of-environmental-projects","status":"publish","type":"page","link":"https:\/\/aswu.edu.eg\/fr\/about\/organizational-structure\/community-service-and-environmental-development-sector\/general-management-of-environmental-projects\/","title":{"rendered":"Administration des projets environnementaux"},"content":{"rendered":"\t\t<div data-elementor-type=\"wp-page\" data-elementor-id=\"6680\" class=\"elementor elementor-6680\">\n\t\t\t\t\t\t<section class=\"elementor-section elementor-top-section elementor-element elementor-element-1451d7b elementor-section-boxed elementor-section-height-default elementor-section-height-default\" data-id=\"1451d7b\" data-element_type=\"section\">\n\t\t\t\t\t\t<div class=\"elementor-container elementor-column-gap-default\">\n\t\t\t\t\t<div class=\"elementor-column elementor-col-33 elementor-top-column elementor-element elementor-element-a0dd381\" data-id=\"a0dd381\" data-element_type=\"column\">\n\t\t\t<div class=\"elementor-widget-wrap elementor-element-populated\">\n\t\t\t\t\t\t<div class=\"elementor-element elementor-element-5e4405d elementor-widget elementor-widget-wp-widget-iksm-widget\" data-id=\"5e4405d\" data-element_type=\"widget\" data-widget_type=\"wp-widget-iksm-widget.default\">\n\t\t\t\t<div class=\"elementor-widget-container\">\n\t\t\t<script id=\"styles-copier-69e2213554296\">\n\t\t\t\/\/ Finding styles element\n\t        var element = document.getElementById(\"iksm-dynamic-style\");\n\t        if (!element) { \/\/ If no element (Cache plugins can remove tag), then creating a new one\n                element = document.createElement('style');\n                var head = document.getElementsByTagName(\"head\")\n                if (head && head[0]) {\n                \thead[0].appendChild(element);\n                } else {\n                  \tconsole.warn(\"Iks Menu | Error while printing styles. Please contact technical support.\");\n                }\n\t        }\n\t\t\t\/\/ Copying styles to <styles> tag\n\t        element.innerHTML += \".iksm-23814 .iksm-terms{background-color:rgba(243,243,243,1);width:210px;transition:all 400ms;animation:iks-fade-in 1000ms;}.iksm-23814 .iksm-term__inner{background-color:rgba(231,231,231,1);margin-top:3px;min-height:44px;transition:all 400ms;}.iksm-23814 .iksm-term__inner:hover{background-color:rgba(220,220,220,1);}.iksm-23814 .iksm-term--current > .iksm-term__inner{background-color:rgba(202,229,239,1);}.iksm-23814 .iksm-term__link{color:rgba(0,0,0,1);font-size:15px;line-height:15px;font-weight:400;text-align:left;text-decoration:none;padding-top:5px;padding-right:10px;padding-bottom:5px;padding-left:15px;transition:all 400ms;}.iksm-23814 .iksm-term__inner:hover .iksm-term__link{color:rgba(50,50,50,1);}.iksm-23814 .iksm-term__toggle__inner{transition:transform 400ms}.iksm-23814 .iksm-term--expanded > .iksm-term__inner > .iksm-term__toggle > .iksm-term__toggle__inner{transform:rotate(180deg);}.iksm-23814 .iksm-term__toggle{color:rgba(133,133,133,1);font-size:16px;align-self:unset;;height:25px;width:25px;margin-right:7px;transition:all 400ms;}.iksm-23814 .iksm-term__toggle:hover{color:rgba(0,0,0,1);}.iksm-23814 .iksm-term__image-container{width:30px;min-width:30px;height:30px;min-height:30px;margin-right:15px;transition:all 400ms;}.iksm-23814 .iksm-term__image{background-size:contain;background-position:center;background-repeat:no-repeat;}.iksm-23814 .iksm-term__image-container:hover{background-size:contain;background-position:center;background-repeat:no-repeat;}.iksm-23814 .iksm-term__inner:hover .iksm-term__image-container{background-size:contain;background-position:center;background-repeat:no-repeat;}.iksm-23814 .iksm-term__inner:focus .iksm-term__image-container{background-size:contain;background-position:center;background-repeat:no-repeat;}.iksm-23814 .iksm-term--current > .iksm-term__inner .iksm-term__image-container{background-size:contain;background-position:center;background-repeat:no-repeat;}.iksm-23814 .iksm-term--child .iksm-term__inner .iksm-term__image-container{background-size:contain;background-position:center;background-repeat:no-repeat;}.iksm-23814 .iksm-term--child .iksm-term__inner .iksm-term__image-container:hover{background-size:contain;background-position:center;background-repeat:no-repeat;}.iksm-23814 .iksm-term--child .iksm-term__inner .iksm-term__image-container:focus{background-size:contain;background-position:center;background-repeat:no-repeat;}.iksm-23814 .iksm-term--child.iksm-term--current > .iksm-term__inner .iksm-term__image-container{background-size:contain;background-position:center;background-repeat:no-repeat;}.iksm-23814  .iksm-term__text{flex: unset}.iksm-23814 .iksm-term__posts-count{color:rgba(133,133,133,1);font-size:16px;margin-left:12px;font-weight:400;transition:all 400ms;}\";\n\t        \/\/ Removing this script\n            var this_script = document.getElementById(\"styles-copier-69e2213554296\");\n            if (this_script) { \/\/ Cache plugins can remove tag\n\t            this_script.outerHTML = \"\";\n\t            if (this_script.parentNode) {\n\t                this_script.parentNode.removeChild(this_script);\n\t            }\n            }\n        <\/script><div id='iksm-23814' class='iksm iksm-23814 iksm-container '  data-id='23814' data-is-pro='0' data-source='menu'><div class='iksm-terms'><div class='iksm-terms-tree iksm-terms-tree--level-1 iksm-terms-tree--parents' style=''><div class=\"iksm-terms-tree__inner\">\n        <div class=\"iksm-term iksm-term--id-23810 iksm-term--parent\" data-id=\"23810\">\n            <div class=\"iksm-term__inner\" tabindex='0'>\n                <a class=\"iksm-term__link\" href='https:\/\/aswu.edu.eg\/fr\/about\/organizational-structure\/community-service-and-environmental-development-sector\/general-management-of-environmental-projects\/program-planning-and-environment-development-administration\/' target='_self' tabindex='-1'>\n\t\t\t\t        <span class=\"iksm-term__text\">L\u2019administration de planification du programme et d\u00e9veloppement de l\u2019environnement<\/span>\n\t\t            <\/a>\n\t\t\t        <\/div>\n\t\t        <\/div>\n\n\t\t\n        <div class=\"iksm-term iksm-term--id-23809 iksm-term--parent\" data-id=\"23809\">\n            <div class=\"iksm-term__inner\" tabindex='0'>\n                <a class=\"iksm-term__link\" href='https:\/\/aswu.edu.eg\/fr\/about\/organizational-structure\/community-service-and-environmental-development-sector\/general-management-of-environmental-projects\/environmental-projects-follow-up-administration\/' target='_self' tabindex='-1'>\n\t\t\t\t        <span class=\"iksm-term__text\">Administration de suivi les projets environnementaux<\/span>\n\t\t            <\/a>\n\t\t\t        <\/div>\n\t\t        <\/div>\n\n\t\t<\/div><\/div><\/div><div id=\"iksm_data_args\" class=\"data-args\"  data-collapse_children_terms='1' data-collapse_other_terms='1' data-collapse_animation_duration='400' data-expand_animation_duration='400'><\/div><\/div>\t\t<\/div>\n\t\t\t\t<\/div>\n\t\t\t\t\t<\/div>\n\t\t<\/div>\n\t\t\t\t<div class=\"elementor-column elementor-col-66 elementor-top-column elementor-element elementor-element-6640b13\" data-id=\"6640b13\" data-element_type=\"column\">\n\t\t\t<div class=\"elementor-widget-wrap elementor-element-populated\">\n\t\t\t\t\t\t<div class=\"elementor-element elementor-element-fccb72d elementor-tabs-alignment-stretch elementor-tabs-view-horizontal elementor-widget elementor-widget-tabs\" data-id=\"fccb72d\" data-element_type=\"widget\" data-widget_type=\"tabs.default\">\n\t\t\t\t<div class=\"elementor-widget-container\">\n\t\t\t\t\t<div class=\"elementor-tabs\">\n\t\t\t<div class=\"elementor-tabs-wrapper\" role=\"tablist\" >\n\t\t\t\t\t\t\t\t\t<div id=\"elementor-tab-title-2651\" class=\"elementor-tab-title elementor-tab-desktop-title\" aria-selected=\"true\" data-tab=\"1\" role=\"tab\" tabindex=\"0\" aria-controls=\"elementor-tab-content-2651\" aria-expanded=\"false\">A propos <\/div>\n\t\t\t\t\t\t\t\t\t<div id=\"elementor-tab-title-2652\" class=\"elementor-tab-title elementor-tab-desktop-title\" aria-selected=\"false\" data-tab=\"2\" role=\"tab\" tabindex=\"-1\" aria-controls=\"elementor-tab-content-2652\" aria-expanded=\"false\">Vision et mission<\/div>\n\t\t\t\t\t\t\t\t\t<div id=\"elementor-tab-title-2653\" class=\"elementor-tab-title elementor-tab-desktop-title\" aria-selected=\"false\" data-tab=\"3\" role=\"tab\" tabindex=\"-1\" aria-controls=\"elementor-tab-content-2653\" aria-expanded=\"false\">Buts<\/div>\n\t\t\t\t\t\t\t\t\t<div id=\"elementor-tab-title-2654\" class=\"elementor-tab-title elementor-tab-desktop-title\" aria-selected=\"false\" data-tab=\"4\" role=\"tab\" tabindex=\"-1\" aria-controls=\"elementor-tab-content-2654\" aria-expanded=\"false\">Achievements<\/div>\n\t\t\t\t\t\t\t<\/div>\n\t\t\t<div class=\"elementor-tabs-content-wrapper\" role=\"tablist\" aria-orientation=\"vertical\">\n\t\t\t\t\t\t\t\t\t<div class=\"elementor-tab-title elementor-tab-mobile-title\" aria-selected=\"true\" data-tab=\"1\" role=\"tab\" tabindex=\"0\" aria-controls=\"elementor-tab-content-2651\" aria-expanded=\"false\">A propos <\/div>\n\t\t\t\t\t<div id=\"elementor-tab-content-2651\" class=\"elementor-tab-content elementor-clearfix\" data-tab=\"1\" role=\"tabpanel\" aria-labelledby=\"elementor-tab-title-2651\" tabindex=\"0\" hidden=\"false\"><p style=\"text-align: justify\"><span style=\"color: #333333;font-size: 16px\">L\u2019administration g\u00e9n\u00e9rale des projets environnementaux est une administration affili\u00e9e au vice-pr\u00e9sident des affaires le service \u00e0 la \u00a0communaut\u00e9 et du d\u00e9veloppement environnemental, l\u2019administration effectue un r\u00f4le vital et important pour servir la communaut\u00e9 et d\u00e9veloppe l\u2019environnement\u00a0; qu\u2019elle ex\u00e9cute le plan du secteur et applique le message pour lequel il a \u00e9t\u00e9 install\u00e9.<\/span><\/p><p style=\"text-align: justify\"><span style=\"color: #333333;font-size: 16px\">L\u2019administration travaille sur points suivants\u00a0:<\/span><\/p><ol><li style=\"text-align: justify\"><span style=\"color: #333333;font-size: 16px\">Elle est soumise \u00e0 l\u2019orientation g\u00e9n\u00e9rale du vice-pr\u00e9sident des affaires le service \u00e0 la communaut\u00e9 et d\u00e9veloppement environnemental.<\/span><\/li><li style=\"text-align: justify\"><span style=\"color: #333333;font-size: 16px\">Elle est supervise les travaux relatif aux projets environnementaux.<\/span><\/li><li style=\"text-align: justify\"><span style=\"color: #333333;font-size: 16px\">Supervise les subdivisions organisationnelles relevant de l\u2019administration.<\/span><\/li><li style=\"text-align: justify\"><span style=\"color: #333333;font-size: 16px\">Mettre en place un syst\u00e8me permettant de pr\u00e9parer et d\u00e9finir les plans et programmes contribue au d\u00e9veloppement environnemental.<\/span><\/li><li style=\"text-align: justify\"><span style=\"color: #333333;font-size: 16px\">Coordonner le travail avec la Banque d\u2019informations pour fournir les datas et les informations n\u00e9cessaires de r\u00e9alisation d\u2019\u00e9tudes analytiques pour pr\u00e9ciser les probl\u00e8mes environnementaux \u00e9conomiques, et sociales, et pr\u00e9cise le r\u00f4le de l\u2019Universit\u00e9 dans leur r\u00e9solution.<\/span><\/li><li style=\"text-align: justify\"><span style=\"color: #333333;font-size: 16px\">Coordination le travail avec les facult\u00e9s de l\u2019universit\u00e9 afin de mettre les plans alternative pour traiter les probl\u00e8mes environnementaux, industrielles, agricoles, services, humaine et sociaux et autres des probl\u00e8mes environnementaux.<\/span><\/li><li style=\"text-align: justify\"><span style=\"color: #333333;font-size: 16px\">Elle supervise l\u2019\u00e9laboration des plans terminaux pour d\u00e9veloppement dans les domaines divers.<\/span><\/li><li style=\"text-align: justify\"><span style=\"color: #333333;font-size: 16px\">Elle supervise la pr\u00e9paration des programmes ex\u00e9cutifs n\u00e9cessaires pour appliquer les plans de l\u2019universit\u00e9 dans d\u00e9veloppements environnemental.<\/span><\/li><li style=\"text-align: justify\"><span style=\"color: #333333;font-size: 16px\">Poursuivre application des programmes ex\u00e9cutifs environnementaux en coordination avec les facult\u00e9s de l\u2019universit\u00e9 et avec\u00a0 les organisations b\u00e9n\u00e9ficiaires<\/span><\/li><\/ol><p>\u00a0<\/p><\/div>\n\t\t\t\t\t\t\t\t\t<div class=\"elementor-tab-title elementor-tab-mobile-title\" aria-selected=\"false\" data-tab=\"2\" role=\"tab\" tabindex=\"-1\" aria-controls=\"elementor-tab-content-2652\" aria-expanded=\"false\">Vision et mission<\/div>\n\t\t\t\t\t<div id=\"elementor-tab-content-2652\" class=\"elementor-tab-content elementor-clearfix\" data-tab=\"2\" role=\"tabpanel\" aria-labelledby=\"elementor-tab-title-2652\" tabindex=\"0\" hidden=\"hidden\"><p><span data-ccp-props=\"{&quot;201341983&quot;:0,&quot;335551550&quot;:6,&quot;335551620&quot;:6,&quot;335559739&quot;:160,&quot;335559740&quot;:259}\">\u00a0<\/span><span style=\"color: #003366;font-size: 14pt\" data-contrast=\"none\">Vision<\/span><\/p><p style=\"text-align: justify\"><span style=\"color: #333333;font-size: 16px\">L\u2019universit\u00e9 d\u2019Assouan s\u2019est distingu\u00e9e dans la r\u00e9alisation de projets environnementaux de service la communaut\u00e9 \u00a0et d\u00e9veloppement l\u2019environnement.<\/span><\/p><p>\u00a0<\/p><p><span style=\"color: #003366;font-size: 14pt\" data-contrast=\"none\">Mission<\/span><\/p><p style=\"text-align: justify\"><span style=\"color: #333333\">R\u00e9aliser les ach\u00e8vements des projets environnementaux \u00e0 travers l\u2019entreprenariat avec le ministre de l\u2019enseignement sup\u00e9rieure et le gouvernement d\u2019Assouan et surtout l\u2019Agence de protection de l\u2019environnement et autre des organismes qui cherche de d\u00e9velopper les projets \u00a0environnementaux.<\/span><\/p><p><span data-ccp-props=\"{&quot;201341983&quot;:0,&quot;335559739&quot;:160,&quot;335559740&quot;:259}\">\u00a0<\/span><\/p><\/div>\n\t\t\t\t\t\t\t\t\t<div class=\"elementor-tab-title elementor-tab-mobile-title\" aria-selected=\"false\" data-tab=\"3\" role=\"tab\" tabindex=\"-1\" aria-controls=\"elementor-tab-content-2653\" aria-expanded=\"false\">Buts<\/div>\n\t\t\t\t\t<div id=\"elementor-tab-content-2653\" class=\"elementor-tab-content elementor-clearfix\" data-tab=\"3\" role=\"tabpanel\" aria-labelledby=\"elementor-tab-title-2653\" tabindex=\"0\" hidden=\"hidden\"><p style=\"text-align: justify\"><span style=\"color: #003366;font-size: 16px\">Premi\u00e8rement\u00a0: les buts g\u00e9n\u00e9raux<\/span><\/p><ol><li style=\"text-align: justify\"><span style=\"color: #333333\">Fixer les projets environnementaux importants et n\u00e9cessaires pour le gouvernement.<\/span><\/li><li style=\"text-align: justify\"><span style=\"color: #333333\">Planification et \u00e9tudes de faisabilit\u00e9 pour ces projets.<\/span><\/li><li style=\"text-align: justify\"><span style=\"color: #333333\">Fixer le r\u00f4le de chaque secteur y compris l\u2019universit\u00e9 d\u2019ex\u00e9cuter ces plans et ses activit\u00e9s.<\/span><\/li><\/ol><p><span style=\"color: #003366\">Deuxi\u00e8mement\u00a0: les buts sp\u00e9ciaux\u00a0:<\/span><\/p><ol><li style=\"text-align: justify\"><span style=\"color: #333333\">Contribution \u00e0 fixer les probl\u00e8mes environnementaux et surtout dans le gouvernement d\u2019Assouan et reconnaissance d\u2019elles de retrouver de moyens de les solutions.<\/span><\/li><li style=\"text-align: justify\"><span style=\"color: #333333\">Contribution \u00e0 arr\u00eater la d\u00e9gradation de l\u2019environnement et pr\u00e9servation des ressources naturelles et son exploitation l\u2019exploitation optimal et la maintenance continue dans la r\u00e9gion sur \u00a0bonnes bases scientifiques et environnementales.<\/span><\/li><\/ol><\/div>\n\t\t\t\t\t\t\t\t\t<div class=\"elementor-tab-title elementor-tab-mobile-title\" aria-selected=\"false\" data-tab=\"4\" role=\"tab\" tabindex=\"-1\" aria-controls=\"elementor-tab-content-2654\" aria-expanded=\"false\">Achievements<\/div>\n\t\t\t\t\t<div id=\"elementor-tab-content-2654\" class=\"elementor-tab-content elementor-clearfix\" data-tab=\"4\" role=\"tabpanel\" aria-labelledby=\"elementor-tab-title-2654\" tabindex=\"0\" hidden=\"hidden\"><p><strong><span style=\"color: #003366\">A tenu des symposiums culturels sur\u00a0:<\/span><\/strong><\/p><ul style=\"list-style-type: disc\"><li><span style=\"color: #333333\">Les jeunes et correcte les concepts faux sur l\u2019addiction et es drogues.<\/span><\/li><li><span style=\"color: #333333\">campagne de sensibilisation Haneichha Sah.<\/span><\/li><\/ul><p><strong><span style=\"color: #003366\">A tenu des cours de formation sur\u00a0:<\/span><\/strong><\/p><ul style=\"list-style-type: disc\"><li><span style=\"color: #333333\">Education reproductif.<\/span><\/li><li><span style=\"color: #333333\">Qualifie les leaders des \u00e9tudiants de l\u2019universit\u00e9 d\u2019Assouan de travail volontaire dans la sensibilisation sur les dangereux d\u2019addiction et comment la protection et le rem\u00e8de.<\/span><\/li><\/ul><p><strong><span style=\"color: #003366\">A tenu des initiatives et ateliers intitul\u00e9\u00a0:<\/span><\/strong><\/p><ul><li><span style=\"color: #333333\">Les jeunes du Nil<\/span><\/li><\/ul><p><a href=\"https:\/\/aswu.edu.eg\/en\/wp-content\/uploads\/Achievements-of-the-General-Administration-of-Environmental-Project.pdf\"><span style=\"color: #0000ff\">Pour charger les documents et lire la suite<\/span><\/a><\/p><\/div>\n\t\t\t\t\t\t\t<\/div>\n\t\t<\/div>\n\t\t\t\t<\/div>\n\t\t\t\t<\/div>\n\t\t\t\t\t<\/div>\n\t\t<\/div>\n\t\t\t\t\t<\/div>\n\t\t<\/section>\n\t\t\t\t<\/div>\n\t\t","protected":false},"excerpt":{"rendered":"<p>A propos Vision et mission Buts Achievements A propos L\u2019administration g\u00e9n\u00e9rale des projets environnementaux est une administration affili\u00e9e au vice-pr\u00e9sident des affaires le service \u00e0 la \u00a0communaut\u00e9 et du d\u00e9veloppement environnemental, l\u2019administration effectue un r\u00f4le vital et important pour servir <a href=\"https:\/\/aswu.edu.eg\/fr\/about\/organizational-structure\/community-service-and-environmental-development-sector\/general-management-of-environmental-projects\/\" class=\"read-more\">Read More &#8230;<\/a><\/p>\n<div class=\"pvc_clear\"><\/div>\n<p id=\"pvc_stats_6680\" class=\"pvc_stats all  \" data-element-id=\"6680\" style=\"\"><i class=\"pvc-stats-icon medium\" aria-hidden=\"true\"><svg aria-hidden=\"true\" focusable=\"false\" data-prefix=\"far\" data-icon=\"chart-bar\" role=\"img\" xmlns=\"http:\/\/www.w3.org\/2000\/svg\" viewBox=\"0 0 512 512\" class=\"svg-inline--fa fa-chart-bar fa-w-16 fa-2x\"><path fill=\"currentColor\" d=\"M396.8 352h22.4c6.4 0 12.8-6.4 12.8-12.8V108.8c0-6.4-6.4-12.8-12.8-12.8h-22.4c-6.4 0-12.8 6.4-12.8 12.8v230.4c0 6.4 6.4 12.8 12.8 12.8zm-192 0h22.4c6.4 0 12.8-6.4 12.8-12.8V140.8c0-6.4-6.4-12.8-12.8-12.8h-22.4c-6.4 0-12.8 6.4-12.8 12.8v198.4c0 6.4 6.4 12.8 12.8 12.8zm96 0h22.4c6.4 0 12.8-6.4 12.8-12.8V204.8c0-6.4-6.4-12.8-12.8-12.8h-22.4c-6.4 0-12.8 6.4-12.8 12.8v134.4c0 6.4 6.4 12.8 12.8 12.8zM496 400H48V80c0-8.84-7.16-16-16-16H16C7.16 64 0 71.16 0 80v336c0 17.67 14.33 32 32 32h464c8.84 0 16-7.16 16-16v-16c0-8.84-7.16-16-16-16zm-387.2-48h22.4c6.4 0 12.8-6.4 12.8-12.8v-70.4c0-6.4-6.4-12.8-12.8-12.8h-22.4c-6.4 0-12.8 6.4-12.8 12.8v70.4c0 6.4 6.4 12.8 12.8 12.8z\" class=\"\"><\/path><\/svg><\/i> <img decoding=\"async\" width=\"16\" height=\"16\" alt=\"Loading\" src=\"https:\/\/aswu.edu.eg\/fr\/wp-content\/plugins\/page-views-count\/ajax-loader-2x.gif\" border=0 \/><\/p>\n<div class=\"pvc_clear\"><\/div>\n","protected":false},"author":7,"featured_media":0,"parent":146,"menu_order":0,"comment_status":"closed","ping_status":"closed","template":"","meta":{"footnotes":""},"rttpg_featured_image_url":null,"rttpg_author":{"display_name":"nourhan Monaam","author_link":"https:\/\/aswu.edu.eg\/fr\/author\/edr0asen\/"},"rttpg_comment":0,"rttpg_category":null,"rttpg_excerpt":"A propos Vision et mission Buts Achievements A propos L\u2019administration g\u00e9n\u00e9rale des projets environnementaux est une administration affili\u00e9e au vice-pr\u00e9sident des affaires le service \u00e0 la \u00a0communaut\u00e9 et du d\u00e9veloppement environnemental, l\u2019administration effectue un r\u00f4le vital et important pour servir Read More ...","_links":{"self":[{"href":"https:\/\/aswu.edu.eg\/fr\/wp-json\/wp\/v2\/pages\/6680"}],"collection":[{"href":"https:\/\/aswu.edu.eg\/fr\/wp-json\/wp\/v2\/pages"}],"about":[{"href":"https:\/\/aswu.edu.eg\/fr\/wp-json\/wp\/v2\/types\/page"}],"author":[{"embeddable":true,"href":"https:\/\/aswu.edu.eg\/fr\/wp-json\/wp\/v2\/users\/7"}],"replies":[{"embeddable":true,"href":"https:\/\/aswu.edu.eg\/fr\/wp-json\/wp\/v2\/comments?post=6680"}],"version-history":[{"count":30,"href":"https:\/\/aswu.edu.eg\/fr\/wp-json\/wp\/v2\/pages\/6680\/revisions"}],"predecessor-version":[{"id":31083,"href":"https:\/\/aswu.edu.eg\/fr\/wp-json\/wp\/v2\/pages\/6680\/revisions\/31083"}],"up":[{"embeddable":true,"href":"https:\/\/aswu.edu.eg\/fr\/wp-json\/wp\/v2\/pages\/146"}],"wp:attachment":[{"href":"https:\/\/aswu.edu.eg\/fr\/wp-json\/wp\/v2\/media?parent=6680"}],"curies":[{"name":"wp","href":"https:\/\/api.w.org\/{rel}","templated":true}]}}