{"id":6949,"date":"2021-02-28T11:26:42","date_gmt":"2021-02-28T11:26:42","guid":{"rendered":"https:\/\/aswu.edu.eg\/en\/?page_id=6949"},"modified":"2024-05-19T08:26:01","modified_gmt":"2024-05-19T08:26:01","slug":"vision-mission-goals","status":"publish","type":"page","link":"https:\/\/aswu.edu.eg\/fr\/about\/key-facts\/vision-mission-goals\/","title":{"rendered":"Vision, Mission et objectifs"},"content":{"rendered":"\t\t<div data-elementor-type=\"wp-page\" data-elementor-id=\"6949\" class=\"elementor elementor-6949\">\n\t\t\t\t\t\t<section class=\"elementor-section elementor-top-section elementor-element elementor-element-a43f0c1 elementor-section-boxed elementor-section-height-default elementor-section-height-default\" data-id=\"a43f0c1\" data-element_type=\"section\">\n\t\t\t\t\t\t<div class=\"elementor-container elementor-column-gap-default\">\n\t\t\t\t\t<div class=\"elementor-column elementor-col-33 elementor-top-column elementor-element elementor-element-34892df\" data-id=\"34892df\" data-element_type=\"column\">\n\t\t\t<div class=\"elementor-widget-wrap elementor-element-populated\">\n\t\t\t\t\t\t<div class=\"elementor-element elementor-element-7698e93 elementor-widget elementor-widget-wp-widget-iksm-widget\" data-id=\"7698e93\" data-element_type=\"widget\" data-widget_type=\"wp-widget-iksm-widget.default\">\n\t\t\t\t<div class=\"elementor-widget-container\">\n\t\t\t<script id=\"styles-copier-69e276c43e58c\">\n\t\t\t\/\/ Finding styles element\n\t        var element = document.getElementById(\"iksm-dynamic-style\");\n\t        if (!element) { \/\/ If no element (Cache plugins can remove tag), then creating a new one\n                element = document.createElement('style');\n                var head = document.getElementsByTagName(\"head\")\n                if (head && head[0]) {\n                \thead[0].appendChild(element);\n                } else {\n                  \tconsole.warn(\"Iks Menu | Error while printing styles. Please contact technical support.\");\n                }\n\t        }\n\t\t\t\/\/ Copying styles to <styles> tag\n\t        element.innerHTML += \".iksm-16534 .iksm-terms{background-color:rgba(243,243,243,1);width:200px;transition:all 400ms;animation:iks-fade-in 1000ms;}.iksm-16534 .iksm-term__inner{background-color:rgba(231,231,231,1);margin-top:3px;min-height:44px;transition:all 400ms;}.iksm-16534 .iksm-term__inner:hover{background-color:rgba(220,220,220,1);}.iksm-16534 .iksm-term--current > .iksm-term__inner{background-color:rgba(202,229,239,1);}.iksm-16534 .iksm-term__link{color:rgba(0,0,0,1);font-size:15px;line-height:15px;font-weight:400;text-align:left;text-decoration:none;padding-top:5px;padding-right:10px;padding-bottom:5px;padding-left:15px;transition:all 400ms;}.iksm-16534 .iksm-term__inner:hover .iksm-term__link{color:rgba(50,50,50,1);}.iksm-16534 .iksm-term__toggle__inner{transition:transform 400ms}.iksm-16534 .iksm-term--expanded > .iksm-term__inner > .iksm-term__toggle > .iksm-term__toggle__inner{transform:rotate(180deg);}.iksm-16534 .iksm-term__toggle{color:rgba(133,133,133,1);font-size:16px;align-self:unset;;height:25px;width:25px;margin-right:7px;transition:all 400ms;}.iksm-16534 .iksm-term__toggle:hover{color:rgba(0,0,0,1);}.iksm-16534 .iksm-term__image-container{width:30px;min-width:30px;height:30px;min-height:30px;margin-right:15px;transition:all 400ms;}.iksm-16534 .iksm-term__image{background-size:contain;background-position:center;background-repeat:no-repeat;}.iksm-16534 .iksm-term__image-container:hover{background-size:contain;background-position:center;background-repeat:no-repeat;}.iksm-16534 .iksm-term__inner:hover .iksm-term__image-container{background-size:contain;background-position:center;background-repeat:no-repeat;}.iksm-16534 .iksm-term__inner:focus .iksm-term__image-container{background-size:contain;background-position:center;background-repeat:no-repeat;}.iksm-16534 .iksm-term--current > .iksm-term__inner .iksm-term__image-container{background-size:contain;background-position:center;background-repeat:no-repeat;}.iksm-16534 .iksm-term--child .iksm-term__inner .iksm-term__image-container{background-size:contain;background-position:center;background-repeat:no-repeat;}.iksm-16534 .iksm-term--child .iksm-term__inner .iksm-term__image-container:hover{background-size:contain;background-position:center;background-repeat:no-repeat;}.iksm-16534 .iksm-term--child .iksm-term__inner .iksm-term__image-container:focus{background-size:contain;background-position:center;background-repeat:no-repeat;}.iksm-16534 .iksm-term--child.iksm-term--current > .iksm-term__inner .iksm-term__image-container{background-size:contain;background-position:center;background-repeat:no-repeat;}.iksm-16534  .iksm-term__text{flex: unset}.iksm-16534 .iksm-term__posts-count{color:rgba(133,133,133,1);font-size:16px;margin-left:12px;font-weight:400;transition:all 400ms;}\";\n\t        \/\/ Removing this script\n            var this_script = document.getElementById(\"styles-copier-69e276c43e58c\");\n            if (this_script) { \/\/ Cache plugins can remove tag\n\t            this_script.outerHTML = \"\";\n\t            if (this_script.parentNode) {\n\t                this_script.parentNode.removeChild(this_script);\n\t            }\n            }\n        <\/script><div id='iksm-16534' class='iksm iksm-16534 iksm-container '  data-id='16534' data-is-pro='0' data-source='menu'><div class='iksm-terms'><div class='iksm-terms-tree iksm-terms-tree--level-1 iksm-terms-tree--parents' style=''><div class=\"iksm-terms-tree__inner\">\n        <div class=\"iksm-term iksm-term--id-16522 iksm-term--parent\" data-id=\"16522\">\n            <div class=\"iksm-term__inner\" tabindex='0'>\n                <a class=\"iksm-term__link\" href='https:\/\/aswu.edu.eg\/fr\/about\/key-facts\/' target='_self' tabindex='-1'>\n\t\t\t\t        <span class=\"iksm-term__text\">Faits cl\u00e9s<\/span>\n\t\t            <\/a>\n\t\t\t        <\/div>\n\t\t        <\/div>\n\n\t\t\n        <div class=\"iksm-term iksm-term--id-16523 iksm-term--parent\" data-id=\"16523\">\n            <div class=\"iksm-term__inner\" tabindex='0'>\n                <a class=\"iksm-term__link\" href='https:\/\/aswu.edu.eg\/fr\/about\/key-facts\/vision-mission-goals\/' target='_self' tabindex='-1'>\n\t\t\t\t        <span class=\"iksm-term__text\">Vision, Mission et objectifs<\/span>\n\t\t            <\/a>\n\t\t\t        <\/div>\n\t\t        <\/div>\n\n\t\t\n        <div class=\"iksm-term iksm-term--id-16530 iksm-term--parent\" data-id=\"16530\">\n            <div class=\"iksm-term__inner\" tabindex='0'>\n                <a class=\"iksm-term__link\" href='https:\/\/aswu.edu.eg\/fr\/about\/key-facts\/history\/' target='_self' tabindex='-1'>\n\t\t\t\t        <span class=\"iksm-term__text\">L\u2019histoire<\/span>\n\t\t            <\/a>\n\t\t\t        <\/div>\n\t\t        <\/div>\n\n\t\t\n        <div class=\"iksm-term iksm-term--id-16533 iksm-term--parent\" data-id=\"16533\">\n            <div class=\"iksm-term__inner\" tabindex='0'>\n                <a class=\"iksm-term__link\" href='https:\/\/aswu.edu.eg\/fr\/about\/key-facts\/leadership-team\/' target='_self' tabindex='-1'>\n\t\t\t\t        <span class=\"iksm-term__text\">Leadership<\/span>\n\t\t            <\/a>\n\t\t\t        <\/div>\n\t\t        <\/div>\n\n\t\t\n        <div class=\"iksm-term iksm-term--id-16529 iksm-term--parent\" data-id=\"16529\">\n            <div class=\"iksm-term__inner\" tabindex='0'>\n                <a class=\"iksm-term__link\" href='https:\/\/aswu.edu.eg\/fr\/about\/key-facts\/campus\/' target='_self' tabindex='-1'>\n\t\t\t\t        <span class=\"iksm-term__text\">Campus<\/span>\n\t\t            <\/a>\n\t\t\t        <\/div>\n\t\t        <\/div>\n\n\t\t<\/div><\/div><\/div><div id=\"iksm_data_args\" class=\"data-args\"  data-collapse_children_terms='1' data-collapse_other_terms='1' data-collapse_animation_duration='400' data-expand_animation_duration='400'><\/div><\/div>\t\t<\/div>\n\t\t\t\t<\/div>\n\t\t\t\t\t<\/div>\n\t\t<\/div>\n\t\t\t\t<div class=\"elementor-column elementor-col-66 elementor-top-column elementor-element elementor-element-dcef3c9\" data-id=\"dcef3c9\" data-element_type=\"column\">\n\t\t\t<div class=\"elementor-widget-wrap elementor-element-populated\">\n\t\t\t\t\t\t<div class=\"elementor-element elementor-element-2c7ace2 elementor-tabs-alignment-stretch elementor-tabs-view-horizontal elementor-widget elementor-widget-tabs\" data-id=\"2c7ace2\" data-element_type=\"widget\" data-widget_type=\"tabs.default\">\n\t\t\t\t<div class=\"elementor-widget-container\">\n\t\t\t\t\t<div class=\"elementor-tabs\">\n\t\t\t<div class=\"elementor-tabs-wrapper\" role=\"tablist\" >\n\t\t\t\t\t\t\t\t\t<div id=\"elementor-tab-title-4661\" class=\"elementor-tab-title elementor-tab-desktop-title\" aria-selected=\"true\" data-tab=\"1\" role=\"tab\" tabindex=\"0\" aria-controls=\"elementor-tab-content-4661\" aria-expanded=\"false\">Les objectifs\u00a0<\/div>\n\t\t\t\t\t\t\t\t\t<div id=\"elementor-tab-title-4662\" class=\"elementor-tab-title elementor-tab-desktop-title\" aria-selected=\"false\" data-tab=\"2\" role=\"tab\" tabindex=\"-1\" aria-controls=\"elementor-tab-content-4662\" aria-expanded=\"false\">Mission<\/div>\n\t\t\t\t\t\t\t\t\t<div id=\"elementor-tab-title-4663\" class=\"elementor-tab-title elementor-tab-desktop-title\" aria-selected=\"false\" data-tab=\"3\" role=\"tab\" tabindex=\"-1\" aria-controls=\"elementor-tab-content-4663\" aria-expanded=\"false\">Vision<\/div>\n\t\t\t\t\t\t\t<\/div>\n\t\t\t<div class=\"elementor-tabs-content-wrapper\" role=\"tablist\" aria-orientation=\"vertical\">\n\t\t\t\t\t\t\t\t\t<div class=\"elementor-tab-title elementor-tab-mobile-title\" aria-selected=\"true\" data-tab=\"1\" role=\"tab\" tabindex=\"0\" aria-controls=\"elementor-tab-content-4661\" aria-expanded=\"false\">Les objectifs\u00a0<\/div>\n\t\t\t\t\t<div id=\"elementor-tab-content-4661\" class=\"elementor-tab-content elementor-clearfix\" data-tab=\"1\" role=\"tabpanel\" aria-labelledby=\"elementor-tab-title-4661\" tabindex=\"0\" hidden=\"false\"><p><span style=\"color: #333333;font-size: 17px\">On engage d\u2019assurer une \u00e9ducation d\u2019haute niveau, et avec d\u00e9veloppement durable acquiert la confiance de la soci\u00e9t\u00e9 aux nos dipl\u00f4m\u00e9s qui leur niveau correspond avec les crit\u00e8res internationale.\u00a0 \u00a0<\/span><\/p><ol><li><span style=\"color: #333333;font-size: 17px\">motiver l\u2019excellence, et le renouvellement \u00e0 travers fournir les \u00e9tudiants et les professeurs avec les programmes acad\u00e9miques d\u00e9velopp\u00e9s convenables.<\/span><\/li><li><span style=\"color: #333333;font-size: 17px\">Cr\u00e9er moderne base de donn\u00e9es de servir les \u00e9tudiants et les membres du corps professoral et les cadres administratifs d\u2019\u00e9lever l\u2019efficacit\u00e9 de l\u2019enseignement et la recherche scientifique et administratif.<\/span><\/li><li><span style=\"color: #333333;font-size: 17px\">L\u2019investissement dans entrainement les cadres acad\u00e9miques aux technologies modernes de l\u2019enseignement et les modernes m\u00e9thodes \u00e0 la recherche scientifique et l\u2019enseignement.<\/span><\/li><li><span style=\"color: #333333;font-size: 17px\">L\u2019investissement dans entrainement les cadres administratifs \u00e0 la technologie et m\u00e9thodes modernes dans l\u2019administration.<\/span><\/li><li><span style=\"color: #333333;font-size: 17px\">Fournir de conditions attractives et s\u00e9curis\u00e9 et bonne pr\u00e9paration de coop\u00e9ration dans l\u2019enseignement et la recherche scientifiques.<\/span><\/li><li><span style=\"color: #333333;font-size: 17px\">Fournir de syst\u00e8me de s\u00e9curit\u00e9 pour prendre soin et soutenir les \u00e9tudiants et offrir une vari\u00e9t\u00e9 de possibilit\u00e9s culturelles et de leadership pour d\u00e9montrer la capacit\u00e9 de diriger, d\u2019\u00e9lever et de d\u00e9velopper nos \u00e9tudiants et toute la r\u00e9gion.<\/span><\/li><li><span style=\"color: #333333;font-size: 17px\">Cr\u00e9er site \u00e9lectronique de faciliter les communications.<\/span><\/li><li><span style=\"color: #333333;font-size: 17px\">D\u00e9velopper le syst\u00e8me de mesure et \u00e9valuation la performance de devenir une r\u00e8gle de d\u00e9veloppement continu.<\/span><\/li><li><span style=\"color: #333333;font-size: 17px\">Fortifier les unit\u00e9s sp\u00e9ciales d\u2019\u00eatre maisons d\u2019exp\u00e9rience consultatifs de servir la communaut\u00e9 d\u2019affaires et de r\u00e9aliser un revenu n\u00e9cessaire de soutenir les plans de d\u00e9veloppement durable de l\u2019universit\u00e9.<\/span><\/li><li><span style=\"color: #333333;font-size: 17px\">Attirer et conserver les cadres exceptionnels et offre programmes de les d\u00e9veloppent \u00e0 tous les niveaux.<\/span><\/li><li><span style=\"color: #333333;font-size: 17px\">Motiver et r\u00e9compense l\u2019excellence \u00e0 la recherche scientifique et les domaines cr\u00e9atifs.<\/span><\/li><li><span style=\"color: #333333;font-size: 17px\">Jouer un r\u00f4le de leadership d\u2019envoyer culture environnementale \u00e0 travers une politique environnementale active.<\/span><\/li><\/ol><\/div>\n\t\t\t\t\t\t\t\t\t<div class=\"elementor-tab-title elementor-tab-mobile-title\" aria-selected=\"false\" data-tab=\"2\" role=\"tab\" tabindex=\"-1\" aria-controls=\"elementor-tab-content-4662\" aria-expanded=\"false\">Mission<\/div>\n\t\t\t\t\t<div id=\"elementor-tab-content-4662\" class=\"elementor-tab-content elementor-clearfix\" data-tab=\"2\" role=\"tabpanel\" aria-labelledby=\"elementor-tab-title-4662\" tabindex=\"0\" hidden=\"hidden\"><section class=\"elementor-section elementor-top-section elementor-element elementor-element-30b7c2a8 elementor-section-boxed elementor-section-height-default elementor-section-height-default\" data-id=\"30b7c2a8\" data-element_type=\"section\"><div class=\"elementor-container elementor-column-gap-default\"><div class=\"elementor-row\"><div class=\"elementor-column elementor-col-100 elementor-top-column elementor-element elementor-element-d24f06e\" data-id=\"d24f06e\" data-element_type=\"column\"><div class=\"elementor-column-wrap elementor-element-populated\"><div class=\"elementor-widget-wrap\"><div class=\"elementor-element elementor-element-690b3196 elementor-widget elementor-widget-shortcode\" data-id=\"690b3196\" data-element_type=\"widget\" data-widget_type=\"shortcode.default\"><div class=\"elementor-widget-container\"><div class=\"elementor-shortcode\"><div id=\"tab_container_224\"><div id=\"tab-content_224\" class=\"tab-content\"><div id=\"tabs_desc_224_2\" class=\"tab-pane active animated fadeIn\" role=\"tabpanel\"><p style=\"text-align: left\"><span style=\"color: #333333;font-size: 17px\">L\u2019universit\u00e9 engage \u00e0 offrir les meilleures opportunit\u00e9s d\u2019\u00e9ducation et services de recherche aux \u00e9tudiants et la grande communaut\u00e9, cela au niveau de qualit\u00e9 semblable aux crit\u00e8res r\u00e9gionaux et internationaux. L\u2019universit\u00e9 engage de trouver climat \u00e9ducatif et \u00e9ducation bas\u00e9 sur la recherche scientifique d\u2019encourager les \u00e9tudiants \u00e0 d\u00e9ployer leur mieux efforts et afin de dipl\u00f4mer des dipl\u00f4m\u00e9s d\u2019exp\u00e9rience et qualifi\u00e9s peuvent s\u2019adapter aux conditions changeantes. L\u2019universit\u00e9 engage \u00e9galement de contribuer \u00e0 am\u00e9liorer la qualit\u00e9 de ressource humaine \u00e0 la r\u00e9gion du sud de la vall\u00e9e de mani\u00e8re qui r\u00e9pond aux besoins cette unique communaut\u00e9, on engage \u00e9galement \u00e0 r\u00e9aliser une coop\u00e9ration exceptionnelle, \u00e9volutive et durable qui profite \u00e0 nous et \u00e0 nos partenaires dans l\u2019\u00e9ducation, les affaires et les services sociaux.<\/span><\/p><\/div><\/div><\/div><\/div><\/div><\/div><\/div><\/div><\/div><\/div><\/div><\/section><\/div>\n\t\t\t\t\t\t\t\t\t<div class=\"elementor-tab-title elementor-tab-mobile-title\" aria-selected=\"false\" data-tab=\"3\" role=\"tab\" tabindex=\"-1\" aria-controls=\"elementor-tab-content-4663\" aria-expanded=\"false\">Vision<\/div>\n\t\t\t\t\t<div id=\"elementor-tab-content-4663\" class=\"elementor-tab-content elementor-clearfix\" data-tab=\"3\" role=\"tabpanel\" aria-labelledby=\"elementor-tab-title-4663\" tabindex=\"0\" hidden=\"hidden\"><p><span style=\"color: #333333;font-size: 17px\">La vision de l\u2019universit\u00e9 est de devenir l\u2019une des universit\u00e9s gouvernementales distinctive \u00e0 l\u2019\u00e9ducation, culture et la recherche scientifique et source de connaissance, comme elle aspire \u00e0 reconnaitre son \u00e9ducation, la recherche scientifique, les activit\u00e9s cr\u00e9atives et le service public. Et \u00e9galement r\u00e9aliser, renouveler et pr\u00e9parer l\u2019\u00e9ducation dans une perspective globale.<\/span><\/p><\/div>\n\t\t\t\t\t\t\t<\/div>\n\t\t<\/div>\n\t\t\t\t<\/div>\n\t\t\t\t<\/div>\n\t\t\t\t\t<\/div>\n\t\t<\/div>\n\t\t\t\t\t<\/div>\n\t\t<\/section>\n\t\t\t\t<\/div>\n\t\t","protected":false},"excerpt":{"rendered":"<p>Les objectifs Mission Vision Les objectifs On engage d\u2019assurer une \u00e9ducation d\u2019haute niveau, et avec d\u00e9veloppement durable acquiert la confiance de la soci\u00e9t\u00e9 aux nos dipl\u00f4m\u00e9s qui leur niveau correspond avec les crit\u00e8res internationale. motiver l\u2019excellence, et le renouvellement \u00e0 <a href=\"https:\/\/aswu.edu.eg\/fr\/about\/key-facts\/vision-mission-goals\/\" class=\"read-more\">Read More &#8230;<\/a><\/p>\n<div class=\"pvc_clear\"><\/div>\n<p id=\"pvc_stats_6949\" class=\"pvc_stats all  \" data-element-id=\"6949\" style=\"\"><i class=\"pvc-stats-icon medium\" aria-hidden=\"true\"><svg aria-hidden=\"true\" focusable=\"false\" data-prefix=\"far\" data-icon=\"chart-bar\" role=\"img\" xmlns=\"http:\/\/www.w3.org\/2000\/svg\" viewBox=\"0 0 512 512\" class=\"svg-inline--fa fa-chart-bar fa-w-16 fa-2x\"><path fill=\"currentColor\" d=\"M396.8 352h22.4c6.4 0 12.8-6.4 12.8-12.8V108.8c0-6.4-6.4-12.8-12.8-12.8h-22.4c-6.4 0-12.8 6.4-12.8 12.8v230.4c0 6.4 6.4 12.8 12.8 12.8zm-192 0h22.4c6.4 0 12.8-6.4 12.8-12.8V140.8c0-6.4-6.4-12.8-12.8-12.8h-22.4c-6.4 0-12.8 6.4-12.8 12.8v198.4c0 6.4 6.4 12.8 12.8 12.8zm96 0h22.4c6.4 0 12.8-6.4 12.8-12.8V204.8c0-6.4-6.4-12.8-12.8-12.8h-22.4c-6.4 0-12.8 6.4-12.8 12.8v134.4c0 6.4 6.4 12.8 12.8 12.8zM496 400H48V80c0-8.84-7.16-16-16-16H16C7.16 64 0 71.16 0 80v336c0 17.67 14.33 32 32 32h464c8.84 0 16-7.16 16-16v-16c0-8.84-7.16-16-16-16zm-387.2-48h22.4c6.4 0 12.8-6.4 12.8-12.8v-70.4c0-6.4-6.4-12.8-12.8-12.8h-22.4c-6.4 0-12.8 6.4-12.8 12.8v70.4c0 6.4 6.4 12.8 12.8 12.8z\" class=\"\"><\/path><\/svg><\/i> <img decoding=\"async\" width=\"16\" height=\"16\" alt=\"Loading\" src=\"https:\/\/aswu.edu.eg\/fr\/wp-content\/plugins\/page-views-count\/ajax-loader-2x.gif\" border=0 \/><\/p>\n<div class=\"pvc_clear\"><\/div>\n","protected":false},"author":10,"featured_media":0,"parent":13659,"menu_order":0,"comment_status":"closed","ping_status":"closed","template":"","meta":{"footnotes":""},"rttpg_featured_image_url":null,"rttpg_author":{"display_name":"baivy anton","author_link":"https:\/\/aswu.edu.eg\/fr\/author\/asenweb\/"},"rttpg_comment":0,"rttpg_category":null,"rttpg_excerpt":"Les objectifs Mission Vision Les objectifs On engage d\u2019assurer une \u00e9ducation d\u2019haute niveau, et avec d\u00e9veloppement durable acquiert la confiance de la soci\u00e9t\u00e9 aux nos dipl\u00f4m\u00e9s qui leur niveau correspond avec les crit\u00e8res internationale. motiver l\u2019excellence, et le renouvellement \u00e0 Read More ...","_links":{"self":[{"href":"https:\/\/aswu.edu.eg\/fr\/wp-json\/wp\/v2\/pages\/6949"}],"collection":[{"href":"https:\/\/aswu.edu.eg\/fr\/wp-json\/wp\/v2\/pages"}],"about":[{"href":"https:\/\/aswu.edu.eg\/fr\/wp-json\/wp\/v2\/types\/page"}],"author":[{"embeddable":true,"href":"https:\/\/aswu.edu.eg\/fr\/wp-json\/wp\/v2\/users\/10"}],"replies":[{"embeddable":true,"href":"https:\/\/aswu.edu.eg\/fr\/wp-json\/wp\/v2\/comments?post=6949"}],"version-history":[{"count":45,"href":"https:\/\/aswu.edu.eg\/fr\/wp-json\/wp\/v2\/pages\/6949\/revisions"}],"predecessor-version":[{"id":30103,"href":"https:\/\/aswu.edu.eg\/fr\/wp-json\/wp\/v2\/pages\/6949\/revisions\/30103"}],"up":[{"embeddable":true,"href":"https:\/\/aswu.edu.eg\/fr\/wp-json\/wp\/v2\/pages\/13659"}],"wp:attachment":[{"href":"https:\/\/aswu.edu.eg\/fr\/wp-json\/wp\/v2\/media?parent=6949"}],"curies":[{"name":"wp","href":"https:\/\/api.w.org\/{rel}","templated":true}]}}