{"id":8671,"date":"2021-11-10T11:02:36","date_gmt":"2021-11-10T11:02:36","guid":{"rendered":"https:\/\/aswu.edu.eg\/en\/?page_id=8671"},"modified":"2026-01-20T10:24:38","modified_gmt":"2026-01-20T10:24:38","slug":"the-capabilities-and-infrastructure-for-the-purpose-of-research-and-experiments-for-the-faculty-of-agriculture-and-natural-resources","status":"publish","type":"page","link":"https:\/\/aswu.edu.eg\/fr\/about\/organizational-structure\/education-and-student-affairs-sector\/university-hostel-administration\/nutrition-administration\/nutrition\/food-security\/food-security-program\/the-capabilities-and-infrastructure-for-the-purpose-of-research-and-experiments-for-the-faculty-of-agriculture-and-natural-resources\/","title":{"rendered":"Capacit\u00e9s et infrastructures pour assurer la s\u00e9curit\u00e9 alimentaire"},"content":{"rendered":"\t\t<div data-elementor-type=\"wp-page\" data-elementor-id=\"8671\" class=\"elementor elementor-8671\">\n\t\t\t\t\t\t<section class=\"elementor-section elementor-top-section elementor-element elementor-element-d9105a2 elementor-section-boxed elementor-section-height-default elementor-section-height-default\" data-id=\"d9105a2\" data-element_type=\"section\">\n\t\t\t\t\t\t<div class=\"elementor-container elementor-column-gap-default\">\n\t\t\t\t\t<div class=\"elementor-column elementor-col-100 elementor-top-column elementor-element elementor-element-753bb4e\" data-id=\"753bb4e\" data-element_type=\"column\">\n\t\t\t<div class=\"elementor-widget-wrap elementor-element-populated\">\n\t\t\t\t\t\t<div class=\"elementor-element elementor-element-7e68bf8 elementor-widget elementor-widget-text-editor\" data-id=\"7e68bf8\" data-element_type=\"widget\" data-widget_type=\"text-editor.default\">\n\t\t\t\t<div class=\"elementor-widget-container\">\n\t\t\t\t\t\t\t<p style=\"text-align: center\"><span style=\"color: #ff6600;font-size: 17px\">Capacit\u00e9s et infrastructures de la Facult\u00e9 d\u2019agriculture et des ressources naturelles<\/span><\/p>\t\t\t\t\t\t<\/div>\n\t\t\t\t<\/div>\n\t\t\t\t\t<\/div>\n\t\t<\/div>\n\t\t\t\t\t<\/div>\n\t\t<\/section>\n\t\t\t\t<section class=\"elementor-section elementor-top-section elementor-element elementor-element-c778ec3 elementor-section-boxed elementor-section-height-default elementor-section-height-default\" data-id=\"c778ec3\" data-element_type=\"section\">\n\t\t\t\t\t\t<div class=\"elementor-container elementor-column-gap-default\">\n\t\t\t\t\t<div class=\"elementor-column elementor-col-100 elementor-top-column elementor-element elementor-element-1aa8915\" data-id=\"1aa8915\" data-element_type=\"column\">\n\t\t\t<div class=\"elementor-widget-wrap elementor-element-populated\">\n\t\t\t\t\t\t<div class=\"elementor-element elementor-element-fb987f5 elementor-widget elementor-widget-gallery\" data-id=\"fb987f5\" data-element_type=\"widget\" data-widget_type=\"gallery.default\">\n\t\t\t\t<div class=\"elementor-widget-container\">\n\t\t\t \t\t<\/div>\n\t\t\t\t<\/div>\n\t\t\t\t\t<\/div>\n\t\t<\/div>\n\t\t\t\t\t<\/div>\n\t\t<\/section>\n\t\t\t\t<section class=\"elementor-section elementor-top-section elementor-element elementor-element-3a06127 elementor-section-boxed elementor-section-height-default elementor-section-height-default\" data-id=\"3a06127\" data-element_type=\"section\">\n\t\t\t\t\t\t<div class=\"elementor-container elementor-column-gap-default\">\n\t\t\t\t\t<div class=\"elementor-column elementor-col-100 elementor-top-column elementor-element elementor-element-2bfd75df\" data-id=\"2bfd75df\" data-element_type=\"column\">\n\t\t\t<div class=\"elementor-widget-wrap elementor-element-populated\">\n\t\t\t\t\t\t<div class=\"elementor-element elementor-element-47894fa elementor-widget elementor-widget-text-editor\" data-id=\"47894fa\" data-element_type=\"widget\" data-widget_type=\"text-editor.default\">\n\t\t\t\t<div class=\"elementor-widget-container\">\n\t\t\t\t\t\t\t<p><span style=\"text-decoration: underline;font-size: 18px\"><span style=\"color: #003366;text-decoration: underline\">Premi\u00e8rement\u00a0: la ferme de la facult\u00e9 \u00e0 Sahari dehors le campus de l\u2019universit\u00e9\u00a0:<\/span><\/span><\/p><p style=\"text-align: justify\"><span style=\"color: #333333\">A \u00e9t\u00e9 allouer la ferme de la facult\u00e9 \u00e0 Sahari \u2013 la route de l\u2019a\u00e9roport sur espace (50) acres approximativement en face de l\u2019universit\u00e9, et a \u00e9t\u00e9 pr\u00e9par\u00e9 pour la ferme depuis octobre (2019) a \u00e9t\u00e9 plan\u00e9 pour la ferme en forme sections d\u2019\u00eatre une ferme modulaire \u00e9ducationnel, de service et d&#8217;indication comprenant les \u00e9l\u00e9ments suivants\u00a0:\u00a0<\/span><\/p><p><span style=\"color: #333333\">(8) verre de serre et son espace (40*9m)<\/span><\/p><ul style=\"list-style-type: disc\"><li><span style=\"color: #333333\">Et la ferme de culture avec les v\u00e9g\u00e9taux suivants\u00a0:<\/span><\/li><li><span style=\"color: #333333\">2 serres d\u2019ocra en taux de production (200) Kgm pour l\u2019un verre de serre<\/span><\/li><li><span style=\"color: #333333\">\u00a02 serres de fraise en taux de production (500) Kgm pour l\u2019une serre<\/span><\/li><li><span style=\"color: #333333\">\u00a0Une serre de courgette en taux de production (500) Kgm pour l\u2019une serre, (1) serre de concombre en taux de production (1 tonne) Kgm pour l\u2019une serre<\/span><\/li><li><span style=\"color: #333333\">\u00a0(1) serre d\u2019aubergine en taux de production (1 tonne) pour serre.<\/span><\/li><\/ul><p><span style=\"color: #333333;font-size: 16px\">La serre install\u00e9 (40*36m) a install\u00e9 et pr\u00e9par\u00e9 pour l\u2019agriculture de produire de jeune arbre des v\u00e9g\u00e9taux et des d\u00e9corations en capacit\u00e9 (50) mille jeune arbre de la p\u00e9riode.<\/span><\/p><p><span style=\"color: #333333;font-size: 16px\">A \u00e9t\u00e9 fait des vignobles sur espace (2) acres et culture avec demi raisin film en capacit\u00e9 (3-5) tonnes \u00e0 l\u2019annexe pour acre.<\/span><\/p><p><span style=\"color: #333333;font-size: 16px\">Est cultiv\u00e9e (50) palmes et pr\u00e9par\u00e9 de culture (50) palmes en capacit\u00e9 d&#8217;accueil (5-6) tonne de l\u2019ann\u00e9e.<\/span><\/p><p><span style=\"color: #003366;font-size: 18px\">Deuxi\u00e8mement: la ferme de la facult\u00e9 \u00e0 Sahari dans le campus :<\/span><\/p><p><span style=\"color: #333333;font-size: 16px\">La ferme de la facult\u00e9 \u00e0 Sahari sur espace 7 acres qu\u2019a fait de Vignoles sur espace demi acre et cultive avec raisin film en production (1.5-2.5) tonne \u00e0 l\u2019ann\u00e9e.<\/span><\/p><p><span style=\"color: #333333;font-size: 16px\">Culture\u00a0 d&#8217;espace (mangue Kate et Naomi) en totale (150) arbres en production (1.2-2) tonnes.<\/span><\/p><p><span style=\"font-size: 16px;color: #333333\">Culture une demi-acre avec autres genres des fruits comme mod\u00e8le estudiantin <strong>\u00a0<\/strong>\u00a0<\/span><\/p><p><span style=\"color: #003366;font-size: 18px\">Troisi\u00e8mement: la ferme de la facult\u00e9 \u00e0 Eneba (ferme de production d&#8217;animaux et de volailles) :<\/span><\/p><p style=\"text-align: justify\"><span style=\"color: #333333\">La ferme est situ\u00e9e sur un espace d&#8217;environ (9) acres sp\u00e9cialis\u00e9es pour la production animale et les volailles, comme une ferme de recherche \u00e9ducative, et vise \u00e0 infuser la production pour servir le march\u00e9 local \u00e0 Assouan. Elle est compos\u00e9e de :<\/span><\/p><ul style=\"list-style-type: disc\"><li style=\"text-align: justify\"><span style=\"color: #333333\">La ferme est situ\u00e9e sur un espace d&#8217;environ (9) acres sp\u00e9cialis\u00e9es pour la production animale et les volailles, comme une ferme de recherche \u00e9ducative, et vise \u00e0 infuser la production pour servir le march\u00e9 local \u00e0 Assouan. Elle est compos\u00e9e de :<\/span><\/li><li style=\"text-align: justify\"><span style=\"color: #333333\">5 granges pour la production avicole d\u2019espace (8.5 * 35) m (300m<sup>2<\/sup>) presque pour l\u2019une grange, deux de ces projets sont op\u00e9rationnels et trois en cours de traitement.<\/span><\/li><li style=\"text-align: justify\"><span style=\"color: #333333\">2 granges en cours de traitement avec une superficie environ \u00a0(8.5 * 35) m2 (300m<sup>2<\/sup>), presque pour l\u2019une grange va \u00eatre allou\u00e9 pour la production des moutons et des ch\u00e8vres.<\/span><\/li><li style=\"text-align: justify\"><span style=\"color: #333333\">2 granges pour la production animale en cours de traitement avec une superficie environ (15* 30) m (300m<sup>2<\/sup>) pour l\u2019une grange, en capacit\u00e9 environ (70) animaux dans la grange. \u00a0<\/span><\/li><li style=\"text-align: justify\"><span style=\"color: #333333\">Une unit\u00e9 d\u2019abattoir automatique rattach\u00e9e \u00e0 la ferme est \u00e9quip\u00e9e d\u2019unit\u00e9s de refroidissement et de cong\u00e9lation.<\/span><\/li><\/ul><p><span style=\"color: #095586;font-size: 18px\">Quatri\u00e8mement\u00a0: Unit\u00e9 de boulangeries\u00a0:<\/span><\/p><p style=\"text-align: justify\"><span style=\"color: #333333\">L\u2019unit\u00e9 de boulangeries\u00a0a \u00e9t\u00e9 cr\u00e9\u00e9 \u00e0 la facult\u00e9 \u00e9quip\u00e9e avec (2) grand fours et les autres fournitures pour produire les diff\u00e9rents boulangeries d\u2019o\u00f9 cr\u00eapes, p\u00e2t\u00e9s, biscotes, les p\u00e2tisseries orientales et autres, et offre des boulangerie aux\u00a0 \u00e9tudiants et les employ\u00e9s \u00e0 l\u2019universit\u00e9 avec une capacit\u00e9 environ (1000) pi\u00e8ces par jour.<\/span><\/p>\t\t\t\t\t\t<\/div>\n\t\t\t\t<\/div>\n\t\t\t\t\t<\/div>\n\t\t<\/div>\n\t\t\t\t\t<\/div>\n\t\t<\/section>\n\t\t\t\t<section class=\"elementor-section elementor-top-section elementor-element elementor-element-67a3879 elementor-section-boxed elementor-section-height-default elementor-section-height-default\" data-id=\"67a3879\" data-element_type=\"section\">\n\t\t\t\t\t\t<div class=\"elementor-container elementor-column-gap-default\">\n\t\t\t\t\t<div class=\"elementor-column elementor-col-100 elementor-top-column elementor-element elementor-element-52d9a46\" data-id=\"52d9a46\" data-element_type=\"column\">\n\t\t\t<div class=\"elementor-widget-wrap elementor-element-populated\">\n\t\t\t\t\t\t<div class=\"elementor-element elementor-element-11831dd elementor-widget elementor-widget-text-editor\" data-id=\"11831dd\" data-element_type=\"widget\" data-widget_type=\"text-editor.default\">\n\t\t\t\t<div class=\"elementor-widget-container\">\n\t\t\t\t\t\t\t<p style=\"text-align: center\"><span style=\"text-decoration: underline;color: #ff6600\"><span style=\"font-size: 18px\">Les fermes et les serres<\/span><\/span><\/p>\t\t\t\t\t\t<\/div>\n\t\t\t\t<\/div>\n\t\t\t\t\t<\/div>\n\t\t<\/div>\n\t\t\t\t\t<\/div>\n\t\t<\/section>\n\t\t\t\t<section class=\"elementor-section elementor-top-section elementor-element elementor-element-d46d93c elementor-section-boxed elementor-section-height-default elementor-section-height-default\" data-id=\"d46d93c\" data-element_type=\"section\">\n\t\t\t\t\t\t<div class=\"elementor-container elementor-column-gap-default\">\n\t\t\t\t\t<div class=\"elementor-column elementor-col-100 elementor-top-column elementor-element elementor-element-69b6d0f\" data-id=\"69b6d0f\" data-element_type=\"column\">\n\t\t\t<div class=\"elementor-widget-wrap elementor-element-populated\">\n\t\t\t\t\t\t<div class=\"elementor-element elementor-element-70fa713 elementor-widget elementor-widget-gallery\" data-id=\"70fa713\" data-element_type=\"widget\" data-widget_type=\"gallery.default\">\n\t\t\t\t<div class=\"elementor-widget-container\">\n\t\t\t \t\t<\/div>\n\t\t\t\t<\/div>\n\t\t\t\t\t<\/div>\n\t\t<\/div>\n\t\t\t\t\t<\/div>\n\t\t<\/section>\n\t\t\t\t<section class=\"elementor-section elementor-top-section elementor-element elementor-element-914a110 elementor-section-boxed elementor-section-height-default elementor-section-height-default\" data-id=\"914a110\" data-element_type=\"section\">\n\t\t\t\t\t\t<div class=\"elementor-container elementor-column-gap-default\">\n\t\t\t\t\t<div class=\"elementor-column elementor-col-100 elementor-top-column elementor-element elementor-element-ff1fa75\" data-id=\"ff1fa75\" data-element_type=\"column\">\n\t\t\t<div class=\"elementor-widget-wrap elementor-element-populated\">\n\t\t\t\t\t\t<div class=\"elementor-element elementor-element-961de85 elementor-widget elementor-widget-text-editor\" data-id=\"961de85\" data-element_type=\"widget\" data-widget_type=\"text-editor.default\">\n\t\t\t\t<div class=\"elementor-widget-container\">\n\t\t\t\t\t\t\t<p style=\"text-align: center\"><span style=\"text-decoration: underline;font-size: 18px;color: #ff6600\">Unit\u00e9 de boulangerie\u00a0<\/span><\/p>\t\t\t\t\t\t<\/div>\n\t\t\t\t<\/div>\n\t\t\t\t\t<\/div>\n\t\t<\/div>\n\t\t\t\t\t<\/div>\n\t\t<\/section>\n\t\t\t\t<section class=\"elementor-section elementor-top-section elementor-element elementor-element-250b538 elementor-section-boxed elementor-section-height-default elementor-section-height-default\" data-id=\"250b538\" data-element_type=\"section\">\n\t\t\t\t\t\t<div class=\"elementor-container elementor-column-gap-default\">\n\t\t\t\t\t<div class=\"elementor-column elementor-col-100 elementor-top-column elementor-element elementor-element-f06ba69\" data-id=\"f06ba69\" data-element_type=\"column\">\n\t\t\t<div class=\"elementor-widget-wrap elementor-element-populated\">\n\t\t\t\t\t\t<div class=\"elementor-element elementor-element-66cd430 elementor-widget elementor-widget-gallery\" data-id=\"66cd430\" data-element_type=\"widget\" data-widget_type=\"gallery.default\">\n\t\t\t\t<div class=\"elementor-widget-container\">\n\t\t\t \t\t<\/div>\n\t\t\t\t<\/div>\n\t\t\t\t\t<\/div>\n\t\t<\/div>\n\t\t\t\t\t<\/div>\n\t\t<\/section>\n\t\t\t\t<\/div>\n\t\t","protected":false},"excerpt":{"rendered":"<p>\u00a0Capacit\u00e9s et infrastructures pour la s\u00e9curit\u00e9 alimentaire durable Premi\u00e8rement\u00a0: la ferme de la facult\u00e9 \u00e0 Sahari dehors le campus de l\u2019universit\u00e9\u00a0: A \u00e9t\u00e9 allouer la ferme de la facult\u00e9 \u00e0 Sahari \u2013 la route de l\u2019a\u00e9roport sur espace (50) acres <a href=\"https:\/\/aswu.edu.eg\/fr\/about\/organizational-structure\/education-and-student-affairs-sector\/university-hostel-administration\/nutrition-administration\/nutrition\/food-security\/food-security-program\/the-capabilities-and-infrastructure-for-the-purpose-of-research-and-experiments-for-the-faculty-of-agriculture-and-natural-resources\/\" class=\"read-more\">Read More &#8230;<\/a><\/p>\n<div class=\"pvc_clear\"><\/div>\n<p id=\"pvc_stats_8671\" class=\"pvc_stats all  \" data-element-id=\"8671\" style=\"\"><i class=\"pvc-stats-icon medium\" aria-hidden=\"true\"><svg aria-hidden=\"true\" focusable=\"false\" data-prefix=\"far\" data-icon=\"chart-bar\" role=\"img\" xmlns=\"http:\/\/www.w3.org\/2000\/svg\" viewBox=\"0 0 512 512\" class=\"svg-inline--fa fa-chart-bar fa-w-16 fa-2x\"><path fill=\"currentColor\" d=\"M396.8 352h22.4c6.4 0 12.8-6.4 12.8-12.8V108.8c0-6.4-6.4-12.8-12.8-12.8h-22.4c-6.4 0-12.8 6.4-12.8 12.8v230.4c0 6.4 6.4 12.8 12.8 12.8zm-192 0h22.4c6.4 0 12.8-6.4 12.8-12.8V140.8c0-6.4-6.4-12.8-12.8-12.8h-22.4c-6.4 0-12.8 6.4-12.8 12.8v198.4c0 6.4 6.4 12.8 12.8 12.8zm96 0h22.4c6.4 0 12.8-6.4 12.8-12.8V204.8c0-6.4-6.4-12.8-12.8-12.8h-22.4c-6.4 0-12.8 6.4-12.8 12.8v134.4c0 6.4 6.4 12.8 12.8 12.8zM496 400H48V80c0-8.84-7.16-16-16-16H16C7.16 64 0 71.16 0 80v336c0 17.67 14.33 32 32 32h464c8.84 0 16-7.16 16-16v-16c0-8.84-7.16-16-16-16zm-387.2-48h22.4c6.4 0 12.8-6.4 12.8-12.8v-70.4c0-6.4-6.4-12.8-12.8-12.8h-22.4c-6.4 0-12.8 6.4-12.8 12.8v70.4c0 6.4 6.4 12.8 12.8 12.8z\" class=\"\"><\/path><\/svg><\/i> <img decoding=\"async\" width=\"16\" height=\"16\" alt=\"Loading\" src=\"https:\/\/aswu.edu.eg\/fr\/wp-content\/plugins\/page-views-count\/ajax-loader-2x.gif\" border=0 \/><\/p>\n<div class=\"pvc_clear\"><\/div>\n","protected":false},"author":7,"featured_media":0,"parent":8591,"menu_order":0,"comment_status":"closed","ping_status":"closed","template":"","meta":{"footnotes":""},"rttpg_featured_image_url":null,"rttpg_author":{"display_name":"nourhan Monaam","author_link":"https:\/\/aswu.edu.eg\/fr\/author\/edr0asen\/"},"rttpg_comment":0,"rttpg_category":null,"rttpg_excerpt":"\u00a0Capacit\u00e9s et infrastructures pour la s\u00e9curit\u00e9 alimentaire durable Premi\u00e8rement\u00a0: la ferme de la facult\u00e9 \u00e0 Sahari dehors le campus de l\u2019universit\u00e9\u00a0: A \u00e9t\u00e9 allouer la ferme de la facult\u00e9 \u00e0 Sahari \u2013 la route de l\u2019a\u00e9roport sur espace (50) acres Read More ...","_links":{"self":[{"href":"https:\/\/aswu.edu.eg\/fr\/wp-json\/wp\/v2\/pages\/8671"}],"collection":[{"href":"https:\/\/aswu.edu.eg\/fr\/wp-json\/wp\/v2\/pages"}],"about":[{"href":"https:\/\/aswu.edu.eg\/fr\/wp-json\/wp\/v2\/types\/page"}],"author":[{"embeddable":true,"href":"https:\/\/aswu.edu.eg\/fr\/wp-json\/wp\/v2\/users\/7"}],"replies":[{"embeddable":true,"href":"https:\/\/aswu.edu.eg\/fr\/wp-json\/wp\/v2\/comments?post=8671"}],"version-history":[{"count":82,"href":"https:\/\/aswu.edu.eg\/fr\/wp-json\/wp\/v2\/pages\/8671\/revisions"}],"predecessor-version":[{"id":31391,"href":"https:\/\/aswu.edu.eg\/fr\/wp-json\/wp\/v2\/pages\/8671\/revisions\/31391"}],"up":[{"embeddable":true,"href":"https:\/\/aswu.edu.eg\/fr\/wp-json\/wp\/v2\/pages\/8591"}],"wp:attachment":[{"href":"https:\/\/aswu.edu.eg\/fr\/wp-json\/wp\/v2\/media?parent=8671"}],"curies":[{"name":"wp","href":"https:\/\/api.w.org\/{rel}","templated":true}]}}