{"id":9524,"date":"2021-11-18T17:41:57","date_gmt":"2021-11-18T17:41:57","guid":{"rendered":"https:\/\/aswu.edu.eg\/en\/?page_id=9524"},"modified":"2023-01-11T09:19:21","modified_gmt":"2023-01-11T09:19:21","slug":"training-course-entitled-therapeutic-feeding-between-disease-and-medicine","status":"publish","type":"page","link":"https:\/\/aswu.edu.eg\/fr\/training-course-entitled-therapeutic-feeding-between-disease-and-medicine\/","title":{"rendered":"Un cours de formation intitul\u00e9 &#8220;l\u2019alimentation th\u00e9rapeutique entre la maladie et le traitement&#8221;"},"content":{"rendered":"<p><span style=\"color: #333333;font-size: 12pt\">La facult\u00e9 d\u2019agriculture et les ressources naturelles- universit\u00e9 d\u2019Assouan- a annonc\u00e9 de tenir un cours de formation intitul\u00e9 l\u2019alimentation th\u00e9rapeutique entre la maladie et le traitement<\/span><\/p>\n<p><span style=\"color: #333333;font-size: 12pt\">La facult\u00e9 d\u2019agriculture \u00e0 l\u2019universit\u00e9 d\u2019Assouan a organis\u00e9 un cours de formation intitul\u00e9 \u00ab\u202fl\u2019alimentation th\u00e9rapeutique entre la maladie et le traitement\u202f\u00bb pour 2 jours \u00e0 l\u2019auspice le Dr. Ahmed Ghalab \u2013pr\u00e9sident de l\u2019universit\u00e9-.<\/span><\/p>\n<p><span style=\"color: #333333;font-size: 12pt\">Le Dr. Yasser Abd El-Hameed Diab- doyen de facult\u00e9 d\u2019agriculture \u00e0 Assouan-, a dit qu\u2019ont particip\u00e9 80 stagiaires des \u00e9tudiants de facult\u00e9 d\u2019agriculture, des dipl\u00f4m\u00e9s, des \u00e9tudiants des diverses facult\u00e9s, et les int\u00e9ress\u00e9s au domaine d\u2019alimentation th\u00e9rapeutique au Cours, \u00e0 la supervision le Dr. Ahmed Abou El-Lail \u2013vice-doyen des affaires l\u2019environnement et service la communaut\u00e9-.\u00a0\u00a0\u00a0<\/span><\/p>\n<p><span style=\"color: #333333;font-size: 12pt\">Le Dr. Hicham Zakaria Toufik \u2013enseignant au d\u00e9partement des sciences et la technique des aliments \u00e0 facult\u00e9 d\u2019agriculture- a ajout\u00e9 que le cours vise \u00e0 fournir aux stagiaires les comp\u00e9tences fondamentales au domaine l&#8217;alimentation g\u00e9n\u00e9rale, conna\u00eetre les bases du rationnement alimentaire et comment en b\u00e9n\u00e9ficier.<\/span><\/p>\n<div class=\"pvc_clear\"><\/div>\n<p id=\"pvc_stats_9524\" class=\"pvc_stats all  \" data-element-id=\"9524\" style=\"\"><i class=\"pvc-stats-icon medium\" aria-hidden=\"true\"><svg aria-hidden=\"true\" focusable=\"false\" data-prefix=\"far\" data-icon=\"chart-bar\" role=\"img\" xmlns=\"http:\/\/www.w3.org\/2000\/svg\" viewBox=\"0 0 512 512\" class=\"svg-inline--fa fa-chart-bar fa-w-16 fa-2x\"><path fill=\"currentColor\" d=\"M396.8 352h22.4c6.4 0 12.8-6.4 12.8-12.8V108.8c0-6.4-6.4-12.8-12.8-12.8h-22.4c-6.4 0-12.8 6.4-12.8 12.8v230.4c0 6.4 6.4 12.8 12.8 12.8zm-192 0h22.4c6.4 0 12.8-6.4 12.8-12.8V140.8c0-6.4-6.4-12.8-12.8-12.8h-22.4c-6.4 0-12.8 6.4-12.8 12.8v198.4c0 6.4 6.4 12.8 12.8 12.8zm96 0h22.4c6.4 0 12.8-6.4 12.8-12.8V204.8c0-6.4-6.4-12.8-12.8-12.8h-22.4c-6.4 0-12.8 6.4-12.8 12.8v134.4c0 6.4 6.4 12.8 12.8 12.8zM496 400H48V80c0-8.84-7.16-16-16-16H16C7.16 64 0 71.16 0 80v336c0 17.67 14.33 32 32 32h464c8.84 0 16-7.16 16-16v-16c0-8.84-7.16-16-16-16zm-387.2-48h22.4c6.4 0 12.8-6.4 12.8-12.8v-70.4c0-6.4-6.4-12.8-12.8-12.8h-22.4c-6.4 0-12.8 6.4-12.8 12.8v70.4c0 6.4 6.4 12.8 12.8 12.8z\" class=\"\"><\/path><\/svg><\/i> <img decoding=\"async\" width=\"16\" height=\"16\" alt=\"Loading\" src=\"https:\/\/aswu.edu.eg\/fr\/wp-content\/plugins\/page-views-count\/ajax-loader-2x.gif\" border=0 \/><\/p>\n<div class=\"pvc_clear\"><\/div>\n","protected":false},"excerpt":{"rendered":"<p>La facult\u00e9 d\u2019agriculture et les ressources naturelles- universit\u00e9 d\u2019Assouan- a annonc\u00e9 de tenir un cours de formation intitul\u00e9 l\u2019alimentation th\u00e9rapeutique entre la maladie et le traitement La facult\u00e9 d\u2019agriculture \u00e0 l\u2019universit\u00e9 d\u2019Assouan a organis\u00e9 un cours de formation intitul\u00e9 \u00ab\u202fl\u2019alimentation <a href=\"https:\/\/aswu.edu.eg\/fr\/training-course-entitled-therapeutic-feeding-between-disease-and-medicine\/\" class=\"read-more\">Read More &#8230;<\/a><\/p>\n<div class=\"pvc_clear\"><\/div>\n<p id=\"pvc_stats_9524\" class=\"pvc_stats all  \" data-element-id=\"9524\" style=\"\"><i class=\"pvc-stats-icon medium\" aria-hidden=\"true\"><svg aria-hidden=\"true\" focusable=\"false\" data-prefix=\"far\" data-icon=\"chart-bar\" role=\"img\" xmlns=\"http:\/\/www.w3.org\/2000\/svg\" viewBox=\"0 0 512 512\" class=\"svg-inline--fa fa-chart-bar fa-w-16 fa-2x\"><path fill=\"currentColor\" d=\"M396.8 352h22.4c6.4 0 12.8-6.4 12.8-12.8V108.8c0-6.4-6.4-12.8-12.8-12.8h-22.4c-6.4 0-12.8 6.4-12.8 12.8v230.4c0 6.4 6.4 12.8 12.8 12.8zm-192 0h22.4c6.4 0 12.8-6.4 12.8-12.8V140.8c0-6.4-6.4-12.8-12.8-12.8h-22.4c-6.4 0-12.8 6.4-12.8 12.8v198.4c0 6.4 6.4 12.8 12.8 12.8zm96 0h22.4c6.4 0 12.8-6.4 12.8-12.8V204.8c0-6.4-6.4-12.8-12.8-12.8h-22.4c-6.4 0-12.8 6.4-12.8 12.8v134.4c0 6.4 6.4 12.8 12.8 12.8zM496 400H48V80c0-8.84-7.16-16-16-16H16C7.16 64 0 71.16 0 80v336c0 17.67 14.33 32 32 32h464c8.84 0 16-7.16 16-16v-16c0-8.84-7.16-16-16-16zm-387.2-48h22.4c6.4 0 12.8-6.4 12.8-12.8v-70.4c0-6.4-6.4-12.8-12.8-12.8h-22.4c-6.4 0-12.8 6.4-12.8 12.8v70.4c0 6.4 6.4 12.8 12.8 12.8z\" class=\"\"><\/path><\/svg><\/i> <img decoding=\"async\" width=\"16\" height=\"16\" alt=\"Loading\" src=\"https:\/\/aswu.edu.eg\/fr\/wp-content\/plugins\/page-views-count\/ajax-loader-2x.gif\" border=0 \/><\/p>\n<div class=\"pvc_clear\"><\/div>\n","protected":false},"author":7,"featured_media":0,"parent":0,"menu_order":0,"comment_status":"closed","ping_status":"closed","template":"","meta":{"footnotes":""},"rttpg_featured_image_url":null,"rttpg_author":{"display_name":"nourhan Monaam","author_link":"https:\/\/aswu.edu.eg\/fr\/author\/edr0asen\/"},"rttpg_comment":0,"rttpg_category":null,"rttpg_excerpt":"La facult\u00e9 d\u2019agriculture et les ressources naturelles- universit\u00e9 d\u2019Assouan- a annonc\u00e9 de tenir un cours de formation intitul\u00e9 l\u2019alimentation th\u00e9rapeutique entre la maladie et le traitement La facult\u00e9 d\u2019agriculture \u00e0 l\u2019universit\u00e9 d\u2019Assouan a organis\u00e9 un cours de formation intitul\u00e9 \u00ab\u202fl\u2019alimentation Read More ...","_links":{"self":[{"href":"https:\/\/aswu.edu.eg\/fr\/wp-json\/wp\/v2\/pages\/9524"}],"collection":[{"href":"https:\/\/aswu.edu.eg\/fr\/wp-json\/wp\/v2\/pages"}],"about":[{"href":"https:\/\/aswu.edu.eg\/fr\/wp-json\/wp\/v2\/types\/page"}],"author":[{"embeddable":true,"href":"https:\/\/aswu.edu.eg\/fr\/wp-json\/wp\/v2\/users\/7"}],"replies":[{"embeddable":true,"href":"https:\/\/aswu.edu.eg\/fr\/wp-json\/wp\/v2\/comments?post=9524"}],"version-history":[{"count":2,"href":"https:\/\/aswu.edu.eg\/fr\/wp-json\/wp\/v2\/pages\/9524\/revisions"}],"predecessor-version":[{"id":28445,"href":"https:\/\/aswu.edu.eg\/fr\/wp-json\/wp\/v2\/pages\/9524\/revisions\/28445"}],"wp:attachment":[{"href":"https:\/\/aswu.edu.eg\/fr\/wp-json\/wp\/v2\/media?parent=9524"}],"curies":[{"name":"wp","href":"https:\/\/api.w.org\/{rel}","templated":true}]}}