{"id":9589,"date":"2021-11-18T18:19:15","date_gmt":"2021-11-18T18:19:15","guid":{"rendered":"https:\/\/aswu.edu.eg\/en\/?page_id=9589"},"modified":"2023-01-11T10:22:26","modified_gmt":"2023-01-11T10:22:26","slug":"announcement-for-training-online-for-graduates-of-the-plant-production-program-orchards","status":"publish","type":"page","link":"https:\/\/aswu.edu.eg\/fr\/announcement-for-training-online-for-graduates-of-the-plant-production-program-orchards\/","title":{"rendered":"Annonce de formation online pour\u00a0 les dipl\u00f4m\u00e9s du programme production botanique (vergers)"},"content":{"rendered":"<p><span style=\"color: #333333\">Annonce de formation online pour\u00a0 les dipl\u00f4m\u00e9s du programme production botanique (vergers) \u2013facult\u00e9 d\u2019agriculture- universit\u00e9 d\u2019Assouan au projet (iras)<\/span><\/p>\n<p><span style=\"color: #333333\">De fortifier les travaux agricoles \u00e0 la campagne \u00e9gyptienne, les participants doivent \u00eatre des (Centre d\u2019Assouan \u2013 Darou \u2013 et Nasr Al Nouba \u2013 Kom Ombo \u2013 Edfou), o\u00f9 les places du projet existent.<\/span><\/p>\n<p><span style=\"color: #333333\">Le cours a \u00e9t\u00e9 termin\u00e9\u00a0<\/span><\/p>\n<div class=\"pvc_clear\"><\/div>\n<p id=\"pvc_stats_9589\" class=\"pvc_stats all  \" data-element-id=\"9589\" style=\"\"><i class=\"pvc-stats-icon medium\" aria-hidden=\"true\"><svg aria-hidden=\"true\" focusable=\"false\" data-prefix=\"far\" data-icon=\"chart-bar\" role=\"img\" xmlns=\"http:\/\/www.w3.org\/2000\/svg\" viewBox=\"0 0 512 512\" class=\"svg-inline--fa fa-chart-bar fa-w-16 fa-2x\"><path fill=\"currentColor\" d=\"M396.8 352h22.4c6.4 0 12.8-6.4 12.8-12.8V108.8c0-6.4-6.4-12.8-12.8-12.8h-22.4c-6.4 0-12.8 6.4-12.8 12.8v230.4c0 6.4 6.4 12.8 12.8 12.8zm-192 0h22.4c6.4 0 12.8-6.4 12.8-12.8V140.8c0-6.4-6.4-12.8-12.8-12.8h-22.4c-6.4 0-12.8 6.4-12.8 12.8v198.4c0 6.4 6.4 12.8 12.8 12.8zm96 0h22.4c6.4 0 12.8-6.4 12.8-12.8V204.8c0-6.4-6.4-12.8-12.8-12.8h-22.4c-6.4 0-12.8 6.4-12.8 12.8v134.4c0 6.4 6.4 12.8 12.8 12.8zM496 400H48V80c0-8.84-7.16-16-16-16H16C7.16 64 0 71.16 0 80v336c0 17.67 14.33 32 32 32h464c8.84 0 16-7.16 16-16v-16c0-8.84-7.16-16-16-16zm-387.2-48h22.4c6.4 0 12.8-6.4 12.8-12.8v-70.4c0-6.4-6.4-12.8-12.8-12.8h-22.4c-6.4 0-12.8 6.4-12.8 12.8v70.4c0 6.4 6.4 12.8 12.8 12.8z\" class=\"\"><\/path><\/svg><\/i> <img decoding=\"async\" width=\"16\" height=\"16\" alt=\"Loading\" src=\"https:\/\/aswu.edu.eg\/fr\/wp-content\/plugins\/page-views-count\/ajax-loader-2x.gif\" border=0 \/><\/p>\n<div class=\"pvc_clear\"><\/div>\n","protected":false},"excerpt":{"rendered":"<p>Annonce de formation online pour\u00a0 les dipl\u00f4m\u00e9s du programme production botanique (vergers) \u2013facult\u00e9 d\u2019agriculture- universit\u00e9 d\u2019Assouan au projet (iras) De fortifier les travaux agricoles \u00e0 la campagne \u00e9gyptienne, les participants doivent \u00eatre des (Centre d\u2019Assouan \u2013 Darou \u2013 et Nasr <a href=\"https:\/\/aswu.edu.eg\/fr\/announcement-for-training-online-for-graduates-of-the-plant-production-program-orchards\/\" class=\"read-more\">Read More &#8230;<\/a><\/p>\n<div class=\"pvc_clear\"><\/div>\n<p id=\"pvc_stats_9589\" class=\"pvc_stats all  \" data-element-id=\"9589\" style=\"\"><i class=\"pvc-stats-icon medium\" aria-hidden=\"true\"><svg aria-hidden=\"true\" focusable=\"false\" data-prefix=\"far\" data-icon=\"chart-bar\" role=\"img\" xmlns=\"http:\/\/www.w3.org\/2000\/svg\" viewBox=\"0 0 512 512\" class=\"svg-inline--fa fa-chart-bar fa-w-16 fa-2x\"><path fill=\"currentColor\" d=\"M396.8 352h22.4c6.4 0 12.8-6.4 12.8-12.8V108.8c0-6.4-6.4-12.8-12.8-12.8h-22.4c-6.4 0-12.8 6.4-12.8 12.8v230.4c0 6.4 6.4 12.8 12.8 12.8zm-192 0h22.4c6.4 0 12.8-6.4 12.8-12.8V140.8c0-6.4-6.4-12.8-12.8-12.8h-22.4c-6.4 0-12.8 6.4-12.8 12.8v198.4c0 6.4 6.4 12.8 12.8 12.8zm96 0h22.4c6.4 0 12.8-6.4 12.8-12.8V204.8c0-6.4-6.4-12.8-12.8-12.8h-22.4c-6.4 0-12.8 6.4-12.8 12.8v134.4c0 6.4 6.4 12.8 12.8 12.8zM496 400H48V80c0-8.84-7.16-16-16-16H16C7.16 64 0 71.16 0 80v336c0 17.67 14.33 32 32 32h464c8.84 0 16-7.16 16-16v-16c0-8.84-7.16-16-16-16zm-387.2-48h22.4c6.4 0 12.8-6.4 12.8-12.8v-70.4c0-6.4-6.4-12.8-12.8-12.8h-22.4c-6.4 0-12.8 6.4-12.8 12.8v70.4c0 6.4 6.4 12.8 12.8 12.8z\" class=\"\"><\/path><\/svg><\/i> <img decoding=\"async\" width=\"16\" height=\"16\" alt=\"Loading\" src=\"https:\/\/aswu.edu.eg\/fr\/wp-content\/plugins\/page-views-count\/ajax-loader-2x.gif\" border=0 \/><\/p>\n<div class=\"pvc_clear\"><\/div>\n","protected":false},"author":7,"featured_media":0,"parent":0,"menu_order":0,"comment_status":"closed","ping_status":"closed","template":"","meta":{"footnotes":""},"rttpg_featured_image_url":null,"rttpg_author":{"display_name":"nourhan Monaam","author_link":"https:\/\/aswu.edu.eg\/fr\/author\/edr0asen\/"},"rttpg_comment":0,"rttpg_category":null,"rttpg_excerpt":"Annonce de formation online pour\u00a0 les dipl\u00f4m\u00e9s du programme production botanique (vergers) \u2013facult\u00e9 d\u2019agriculture- universit\u00e9 d\u2019Assouan au projet (iras) De fortifier les travaux agricoles \u00e0 la campagne \u00e9gyptienne, les participants doivent \u00eatre des (Centre d\u2019Assouan \u2013 Darou \u2013 et Nasr Read More ...","_links":{"self":[{"href":"https:\/\/aswu.edu.eg\/fr\/wp-json\/wp\/v2\/pages\/9589"}],"collection":[{"href":"https:\/\/aswu.edu.eg\/fr\/wp-json\/wp\/v2\/pages"}],"about":[{"href":"https:\/\/aswu.edu.eg\/fr\/wp-json\/wp\/v2\/types\/page"}],"author":[{"embeddable":true,"href":"https:\/\/aswu.edu.eg\/fr\/wp-json\/wp\/v2\/users\/7"}],"replies":[{"embeddable":true,"href":"https:\/\/aswu.edu.eg\/fr\/wp-json\/wp\/v2\/comments?post=9589"}],"version-history":[{"count":3,"href":"https:\/\/aswu.edu.eg\/fr\/wp-json\/wp\/v2\/pages\/9589\/revisions"}],"predecessor-version":[{"id":28493,"href":"https:\/\/aswu.edu.eg\/fr\/wp-json\/wp\/v2\/pages\/9589\/revisions\/28493"}],"wp:attachment":[{"href":"https:\/\/aswu.edu.eg\/fr\/wp-json\/wp\/v2\/media?parent=9589"}],"curies":[{"name":"wp","href":"https:\/\/api.w.org\/{rel}","templated":true}]}}